{"id":4115,"date":"2024-08-05T23:43:54","date_gmt":"2024-08-06T04:43:54","guid":{"rendered":"https:\/\/chimeneaselchalet.com\/?page_id=4115"},"modified":"2024-08-05T23:46:18","modified_gmt":"2024-08-06T04:46:18","slug":"politica-de-reembolso","status":"publish","type":"page","link":"https:\/\/chimeneaselchalet.com\/en\/politica-de-reembolso\/","title":{"rendered":"Refund policy"},"content":{"rendered":"<h1><\/h1>\n<h2>Right of withdrawal<\/h2>\n<p>Users of www.chimeneaselchalet.com have the possibility of exercising their right to withdraw from their purchase; that is, they can autonomously and freely request that the purchase be reversed, returning things to their initial state; that is, on the part of the user returning the purchased merchandise in perfect condition, unused and suitable for a new sale and on the part of CHIMENEAS EL CHALET SAS refunding the amount paid for the product.<\/p>\n<h2>As long as you meet the following conditions:<\/h2>\n<p>Opportunity: Within five (5) days following delivery of the product.<\/p>\n<p>Condition of the merchandise: The user must return the product to CHIMENEAS EL CHALET SAS, in the same conditions that they received it, without having used or assembled the item, in its original box or packaging, in perfect condition, with its complete pieces, catalogs and manuals; suitable for new sale<\/p>\n<p>Transportation costs: They must be assumed by the user and others involved in the return of the good.<\/p>\n<p>Excluded products: The right of withdrawal will not apply to made-to-order products or those that were made, manufactured, assembled, cut or prepared according to the user&#039;s specifications or that are clearly personalized.<\/p>\n<p>FIREPLACES EL CHALET SAS will refund the money to the user within thirty (30) calendar days following receipt of the returned merchandise.<\/p>\n<p>The merchandise may be returned through these means at the user&#039;s choice:<\/p>\n<p>Entreg\u00e1ndose personalmente en las oficinas de CHIMENEAS EL CHALET, en la ciudad de Bogot\u00e1: CARRERA 57 # 75A &#8211; 63<\/p>\n<p>By calling the line: (571) 311 8782 where the collection at your home will be coordinated through a merchandise transport company. We remind you that whoever exercises the right of withdrawal must pay the value of this service.<\/p>\n<h2>Return Policy.<\/h2>\n<p>The product must be in conditions suitable for sale (unused, unassembled, in the original packaging, catalogs, manuals and all its parts).<\/p>\n<p>You must present the purchase receipt (invoice). If you do not have it, you can request proof and\/or purchase certificate.<\/p>\n<p>El plazo m\u00e1ximo para solicitar el cambio de productos ser\u00e1 de 30 d\u00edas calendario a partir de la fecha de compra.Podr\u00e1 realizar la devoluci\u00f3n en nuestras oficinas en la ciudad de Bogot\u00e1 CARRERA 57 # 75A &#8211; 63<\/p>\n<p>For products purchased by phone or internet, which have not been received, contact the service line at (571) 311 8782<\/p>\n<p>Exchanges or returns of products designed, cut or made to measure under particular specifications will not be accepted.<\/p>\n<p>The refund will be made through a return note equivalent to the actual value paid for the product.<\/p>\n<p>Purchases made on the website at www.chimeneaselchalet.com and telephone sales are subject to the Right of withdrawal.<\/p>\n<h2>Guarantee policies.<\/h2>\n<p>Present the invoice if you do not have it, you can request proof and\/or certificate of purchase.<\/p>\n<p>The warranty of any product will be subject to a technical diagnosis.<\/p>\n<p>To process the warranty of an installed product, a technical verification visit will be scheduled.<\/p>\n<p>Any request will be responded to within a maximum of fifteen (15) business days following receipt, therefore, please note that the product will be sent to the supplier for technical diagnosis and repair (if applicable).<\/p>\n<p>If the product warranty is applicable, the defects of the good will be repaired completely free of charge and the required spare parts will be supplied in a timely manner. If the product cannot be repaired, the price paid will be refunded.<\/p>\n<p>If the product is in a different place than where it was purchased, the customer must assume the transportation costs to make the warranty effective.<\/p>\n<p>If the failure is repeated at the consumer&#039;s discretion, a new repair will be carried out, the price paid will be refunded or the product will be exchanged for another of the same type, similar characteristics or technical specifications.<\/p>\n<p>The warranty will not be applicable if the diagnosis issued is:<\/p>\n<p>There was force majeure or fortuitous event<\/p>\n<p>The fact of a third party<\/p>\n<p>Improper use of the good by the consumer<\/p>\n<p>That the consumer did not follow the installation, use or maintenance instructions indicated in the product manual and in the warranty<\/p>\n<h2>Once the term of the legal warranty expires, the client must assume payment for any review, diagnosis, repair and\/or replacement that the good requires.<\/h2>","protected":false},"excerpt":{"rendered":"<p>Derecho de retracto Los usuarios de www.chimeneaselchalet.com gozan de la posibilidad de ejercer su derecho al retracto de su compra; es decir, pueden de manera aut\u00f3noma y libre solicitar que se reverse la compra volviendo las cosas a su estado inicial; esto es, por parte del usuarios reintegrando la mercanc\u00eda adquirida en perfectas condiciones, sin&hellip;<\/p>","protected":false},"author":1,"featured_media":0,"parent":0,"menu_order":0,"comment_status":"closed","ping_status":"closed","template":"","meta":{"_acf_changed":false,"_seopress_robots_primary_cat":"","_seopress_titles_title":"","_seopress_titles_desc":"","_seopress_robots_index":"","footnotes":""},"class_list":["post-4115","page","type-page","status-publish","hentry"],"acf":[],"_links":{"self":[{"href":"https:\/\/chimeneaselchalet.com\/en\/wp-json\/wp\/v2\/pages\/4115","targetHints":{"allow":["GET"]}}],"collection":[{"href":"https:\/\/chimeneaselchalet.com\/en\/wp-json\/wp\/v2\/pages"}],"about":[{"href":"https:\/\/chimeneaselchalet.com\/en\/wp-json\/wp\/v2\/types\/page"}],"author":[{"embeddable":true,"href":"https:\/\/chimeneaselchalet.com\/en\/wp-json\/wp\/v2\/users\/1"}],"replies":[{"embeddable":true,"href":"https:\/\/chimeneaselchalet.com\/en\/wp-json\/wp\/v2\/comments?post=4115"}],"version-history":[{"count":3,"href":"https:\/\/chimeneaselchalet.com\/en\/wp-json\/wp\/v2\/pages\/4115\/revisions"}],"predecessor-version":[{"id":4119,"href":"https:\/\/chimeneaselchalet.com\/en\/wp-json\/wp\/v2\/pages\/4115\/revisions\/4119"}],"wp:attachment":[{"href":"https:\/\/chimeneaselchalet.com\/en\/wp-json\/wp\/v2\/media?parent=4115"}],"curies":[{"name":"wp","href":"https:\/\/api.w.org\/{rel}","templated":true}]}}