{"id":8,"date":"2024-06-05T03:13:13","date_gmt":"2024-06-05T08:13:13","guid":{"rendered":"https:\/\/chimeneaselchalet.com\/?page_id=8"},"modified":"2024-08-13T10:38:46","modified_gmt":"2024-08-13T15:38:46","slug":"carrito","status":"publish","type":"page","link":"https:\/\/chimeneaselchalet.com\/en\/carrito\/","title":{"rendered":"Carrito"},"content":{"rendered":"<p>shopping cart<\/p>\n<form action=\"https:\/\/chimeneaselchalet.com\/en\/carrito\/\" method=\"post\" data-trp-original-action=\"https:\/\/chimeneaselchalet.com\/carrito\/\">\n\t<table cellspacing=\"0\">\n\t\t<thead>\n\t\t\t<tr>\n\t\t\t\t<th>Eliminar art\u00edculo<\/th>\n\t\t\t\t<th>Imagen en miniatura<\/th>\n\t\t\t\t<th>Producto<\/th>\n\t\t\t\t<th>Precio<\/th>\n\t\t\t\t<th>Cantidad<\/th>\n\t\t\t\t<th>Total parcial<\/th>\n\t\t\t<\/tr>\n\t\t<\/thead>\n\t\t<tbody>\n\t\t\t\t\t\t\t\t<tr>\n\t\t\t\t\t\t<td>\n\t\t\t\t\t\t\t<a href=\"https:\/\/chimeneaselchalet.com\/en\/carrito\/?remove_item=084a8a9aa8cced9175bd07bc44998e75&#038;_wpnonce=743c619b7b\" aria-label=\"Eliminar Bandeja de carb\u00f3n para asador de gas del carrito\" data-product_id=\"4030\" data-product_sku=\"CEC_4858\">\u00d7<\/a>\t\t\t\t\t\t<\/td>\n\t\t\t\t\t\t<td>\n\t\t\t\t\t\t<a href=\"https:\/\/chimeneaselchalet.com\/en\/product\/bandeja-carbon-asador-gas\/\"><img loading=\"lazy\" width=\"600\" height=\"600\" src=\"https:\/\/chimeneaselchalet.com\/wp-content\/uploads\/bandeja-de-carbon-asador-gas-chimeneas-el-chalet-600x600.jpg\" alt=\"bandeja de carb\u00f3n para asador de gas\" decoding=\"async\" srcset=\"https:\/\/chimeneaselchalet.com\/wp-content\/uploads\/bandeja-de-carbon-asador-gas-chimeneas-el-chalet-600x600.jpg 600w, https:\/\/chimeneaselchalet.com\/wp-content\/uploads\/bandeja-de-carbon-asador-gas-chimeneas-el-chalet-300x300.jpg 300w, https:\/\/chimeneaselchalet.com\/wp-content\/uploads\/bandeja-de-carbon-asador-gas-chimeneas-el-chalet-150x150.jpg 150w, https:\/\/chimeneaselchalet.com\/wp-content\/uploads\/bandeja-de-carbon-asador-gas-chimeneas-el-chalet-768x768.jpg 768w, https:\/\/chimeneaselchalet.com\/wp-content\/uploads\/bandeja-de-carbon-asador-gas-chimeneas-el-chalet-1536x1536.jpg 1536w, https:\/\/chimeneaselchalet.com\/wp-content\/uploads\/bandeja-de-carbon-asador-gas-chimeneas-el-chalet-12x12.jpg 12w, https:\/\/chimeneaselchalet.com\/wp-content\/uploads\/bandeja-de-carbon-asador-gas-chimeneas-el-chalet-60x60.jpg 60w, https:\/\/chimeneaselchalet.com\/wp-content\/uploads\/bandeja-de-carbon-asador-gas-chimeneas-el-chalet-110x110.jpg 110w, https:\/\/chimeneaselchalet.com\/wp-content\/uploads\/bandeja-de-carbon-asador-gas-chimeneas-el-chalet-800x800.jpg 800w, https:\/\/chimeneaselchalet.com\/wp-content\/uploads\/bandeja-de-carbon-asador-gas-chimeneas-el-chalet.jpg 2000w\" sizes=\"auto, (max-width: 600px) 100vw, 600px\" \/><\/a>\t\t\t\t\t\t<\/td>\n\t\t\t\t\t\t<td data-title=\"Producto\">\n\t\t\t\t\t\t<a href=\"https:\/\/chimeneaselchalet.com\/en\/product\/bandeja-carbon-asador-gas\/\">Charcoal tray for gas grill<\/a>\t\t\t\t\t\t<\/td>\n\t\t\t\t\t\t<td data-title=\"Precio\">\n\t\t\t\t\t\t\t<bdi>$ 520,000<\/bdi>\t\t\t\t\t\t<\/td>\n\t\t\t\t\t\t<td data-title=\"Cantidad\">\n\t\t<label for=\"quantity_66bb7e056dde1\">Bandeja de carb\u00f3n para asador de gas cantidad<\/label>\n\t<input type=\"number\"\n\t\t\t\tid=\"quantity_66bb7e056dde1\"\n\t\tclass=\"input-text qty text\"\n\t\tname=\"cart[084a8a9aa8cced9175bd07bc44998e75][qty]\"\n\t\tvalue=\"2\"\n\t\taria-label=\"Cantidad de productos\"\n\t\tsize=\"4\"\n\t\tmin=\"0\"\n\t\tmax=\"\"\n\t\t\t\t\tstep=\"1\"\n\t\t\tplaceholder=\"\"\n\t\t\tinputmode=\"numeric\"\n\t\t\tautocomplete=\"off\"\n\t\t\t\/>\n\t\t\t\t\t\t<\/td>\n\t\t\t\t\t\t<td data-title=\"Total parcial\">\n\t\t\t\t\t\t\t<bdi>&#36;&nbsp;1.040.000<\/bdi>\t\t\t\t\t\t<\/td>\n\t\t\t\t\t<\/tr>\n\t\t\t\t\t\t\t\t\t\t<tr>\n\t\t\t\t\t\t<td>\n\t\t\t\t\t\t\t<a href=\"https:\/\/chimeneaselchalet.com\/en\/carrito\/?remove_item=3b9be7e15b46c42911f39a4a9e861022&#038;_wpnonce=743c619b7b\" aria-label=\"Eliminar Ladrillo refractario del carrito\" data-product_id=\"4080\" data-product_sku=\"CEC_5883-1\">\u00d7<\/a>\t\t\t\t\t\t<\/td>\n\t\t\t\t\t\t<td>\n\t\t\t\t\t\t<a href=\"https:\/\/chimeneaselchalet.com\/en\/product\/ladrillo-refractario-chimeneas\/\"><img loading=\"lazy\" width=\"600\" height=\"600\" src=\"https:\/\/chimeneaselchalet.com\/wp-content\/uploads\/ladrillo-refractario-chimeneas-lena-gas-chimeneas-el-chalet-\u2013-1-600x600.jpg\" alt=\"campana para chimeneas\" decoding=\"async\" srcset=\"https:\/\/chimeneaselchalet.com\/wp-content\/uploads\/ladrillo-refractario-chimeneas-lena-gas-chimeneas-el-chalet-\u2013-1-600x600.jpg 600w, https:\/\/chimeneaselchalet.com\/wp-content\/uploads\/ladrillo-refractario-chimeneas-lena-gas-chimeneas-el-chalet-\u2013-1-300x300.jpg 300w, https:\/\/chimeneaselchalet.com\/wp-content\/uploads\/ladrillo-refractario-chimeneas-lena-gas-chimeneas-el-chalet-\u2013-1-150x150.jpg 150w, https:\/\/chimeneaselchalet.com\/wp-content\/uploads\/ladrillo-refractario-chimeneas-lena-gas-chimeneas-el-chalet-\u2013-1-768x768.jpg 768w, https:\/\/chimeneaselchalet.com\/wp-content\/uploads\/ladrillo-refractario-chimeneas-lena-gas-chimeneas-el-chalet-\u2013-1-1536x1536.jpg 1536w, https:\/\/chimeneaselchalet.com\/wp-content\/uploads\/ladrillo-refractario-chimeneas-lena-gas-chimeneas-el-chalet-\u2013-1-12x12.jpg 12w, https:\/\/chimeneaselchalet.com\/wp-content\/uploads\/ladrillo-refractario-chimeneas-lena-gas-chimeneas-el-chalet-\u2013-1-60x60.jpg 60w, https:\/\/chimeneaselchalet.com\/wp-content\/uploads\/ladrillo-refractario-chimeneas-lena-gas-chimeneas-el-chalet-\u2013-1-110x110.jpg 110w, https:\/\/chimeneaselchalet.com\/wp-content\/uploads\/ladrillo-refractario-chimeneas-lena-gas-chimeneas-el-chalet-\u2013-1-800x800.jpg 800w, https:\/\/chimeneaselchalet.com\/wp-content\/uploads\/ladrillo-refractario-chimeneas-lena-gas-chimeneas-el-chalet-\u2013-1.jpg 2000w\" sizes=\"auto, (max-width: 600px) 100vw, 600px\" \/><\/a>\t\t\t\t\t\t<\/td>\n\t\t\t\t\t\t<td data-title=\"Producto\">\n\t\t\t\t\t\t<a href=\"https:\/\/chimeneaselchalet.com\/en\/product\/ladrillo-refractario-chimeneas\/\">Firebrick<\/a>\t\t\t\t\t\t<\/td>\n\t\t\t\t\t\t<td data-title=\"Precio\">\n\t\t\t\t\t\t\t<bdi>$ 4.300<\/bdi>\t\t\t\t\t\t<\/td>\n\t\t\t\t\t\t<td data-title=\"Cantidad\">\n\t\t<label for=\"quantity_66bb7e056f3dc\">Ladrillo refractario cantidad<\/label>\n\t<input type=\"number\"\n\t\t\t\tid=\"quantity_66bb7e056f3dc\"\n\t\tclass=\"input-text qty text\"\n\t\tname=\"cart[3b9be7e15b46c42911f39a4a9e861022][qty]\"\n\t\tvalue=\"4\"\n\t\taria-label=\"Cantidad de productos\"\n\t\tsize=\"4\"\n\t\tmin=\"0\"\n\t\tmax=\"\"\n\t\t\t\t\tstep=\"1\"\n\t\t\tplaceholder=\"\"\n\t\t\tinputmode=\"numeric\"\n\t\t\tautocomplete=\"off\"\n\t\t\t\/>\n\t\t\t\t\t\t<\/td>\n\t\t\t\t\t\t<td data-title=\"Total parcial\">\n\t\t\t\t\t\t\t<bdi>&#36;&nbsp;17.200<\/bdi>\t\t\t\t\t\t<\/td>\n\t\t\t\t\t<\/tr>\n\t\t\t<tr>\n\t\t\t\t<td colspan=\"6\">\n\t\t\t\t\t\t\t<label for=\"coupon_code\">Cup\u00f3n:<\/label> <input type=\"text\" name=\"coupon_code\" id=\"coupon_code\" value=\"\" placeholder=\"C\u00f3digo de cup\u00f3n\" \/> <button type=\"submit\" name=\"apply_coupon\" value=\"Aplicar cup\u00f3n\">Aplicar cup\u00f3n<\/button>\n\t\t\t\t\t<button type=\"submit\" name=\"update_cart\" value=\"Actualizar carrito\">Actualizar carrito<\/button>\n\t\t\t\t\t<input type=\"hidden\" id=\"woocommerce-cart-nonce\" name=\"woocommerce-cart-nonce\" value=\"743c619b7b\" \/><input type=\"hidden\" name=\"_wp_http_referer\" value=\"\/?page_id=8&#038;fl_builder\" \/>\t\t\t\t<\/td>\n\t\t\t<\/tr>\n\t\t\t\t\t<\/tbody>\n\t<\/table>\n\t<input type=\"hidden\" name=\"trp-form-language\" value=\"en\"\/><\/form>\n\t<h2>Totales del carrito<\/h2>\n\t<table cellspacing=\"0\">\n\t\t<tr>\n\t\t\t<th>Total parcial<\/th>\n\t\t\t<td data-title=\"Total parcial\"><bdi>&#36;&nbsp;1.057.200<\/bdi><\/td>\n\t\t<\/tr>\n\t\t\t<tr>\n\t<th>Env\u00edo<\/th>\n\t<td data-title=\"Env\u00edo\">\n\t\t\t\t\t<ul id=\"shipping_method\">\n\t\t\t\t\t\t\t\t\t<li>\n\t\t\t\t\t\t<input type=\"hidden\" name=\"shipping_method[0]\" data-index=\"0\" id=\"shipping_method_0_flat_rate8\" value=\"flat_rate:8\" \/><label for=\"shipping_method_0_flat_rate8\">Precio fijo: <bdi>&#36;&nbsp;45.000<\/bdi><\/label>\t\t\t\t\t<\/li>\n\t\t\t\t\t\t\t<\/ul>\n\t\t\t\t\t\t\t\n\t\t\t\t\tEnviar a <strong>calle 17 4-68, Colombia, Distrito Capital, 110311<\/strong>. \t\t\t\t\n<form action=\"https:\/\/chimeneaselchalet.com\/en\/carrito\/\" method=\"post\" data-trp-original-action=\"https:\/\/chimeneaselchalet.com\/carrito\/\">\n\t<a href=\"#\">Cambiar direcci\u00f3n<\/a>\n\t<section>\n\t\t\t\t\t\n\t\t\t\t<label for=\"calc_shipping_country\">Pa\u00eds o regi\u00f3n:<\/label>\n\t\t\t\t<select name=\"calc_shipping_country\" id=\"calc_shipping_country\" rel=\"calc_shipping_state\">\n\t\t\t\t\t<option value=\"default\">Selecciona un pa\u00eds\/regi\u00f3n&hellip;<\/option>\n\t\t\t\t\t<option value=\"AF\">Afganist\u00e1n<\/option><option value=\"AL\">Albania<\/option><option value=\"DE\">Alemania<\/option><option value=\"AD\">Andorra<\/option><option value=\"AO\">Angola<\/option><option value=\"AI\">Anguila<\/option><option value=\"AQ\">Ant\u00e1rtida<\/option><option value=\"AG\">Antigua y Barbuda<\/option><option value=\"SA\">Arabia Saudita<\/option><option value=\"DZ\">Argelia<\/option><option value=\"AR\">Argentina<\/option><option value=\"AM\">Armenia<\/option><option value=\"AW\">Aruba<\/option><option value=\"AU\">Australia<\/option><option value=\"AT\">Austria<\/option><option value=\"AZ\">Azerbaijan<\/option><option value=\"BS\">Bahamas<\/option><option value=\"BH\">Bahrain<\/option><option value=\"BD\">Bangladesh<\/option><option value=\"BB\">Barbados<\/option><option value=\"PW\">Belau<\/option><option value=\"BE\">B\u00e9lgica<\/option><option value=\"BZ\">Belize<\/option><option value=\"BJ\">Benin<\/option><option value=\"BM\">Bermuda<\/option><option value=\"BT\">Bhutan<\/option><option value=\"BY\">Bielorrusia<\/option><option value=\"MM\">Birmania<\/option><option value=\"BO\">Bolivia<\/option><option value=\"BQ\">Bonaire, San Eustaquio y Saba<\/option><option value=\"BA\">Bosnia y Herzegovina<\/option><option value=\"BW\">Botswana<\/option><option value=\"BR\">Brasil<\/option><option value=\"BN\">Brun\u00e9i<\/option><option value=\"BG\">Bulgaria<\/option><option value=\"BF\">Burkina Faso<\/option><option value=\"BI\">Burundi<\/option><option value=\"CV\">Cabo Verde<\/option><option value=\"KH\">Camboya<\/option><option value=\"CM\">Camer\u00fan<\/option><option value=\"CA\">Canad\u00e1<\/option><option value=\"TD\">Chad<\/option><option value=\"CL\">Chili<\/option><option value=\"CN\">China<\/option><option value=\"CY\">Chipre<\/option><option value=\"VA\">Ciudad del Vaticano<\/option><option value=\"CO\" selected='selected'>Colombia<\/option><option value=\"KM\">Comoras<\/option><option value=\"CG\">Congo (Brazzaville)<\/option><option value=\"CD\">Congo (Kinshasa)<\/option><option value=\"KP\">Corea del Norte<\/option><option value=\"KR\">Corea del Sur<\/option><option value=\"CI\">Costa de Marfil<\/option><option value=\"CR\">Costa Rica<\/option><option value=\"HR\">Croacia<\/option><option value=\"CU\">Cuba<\/option><option value=\"CW\">Curacao<\/option><option value=\"DK\">Dinamarca<\/option><option value=\"DJ\">Djibouti<\/option><option value=\"DM\">Dominica<\/option><option value=\"EC\">Ecuador<\/option><option value=\"EG\">Egipto<\/option><option value=\"SV\">El Salvador<\/option><option value=\"AE\">Emiratos \u00c1rabes Unidos<\/option><option value=\"ER\">Eritrea<\/option><option value=\"SK\">Eslovaquia<\/option><option value=\"SI\">Eslovenia<\/option><option value=\"ES\">Espa\u00f1a<\/option><option value=\"US\">Estados Unidos (EEUU)<\/option><option value=\"EE\">Estonia<\/option><option value=\"SZ\">Esuatini<\/option><option value=\"ET\">Etiop\u00eda<\/option><option value=\"PH\">Filipinas<\/option><option value=\"FI\">Finlandia<\/option><option value=\"FJ\">Fiyi<\/option><option value=\"FR\">Francia<\/option><option value=\"GA\">Gab\u00f3n<\/option><option value=\"GM\">Gambia<\/option><option value=\"GE\">Georgia<\/option><option value=\"GH\">Ghana<\/option><option value=\"GI\">Gibraltar<\/option><option value=\"GD\">Granada<\/option><option value=\"GR\">Grecia<\/option><option value=\"GL\">Groenlandia<\/option><option value=\"GP\">Guadalupe<\/option><option value=\"GU\">Guam<\/option><option value=\"GT\">Guatemala<\/option><option value=\"GF\">Guayana Francesa<\/option><option value=\"GG\">Guernsey<\/option><option value=\"GN\">Guinea<\/option><option value=\"GQ\">Guinea Ecuatorial<\/option><option value=\"GW\">Guinea-Bis\u00e1u<\/option><option value=\"GY\">Guyana<\/option><option value=\"HT\">Hait\u00ed<\/option><option value=\"HN\">Honduras<\/option><option value=\"HK\">Hong Kong<\/option><option value=\"HU\">Hungr\u00eda<\/option><option value=\"IN\">India<\/option><option value=\"ID\">Indonesia<\/option><option value=\"IQ\">Irak<\/option><option value=\"IR\">Ir\u00e1n<\/option><option value=\"IE\">Irlanda<\/option><option value=\"BV\">Isla Bouvet<\/option><option value=\"IM\">Isla de Man<\/option><option value=\"CX\">Isla de Navidad<\/option><option value=\"NF\">Isla Norfolk<\/option><option value=\"SH\">Isla Santa Elena<\/option><option value=\"IS\">Islandia<\/option><option value=\"AX\">Islas \u00c5land<\/option><option value=\"KY\">Islas Caim\u00e1n<\/option><option value=\"CC\">Islas Cocos<\/option><option value=\"CK\">Islas Cook<\/option><option value=\"UM\">Islas de ultramar menores de Estados Unidos (EEUU)<\/option><option value=\"FO\">Islas Feroe<\/option><option value=\"GS\">Islas Georgias y Sandwich del Sur<\/option><option value=\"HM\">Islas Heard y McDonald<\/option><option value=\"FK\">Islas Malvinas<\/option><option value=\"MP\">Islas Marianas del Norte<\/option><option value=\"MH\">Islas Marshall<\/option><option value=\"SB\">Islas Salom\u00f3n<\/option><option value=\"TC\">Islas Turcas y Caicos<\/option><option value=\"VG\">Islas V\u00edrgenes (Brit\u00e1nicas)<\/option><option value=\"VI\">Islas V\u00edrgenes (EEUU)<\/option><option value=\"IL\">Israel<\/option><option value=\"IT\">Italia<\/option><option value=\"JM\">Jamaica<\/option><option value=\"JP\">Jap\u00f3n<\/option><option value=\"JE\">Jersey<\/option><option value=\"JO\">Jordania<\/option><option value=\"KZ\">Kazajist\u00e1n<\/option><option value=\"KE\">Kenia<\/option><option value=\"KG\">Kirguist\u00e1n<\/option><option value=\"KI\">Kiribati<\/option><option value=\"KW\">Kuwait<\/option><option value=\"LA\">Laos<\/option><option value=\"LS\">Lesoto<\/option><option value=\"LV\">Letonia<\/option><option value=\"LB\">L\u00edbano<\/option><option value=\"LR\">Liberia<\/option><option value=\"LY\">Libia<\/option><option value=\"LI\">Liechtenstein<\/option><option value=\"LT\">Lituania<\/option><option value=\"LU\">Luxemburgo<\/option><option value=\"MO\">Macau<\/option><option value=\"MK\">Macedonia del Norte<\/option><option value=\"MG\">Madagascar<\/option><option value=\"MY\">Malasia<\/option><option value=\"MW\">Malaui<\/option><option value=\"MV\">Maldivas<\/option><option value=\"ML\">Mal\u00ed<\/option><option value=\"MT\">Malta<\/option><option value=\"MA\">Marruecos<\/option><option value=\"MQ\">Martinica<\/option><option value=\"MU\">Mauricio<\/option><option value=\"MR\">Mauritania<\/option><option value=\"YT\">Mayotte<\/option><option value=\"MX\">M\u00e9xico<\/option><option value=\"FM\">Micronesia<\/option><option value=\"MD\">Moldavia<\/option><option value=\"MC\">M\u00f3naco<\/option><option value=\"MN\">Mongolia<\/option><option value=\"ME\">Montenegro<\/option><option value=\"MS\">Montserrat<\/option><option value=\"MZ\">Mozambique<\/option><option value=\"NA\">Namibia<\/option><option value=\"NR\">Nauru<\/option><option value=\"NP\">Nepal<\/option><option value=\"NI\">Nicaragua<\/option><option value=\"NE\">N\u00edger<\/option><option value=\"NG\">Nigeria<\/option><option value=\"NU\">Niue<\/option><option value=\"NO\">Noruega<\/option><option value=\"NC\">Nueva Caledonia<\/option><option value=\"NZ\">Nueva Zelanda<\/option><option value=\"OM\">Om\u00e1n<\/option><option value=\"NL\">Pa\u00edses Bajos<\/option><option value=\"PK\">Pakist\u00e1n<\/option><option value=\"PA\">Panam\u00e1<\/option><option value=\"PG\">Pap\u00faa Nueva Guinea<\/option><option value=\"PY\">Paraguay<\/option><option value=\"PE\">Per\u00fa<\/option><option value=\"PN\">Pitcairn<\/option><option value=\"PF\">Polinesia Francesa<\/option><option value=\"PL\">Polonia<\/option><option value=\"PT\">Portugal<\/option><option value=\"PR\">Puerto Rico<\/option><option value=\"QA\">Qatar<\/option><option value=\"GB\">Reino Unido (UK)<\/option><option value=\"CF\">Rep\u00fablica Centroafricana<\/option><option value=\"CZ\">Rep\u00fablica Checa<\/option><option value=\"DO\">Rep\u00fablica Dominicana<\/option><option value=\"RE\">Reuni\u00f3n<\/option><option value=\"RW\">Ruanda<\/option><option value=\"RO\">Rumania<\/option><option value=\"RU\">Rusia<\/option><option value=\"EH\">Sahara Occidental<\/option><option value=\"WS\">Samoa<\/option><option value=\"AS\">Samoa Americana<\/option><option value=\"BL\">San Bartolom\u00e9<\/option><option value=\"KN\">San Crist\u00f3bal y Nieves<\/option><option value=\"SM\">San Marino<\/option><option value=\"SX\">San Mart\u00edn (Pa\u00edses Bajos)<\/option><option value=\"MF\">San Mart\u00edn (parte de Francia)<\/option><option value=\"PM\">San Pedro y Miquel\u00f3n<\/option><option value=\"VC\">San Vicente y las Granadinas<\/option><option value=\"LC\">Santa Luc\u00eda<\/option><option value=\"ST\">Santo Tom\u00e9 y Pr\u00edncipe<\/option><option value=\"SN\">Senegal<\/option><option value=\"RS\">Serbia<\/option><option value=\"SC\">Seychelles<\/option><option value=\"SL\">Sierra Leona<\/option><option value=\"SG\">Singapur<\/option><option value=\"SY\">Siria<\/option><option value=\"SO\">Somalia<\/option><option value=\"LK\">Sri Lanka<\/option><option value=\"ZA\">Sud\u00e1frica<\/option><option value=\"SD\">Sud\u00e1n<\/option><option value=\"SS\">Sud\u00e1n del Sur<\/option><option value=\"SE\">Suecia<\/option><option value=\"CH\">Suiza<\/option><option value=\"SR\">Surinam<\/option><option value=\"SJ\">Svalbard y Jan Mayen<\/option><option value=\"TH\">Tailandia<\/option><option value=\"TW\">Taiw\u00e1n<\/option><option value=\"TZ\">Tanzania<\/option><option value=\"TJ\">Tayikist\u00e1n<\/option><option value=\"IO\">Territorio Brit\u00e1nico del Oc\u00e9ano \u00cdndico<\/option><option value=\"TF\">Territorios australes franceses<\/option><option value=\"PS\">Territorios Palestinos<\/option><option value=\"TL\">Timor Oriental<\/option><option value=\"TG\">Togo<\/option><option value=\"TK\">Tokelau<\/option><option value=\"TO\">Tonga<\/option><option value=\"TT\">Trinidad y Tobago<\/option><option value=\"TN\">T\u00fanez<\/option><option value=\"TM\">Turkmenist\u00e1n<\/option><option value=\"TR\">Turqu\u00eda<\/option><option value=\"TV\">Tuvalu<\/option><option value=\"UA\">Ucrania<\/option><option value=\"UG\">Uganda<\/option><option value=\"UY\">Uruguay<\/option><option value=\"UZ\">Uzbekist\u00e1n<\/option><option value=\"VU\">Vanuatu<\/option><option value=\"VE\">Venezuela<\/option><option value=\"VN\">Vietnam<\/option><option value=\"WF\">Wallis y Futuna<\/option><option value=\"YE\">Yemen<\/option><option value=\"ZM\">Zambia<\/option><option value=\"ZW\">Zimbabue<\/option>\t\t\t\t<\/select>\n\t\t\t\n\t\t\t\t\t\n\t\t\t\t\t\t<label for=\"calc_shipping_state\">Regi\u00f3n \/ Provincia:<\/label>\n\t\t\t\t\t\t<select name=\"calc_shipping_state\" id=\"calc_shipping_state\" data-placeholder=\"Regi\u00f3n \/ Provincia\">\n\t\t\t\t\t\t\t<option value=\"\">Elige una opci\u00f3n&hellip;<\/option>\n\t\t\t\t\t\t\t<option value=\"CO-AMA\">amazonas<\/option><option value=\"CO-ANT\">Antioqu\u00eda<\/option><option value=\"CO-ARA\">arauca<\/option><option value=\"CO-ATL\">Atl\u00e1ntico<\/option><option value=\"CO-BOL\">Bol\u00edvar<\/option><option value=\"CO-BOY\">Boyac\u00e1<\/option><option value=\"CO-CAL\">Caldas<\/option><option value=\"CO-CAQ\">Caquet\u00e1<\/option><option value=\"CO-CAS\">Casanare<\/option><option value=\"CO-CAU\">Caucas<\/option><option value=\"CO-CES\">C\u00e9sar<\/option><option value=\"CO-CHO\">choco<\/option><option value=\"CO-COR\">c\u00f3rdoba<\/option><option value=\"CO-CUN\">Cundinamarca<\/option><option value=\"CO-DC\"  selected='selected'>Distrito Capital<\/option><option value=\"CO-GUA\">Guain\u00eda<\/option><option value=\"CO-GUV\">Guaviare<\/option><option value=\"CO-HUI\">Huila<\/option><option value=\"CO-LAG\">La Guajira<\/option><option value=\"CO-MAG\">Magdalena<\/option><option value=\"CO-MET\">Meta<\/option><option value=\"CO-NAR\">Nari\u00f1o<\/option><option value=\"CO-NSA\">norte de santander<\/option><option value=\"CO-PUT\">Putumayo<\/option><option value=\"CO-QUI\">Quind\u00edo<\/option><option value=\"CO-RIS\">rosaralda<\/option><option value=\"CO-SAN\">Santander<\/option><option value=\"CO-SAP\">San Andr\u00e9s y Providencia<\/option><option value=\"CO-SUC\">Sucre<\/option><option value=\"CO-TOL\">Tolima<\/option><option value=\"CO-VAC\">Valle del Cauca<\/option><option value=\"CO-VAU\">Vaup\u00e9s<\/option><option value=\"CO-VID\">vichada<\/option>\t\t\t\t\t\t<\/select>\n\t\t\t\t\t\t\t\t\n\t\t\t\t\t\n\t\t\t\t<label for=\"calc_shipping_city\">Ciudad:<\/label>\n\t\t\t\t<input type=\"text\" value=\"Colombia\" placeholder=\"Ciudad\" name=\"calc_shipping_city\" id=\"calc_shipping_city\" \/>\n\t\t\t\n\t\t\t\t\t\n\t\t\t\t<label for=\"calc_shipping_postcode\">C\u00f3digo postal:<\/label>\n\t\t\t\t<input type=\"text\" value=\"110311\" placeholder=\"C\u00f3digo postal \/ ZIP\" name=\"calc_shipping_postcode\" id=\"calc_shipping_postcode\" \/>\n\t\t\t\n\t\t<p><button type=\"submit\" name=\"calc_shipping\" value=\"1\">Actualizar<\/button><\/p>\n\t\t<input type=\"hidden\" id=\"woocommerce-shipping-calculator-nonce\" name=\"woocommerce-shipping-calculator-nonce\" value=\"1595e07fb8\" \/><input type=\"hidden\" name=\"_wp_http_referer\" value=\"\/?page_id=8&#038;fl_builder\" \/>\t<\/section>\n<input type=\"hidden\" name=\"trp-form-language\" value=\"en\"\/><\/form>\n\t\t\t<\/td>\n<\/tr>\n\t\t<tr>\n\t\t\t<th>Total<\/th>\n\t\t\t<td data-title=\"Total\"><strong><bdi>&#36;&nbsp;1.102.200<\/bdi><\/strong> <\/td>\n\t\t<\/tr>\n\t<\/table>\n<a href=\"https:\/\/chimeneaselchalet.com\/en\/finalizar-compra\/\">\n\tFinalizar compra<\/a>","protected":false},"excerpt":{"rendered":"<p>Carrito de compras Eliminar art\u00edculo Imagen en miniatura Producto Precio Cantidad Total parcial &times; Bandeja de carb\u00f3n para asador de gas &#36;&nbsp;520.000 Bandeja de carb\u00f3n para asador de gas cantidad &#36;&nbsp;1.040.000 &times; Ladrillo refractario &#36;&nbsp;4.300 Ladrillo refractario cantidad &#36;&nbsp;17.200 Cup\u00f3n: Aplicar cup\u00f3n Actualizar carrito Totales del carrito Total parcial &#36;&nbsp;1.057.200 Env\u00edo Precio fijo: &#36;&nbsp;45.000 Enviar&hellip;<\/p>","protected":false},"author":1,"featured_media":0,"parent":0,"menu_order":0,"comment_status":"closed","ping_status":"closed","template":"","meta":{"_acf_changed":false,"_seopress_robots_primary_cat":"","_seopress_titles_title":"","_seopress_titles_desc":"","_seopress_robots_index":"","footnotes":""},"class_list":["post-8","page","type-page","status-publish","hentry"],"acf":[],"_links":{"self":[{"href":"https:\/\/chimeneaselchalet.com\/en\/wp-json\/wp\/v2\/pages\/8","targetHints":{"allow":["GET"]}}],"collection":[{"href":"https:\/\/chimeneaselchalet.com\/en\/wp-json\/wp\/v2\/pages"}],"about":[{"href":"https:\/\/chimeneaselchalet.com\/en\/wp-json\/wp\/v2\/types\/page"}],"author":[{"embeddable":true,"href":"https:\/\/chimeneaselchalet.com\/en\/wp-json\/wp\/v2\/users\/1"}],"replies":[{"embeddable":true,"href":"https:\/\/chimeneaselchalet.com\/en\/wp-json\/wp\/v2\/comments?post=8"}],"version-history":[{"count":1,"href":"https:\/\/chimeneaselchalet.com\/en\/wp-json\/wp\/v2\/pages\/8\/revisions"}],"predecessor-version":[{"id":4316,"href":"https:\/\/chimeneaselchalet.com\/en\/wp-json\/wp\/v2\/pages\/8\/revisions\/4316"}],"wp:attachment":[{"href":"https:\/\/chimeneaselchalet.com\/en\/wp-json\/wp\/v2\/media?parent=8"}],"curies":[{"name":"wp","href":"https:\/\/api.w.org\/{rel}","templated":true}]}}