{"id":2238,"date":"2024-06-11T01:32:35","date_gmt":"2024-06-11T06:32:35","guid":{"rendered":"https:\/\/chimeneaselchalet.com\/?post_type=product&#038;p=2238"},"modified":"2026-02-04T05:24:58","modified_gmt":"2026-02-04T10:24:58","slug":"centro-de-fuego-chimenea-exterior-xxl","status":"publish","type":"product","link":"https:\/\/chimeneaselchalet.com\/en\/product\/centro-de-fuego-chimenea-exterior-xxl\/","title":{"rendered":"XXL fire center"},"content":{"rendered":"","protected":false},"excerpt":{"rendered":"<p><strong>Description:\u00a0<\/strong>Este centro de fuego lineal para exteriores es ideal para noches fr\u00edas, el kit puede ser instalado en el dise\u00f1o que el cliente fabrique en su terraza o se puede fabricar el mueble seg\u00fan medidas del espacio.<\/p>\n<p>Quemador lineal<\/p>\n<p>base met\u00e1lica color blanco o negro.<\/p>\n<p>Escudo met\u00e1lico para sistema<\/p>\n<p>Base met\u00e1lica para quemador<\/p>\n<p>Piedra decorativa<\/p>\n<p><strong>Eficiencia:<\/strong> 2,5 m a la redonda<br \/>\nIncluye tapa protectora<\/p>\n<p><strong>Long: <\/strong>2,40 m de largo<br \/>\nAlto 45 \u2013 50 cm<br \/>\nAncho: 45 cm<br \/>\n* Opci\u00f3n de medidas especiales *<\/p>\n<p><strong>Material:<\/strong> Made of iron<\/p>\n<p><strong>Color:<\/strong> Negro, Blanco<\/p>\n<p><strong>Fuel for use:<\/strong> Gas<\/p>\n<p><strong>El valor es para un centro de fuego de 2.40 m de largo<\/strong><\/p>","protected":false},"featured_media":2933,"template":"","meta":{"_acf_changed":false,"_seopress_robots_primary_cat":"none","_seopress_titles_title":"Chimeneas de Exterior en Bogot\u00e1 | Calienta tus espacios al aire libre","_seopress_titles_desc":"Calienta tus noches al aire libre con nuestros fire pits y centros de fuego. Ideales para reuniones y momentos de relax. \u00a1Visita nuestra tienda online!","_seopress_robots_index":""},"color":[],"product_brand":[],"product_cat":[22],"product_tag":[110,105,75,103,44,108,104,106,112,107,101],"class_list":{"0":"post-2238","1":"product","2":"type-product","3":"status-publish","4":"has-post-thumbnail","6":"product_cat-centros-de-fuego-y-calefaccion-exterior","7":"product_tag-bogota","8":"product_tag-calefaccion-exterior","9":"product_tag-centro-de-fuego","10":"product_tag-chimenea-exterior","11":"product_tag-chimeneas-el-chalet","12":"product_tag-diseno-de-exteriores","13":"product_tag-fire-pit","14":"product_tag-fogata","15":"product_tag-fogatas-de-lena","16":"product_tag-jardin","17":"product_tag-terraza","19":"first","20":"instock","21":"taxable","22":"shipping-taxable","23":"purchasable","24":"product-type-simple"},"acf":{"descripcion":"<strong>\ud83d\udd25 Chimeneas, Fire Pits, centros de fuego y Calefacci\u00f3n Exterior<\/strong>\r\n\r\n<strong>Disfruta de tu jard\u00edn o terraza todo el a\u00f1o<\/strong>\r\n\r\nNuestra <strong>chimenea de exterior<\/strong> rectangular combina <strong>dise\u00f1o minimalista y funcionalidad<\/strong>, convirti\u00e9ndose en una pieza protagonista para cualquier espacio al aire libre. Su <strong>forma circular<\/strong> y su <strong>acabado \u00fanico<\/strong> aportan car\u00e1cter y elegancia, mientras la llama crea un ambiente <strong>c\u00e1lido y acogedor<\/strong>.\r\n\r\n<strong>\ud83d\udcd0 Medidas<\/strong>\r\n<ul>\r\n \t<li>Longitud: 230 cm<\/li>\r\n \t<li>Disponibles desde 60 cm hasta 250 cm<\/li>\r\n \t<li>40 cm de altura<\/li>\r\n<\/ul>\r\n<strong>\u2728 Caracter\u00edsticas principales<\/strong>\r\n<ul>\r\n \t<li><strong>Fire pit moderno para exteriores<\/strong><\/li>\r\n \t<li><strong>Material: Acero Galvanizado o acero HR<\/strong><\/li>\r\n \t<li><strong>Quemador lineal<\/strong> para una llama uniforme<\/li>\r\n \t<li><strong>Encendido manual lateral<\/strong>, pr\u00e1ctico y seguro<\/li>\r\n \t<li>Dise\u00f1o ideal para <strong>jardines, terrazas y patios<\/strong><\/li>\r\n \t<li>Apta para uso exterior<\/li>\r\n \t<li>incluye tapa protectora<\/li>\r\n<\/ul>\r\n<strong>\ud83d\udee0\ufe0f Sistema de encendido<\/strong>\r\n\r\nCuenta con <strong>sistema de encendido manual lateral sin control<\/strong>, dise\u00f1ado espec\u00edficamente para exteriores.\r\n\r\n<strong>\u2139\ufe0f Informaci\u00f3n importante<\/strong>\r\n<ul>\r\n \t<li>El valor <strong>no incluye instalaci\u00f3n<\/strong><\/li>\r\n \t<li>Cotiza la instalaci\u00f3n con uno de nuestros asesores<\/li>\r\n<\/ul>\r\n&nbsp;\r\n\r\n<strong>\ud83c\udfe1 Chimeneas de exterior personalizadas<\/strong>\r\n\r\n<strong>Crea tu propio espacio<\/strong>\r\n<strong>Chimeneas el Chalet<\/strong>\r\n\r\n&nbsp;","ficha_tecnica":"","manual_de_instrucciones":"","recomendaciones":"","dimensiones":"","alto":"45 cm","frente":"","base":"","peso":"","largo":"230 cm","ancho":"45 cm","color":"Negro o blanco","marca":"El chalet","eficiencia_calorica":"35 m2","potencia":"11 kW","material":"Acero","tipo_de_combustible":"Gas natural o gas propano","alternativas_eficientes":""},"gallery_images":[2261],"_links":{"self":[{"href":"https:\/\/chimeneaselchalet.com\/en\/wp-json\/wp\/v2\/product\/2238","targetHints":{"allow":["GET"]}}],"collection":[{"href":"https:\/\/chimeneaselchalet.com\/en\/wp-json\/wp\/v2\/product"}],"about":[{"href":"https:\/\/chimeneaselchalet.com\/en\/wp-json\/wp\/v2\/types\/product"}],"wp:featuredmedia":[{"embeddable":true,"href":"https:\/\/chimeneaselchalet.com\/en\/wp-json\/wp\/v2\/media\/2933"}],"wp:attachment":[{"href":"https:\/\/chimeneaselchalet.com\/en\/wp-json\/wp\/v2\/media?parent=2238"}],"wp:term":[{"taxonomy":"color","embeddable":true,"href":"https:\/\/chimeneaselchalet.com\/en\/wp-json\/wp\/v2\/color?post=2238"},{"taxonomy":"product_brand","embeddable":true,"href":"https:\/\/chimeneaselchalet.com\/en\/wp-json\/wp\/v2\/product_brand?post=2238"},{"taxonomy":"product_cat","embeddable":true,"href":"https:\/\/chimeneaselchalet.com\/en\/wp-json\/wp\/v2\/product_cat?post=2238"},{"taxonomy":"product_tag","embeddable":true,"href":"https:\/\/chimeneaselchalet.com\/en\/wp-json\/wp\/v2\/product_tag?post=2238"}],"curies":[{"name":"wp","href":"https:\/\/api.w.org\/{rel}","templated":true}]}}