{"id":2241,"date":"2024-06-11T01:32:35","date_gmt":"2024-06-11T06:32:35","guid":{"rendered":"https:\/\/chimeneaselchalet.com\/?post_type=product&#038;p=2241"},"modified":"2026-01-30T15:49:55","modified_gmt":"2026-01-30T20:49:55","slug":"parrilla-para-lomo-al-trapo","status":"publish","type":"product","link":"https:\/\/chimeneaselchalet.com\/en\/product\/parrilla-para-lomo-al-trapo\/","title":{"rendered":"Grill for loin al rag"},"content":{"rendered":"","protected":false},"excerpt":{"rendered":"<p><strong>Description:<\/strong> Disfruta de lomo al trapo en tu chimenea con la facilidad de poderlo mover y sacar sin quemarte y evitando el riesgo que se desarme<\/p>\n<p>Dise\u00f1o pr\u00e1ctico con manijas y bisagra que permite abrirlo 180\u00b0<\/p>\n<p>Estructura s\u00f3lida estable y durable<\/p>\n<p><strong>Dimensions:<\/strong><br \/>\nLargo: 45 cm<\/p>\n<p>Di\u00e1metro: 9 cm<\/p>\n<p><strong>Material:<\/strong> varilla redonda de hierro<\/p>\n<p><strong>Color:<\/strong> negro.<\/p>","protected":false},"featured_media":2272,"template":"","meta":{"_acf_changed":false,"_seopress_robots_primary_cat":"none","_seopress_titles_title":"Comprar Parrilla para Lomo al Trapo - Calidad Superior","_seopress_titles_desc":"Descubre la aut\u00e9ntica parrilla para lomo al trapo, accesorios para chimeneas de le\u00f1a. Calidad superior para un sabor inigualable. \u00a1Vis\u00edtanos y disfruta del mejor asado!","_seopress_robots_index":""},"color":[],"product_brand":[],"product_cat":[21],"product_tag":[180,110,44,187,183,181,186,185,184,182,125],"class_list":{"0":"post-2241","1":"product","2":"type-product","3":"status-publish","4":"has-post-thumbnail","6":"product_cat-accesorios-para-chimeneas-de-lena","7":"product_tag-accesorios-chimenea","8":"product_tag-bogota","9":"product_tag-chimeneas-el-chalet","10":"product_tag-colombia","11":"product_tag-kit-herramientas","12":"product_tag-kit-para-chimenea","13":"product_tag-lena-bogota","14":"product_tag-lena-chimeneas","15":"product_tag-madera-chimeneas","16":"product_tag-parrilla-cenicero-chimenea","17":"product_tag-rejillas","19":"first","20":"instock","21":"taxable","22":"shipping-taxable","23":"purchasable","24":"product-type-simple"},"acf":{"descripcion":"<h2 data-start=\"159\" data-end=\"233\">\ud83d\udd25 Accesorios para cocinar en tu chimenea | Parrilla para lomo al trapo<\/h2>\r\n<p data-start=\"235\" data-end=\"555\">Lleva tu chimenea de le\u00f1a a otro nivel y transforma el fuego en una experiencia gastron\u00f3mica \u00fanica con nuestra <strong data-start=\"346\" data-end=\"377\">parrilla para lomo al trapo<\/strong>. Dise\u00f1ada para quienes disfrutan de la <strong data-start=\"417\" data-end=\"453\">cocina al fuego dentro del hogar<\/strong>, este accesorio te permite preparar recetas tradicionales de forma <strong data-start=\"521\" data-end=\"554\">segura, pr\u00e1ctica y controlada<\/strong>.<\/p>\r\n<p data-start=\"557\" data-end=\"890\">Fabricada con <strong data-start=\"571\" data-end=\"614\">materiales de alta resistencia al calor<\/strong>, su <strong data-start=\"619\" data-end=\"650\">estructura s\u00f3lida y estable<\/strong> soporta altas temperaturas sin deformarse, garantizando <strong data-start=\"707\" data-end=\"745\">durabilidad, seguridad y confianza<\/strong> en cada uso. Es el complemento ideal para convertir tu chimenea en un verdadero <strong data-start=\"826\" data-end=\"845\">asador interior<\/strong>, sin riesgos y con resultados excepcionales.<\/p>\r\n\r\n<h3 data-start=\"892\" data-end=\"921\">\u2705 Beneficios principales:<\/h3>\r\n<ul data-start=\"922\" data-end=\"1165\">\r\n \t<li data-start=\"922\" data-end=\"974\">\r\n<p data-start=\"924\" data-end=\"974\">Accesorio tipo <strong data-start=\"939\" data-end=\"974\">parrilla \/ asador para chimenea<\/strong><\/p>\r\n<\/li>\r\n \t<li data-start=\"975\" data-end=\"1023\">\r\n<p data-start=\"977\" data-end=\"1023\">Ideal para <strong data-start=\"988\" data-end=\"1023\">lomo al trapo y asados al fuego<\/strong><\/p>\r\n<\/li>\r\n \t<li data-start=\"1024\" data-end=\"1073\">\r\n<p data-start=\"1026\" data-end=\"1073\">Materiales resistentes a <strong data-start=\"1051\" data-end=\"1073\">altas temperaturas<\/strong><\/p>\r\n<\/li>\r\n \t<li data-start=\"1074\" data-end=\"1110\">\r\n<p data-start=\"1076\" data-end=\"1110\">Estructura firme, estable y segura<\/p>\r\n<\/li>\r\n \t<li data-start=\"1111\" data-end=\"1165\">\r\n<p data-start=\"1113\" data-end=\"1165\">Dise\u00f1ado para <strong data-start=\"1127\" data-end=\"1165\">uso dom\u00e9stico en chimeneas de le\u00f1a<\/strong><\/p>\r\n<\/li>\r\n<\/ul>\r\n<p data-start=\"1167\" data-end=\"1344\">Disfruta del <strong data-start=\"1180\" data-end=\"1209\">sabor aut\u00e9ntico del fuego<\/strong>, revive la tradici\u00f3n y vive una experiencia diferente con tus asados caseros, combinando <strong data-start=\"1299\" data-end=\"1343\">calidad, seguridad y pasi\u00f3n por el fuego<\/strong>.<\/p>\r\n\r\n\r\n<hr data-start=\"1346\" data-end=\"1349\" \/>\r\n<p data-start=\"1213\" data-end=\"1231\"><\/p>","ficha_tecnica":"","manual_de_instrucciones":"","recomendaciones":"","dimensiones":"","alto":"","frente":"","base":"","peso":"","largo":"45 cm","ancho":"15 cm di\u00e1metro","color":"Negro","marca":"El chalet","eficiencia_calorica":"","potencia":"","material":"Acero","tipo_de_combustible":"le\u00f1a","alternativas_eficientes":""},"gallery_images":[],"_links":{"self":[{"href":"https:\/\/chimeneaselchalet.com\/en\/wp-json\/wp\/v2\/product\/2241","targetHints":{"allow":["GET"]}}],"collection":[{"href":"https:\/\/chimeneaselchalet.com\/en\/wp-json\/wp\/v2\/product"}],"about":[{"href":"https:\/\/chimeneaselchalet.com\/en\/wp-json\/wp\/v2\/types\/product"}],"wp:featuredmedia":[{"embeddable":true,"href":"https:\/\/chimeneaselchalet.com\/en\/wp-json\/wp\/v2\/media\/2272"}],"wp:attachment":[{"href":"https:\/\/chimeneaselchalet.com\/en\/wp-json\/wp\/v2\/media?parent=2241"}],"wp:term":[{"taxonomy":"color","embeddable":true,"href":"https:\/\/chimeneaselchalet.com\/en\/wp-json\/wp\/v2\/color?post=2241"},{"taxonomy":"product_brand","embeddable":true,"href":"https:\/\/chimeneaselchalet.com\/en\/wp-json\/wp\/v2\/product_brand?post=2241"},{"taxonomy":"product_cat","embeddable":true,"href":"https:\/\/chimeneaselchalet.com\/en\/wp-json\/wp\/v2\/product_cat?post=2241"},{"taxonomy":"product_tag","embeddable":true,"href":"https:\/\/chimeneaselchalet.com\/en\/wp-json\/wp\/v2\/product_tag?post=2241"}],"curies":[{"name":"wp","href":"https:\/\/api.w.org\/{rel}","templated":true}]}}