{"id":2245,"date":"2024-06-11T01:32:00","date_gmt":"2024-06-11T06:32:00","guid":{"rendered":"https:\/\/chimeneaselchalet.com\/?post_type=product&#038;p=2245"},"modified":"2025-01-16T13:28:58","modified_gmt":"2025-01-16T18:28:58","slug":"bbq-de-carbon-tipo-argentino-empotrable","status":"publish","type":"product","link":"https:\/\/chimeneaselchalet.com\/en\/product\/bbq-de-carbon-tipo-argentino-empotrable\/","title":{"rendered":"Built-in Argentine Type Charcoal BBQ"},"content":{"rendered":"","protected":false},"excerpt":{"rendered":"","protected":false},"featured_media":3756,"template":"","meta":{"_acf_changed":false,"_seopress_robots_primary_cat":"none","_seopress_titles_title":"BBQ de Carb\u00f3n Argentino Empotrable \u00a1Perfecto para tu Jard\u00edn!","_seopress_titles_desc":"Descubre el aut\u00e9ntico sabor argentino con nuestra BBQ de carb\u00f3n empotrable. Ideal para asados perfectos. \u00a1Vis\u00edtanos ahora!","_seopress_robots_index":""},"color":[],"product_brand":[],"product_cat":[18],"product_tag":[215,214,216,78,207,90,204,203,237,230,248,222,208,84,32,74,236,239,241,240,269,210,244,246,245,263,242,259,44,213,206,235,228,268,270,265,225,256,73,261,267,254,224,271,257,262,212,264,229,232,234,233,272,202,238,243,205,231,249,223,209,255,226,253,266,211,247,250,252,251,258,260,221,227],"class_list":{"0":"post-2245","1":"product","2":"type-product","3":"status-publish","4":"has-post-thumbnail","6":"product_cat-asadores-hornos-plancha-bbq","7":"product_tag-accesorios-para-parrilla-de-acero-inoxidable","8":"product_tag-asador-a-gas-portatil","9":"product_tag-parrilla-electrica-para-interior","10":"product_tag-accesorios-para-parrilla","11":"product_tag-asado","12":"product_tag-asador","13":"product_tag-asador-a-carbon","14":"product_tag-asador-a-gas","15":"product_tag-asador-broil-king","16":"product_tag-asador-napoleon","17":"product_tag-asador-verona","18":"product_tag-asador-weber","19":"product_tag-barbacoa","20":"product_tag-barril-ahumador","21":"product_tag-bbq","22":"product_tag-bbq-argentino","23":"product_tag-broil-king","24":"product_tag-broil-king-argentina","25":"product_tag-broil-king-imperial","26":"product_tag-broil-king-premium","27":"product_tag-broil-master","28":"product_tag-carne-a-la-parrilla","29":"product_tag-char-broil-argentina","30":"product_tag-char-broil-carbon","31":"product_tag-char-broil-gas","32":"product_tag-char-broil","33":"product_tag-char-broil-asador-char-broil","34":"product_tag-chimeneas-de-colombia","35":"product_tag-chimeneas-el-chalet","36":"product_tag-cocinar-a-fuego-lento","37":"product_tag-cocinar-al-aire-libre","38":"product_tag-comprar-napoleon","39":"product_tag-comprar-weber","40":"product_tag-cuisinart","41":"product_tag-ducasse","42":"product_tag-garcima","43":"product_tag-genesis-weber","44":"product_tag-green-egg","45":"product_tag-hornos-bbq","46":"product_tag-humo-barriles","47":"product_tag-inoxhome","48":"product_tag-kamado-joe","49":"product_tag-kettle-weber","50":"product_tag-landmann","51":"product_tag-lynx","52":"product_tag-mano-bbq","53":"product_tag-marinar","54":"product_tag-mr-beef","55":"product_tag-napoleon","56":"product_tag-napoleon-argentina","57":"product_tag-napoleon-carbon","58":"product_tag-napoleon-gas","59":"product_tag-ozark-trail","60":"product_tag-parrilla","61":"product_tag-parrilla-broil-king","62":"product_tag-parrilla-char-broil","63":"product_tag-parrilla-electrica","64":"product_tag-parrilla-napoleon","65":"product_tag-parrilla-verona","66":"product_tag-parrilla-weber","67":"product_tag-parrillada","68":"product_tag-pit-boss","69":"product_tag-spirit-weber","70":"product_tag-traeger","71":"product_tag-tramontina","72":"product_tag-verduras-a-la-parrilla","73":"product_tag-verona","74":"product_tag-verona-argentina","75":"product_tag-verona-carbon","76":"product_tag-verona-gas","77":"product_tag-viking","78":"product_tag-volcano","79":"product_tag-weber","80":"product_tag-weber-argentina","82":"first","83":"instock","84":"taxable","85":"shipping-taxable","86":"purchasable","87":"product-type-variable"},"acf":{"descripcion":"\u00a1Disfruta de Asados Perfectos con Nuestro Asador de Carb\u00f3n Empotrable!\r\n\r\nNuestra l\u00ednea de asadores modulares te ofrece la flexibilidad y versatilidad que buscas. Combina la tradici\u00f3n del asado a carb\u00f3n y crea un espacio de cocci\u00f3n \u00fanico y personalizado.\r\nDise\u00f1o elegante, se integra perfectamente a cualquier ambiente exterior.\r\n\r\n<em>Con su dise\u00f1o elegante y sus m\u00faltiples funciones, este BBQ de Chimeneas el Chalet es la inversi\u00f3n perfecta para los amantes de la parrilla.<\/em>","ficha_tecnica":"","manual_de_instrucciones":2661,"recomendaciones":"","dimensiones":"","alto":"65 cm","frente":"","base":"","peso":"38 kg","largo":"","ancho":"45 cm","color":"Gris plata","marca":"El chalet","eficiencia_calorica":"","potencia":"","material":"Acero","tipo_de_combustible":"Carb\u00f3n","alternativas_eficientes":""},"gallery_images":[],"_links":{"self":[{"href":"https:\/\/chimeneaselchalet.com\/en\/wp-json\/wp\/v2\/product\/2245","targetHints":{"allow":["GET"]}}],"collection":[{"href":"https:\/\/chimeneaselchalet.com\/en\/wp-json\/wp\/v2\/product"}],"about":[{"href":"https:\/\/chimeneaselchalet.com\/en\/wp-json\/wp\/v2\/types\/product"}],"wp:featuredmedia":[{"embeddable":true,"href":"https:\/\/chimeneaselchalet.com\/en\/wp-json\/wp\/v2\/media\/3756"}],"wp:attachment":[{"href":"https:\/\/chimeneaselchalet.com\/en\/wp-json\/wp\/v2\/media?parent=2245"}],"wp:term":[{"taxonomy":"color","embeddable":true,"href":"https:\/\/chimeneaselchalet.com\/en\/wp-json\/wp\/v2\/color?post=2245"},{"taxonomy":"product_brand","embeddable":true,"href":"https:\/\/chimeneaselchalet.com\/en\/wp-json\/wp\/v2\/product_brand?post=2245"},{"taxonomy":"product_cat","embeddable":true,"href":"https:\/\/chimeneaselchalet.com\/en\/wp-json\/wp\/v2\/product_cat?post=2245"},{"taxonomy":"product_tag","embeddable":true,"href":"https:\/\/chimeneaselchalet.com\/en\/wp-json\/wp\/v2\/product_tag?post=2245"}],"curies":[{"name":"wp","href":"https:\/\/api.w.org\/{rel}","templated":true}]}}