{"id":2249,"date":"2024-06-11T01:32:00","date_gmt":"2024-06-11T06:32:00","guid":{"rendered":"https:\/\/chimeneaselchalet.com\/?post_type=product&#038;p=2249"},"modified":"2026-01-30T17:20:42","modified_gmt":"2026-01-30T22:20:42","slug":"bbq-de-carbon-tipo-argentino-mixto-gas","status":"publish","type":"product","link":"https:\/\/chimeneaselchalet.com\/en\/product\/bbq-de-carbon-tipo-argentino-mixto-gas\/","title":{"rendered":"Mixed Argentine Type Charcoal BBQ (gas)"},"content":{"rendered":"","protected":false},"excerpt":{"rendered":"<p><strong>Description: <\/strong><br \/>\nAsador que funciona con carb\u00f3n y encendido ultra r\u00e1pido con gas, posibilidad de fucnionar con gas y roca volc\u00e1nica.<br \/>\nLa parrilla de la carne tiene un mecanismo que regula la altura con el fin de evitar exceso de calor sobre los alimentos.<br \/>\nCuenta con un desnivel para depositar la grasa y los jugos de las comidas.<br \/>\nLa base tiene un dep\u00f3sito para el carb\u00f3n, una bandeja auxiliar lateral que se puede deslizar y cuatro.<br \/>\nHecho en Colombia.<\/p>\n<p><strong>Dimensions:<\/strong><br \/>\n65cm x 45cm<br \/>\n75cm x 45cm<br \/>\n100 cm x 50cm<\/p>\n<p><strong>High: <\/strong><br \/>\n1,28 cm<\/p>\n<p><strong>Material: <\/strong><br \/>\nFabricado 100% en hierro con un recubrimiento de pintura electroest\u00e1tica.<\/p>\n<p><strong>Color: <\/strong><br \/>\nGrey silver<\/p>\n<p><strong>Fuel for use: <\/strong><br \/>\nFunciona con carb\u00f3n y posibilidad con gas mixto.(aumenta 10 cm el alto)<\/p>","protected":false},"featured_media":2881,"template":"","meta":{"_acf_changed":false,"_seopress_robots_primary_cat":"none","_seopress_titles_title":"BBQ Argentino Mixto en Gas y Carb\u00f3n \u00a1Compra Ya!","_seopress_titles_desc":"Descubre la BBQ de carb\u00f3n tipo argentino mixto gas. Perfecta para asados con aut\u00e9ntico sabor. Calidad y durabilidad garantizadas. \u00a1Vis\u00edtanos!","_seopress_robots_index":""},"color":[],"product_brand":[],"product_cat":[18],"product_tag":[],"class_list":{"0":"post-2249","1":"product","2":"type-product","3":"status-publish","4":"has-post-thumbnail","6":"product_cat-asadores-hornos-plancha-bbq","8":"first","9":"instock","10":"taxable","11":"shipping-taxable","12":"purchasable","13":"product-type-variable"},"acf":{"descripcion":"<h2 data-start=\"118\" data-end=\"184\">\ud83d\udd25 Asador Mixto Argentino | Gas y Carb\u00f3n para un Asado Perfecto<\/h2>\r\n<p data-start=\"186\" data-end=\"444\">Nuestro <strong data-start=\"194\" data-end=\"220\">asador mixto argentino<\/strong> te transporta a las aut\u00e9nticas parrillas argentinas, combinando la <strong data-start=\"288\" data-end=\"311\">pasi\u00f3n por el fuego<\/strong> con la <strong data-start=\"319\" data-end=\"357\">comodidad de la tecnolog\u00eda moderna<\/strong>. Una soluci\u00f3n ideal para quienes buscan versatilidad, sabor y facilidad en cada asado.<\/p>\r\n<p data-start=\"446\" data-end=\"649\">Adapta tu parrillada a cualquier ocasi\u00f3n: cocina con <strong data-start=\"499\" data-end=\"509\">carb\u00f3n<\/strong> para lograr un sabor ahumado aut\u00e9ntico o utiliza <strong data-start=\"559\" data-end=\"566\">gas<\/strong> para un <strong data-start=\"575\" data-end=\"606\">encendido r\u00e1pido y pr\u00e1ctico<\/strong>, sin renunciar al control y la eficiencia.<\/p>\r\n<p data-start=\"651\" data-end=\"912\">La <strong data-start=\"654\" data-end=\"686\">parrilla regulable en altura<\/strong> te permite controlar la cocci\u00f3n con precisi\u00f3n, ajustando la distancia al fuego seg\u00fan el tipo de alimento. Adem\u00e1s, su <strong data-start=\"804\" data-end=\"822\">caj\u00f3n inferior<\/strong> facilita la limpieza y ofrece un espacio pr\u00e1ctico para almacenar accesorios y utensilios.<\/p>\r\n\r\n<h3 data-start=\"914\" data-end=\"943\">\u2b50 Beneficios principales:<\/h3>\r\n<ul data-start=\"944\" data-end=\"1185\">\r\n \t<li data-start=\"944\" data-end=\"985\">\r\n<p data-start=\"946\" data-end=\"985\">Asador mixto argentino (gas y carb\u00f3n)<\/p>\r\n<\/li>\r\n \t<li data-start=\"986\" data-end=\"1036\">\r\n<p data-start=\"988\" data-end=\"1036\">Versatilidad para distintos estilos de cocci\u00f3n<\/p>\r\n<\/li>\r\n \t<li data-start=\"1037\" data-end=\"1090\">\r\n<p data-start=\"1039\" data-end=\"1090\">Parrilla regulable en altura para control preciso<\/p>\r\n<\/li>\r\n \t<li data-start=\"1091\" data-end=\"1140\">\r\n<p data-start=\"1093\" data-end=\"1140\">Caj\u00f3n inferior para limpieza y almacenamiento<\/p>\r\n<\/li>\r\n \t<li data-start=\"1141\" data-end=\"1185\">\r\n<p data-start=\"1143\" data-end=\"1185\">Sabor tradicional con tecnolog\u00eda moderna<\/p>\r\n<\/li>\r\n<\/ul>\r\n<h3 data-start=\"1268\" data-end=\"1287\">\ud83d\udee0\ufe0f Materiales:<\/h3>\r\n<ul data-start=\"1288\" data-end=\"1397\">\r\n \t<li data-start=\"1288\" data-end=\"1323\">\r\n<p data-start=\"1290\" data-end=\"1323\">Fabricado en <strong data-start=\"1303\" data-end=\"1323\">acero HR de 2 mm<\/strong><\/p>\r\n<\/li>\r\n \t<li data-start=\"1324\" data-end=\"1397\">\r\n<p data-start=\"1326\" data-end=\"1397\"><strong data-start=\"1326\" data-end=\"1348\">Pintura gris electroest\u00e1tica<\/strong> resistente a\u00a0 temperaturas de hasta 180\u00b0C y a la corrosi\u00f3n<\/p>\r\n<\/li>\r\n \t<li data-start=\"1324\" data-end=\"1397\">Opciones en acero inoxidable (valor adicional seg\u00fan tama\u00f1o)<\/li>\r\n<\/ul>\r\n<p data-start=\"1187\" data-end=\"1346\">Este asador de <strong data-start=\"1202\" data-end=\"1225\">Chimeneas el Chalet<\/strong> es la opci\u00f3n perfecta para quienes desean disfrutar del asado con libertad, comodidad y el aut\u00e9ntico esp\u00edritu argentino.<\/p>","ficha_tecnica":"","manual_de_instrucciones":"","recomendaciones":"","dimensiones":"","alto":"128 cm","frente":"","base":"","peso":"","largo":"","ancho":"","color":"Gris plata","marca":"El chalet","eficiencia_calorica":"","potencia":"","material":"Hierro","tipo_de_combustible":"Carb\u00f3n y gas","alternativas_eficientes":""},"gallery_images":[],"_links":{"self":[{"href":"https:\/\/chimeneaselchalet.com\/en\/wp-json\/wp\/v2\/product\/2249","targetHints":{"allow":["GET"]}}],"collection":[{"href":"https:\/\/chimeneaselchalet.com\/en\/wp-json\/wp\/v2\/product"}],"about":[{"href":"https:\/\/chimeneaselchalet.com\/en\/wp-json\/wp\/v2\/types\/product"}],"wp:featuredmedia":[{"embeddable":true,"href":"https:\/\/chimeneaselchalet.com\/en\/wp-json\/wp\/v2\/media\/2881"}],"wp:attachment":[{"href":"https:\/\/chimeneaselchalet.com\/en\/wp-json\/wp\/v2\/media?parent=2249"}],"wp:term":[{"taxonomy":"color","embeddable":true,"href":"https:\/\/chimeneaselchalet.com\/en\/wp-json\/wp\/v2\/color?post=2249"},{"taxonomy":"product_brand","embeddable":true,"href":"https:\/\/chimeneaselchalet.com\/en\/wp-json\/wp\/v2\/product_brand?post=2249"},{"taxonomy":"product_cat","embeddable":true,"href":"https:\/\/chimeneaselchalet.com\/en\/wp-json\/wp\/v2\/product_cat?post=2249"},{"taxonomy":"product_tag","embeddable":true,"href":"https:\/\/chimeneaselchalet.com\/en\/wp-json\/wp\/v2\/product_tag?post=2249"}],"curies":[{"name":"wp","href":"https:\/\/api.w.org\/{rel}","templated":true}]}}