{"id":2253,"date":"2024-06-11T01:32:00","date_gmt":"2024-06-11T06:32:00","guid":{"rendered":"https:\/\/chimeneaselchalet.com\/?post_type=product&#038;p=2253"},"modified":"2026-01-30T17:18:01","modified_gmt":"2026-01-30T22:18:01","slug":"bbq-de-lena-quincho-argentino","status":"publish","type":"product","link":"https:\/\/chimeneaselchalet.com\/en\/product\/bbq-de-lena-quincho-argentino\/","title":{"rendered":"Argentine quincho wood-fired barbecue"},"content":{"rendered":"","protected":false},"excerpt":{"rendered":"<p><strong>Description: <\/strong><br \/>\nAsador que funciona con le\u00f1a, en el lateral puedes hacer la brasa de tu asado con le\u00f1a y pasarlo a la zona de cocci\u00f3n, mantiene un calor uniforme en la parrilla para cocciones lentas.<br \/>\nLa parrilla de la carne tiene un mecanismo que regula la altura con el fin de evitar exceso de calor sobre los alimentos, si lo requieres.<br \/>\nEl piso y las paredes est\u00e1 fabricado en materiales refractarios, cuenta con una base con ruedas industriales.<br \/>\nHecho en Colombia.<\/p>\n<p><strong>Dimensions:<\/strong><br \/>\n100 cm x 50cm<\/p>\n<p><strong>High: <\/strong><br \/>\n1,28 cm<\/p>\n<p><strong>Material: <\/strong><br \/>\nFabricado 100% en hierro con un recubrimiento de pintura electroest\u00e1tica.<\/p>\n<p><strong>Color: <\/strong><br \/>\nGris plata o Negro<\/p>\n<p><strong>Fuel for use: <\/strong><br \/>\nFunciona con le\u00f1a o carb\u00f3n.<\/p>\n<p><iframe loading=\"lazy\" title=\"YouTube video player\" src=\"https:\/\/www.youtube.com\/embed\/0cjMrmqfGdE\" width=\"560\" height=\"315\" frameborder=\"0\" allowfullscreen=\"allowfullscreen\"><\/iframe><\/p>","protected":false},"featured_media":3111,"template":"","meta":{"_acf_changed":false,"_seopress_robots_primary_cat":"none","_seopress_titles_title":"BBQ de Le\u00f1a Quincho Argentino - \u00a1Perfecto para Asados!","_seopress_titles_desc":"Descubre el aut\u00e9ntico sabor argentino con nuestro BBQ de le\u00f1a Quincho. Ideal para asados \u00fanicos. \u00a1Visita ahora y vive la experiencia!","_seopress_robots_index":""},"color":[],"product_brand":[],"product_cat":[18,17],"product_tag":[],"class_list":{"0":"post-2253","1":"product","2":"type-product","3":"status-publish","4":"has-post-thumbnail","6":"product_cat-asadores-hornos-plancha-bbq","7":"product_cat-hornos-de-pizza","9":"first","10":"instock","11":"taxable","12":"shipping-taxable","13":"purchasable","14":"product-type-simple"},"acf":{"descripcion":"<h2 data-start=\"126\" data-end=\"193\">\ud83d\udd25 Asador Argentino de Le\u00f1a | Tradici\u00f3n, Fuego y Sabor Aut\u00e9ntico<\/h2>\r\n<p data-start=\"195\" data-end=\"407\">Eleva tus asados a otro nivel con nuestro <strong data-start=\"237\" data-end=\"265\">asador argentino de le\u00f1a<\/strong>, dise\u00f1ado para quienes disfrutan la <strong data-start=\"302\" data-end=\"352\">aut\u00e9ntica experiencia de cocinar a la parrilla<\/strong> y el sabor inigualable que solo la le\u00f1a puede ofrecer.<\/p>\r\n<p data-start=\"409\" data-end=\"631\">Su <strong data-start=\"412\" data-end=\"443\">dise\u00f1o vers\u00e1til y funcional<\/strong> te permite preparar una amplia variedad de alimentos, desde <strong data-start=\"504\" data-end=\"533\">carnes jugosas y ahumadas<\/strong> hasta <strong data-start=\"540\" data-end=\"559\">verduras asadas<\/strong>, logrando una cocci\u00f3n uniforme y llena de car\u00e1cter en cada preparaci\u00f3n.<\/p>\r\n<p data-start=\"633\" data-end=\"798\">Ideal para patios, terrazas y zonas BBQ, este asador combina la <strong data-start=\"697\" data-end=\"720\">tradici\u00f3n del fuego<\/strong> con un dise\u00f1o moderno y robusto que se adapta a distintos estilos de espacio.<\/p>\r\n\r\n<h3 data-start=\"800\" data-end=\"829\">\u2b50 Beneficios principales:<\/h3>\r\n<ul data-start=\"830\" data-end=\"1031\">\r\n \t<li data-start=\"830\" data-end=\"860\">\r\n<p data-start=\"832\" data-end=\"860\">Asador argentino para le\u00f1a<\/p>\r\n<\/li>\r\n \t<li data-start=\"861\" data-end=\"893\">\r\n<p data-start=\"863\" data-end=\"893\">Cocci\u00f3n tradicional al fuego<\/p>\r\n<\/li>\r\n \t<li data-start=\"894\" data-end=\"921\">\r\n<p data-start=\"896\" data-end=\"921\">Sabor ahumado aut\u00e9ntico<\/p>\r\n<\/li>\r\n \t<li data-start=\"922\" data-end=\"970\">\r\n<p data-start=\"924\" data-end=\"970\">Dise\u00f1o vers\u00e1til para m\u00faltiples preparaciones<\/p>\r\n<\/li>\r\n \t<li data-start=\"971\" data-end=\"1031\">\r\n<p data-start=\"973\" data-end=\"1031\">Ideal para carnes, verduras y asados al estilo argentino<\/p>\r\n<\/li>\r\n<\/ul>\r\n<p data-start=\"1033\" data-end=\"1198\">La mezcla perfecta entre <strong data-start=\"1058\" data-end=\"1084\">tradici\u00f3n y modernidad<\/strong>, este asador de <strong data-start=\"1101\" data-end=\"1124\">Chimeneas el Chalet<\/strong> es una inversi\u00f3n para quienes viven la parrilla como un verdadero ritual.<\/p>\r\n\r\n<h3 data-start=\"1268\" data-end=\"1287\">\ud83d\udee0\ufe0f Materiales:<\/h3>\r\n<ul data-start=\"1288\" data-end=\"1397\">\r\n \t<li data-start=\"1288\" data-end=\"1323\">\r\n<p data-start=\"1290\" data-end=\"1323\">Fabricado en <strong data-start=\"1303\" data-end=\"1323\">acero HR de 2 mm<\/strong><\/p>\r\n<\/li>\r\n \t<li data-start=\"1324\" data-end=\"1397\">\r\n<p data-start=\"1326\" data-end=\"1397\"><strong data-start=\"1326\" data-end=\"1348\">Pintura negra mate<\/strong> resistente a altas temperaturas y a la corrosi\u00f3n<\/p>\r\n<\/li>\r\n \t<li data-start=\"1324\" data-end=\"1397\">Piso en ladrillo refrcatario resistente a 1000\u00b0C<\/li>\r\n<\/ul>","ficha_tecnica":"","manual_de_instrucciones":"","recomendaciones":"","dimensiones":"","alto":"128 cm","frente":"100 cm","base":"","peso":"","largo":"","ancho":"50 cm","color":"Negro o gris plata","marca":"El chalet","eficiencia_calorica":"","potencia":"","material":"Lamina de hierro","tipo_de_combustible":"","alternativas_eficientes":""},"gallery_images":[2285,2286,2287,4601,2288,2284],"_links":{"self":[{"href":"https:\/\/chimeneaselchalet.com\/en\/wp-json\/wp\/v2\/product\/2253","targetHints":{"allow":["GET"]}}],"collection":[{"href":"https:\/\/chimeneaselchalet.com\/en\/wp-json\/wp\/v2\/product"}],"about":[{"href":"https:\/\/chimeneaselchalet.com\/en\/wp-json\/wp\/v2\/types\/product"}],"wp:featuredmedia":[{"embeddable":true,"href":"https:\/\/chimeneaselchalet.com\/en\/wp-json\/wp\/v2\/media\/3111"}],"wp:attachment":[{"href":"https:\/\/chimeneaselchalet.com\/en\/wp-json\/wp\/v2\/media?parent=2253"}],"wp:term":[{"taxonomy":"color","embeddable":true,"href":"https:\/\/chimeneaselchalet.com\/en\/wp-json\/wp\/v2\/color?post=2253"},{"taxonomy":"product_brand","embeddable":true,"href":"https:\/\/chimeneaselchalet.com\/en\/wp-json\/wp\/v2\/product_brand?post=2253"},{"taxonomy":"product_cat","embeddable":true,"href":"https:\/\/chimeneaselchalet.com\/en\/wp-json\/wp\/v2\/product_cat?post=2253"},{"taxonomy":"product_tag","embeddable":true,"href":"https:\/\/chimeneaselchalet.com\/en\/wp-json\/wp\/v2\/product_tag?post=2253"}],"curies":[{"name":"wp","href":"https:\/\/api.w.org\/{rel}","templated":true}]}}