{"id":2306,"date":"2024-06-11T01:36:12","date_gmt":"2024-06-11T06:36:12","guid":{"rendered":"https:\/\/chimeneaselchalet.com\/?post_type=product&#038;p=2306"},"modified":"2026-01-29T11:37:27","modified_gmt":"2026-01-29T16:37:27","slug":"piedra-fina-decorativa-para-chimeneas","status":"publish","type":"product","link":"https:\/\/chimeneaselchalet.com\/en\/product\/piedra-fina-decorativa-para-chimeneas\/","title":{"rendered":"Fine decorative stone for fireplaces"},"content":{"rendered":"","protected":false},"excerpt":{"rendered":"","protected":false},"featured_media":2313,"template":"","meta":{"_acf_changed":false,"_seopress_robots_primary_cat":"none","_seopress_titles_title":"Piedra Fina Decorativa para Chimeneas - Estilo \u00danico","_seopress_titles_desc":"Descubre la elegancia de la piedra fina decorativa para chimeneas. Ideal para destacar en cualquier hogar. Vis\u00edtanos.","_seopress_robots_index":""},"color":[],"product_brand":[],"product_cat":[20,23],"product_tag":[362,359,277,364,381,174,344,294,276,349,400,275,388,392,295,401,273,288,315,316,317,308,309,297,305,290,342,341,346,348,347,340,343,302,369,393,299,313,312,314,289,319,320,326,327,328,329,398,395,397,325,318,306,165,50,336,333,337,334,338,332,331,330,339,335,298,103,301,303,296,307,304,300,368,402,404,62,259,189,151,44,366,403,367,293,374,384,376,283,286,391,278,361,279,357,356,370,355,380,350,382,140,399,394,351,352,274,291,378,284,120,159,389,321,396,285,280,138,385,323,324,322,354,282,292,371,373,383,358,188,377,390,345,310,311,387,287,379,363,375,281,353,372,386,365,360],"class_list":{"0":"post-2306","1":"product","2":"type-product","3":"status-publish","4":"has-post-thumbnail","6":"product_cat-chimeneas-a-gas","7":"product_cat-insumos-para-chimeneas","8":"product_tag-acogedor","9":"product_tag-adaptable","10":"product_tag-ambiente","11":"product_tag-ambiente-relajante","12":"product_tag-autonomia","13":"product_tag-bajo-consumo","14":"product_tag-bioetanol-liquido","15":"product_tag-brasas","16":"product_tag-calefaccion","17":"product_tag-calefaccion-adicional","18":"product_tag-calle-93","19":"product_tag-calor","20":"product_tag-camara-de-combustion","21":"product_tag-cenicero-extraible","22":"product_tag-cenizas","23":"product_tag-chico-norte","24":"product_tag-chimenea","25":"product_tag-chimenea-a-gas","26":"product_tag-chimenea-a-gas-con-control-remoto","27":"product_tag-chimenea-a-gas-con-termostato","28":"product_tag-chimenea-a-gas-de-bajo-consumo","29":"product_tag-chimenea-a-gas-natural","30":"product_tag-chimenea-a-gas-propano","31":"product_tag-chimenea-clasica","32":"product_tag-chimenea-contemporanea","33":"product_tag-chimenea-de-bioetanol","34":"product_tag-chimenea-de-bioetanol-de-mesa","35":"product_tag-chimenea-de-bioetanol-de-pared","36":"product_tag-chimenea-de-bioetanol-ecologica","37":"product_tag-chimenea-de-bioetanol-moderna","38":"product_tag-chimenea-de-bioetanol-segura","39":"product_tag-chimenea-de-bioetanol-sin-instalacion","40":"product_tag-chimenea-de-bioetanol-suspendida","41":"product_tag-chimenea-de-diseno","42":"product_tag-chimenea-de-doble-combustion","43":"product_tag-chimenea-de-doble-combustion-de-alta-eficiencia","44":"product_tag-chimenea-de-esquina","45":"product_tag-chimenea-de-gas-de-pared","46":"product_tag-chimenea-de-gas-empotrada","47":"product_tag-chimenea-de-gas-suspendida","48":"product_tag-chimenea-de-lena","49":"product_tag-chimenea-de-lena-abierta","50":"product_tag-chimenea-de-lena-cerrada","51":"product_tag-chimenea-de-lena-con-pantalla","52":"product_tag-chimenea-de-lena-con-puerta-de-cristal","53":"product_tag-chimenea-de-lena-con-tiro-directo","54":"product_tag-chimenea-de-lena-con-tiro-forzado","55":"product_tag-chimenea-de-lena-de-hierro-fundido","56":"product_tag-chimenea-de-lena-ecologica","57":"product_tag-chimenea-de-lena-para-calefaccion-principal","58":"product_tag-chimenea-de-lena-rustica","59":"product_tag-chimenea-de-lena-tradicional","60":"product_tag-chimenea-de-obra","61":"product_tag-chimenea-de-pared","62":"product_tag-chimenea-electrica","63":"product_tag-chimenea-electrica-con-control-remoto","64":"product_tag-chimenea-electrica-con-efecto-de-llama","65":"product_tag-chimenea-electrica-con-temporizador","66":"product_tag-chimenea-electrica-con-termostato","67":"product_tag-chimenea-electrica-de-bajo-consumo","68":"product_tag-chimenea-electrica-de-esquina","69":"product_tag-chimenea-electrica-de-pared","70":"product_tag-chimenea-electrica-empotrada","71":"product_tag-chimenea-electrica-realista","72":"product_tag-chimenea-electrica-sin-instalacion","73":"product_tag-chimenea-empotrada","74":"product_tag-chimenea-exterior","75":"product_tag-chimenea-interior","76":"product_tag-chimenea-minimalista","77":"product_tag-chimenea-moderna","78":"product_tag-chimenea-prefabricada","79":"product_tag-chimenea-rustica","80":"product_tag-chimenea-suspendida","81":"product_tag-chimeneas-baratas","82":"product_tag-chimeneas-bogota","83":"product_tag-chimeneas-cali","84":"product_tag-chimeneas-colgantes","85":"product_tag-chimeneas-de-colombia","86":"product_tag-chimeneas-de-gas","87":"product_tag-chimeneas-de-techo","88":"product_tag-chimeneas-el-chalet","89":"product_tag-chimeneas-loft","90":"product_tag-chimeneas-medellin","91":"product_tag-chimeneas-tizon","92":"product_tag-chispa","93":"product_tag-clasico","94":"product_tag-co2","95":"product_tag-combustion-secundaria","96":"product_tag-comedor","97":"product_tag-confort","98":"product_tag-cristal-ceramico","99":"product_tag-decoracion","100":"product_tag-decorativo","101":"product_tag-diseno","102":"product_tag-diseno-clasico","103":"product_tag-diseno-moderno","104":"product_tag-doble-combustion","105":"product_tag-ecologico","106":"product_tag-eficiencia","107":"product_tag-eficiencia-energetica","108":"product_tag-emisiones-reducidas","109":"product_tag-estufa-de-lena","110":"product_tag-estufa-de-lena-con-regulador-de-tiro","111":"product_tag-estufa-de-lena-de-bajo-consumo","112":"product_tag-facil-instalacion","113":"product_tag-facil-mantenimiento","114":"product_tag-fuego","115":"product_tag-fuego-artificial","116":"product_tag-gases-de-combustion","117":"product_tag-habitacion","118":"product_tag-hogar","119":"product_tag-hogar-acogedor","120":"product_tag-hogar-de-fundicion","121":"product_tag-hogar-de-lena","122":"product_tag-hogar-de-lena-de-diseno-moderno","123":"product_tag-hogar-dulce-hogar","124":"product_tag-interiorismo","125":"product_tag-lena","126":"product_tag-lena-certificada","127":"product_tag-lena-de-encina","128":"product_tag-lena-de-roble","129":"product_tag-lena-seca","130":"product_tag-limpio","131":"product_tag-living","132":"product_tag-llama","133":"product_tag-madera","134":"product_tag-moderno","135":"product_tag-particulas","136":"product_tag-personalizable","137":"product_tag-piedra-chimeneas","138":"product_tag-postcombustion","139":"product_tag-puerta-de-cristal","140":"product_tag-quemador-de-bioetanol","141":"product_tag-quemador-de-gas","142":"product_tag-regulador-de-gas","143":"product_tag-regulador-de-tiro","144":"product_tag-relajacion","145":"product_tag-rendimiento","146":"product_tag-romantico","147":"product_tag-rustico","148":"product_tag-sala","149":"product_tag-seguro","150":"product_tag-sostenible","151":"product_tag-tiro","152":"product_tag-valorizacion-del-hogar","153":"product_tag-versatil","155":"first","156":"instock","157":"taxable","158":"shipping-taxable","159":"purchasable","160":"product-type-simple"},"acf":{"descripcion":"<h3 data-start=\"153\" data-end=\"224\">\ud83e\udea8 Piedras naturales tamboreadas para chimeneas<\/h3>\r\n<p data-start=\"226\" data-end=\"536\">Disponibles en una amplia gama de colores y tama\u00f1os, nuestras piedras naturales tamboreadas aportan un toque de elegancia y sofisticaci\u00f3n a cualquier chimenea. Desde el blanco puro hasta tonos m\u00e1s oscuros, encontrar\u00e1s la opci\u00f3n ideal para complementar y realzar la decoraci\u00f3n de tu espacio.<\/p>\r\n<p data-start=\"538\" data-end=\"853\">Piedra\u00a0natural de alta calidad, estas piedras destacan por su alta resistencia al calor y su durabilidad, siendo perfectas para chimeneas de gas, etanol o decorativas. Su acabado liso y redondeado no solo es agradable al tacto, sino que tambi\u00e9n facilita la limpieza y el mantenimiento.<\/p>\r\n<p data-start=\"855\" data-end=\"1061\">Adem\u00e1s de su valor est\u00e9tico, las piedras tamboreadas ayudan a distribuir el calor de manera m\u00e1s uniforme, mejorando la eficiencia de la chimenea y creando un ambiente c\u00e1lido, confortable y acogedor.<\/p>\r\n<p data-start=\"1063\" data-end=\"1139\">Presentaci\u00f3n:<br data-start=\"1080\" data-end=\"1083\" \/>\u2022 Bulto de 25 kg de piedras tamboreadas extrafinas<\/p>\r\n<p data-start=\"1141\" data-end=\"1254\">\ud83d\udce6 Recomendaci\u00f3n: Te sugerimos verificar disponibilidad de colores y tama\u00f1os antes de realizar tu compra.<\/p>\r\n<p data-start=\"1256\" data-end=\"1391\">\u2728 La elecci\u00f3n perfecta para quienes buscan piedra decorativa para chimeneas en Colombia, con un acabado premium, seguro y duradero.<\/p>\r\n<p data-start=\"1393\" data-end=\"1549\">Palabras clave:<br data-start=\"1423\" data-end=\"1426\" \/>piedras para chimeneas \u00b7 piedra decorativa de m\u00e1rmol \u00b7 piedras tamboreadas \u00b7 accesorios para chimeneas \u00b7 chimeneas Colombia<\/p>","ficha_tecnica":"","manual_de_instrucciones":"","recomendaciones":"","dimensiones":"","alto":"","frente":"","base":"","peso":"25 kg","largo":"","ancho":"","color":"Blanco, caf\u00e9","marca":"El chalet","eficiencia_calorica":"","potencia":"","material":"","tipo_de_combustible":"Gas ","alternativas_eficientes":""},"gallery_images":[2314],"_links":{"self":[{"href":"https:\/\/chimeneaselchalet.com\/en\/wp-json\/wp\/v2\/product\/2306","targetHints":{"allow":["GET"]}}],"collection":[{"href":"https:\/\/chimeneaselchalet.com\/en\/wp-json\/wp\/v2\/product"}],"about":[{"href":"https:\/\/chimeneaselchalet.com\/en\/wp-json\/wp\/v2\/types\/product"}],"wp:featuredmedia":[{"embeddable":true,"href":"https:\/\/chimeneaselchalet.com\/en\/wp-json\/wp\/v2\/media\/2313"}],"wp:attachment":[{"href":"https:\/\/chimeneaselchalet.com\/en\/wp-json\/wp\/v2\/media?parent=2306"}],"wp:term":[{"taxonomy":"color","embeddable":true,"href":"https:\/\/chimeneaselchalet.com\/en\/wp-json\/wp\/v2\/color?post=2306"},{"taxonomy":"product_brand","embeddable":true,"href":"https:\/\/chimeneaselchalet.com\/en\/wp-json\/wp\/v2\/product_brand?post=2306"},{"taxonomy":"product_cat","embeddable":true,"href":"https:\/\/chimeneaselchalet.com\/en\/wp-json\/wp\/v2\/product_cat?post=2306"},{"taxonomy":"product_tag","embeddable":true,"href":"https:\/\/chimeneaselchalet.com\/en\/wp-json\/wp\/v2\/product_tag?post=2306"}],"curies":[{"name":"wp","href":"https:\/\/api.w.org\/{rel}","templated":true}]}}