{"id":2318,"date":"2024-06-11T01:36:47","date_gmt":"2024-06-11T06:36:47","guid":{"rendered":"https:\/\/chimeneaselchalet.com\/?post_type=product&#038;p=2318"},"modified":"2025-04-25T17:07:18","modified_gmt":"2025-04-25T22:07:18","slug":"bbq-andalucia-con-mueble-en-promocion","status":"publish","type":"product","link":"https:\/\/chimeneaselchalet.com\/en\/product\/bbq-andalucia-con-mueble-en-promocion\/","title":{"rendered":"Andalucia BBQ with furniture on promotion"},"content":{"rendered":"","protected":false},"excerpt":{"rendered":"<p>Built-in gas BBQ with metal cabinet, built-in gas grill plus metal cabinet.<\/p>\n<p>Furniture measurements: 150 cm front x 85 cm high x 55 cm depth<\/p>\n<p>Next to the barbecue, a black metal work counter is provided, it does not include a dishwasher or faucets. If you want these accessories we can install them at an additional cost.<\/p>\n<p>Includes 1 state-of-the-art stainless steel built-in gas barbecue with four burners, automatic ignition and free rotary motor.<\/p>\n<p>The value includes VAT and transportation in Bogot\u00e1 and surrounding areas, delivery to the door of the home. Does not include installation.<\/p>\n<p>WARRANTY: 6 months.<\/p>","protected":false},"featured_media":4594,"template":"","meta":{"_acf_changed":false,"_seopress_robots_primary_cat":"none","_seopress_titles_title":"Oferta Exclusiva: BBQ Andaluc\u00eda + Muebles \u00a1Compra Ya!","_seopress_titles_desc":"\u00a1Descubre la BBQ Andaluc\u00eda con mueble! Perfecta para tus asados, ahora en promoci\u00f3n. Calidad y dise\u00f1o a un precio inmejorable.","_seopress_robots_index":""},"color":[],"product_brand":[],"product_cat":[28],"product_tag":[405,214,216,78,207,219,220,90,204,203,88,237,230,248,222,208,84,32,236,239,241,240,269,210,244,246,245,263,242,259,213,206,235,228,268,270,265,225,256,261,267,254,224,271,257,262,212,264,229,232,234,233,272,202,238,243,205,231,249,223,209,255,218,226,253,266,211,247,250,252,251,258,260,221,227],"class_list":{"0":"post-2318","1":"product","2":"type-product","3":"status-publish","4":"has-post-thumbnail","6":"product_cat-descuentos","7":"product_tag-accesorios-para-parrilla-de-acero-inoxidable-weber","8":"product_tag-asador-a-gas-portatil","9":"product_tag-parrilla-electrica-para-interior","10":"product_tag-accesorios-para-parrilla","11":"product_tag-asado","12":"product_tag-asado-argentino","13":"product_tag-asado-lena","14":"product_tag-asador","15":"product_tag-asador-a-carbon","16":"product_tag-asador-a-gas","17":"product_tag-asador-argentino","18":"product_tag-asador-broil-king","19":"product_tag-asador-napoleon","20":"product_tag-asador-verona","21":"product_tag-asador-weber","22":"product_tag-barbacoa","23":"product_tag-barril-ahumador","24":"product_tag-bbq","25":"product_tag-broil-king","26":"product_tag-broil-king-argentina","27":"product_tag-broil-king-imperial","28":"product_tag-broil-king-premium","29":"product_tag-broil-master","30":"product_tag-carne-a-la-parrilla","31":"product_tag-char-broil-argentina","32":"product_tag-char-broil-carbon","33":"product_tag-char-broil-gas","34":"product_tag-char-broil","35":"product_tag-char-broil-asador-char-broil","36":"product_tag-chimeneas-de-colombia","37":"product_tag-cocinar-a-fuego-lento","38":"product_tag-cocinar-al-aire-libre","39":"product_tag-comprar-napoleon","40":"product_tag-comprar-weber","41":"product_tag-cuisinart","42":"product_tag-ducasse","43":"product_tag-garcima","44":"product_tag-genesis-weber","45":"product_tag-green-egg","46":"product_tag-humo-barriles","47":"product_tag-inoxhome","48":"product_tag-kamado-joe","49":"product_tag-kettle-weber","50":"product_tag-landmann","51":"product_tag-lynx","52":"product_tag-mano-bbq","53":"product_tag-marinar","54":"product_tag-mr-beef","55":"product_tag-napoleon","56":"product_tag-napoleon-argentina","57":"product_tag-napoleon-carbon","58":"product_tag-napoleon-gas","59":"product_tag-ozark-trail","60":"product_tag-parrilla","61":"product_tag-parrilla-broil-king","62":"product_tag-parrilla-char-broil","63":"product_tag-parrilla-electrica","64":"product_tag-parrilla-napoleon","65":"product_tag-parrilla-verona","66":"product_tag-parrilla-weber","67":"product_tag-parrillada","68":"product_tag-pit-boss","69":"product_tag-quincho","70":"product_tag-spirit-weber","71":"product_tag-traeger","72":"product_tag-tramontina","73":"product_tag-verduras-a-la-parrilla","74":"product_tag-verona","75":"product_tag-verona-argentina","76":"product_tag-verona-carbon","77":"product_tag-verona-gas","78":"product_tag-viking","79":"product_tag-volcano","80":"product_tag-weber","81":"product_tag-weber-argentina","83":"first","84":"outofstock","85":"sale","86":"taxable","87":"shipping-taxable","88":"purchasable","89":"product-type-simple"},"acf":{"descripcion":"BBQ de empotrar de gas con mueble met\u00e1lico, asador de gas de empotrar m\u00e1s mueble met\u00e1lico.\r\nMedidas del mueble: 150 cm frente x 85 cm alto\u00a0 x 55 cm fondo\r\nAl lado del bbq se entrega mes\u00f3n de trabajo met\u00e1lico en color negro, no incluye lavaplatos ni grifer\u00eda. Si deseas estos accesorios podemos instalarlos a un valor adicional.\r\n\r\nIncluye 1 bbq de gas de empotrar de \u00faltima generaci\u00f3n en acero inoxidable con cuatro quemadores, encendido autom\u00e1tico y obsequio de motor giratorio.\r\n\r\nEl valor incluye IVA y transporte en Bogot\u00e1 y aleda\u00f1os, entrega en la puerta de la vivienda. No incluye instalaci\u00f3n.\r\n\r\nGARANT\u00cdA: 6 meses.","ficha_tecnica":"","manual_de_instrucciones":"","recomendaciones":"","dimensiones":"","alto":"90","frente":"150 cm","base":"80 cm","peso":"75 kg","largo":"150 cm","ancho":"60 cm","color":"Negro","marca":"El chalet","eficiencia_calorica":"","potencia":"6 Kw","material":"Acero","tipo_de_combustible":"Gas","alternativas_eficientes":""},"gallery_images":[4595],"_links":{"self":[{"href":"https:\/\/chimeneaselchalet.com\/en\/wp-json\/wp\/v2\/product\/2318","targetHints":{"allow":["GET"]}}],"collection":[{"href":"https:\/\/chimeneaselchalet.com\/en\/wp-json\/wp\/v2\/product"}],"about":[{"href":"https:\/\/chimeneaselchalet.com\/en\/wp-json\/wp\/v2\/types\/product"}],"wp:featuredmedia":[{"embeddable":true,"href":"https:\/\/chimeneaselchalet.com\/en\/wp-json\/wp\/v2\/media\/4594"}],"wp:attachment":[{"href":"https:\/\/chimeneaselchalet.com\/en\/wp-json\/wp\/v2\/media?parent=2318"}],"wp:term":[{"taxonomy":"color","embeddable":true,"href":"https:\/\/chimeneaselchalet.com\/en\/wp-json\/wp\/v2\/color?post=2318"},{"taxonomy":"product_brand","embeddable":true,"href":"https:\/\/chimeneaselchalet.com\/en\/wp-json\/wp\/v2\/product_brand?post=2318"},{"taxonomy":"product_cat","embeddable":true,"href":"https:\/\/chimeneaselchalet.com\/en\/wp-json\/wp\/v2\/product_cat?post=2318"},{"taxonomy":"product_tag","embeddable":true,"href":"https:\/\/chimeneaselchalet.com\/en\/wp-json\/wp\/v2\/product_tag?post=2318"}],"curies":[{"name":"wp","href":"https:\/\/api.w.org\/{rel}","templated":true}]}}