{"id":2321,"date":"2024-06-11T01:36:47","date_gmt":"2024-06-11T06:36:47","guid":{"rendered":"https:\/\/chimeneaselchalet.com\/?post_type=product&#038;p=2321"},"modified":"2026-01-30T15:50:32","modified_gmt":"2026-01-30T20:50:32","slug":"rejilla-salvachispas-sencillo","status":"publish","type":"product","link":"https:\/\/chimeneaselchalet.com\/en\/product\/rejilla-salvachispas-sencillo\/","title":{"rendered":"Simple Spark Guard"},"content":{"rendered":"","protected":false},"excerpt":{"rendered":"<h1 class=\"product_title entry-title\">Simple spark arrester<\/h1>\n<div class=\"woocommerce-product-details__short-description\">\n<p><strong>Description:<\/strong>\u00a0Esta pantalla evita la salida de chispas, que puedan da\u00f1ar el piso o el tapete.<br \/>\nEst\u00e1 elaborada con materiales de alta calidad, confiables y duraderos.<\/p>\n<p>Dise\u00f1o elegante y moderno<br \/>\nMuy pr\u00e1ctico, funcional y estable<\/p>\n<p><strong>Dimensions:<\/strong> Ancho 60 cm x 50 cm alto<\/p>\n<p><strong>Material:<\/strong> Hierro negro<\/p>\n<\/div>","protected":false},"featured_media":806,"template":"","meta":{"_acf_changed":false,"_seopress_robots_primary_cat":"none","_seopress_titles_title":"Comprar Rejilla Salvachispas Sencillo | Chimeneas El Chalet","_seopress_titles_desc":"Protege tu hogar con estilo con la rejilla salvachispas sencillo. Seguridad y elegancia para tu chimenea. \u00a1Compra ya!","_seopress_robots_index":""},"color":[],"product_brand":[],"product_cat":[21],"product_tag":[33,180,110,36,44,45,187,183,181,186,185,184,182,125],"class_list":{"0":"post-2321","1":"product","2":"type-product","3":"status-publish","4":"has-post-thumbnail","6":"product_cat-accesorios-para-chimeneas-de-lena","7":"product_tag-accesorios","8":"product_tag-accesorios-chimenea","9":"product_tag-bogota","10":"product_tag-chimeneas","11":"product_tag-chimeneas-el-chalet","12":"product_tag-chimeneas-lena","13":"product_tag-colombia","14":"product_tag-kit-herramientas","15":"product_tag-kit-para-chimenea","16":"product_tag-lena-bogota","17":"product_tag-lena-chimeneas","18":"product_tag-madera-chimeneas","19":"product_tag-parrilla-cenicero-chimenea","20":"product_tag-rejillas","22":"first","23":"instock","24":"taxable","25":"shipping-taxable","26":"purchasable","27":"product-type-simple"},"acf":{"descripcion":"<strong>\ud83d\udd25 Rejillas protectoras para chimeneas en Colombia | Seguridad y dise\u00f1o<\/strong>\r\n\r\n\u00a1<strong>Lo mejor en rejillas protectoras de Colombia para chimeneas<\/strong>!\r\nEn <strong>Chimeneas el Chalet<\/strong> combinamos <strong>seguridad, dise\u00f1o y calidad<\/strong> para proteger tu hogar con estilo.\r\n\r\nNuestra <strong>pantalla o rejilla protectora para chimenea<\/strong> act\u00faa como una barrera eficiente entre el fuego y tu espacio, evitando que <strong>chispas, brasas o residuos<\/strong> salten y da\u00f1en pisos, muebles o paredes. Est\u00e1 fabricada con <strong>materiales de alta calidad y alta resistencia al calor<\/strong>, garantizando durabilidad y tranquilidad en cada uso.\r\n\r\nSu <strong>dise\u00f1o elegante y minimalista<\/strong> se integra perfectamente a cualquier estilo de decoraci\u00f3n, desde ambientes cl\u00e1sicos hasta espacios modernos, realzando la est\u00e9tica de tu chimenea sin restarle protagonismo.\r\n\r\n<strong>Beneficios principales:<\/strong>\r\n<ul>\r\n \t<li>Mayor <strong>seguridad para tu hogar y tu familia<\/strong><\/li>\r\n \t<li>Protecci\u00f3n contra <strong>chispas y brasas<\/strong><\/li>\r\n \t<li>Materiales resistentes a altas temperaturas<\/li>\r\n \t<li>Dise\u00f1o decorativo, sobrio y funcional<\/li>\r\n \t<li>Ideal para chimeneas de le\u00f1a y fogones interiores<\/li>\r\n<\/ul>\r\nEn <strong>Chimeneas el Chalet<\/strong>, seguimos apostando por la <strong>innovaci\u00f3n y la excelencia<\/strong>, creando accesorios que elevan la experiencia del fuego con seguridad y estilo.","ficha_tecnica":"","manual_de_instrucciones":"","recomendaciones":"","dimensiones":"","alto":"50 cm","frente":"","base":"","peso":"1,8 kg","largo":"60 cm","ancho":"","color":"Negro","marca":"El chalet","eficiencia_calorica":"","potencia":"","material":"Acero","tipo_de_combustible":"Le\u00f1a","alternativas_eficientes":""},"gallery_images":[],"_links":{"self":[{"href":"https:\/\/chimeneaselchalet.com\/en\/wp-json\/wp\/v2\/product\/2321","targetHints":{"allow":["GET"]}}],"collection":[{"href":"https:\/\/chimeneaselchalet.com\/en\/wp-json\/wp\/v2\/product"}],"about":[{"href":"https:\/\/chimeneaselchalet.com\/en\/wp-json\/wp\/v2\/types\/product"}],"wp:featuredmedia":[{"embeddable":true,"href":"https:\/\/chimeneaselchalet.com\/en\/wp-json\/wp\/v2\/media\/806"}],"wp:attachment":[{"href":"https:\/\/chimeneaselchalet.com\/en\/wp-json\/wp\/v2\/media?parent=2321"}],"wp:term":[{"taxonomy":"color","embeddable":true,"href":"https:\/\/chimeneaselchalet.com\/en\/wp-json\/wp\/v2\/color?post=2321"},{"taxonomy":"product_brand","embeddable":true,"href":"https:\/\/chimeneaselchalet.com\/en\/wp-json\/wp\/v2\/product_brand?post=2321"},{"taxonomy":"product_cat","embeddable":true,"href":"https:\/\/chimeneaselchalet.com\/en\/wp-json\/wp\/v2\/product_cat?post=2321"},{"taxonomy":"product_tag","embeddable":true,"href":"https:\/\/chimeneaselchalet.com\/en\/wp-json\/wp\/v2\/product_tag?post=2321"}],"curies":[{"name":"wp","href":"https:\/\/api.w.org\/{rel}","templated":true}]}}