{"id":2327,"date":"2024-06-11T01:36:48","date_gmt":"2024-06-11T06:36:48","guid":{"rendered":"https:\/\/chimeneaselchalet.com\/?post_type=product&#038;p=2327"},"modified":"2026-01-29T19:42:12","modified_gmt":"2026-01-30T00:42:12","slug":"kit-de-instalacion-lignum","status":"publish","type":"product","link":"https:\/\/chimeneaselchalet.com\/en\/product\/kit-de-instalacion-lignum\/","title":{"rendered":"lignum installation kit"},"content":{"rendered":"","protected":false},"excerpt":{"rendered":"<p><strong>Description: <\/strong>Kit de instalaci\u00f3n para chimenea de combusti\u00f3n lenta, este kit es una propuesta est\u00e1ndar, sin embargo los productos se pueden vender de forma independiente de acuerdo a las necesidades de cada instalaci\u00f3n<\/p>\n<p><strong>Brand:<\/strong> El Chalet &#8211; Lignum<\/p>\n<p><strong>Contiene:<\/strong><\/p>\n<p>3 ductos de 15 cm de di\u00e1metro en acero inoxidable.<\/p>\n<p>1 ducto de 20 cm en color negro (para aislar en el exterior)<\/p>\n<p>5 kilos de fibra t\u00e9rmica<\/p>\n<p>1 Gorro protector de agua lluvia tipo pito<\/p>\n<p>1 remate pasa tubo para techos<\/p>\n<p>1 pala<\/p>\n<p>1 par de guantes resistente a calor<\/p>\n<p><strong>Material:<\/strong> Fabricada en hierro de alta resistencia.<\/p>\n<p><strong>Color:<\/strong> Black<\/p>\n<p><strong>Fuel for use:<\/strong> Firewood<\/p>","protected":false},"featured_media":2377,"template":"","meta":{"_acf_changed":false,"_seopress_robots_primary_cat":"none","_seopress_titles_title":"Kit de Instalaci\u00f3n Lignum: F\u00e1cil y R\u00e1pido","_seopress_titles_desc":"Encuentra todos los accesorios que necesitas para instalar tu chimenea de le\u00f1a. Ofrecemos una amplia gama de ductos, gorros, semicodos y m\u00e1s, dise\u00f1ados para garantizar un funcionamiento seguro y eficiente. \u00a1Compra ahora y completa tu proyecto!","_seopress_robots_index":""},"color":[],"product_brand":[],"product_cat":[25],"product_tag":[135,139,132,131,134,133,44,137,140,136,138],"class_list":{"0":"post-2327","1":"product","2":"type-product","3":"status-publish","4":"has-post-thumbnail","6":"product_cat-chimeneas-de-lena-combustion-lenta","7":"product_tag-calefaccion-con-lena","8":"product_tag-chimenea-de-alta-eficiencia","9":"product_tag-chimeneas-de-doble-combustion","10":"product_tag-chimeneas-de-lena","11":"product_tag-chimeneas-ecologicas","12":"product_tag-chimeneas-eficientes","13":"product_tag-chimeneas-el-chalet","14":"product_tag-combustion-limpia","15":"product_tag-estufa-de-lena","16":"product_tag-hogares-a-lena","17":"product_tag-lena","19":"first","20":"instock","21":"taxable","22":"shipping-taxable","23":"purchasable","24":"product-type-simple"},"acf":{"descripcion":"<h2 data-start=\"145\" data-end=\"183\">\ud83d\udd25 El kit de instalaci\u00f3n perfecto para tu chimenea de le\u00f1a<\/h2>\r\n<p data-start=\"185\" data-end=\"456\">Nuestro <strong data-start=\"193\" data-end=\"215\">kit de instalaci\u00f3n<\/strong> te ofrece <strong data-start=\"226\" data-end=\"297\">todo lo necesario para una instalaci\u00f3n segura, eficiente y duradera<\/strong>. Cada componente ha sido seleccionado para garantizar un <strong data-start=\"355\" data-end=\"380\">\u00f3ptimo funcionamiento<\/strong>, una correcta evacuaci\u00f3n de humos y una <strong data-start=\"421\" data-end=\"440\">larga vida \u00fatil<\/strong> de tu chimenea.<\/p>\r\n<p data-start=\"458\" data-end=\"725\">Los <strong data-start=\"462\" data-end=\"492\">ductos de acero inoxidable<\/strong>, la <strong data-start=\"497\" data-end=\"514\">fibra t\u00e9rmica<\/strong>, el <strong data-start=\"519\" data-end=\"538\">gorro protector<\/strong> y el <strong data-start=\"544\" data-end=\"564\">remate pasa tubo<\/strong> aseguran un desempe\u00f1o confiable, mientras que los <strong data-start=\"615\" data-end=\"647\">guantes resistentes al calor<\/strong> y la <strong data-start=\"653\" data-end=\"661\">pala<\/strong> facilitan tanto la instalaci\u00f3n como el mantenimiento posterior.<\/p>\r\n<p data-start=\"727\" data-end=\"792\">\u2728 <em data-start=\"729\" data-end=\"792\">Disfruta de la calidez de tu chimenea con total tranquilidad.<\/em><\/p>\r\n\r\n\r\n<hr data-start=\"794\" data-end=\"797\" \/>\r\n\r\n<h2 data-start=\"799\" data-end=\"825\">\ud83d\udce6 \u00bfQu\u00e9 incluye el kit?<\/h2>\r\n<p data-start=\"827\" data-end=\"897\">Recibe todo lo que necesitas para comenzar a disfrutar de tu chimenea:<\/p>\r\n\r\n<ul data-start=\"899\" data-end=\"1224\">\r\n \t<li data-start=\"899\" data-end=\"958\">\r\n<p data-start=\"901\" data-end=\"958\">\u2705 <strong data-start=\"903\" data-end=\"935\">3 ductos de acero inoxidable<\/strong> de 15 cm de di\u00e1metro<\/p>\r\n<\/li>\r\n \t<li data-start=\"959\" data-end=\"1040\">\r\n<p data-start=\"961\" data-end=\"1040\">\u2705 <strong data-start=\"963\" data-end=\"998\">1 ducto de 20 cm en color negro<\/strong> (ideal para aislamiento en el exterior)<\/p>\r\n<\/li>\r\n \t<li data-start=\"1041\" data-end=\"1072\">\r\n<p data-start=\"1043\" data-end=\"1072\">\u2705 <strong data-start=\"1045\" data-end=\"1070\">5 kg de fibra t\u00e9rmica<\/strong><\/p>\r\n<\/li>\r\n \t<li data-start=\"1073\" data-end=\"1120\">\r\n<p data-start=\"1075\" data-end=\"1120\">\u2705 <strong data-start=\"1077\" data-end=\"1118\">1 gorro protector de lluvia tipo pito<\/strong><\/p>\r\n<\/li>\r\n \t<li data-start=\"1121\" data-end=\"1161\">\r\n<p data-start=\"1123\" data-end=\"1161\">\u2705 <strong data-start=\"1125\" data-end=\"1159\">1 remate pasa tubo para techos<\/strong><\/p>\r\n<\/li>\r\n \t<li data-start=\"1162\" data-end=\"1178\">\r\n<p data-start=\"1164\" data-end=\"1178\">\u2705 <strong data-start=\"1166\" data-end=\"1176\">1 pala<\/strong><\/p>\r\n<\/li>\r\n \t<li data-start=\"1179\" data-end=\"1224\">\r\n<p data-start=\"1181\" data-end=\"1224\">\u2705 <strong data-start=\"1183\" data-end=\"1224\">1 par de guantes resistentes al calor<\/strong><\/p>\r\n<\/li>\r\n<\/ul>","ficha_tecnica":"","manual_de_instrucciones":"","recomendaciones":"","dimensiones":"","alto":"","frente":"","base":"","peso":"","largo":"120 cm","ancho":"","color":"","marca":"El chalet","eficiencia_calorica":"","potencia":"","material":"","tipo_de_combustible":"Le\u00f1a o gas","alternativas_eficientes":""},"gallery_images":[789,790],"_links":{"self":[{"href":"https:\/\/chimeneaselchalet.com\/en\/wp-json\/wp\/v2\/product\/2327","targetHints":{"allow":["GET"]}}],"collection":[{"href":"https:\/\/chimeneaselchalet.com\/en\/wp-json\/wp\/v2\/product"}],"about":[{"href":"https:\/\/chimeneaselchalet.com\/en\/wp-json\/wp\/v2\/types\/product"}],"wp:featuredmedia":[{"embeddable":true,"href":"https:\/\/chimeneaselchalet.com\/en\/wp-json\/wp\/v2\/media\/2377"}],"wp:attachment":[{"href":"https:\/\/chimeneaselchalet.com\/en\/wp-json\/wp\/v2\/media?parent=2327"}],"wp:term":[{"taxonomy":"color","embeddable":true,"href":"https:\/\/chimeneaselchalet.com\/en\/wp-json\/wp\/v2\/color?post=2327"},{"taxonomy":"product_brand","embeddable":true,"href":"https:\/\/chimeneaselchalet.com\/en\/wp-json\/wp\/v2\/product_brand?post=2327"},{"taxonomy":"product_cat","embeddable":true,"href":"https:\/\/chimeneaselchalet.com\/en\/wp-json\/wp\/v2\/product_cat?post=2327"},{"taxonomy":"product_tag","embeddable":true,"href":"https:\/\/chimeneaselchalet.com\/en\/wp-json\/wp\/v2\/product_tag?post=2327"}],"curies":[{"name":"wp","href":"https:\/\/api.w.org\/{rel}","templated":true}]}}