{"id":2330,"date":"2024-06-11T01:36:00","date_gmt":"2024-06-11T06:36:00","guid":{"rendered":"https:\/\/chimeneaselchalet.com\/?post_type=product&#038;p=2330"},"modified":"2026-01-30T16:00:42","modified_gmt":"2026-01-30T21:00:42","slug":"grill-todo-en-uno-de-sobreponer-en-meson","status":"publish","type":"product","link":"https:\/\/chimeneaselchalet.com\/en\/product\/grill-todo-en-uno-de-sobreponer-en-meson\/","title":{"rendered":"All-in-one countertop grill"},"content":{"rendered":"","protected":false},"excerpt":{"rendered":"<p><strong>Description<\/strong><br \/>\n*Este asador es ideal para sobre poner a mesones, cuenta con estufa, plancha y asador de gas, cada uno con quemadores y encendido independiente<\/p>\n<p>*Encendido electr\u00f3nico con chispa.<\/p>\n<p>*Plancha en HR de 3.5mm de grosor (la misma usada en restaurantes) y emparrilla en V en acero inoxidable<\/p>\n<p>*Recolector de residuos.<\/p>\n<p><em><strong>M\u00f3dulo empotrable.<\/strong><\/em><\/p>\n<p>*Cenicero para residuos de comida.<\/p>\n<p>*Cuerpo exterior en acero CR en color gris plata.<\/p>\n<p><strong>Dimensions:<\/strong><br \/>\n140 cm x 50 cm<\/p>\n<p><strong>Opciones:<\/strong><\/p>\n<p>Custom made manufacturing<\/p>\n<p><strong>Material:<\/strong><br \/>\nPlancha en acero HR de 3mm.<br \/>\nCuerpo externo en hierro o acero<\/p>\n<p><strong>Color:<\/strong> Plata<\/p>\n<p><strong>Fuel for use:<\/strong> Gas natural o gas propano (con cilindro).<\/p>","protected":false},"featured_media":431,"template":"","meta":{"_acf_changed":false,"_seopress_robots_primary_cat":"none","_seopress_titles_title":"Compra Grill Todo-en-Uno de Sobreponer - \u00a1Oferta \u00danica!","_seopress_titles_desc":"Descubre el Grill Todo en Uno, perfecto para cocinar en cualquier lugar. Compacto, eficiente y f\u00e1cil de usar. \u00a1Explora m\u00e1s en Chimeneas El Chalet!","_seopress_robots_index":""},"color":[],"product_brand":[],"product_cat":[18],"product_tag":[215,214,216,78,207,90,204,203,237,80,96,230,248,222,208,84,32,236,239,241,240,269,210,244,246,245,263,242,259,44,213,206,235,228,268,270,265,225,256,261,267,254,224,271,257,262,212,264,229,232,234,233,272,202,238,243,205,231,249,223,209,255,226,97,253,266,211,247,250,252,251,258,260,221,227],"class_list":{"0":"post-2330","1":"product","2":"type-product","3":"status-publish","4":"has-post-thumbnail","6":"product_cat-asadores-hornos-plancha-bbq","7":"product_tag-accesorios-para-parrilla-de-acero-inoxidable","8":"product_tag-asador-a-gas-portatil","9":"product_tag-parrilla-electrica-para-interior","10":"product_tag-accesorios-para-parrilla","11":"product_tag-asado","12":"product_tag-asador","13":"product_tag-asador-a-carbon","14":"product_tag-asador-a-gas","15":"product_tag-asador-broil-king","16":"product_tag-asador-de-empotrar","17":"product_tag-asador-de-meson","18":"product_tag-asador-napoleon","19":"product_tag-asador-verona","20":"product_tag-asador-weber","21":"product_tag-barbacoa","22":"product_tag-barril-ahumador","23":"product_tag-bbq","24":"product_tag-broil-king","25":"product_tag-broil-king-argentina","26":"product_tag-broil-king-imperial","27":"product_tag-broil-king-premium","28":"product_tag-broil-master","29":"product_tag-carne-a-la-parrilla","30":"product_tag-char-broil-argentina","31":"product_tag-char-broil-carbon","32":"product_tag-char-broil-gas","33":"product_tag-char-broil","34":"product_tag-char-broil-asador-char-broil","35":"product_tag-chimeneas-de-colombia","36":"product_tag-chimeneas-el-chalet","37":"product_tag-cocinar-a-fuego-lento","38":"product_tag-cocinar-al-aire-libre","39":"product_tag-comprar-napoleon","40":"product_tag-comprar-weber","41":"product_tag-cuisinart","42":"product_tag-ducasse","43":"product_tag-garcima","44":"product_tag-genesis-weber","45":"product_tag-green-egg","46":"product_tag-humo-barriles","47":"product_tag-inoxhome","48":"product_tag-kamado-joe","49":"product_tag-kettle-weber","50":"product_tag-landmann","51":"product_tag-lynx","52":"product_tag-mano-bbq","53":"product_tag-marinar","54":"product_tag-mr-beef","55":"product_tag-napoleon","56":"product_tag-napoleon-argentina","57":"product_tag-napoleon-carbon","58":"product_tag-napoleon-gas","59":"product_tag-ozark-trail","60":"product_tag-parrilla","61":"product_tag-parrilla-broil-king","62":"product_tag-parrilla-char-broil","63":"product_tag-parrilla-electrica","64":"product_tag-parrilla-napoleon","65":"product_tag-parrilla-verona","66":"product_tag-parrilla-weber","67":"product_tag-parrillada","68":"product_tag-pit-boss","69":"product_tag-spirit-weber","70":"product_tag-todo-en-uno-asados","71":"product_tag-traeger","72":"product_tag-tramontina","73":"product_tag-verduras-a-la-parrilla","74":"product_tag-verona","75":"product_tag-verona-argentina","76":"product_tag-verona-carbon","77":"product_tag-verona-gas","78":"product_tag-viking","79":"product_tag-volcano","80":"product_tag-weber","81":"product_tag-weber-argentina","83":"first","84":"instock","85":"taxable","86":"shipping-taxable","87":"purchasable","88":"product-type-simple"},"acf":{"descripcion":"<h2 data-start=\"145\" data-end=\"207\">\ud83d\udd25 Asador de gas empotrable | BBQ modular de alto desempe\u00f1o<\/h2>\r\n<p data-start=\"209\" data-end=\"512\">\u00a1<strong data-start=\"210\" data-end=\"242\">Disfruta de asados perfectos<\/strong> y lleva tu experiencia gastron\u00f3mica al siguiente nivel con nuestro <strong data-start=\"310\" data-end=\"338\">asador de gas empotrable<\/strong>! Dise\u00f1ado por <strong data-start=\"353\" data-end=\"376\">Chimeneas el Chalet<\/strong>, este <strong data-start=\"383\" data-end=\"398\">BBQ modular<\/strong> transforma tu espacio exterior en un verdadero <strong data-start=\"446\" data-end=\"465\">oasis culinario<\/strong>, ideal para terrazas, patios y zonas sociales.<\/p>\r\n<p data-start=\"514\" data-end=\"701\">Pensado para los amantes de la parrilla m\u00e1s exigentes, este equipo ofrece una <strong data-start=\"592\" data-end=\"640\">experiencia completa, vers\u00e1til y profesional<\/strong>, integrando diferentes m\u00e9todos de cocci\u00f3n en un solo m\u00f3dulo.<\/p>\r\n\r\n<h3 data-start=\"703\" data-end=\"736\">\u2b50 Caracter\u00edsticas destacadas:<\/h3>\r\n<ul data-start=\"737\" data-end=\"1065\">\r\n \t<li data-start=\"737\" data-end=\"807\">\r\n<p data-start=\"739\" data-end=\"807\"><strong data-start=\"739\" data-end=\"780\">M\u00f3dulo de asador mixto (gas y carb\u00f3n)<\/strong> para m\u00e1xima versatilidad<\/p>\r\n<\/li>\r\n \t<li data-start=\"808\" data-end=\"876\">\r\n<p data-start=\"810\" data-end=\"876\"><strong data-start=\"810\" data-end=\"838\">Estufa de alto desempe\u00f1o<\/strong>, ideal para preparaciones exigentes<\/p>\r\n<\/li>\r\n \t<li data-start=\"877\" data-end=\"966\">\r\n<p data-start=\"879\" data-end=\"966\"><strong data-start=\"879\" data-end=\"910\">Plancha en acero HR de 3 mm<\/strong>, perfecta para carnes, vegetales y recetas especiales<\/p>\r\n<\/li>\r\n \t<li data-start=\"967\" data-end=\"1010\">\r\n<p data-start=\"969\" data-end=\"1010\">Dise\u00f1o empotrable, elegante y funcional<\/p>\r\n<\/li>\r\n \t<li data-start=\"1011\" data-end=\"1065\">\r\n<p data-start=\"1013\" data-end=\"1065\">Fabricaci\u00f3n robusta con materiales de alta calidad<\/p>\r\n<\/li>\r\n<\/ul>\r\n<p data-start=\"1067\" data-end=\"1215\">Todo lo que necesitas para crear recetas incre\u00edbles, reunirte con familia y amigos y disfrutar del aut\u00e9ntico sabor del fuego, <strong data-start=\"1193\" data-end=\"1214\">en un solo m\u00f3dulo<\/strong>.<\/p>\r\n<p data-start=\"1217\" data-end=\"1390\">Este <strong data-start=\"1222\" data-end=\"1252\">BBQ de Chimeneas el Chalet<\/strong> no es solo un asador: es una <strong data-start=\"1282\" data-end=\"1329\">inversi\u00f3n en experiencias, dise\u00f1o y calidad<\/strong>, pensada para quienes valoran la buena cocina al aire libre.<\/p>","ficha_tecnica":4475,"manual_de_instrucciones":4348,"recomendaciones":"","dimensiones":"","alto":"23,5 cm","frente":"140 cm","base":"","peso":"","largo":"","ancho":"50 cm","color":"Gris plata o negro","marca":"El chalet","eficiencia_calorica":"","potencia":"14 Kw","material":"Acero Hr","tipo_de_combustible":"Gas natural o gas propano","alternativas_eficientes":""},"gallery_images":[2385,2384,4793,2386,2387,2388,2390],"_links":{"self":[{"href":"https:\/\/chimeneaselchalet.com\/en\/wp-json\/wp\/v2\/product\/2330","targetHints":{"allow":["GET"]}}],"collection":[{"href":"https:\/\/chimeneaselchalet.com\/en\/wp-json\/wp\/v2\/product"}],"about":[{"href":"https:\/\/chimeneaselchalet.com\/en\/wp-json\/wp\/v2\/types\/product"}],"wp:featuredmedia":[{"embeddable":true,"href":"https:\/\/chimeneaselchalet.com\/en\/wp-json\/wp\/v2\/media\/431"}],"wp:attachment":[{"href":"https:\/\/chimeneaselchalet.com\/en\/wp-json\/wp\/v2\/media?parent=2330"}],"wp:term":[{"taxonomy":"color","embeddable":true,"href":"https:\/\/chimeneaselchalet.com\/en\/wp-json\/wp\/v2\/color?post=2330"},{"taxonomy":"product_brand","embeddable":true,"href":"https:\/\/chimeneaselchalet.com\/en\/wp-json\/wp\/v2\/product_brand?post=2330"},{"taxonomy":"product_cat","embeddable":true,"href":"https:\/\/chimeneaselchalet.com\/en\/wp-json\/wp\/v2\/product_cat?post=2330"},{"taxonomy":"product_tag","embeddable":true,"href":"https:\/\/chimeneaselchalet.com\/en\/wp-json\/wp\/v2\/product_tag?post=2330"}],"curies":[{"name":"wp","href":"https:\/\/api.w.org\/{rel}","templated":true}]}}