{"id":2331,"date":"2024-06-11T01:36:00","date_gmt":"2024-06-11T06:36:00","guid":{"rendered":"https:\/\/chimeneaselchalet.com\/?post_type=product&#038;p=2331"},"modified":"2026-02-14T11:38:07","modified_gmt":"2026-02-14T16:38:07","slug":"3-horno-de-lena-portatil-40x40","status":"publish","type":"product","link":"https:\/\/chimeneaselchalet.com\/en\/product\/3-horno-de-lena-portatil-40x40\/","title":{"rendered":"Portable wood oven 40\u00d740"},"content":{"rendered":"","protected":false},"excerpt":{"rendered":"<p>Disfruta de preparaciones inigualables en un horno de le\u00f1a como pizza, carnes, tortas y pan.<\/p>\n<p>Fabricado en perfiles met\u00e1licos de 3mm de grosor de alta resistencia, piso en cer\u00e1mica refractaria al igual que el techo de la recamara de cocci\u00f3n. TOTALMENTE desarmable, lo que permite facilitar su limpieza y mantenimiento.<\/p>\n<p>Ideal para lograr recetas con el exquisito sabor a le\u00f1a.<\/p>\n<p>Opciones de accesorios como puerta para recamara de le\u00f1a, puerta con term\u00f3metro<\/p>\n<p><strong>Dimensions<\/strong>:<\/p>\n<p>40cm x 40 cm x 90cm de alto<\/p>\n<p><strong>Material:<\/strong><br \/>\nlamina met\u00e1lica Cold Rolled de 3 mm de grosor<br \/>\nC\u00e1mara de cocci\u00f3n en ladrillo refractario (piso y techo)<\/p>\n<p>PRECIO DE LANZAMIENTO!<\/p>\n<hr \/>\n<p style=\"text-align: center;\"><strong>Before using your Pizza Oven, please download and read the following Information carefully<\/strong><\/p>\n<hr \/>\n<p style=\"text-align: center;\"><span style=\"color: #ff0000;\"><strong>Instruction manual pizza oven<\/strong><\/span><\/p>\n<p style=\"text-align: center;\"><span style=\"color: #0000ff;\"><strong><a style=\"color: #0000ff;\" href=\"https:\/\/chimeneaselchalet.com\/wp-content\/uploads\/2023\/12\/HORNO-PIZZA.pdf\"><br \/>\nDOWNLOAD INSTRUCTION MANUAL<\/a><\/strong><\/span><\/p>","protected":false},"featured_media":436,"template":"","meta":{"_acf_changed":false,"_seopress_robots_primary_cat":"none","_seopress_titles_title":"Horno de Le\u00f1a Port\u00e1til 40x40 \u00a1Cocina Donde Quieras!","_seopress_titles_desc":"Obt\u00e9n una pizza perfecta en minutos con nuestros hornos de pizza de alto rendimiento. Temperatura m\u00e1xima, cocci\u00f3n r\u00e1pida y sabor aut\u00e9ntico. \u00a1Ideal para pizzer\u00edas y hogares!","_seopress_robots_index":""},"color":[],"product_brand":[],"product_cat":[17],"product_tag":[117,121,120,116,113,49,114,115,119,118],"class_list":{"0":"post-2331","1":"product","2":"type-product","3":"status-publish","4":"has-post-thumbnail","6":"product_cat-hornos-de-pizza","7":"product_tag-cocina","8":"product_tag-domestico","9":"product_tag-hogar","10":"product_tag-horno","11":"product_tag-horno-de-pizza","12":"product_tag-horno-para-pizza","13":"product_tag-horno-pizzero","14":"product_tag-pizza","15":"product_tag-pizzeria","16":"product_tag-restaurante","18":"first","19":"instock","20":"taxable","21":"shipping-taxable","22":"purchasable","23":"product-type-simple"},"acf":{"descripcion":"<p data-start=\"0\" data-end=\"80\">\ud83c\udf55\ud83d\udd25 <strong data-start=\"5\" data-end=\"80\">Horno de Pizza de Piedra Refractaria | La clave para una pizza perfecta<\/strong><\/p>\r\n<p data-start=\"82\" data-end=\"294\">\u00bfBuscas un horno de pizza que logre una <strong data-start=\"122\" data-end=\"143\">corteza crujiente<\/strong> y un <strong data-start=\"149\" data-end=\"168\">sabor aut\u00e9ntico<\/strong>? Nuestro <strong data-start=\"178\" data-end=\"204\">horno de le\u00f1a port\u00e1til<\/strong> es la opci\u00f3n ideal para llevar la experiencia de la pizza artesanal a tu hogar o negocio.<\/p>\r\n<p data-start=\"296\" data-end=\"506\">\ud83d\udd25 <strong data-start=\"299\" data-end=\"327\">Sabor inigualable a le\u00f1a<\/strong><br data-start=\"327\" data-end=\"330\" \/>Fabricado en <strong data-start=\"343\" data-end=\"372\">acero de alta resistencia<\/strong>, este horno te permite preparar pizzas, panes, carnes y mucho m\u00e1s, con ese irresistible toque ahumado que solo la le\u00f1a puede ofrecer.<\/p>\r\n<p data-start=\"508\" data-end=\"698\">\ud83e\uddf1 <strong data-start=\"511\" data-end=\"542\">Cocci\u00f3n perfecta y uniforme<\/strong><br data-start=\"542\" data-end=\"545\" \/>Su <strong data-start=\"548\" data-end=\"602\">c\u00e1mara de cocci\u00f3n en ladrillo y piedra refractaria<\/strong> retiene el calor de forma eficiente, garantizando resultados profesionales en cada preparaci\u00f3n.<\/p>\r\n<p data-start=\"700\" data-end=\"853\">\ud83d\ude9a <strong data-start=\"703\" data-end=\"726\">Port\u00e1til y pr\u00e1ctico<\/strong><br data-start=\"726\" data-end=\"729\" \/>Gracias a su <strong data-start=\"742\" data-end=\"774\">dise\u00f1o compacto y desarmable<\/strong>, puedes llevarlo f\u00e1cilmente a terrazas, jardines, fincas o eventos especiales.<\/p>\r\n<p data-start=\"700\" data-end=\"853\">Medidas: 40cm x 40 cm x 70 cm alto<\/p>\r\n<p data-start=\"855\" data-end=\"952\">\ud83c\udf55 Ideal para quienes buscan <strong data-start=\"884\" data-end=\"937\">calidad, versatilidad y aut\u00e9ntico sabor artesanal<\/strong> en cada pizza.<\/p>\r\n<p data-start=\"954\" data-end=\"1062\" data-is-last-node=\"\" data-is-only-node=\"\">horno de pizza de le\u00f1a port\u00e1til con piedra refractaria para uso residencial y comercial<\/p>","ficha_tecnica":4855,"manual_de_instrucciones":"","recomendaciones":"","dimensiones":"","alto":"90 cm","frente":"40 cm","base":"","peso":"40 kg","largo":"","ancho":"40 cm","color":"Gris oscuro","marca":"El chalet","eficiencia_calorica":"","potencia":"8.5 Kw","material":"Acero Hr","tipo_de_combustible":"Le\u00f1a","alternativas_eficientes":"Briquetas refractarias"},"gallery_images":[2394,2395,2396],"_links":{"self":[{"href":"https:\/\/chimeneaselchalet.com\/en\/wp-json\/wp\/v2\/product\/2331","targetHints":{"allow":["GET"]}}],"collection":[{"href":"https:\/\/chimeneaselchalet.com\/en\/wp-json\/wp\/v2\/product"}],"about":[{"href":"https:\/\/chimeneaselchalet.com\/en\/wp-json\/wp\/v2\/types\/product"}],"wp:featuredmedia":[{"embeddable":true,"href":"https:\/\/chimeneaselchalet.com\/en\/wp-json\/wp\/v2\/media\/436"}],"wp:attachment":[{"href":"https:\/\/chimeneaselchalet.com\/en\/wp-json\/wp\/v2\/media?parent=2331"}],"wp:term":[{"taxonomy":"color","embeddable":true,"href":"https:\/\/chimeneaselchalet.com\/en\/wp-json\/wp\/v2\/color?post=2331"},{"taxonomy":"product_brand","embeddable":true,"href":"https:\/\/chimeneaselchalet.com\/en\/wp-json\/wp\/v2\/product_brand?post=2331"},{"taxonomy":"product_cat","embeddable":true,"href":"https:\/\/chimeneaselchalet.com\/en\/wp-json\/wp\/v2\/product_cat?post=2331"},{"taxonomy":"product_tag","embeddable":true,"href":"https:\/\/chimeneaselchalet.com\/en\/wp-json\/wp\/v2\/product_tag?post=2331"}],"curies":[{"name":"wp","href":"https:\/\/api.w.org\/{rel}","templated":true}]}}