{"id":2339,"date":"2024-06-11T01:37:22","date_gmt":"2024-06-11T06:37:22","guid":{"rendered":"https:\/\/chimeneaselchalet.com\/?post_type=product&#038;p=2339"},"modified":"2025-04-26T09:12:18","modified_gmt":"2025-04-26T14:12:18","slug":"chimenea-de-bioetanol-colgante-eko-ovni","status":"publish","type":"product","link":"https:\/\/chimeneaselchalet.com\/en\/product\/chimenea-de-bioetanol-colgante-eko-ovni\/","title":{"rendered":"Eko UFO hanging bioethanol fireplace"},"content":{"rendered":"","protected":false},"excerpt":{"rendered":"","protected":false},"featured_media":2940,"template":"","meta":{"_acf_changed":false,"_seopress_robots_primary_cat":"none","_seopress_titles_title":"Descubre las Chimeneas de Bioetanol Chimeneas el Chalet: Dise\u00f1o eko ovni","_seopress_titles_desc":"Busca una chimenea de bioetanol que combine estilo y eficiencia? En Chimeneas el Chalet encontrar\u00e1s la chimenea perfecta para ti. Con un dise\u00f1o contempor\u00e1neo y ecol\u00f3gico, nuestras chimeneas te ofrecen el mejor de los mundos.","_seopress_robots_index":""},"color":[],"product_brand":[],"product_cat":[15],"product_tag":[197,195,199,47,62,190,153,134,194,44,154,191,192,193,196,161,160,198,159],"class_list":{"0":"post-2339","1":"product","2":"type-product","3":"status-publish","4":"has-post-thumbnail","6":"product_cat-chimeneas","7":"product_tag-bioetanol","8":"product_tag-bogota-chimeneas-de-bioetanol","9":"product_tag-calefaccion-con-bioetanol","10":"product_tag-chimeneas-bioetanol","11":"product_tag-chimeneas-colgantes","12":"product_tag-chimeneas-de-bioetanol","13":"product_tag-chimeneas-de-diseno","14":"product_tag-chimeneas-ecologicas","15":"product_tag-chimeneas-economicas","16":"product_tag-chimeneas-el-chalet","17":"product_tag-chimeneas-modernas","18":"product_tag-chimeneas-portatiles","19":"product_tag-chimeneas-sin-instalacion","20":"product_tag-chimeneas-versatiles","21":"product_tag-comprar-chimeneas-de-bioetanol","22":"product_tag-decoracion-de-interiores","23":"product_tag-diseno-de-interiores","24":"product_tag-fuego-sin-humo","25":"product_tag-hogar-acogedor","27":"first","28":"outofstock","29":"featured","30":"taxable","31":"shipping-taxable","32":"purchasable","33":"product-type-simple"},"acf":{"descripcion":"Su dise\u00f1o vanguardista y minimalista, en forma de esfera suspendida, se convertir\u00e1 en el punto focal de cualquier ambiente.\r\nEl bioetanol, combustible utilizado en estas chimeneas, es un l\u00edquido limpio y biodegradable que no produce humo ni cenizas. Adem\u00e1s, se almacena en el quemador, eliminando la necesidad de una conexi\u00f3n de gas o suministro constante.\r\nGracias a su dise\u00f1o compacto y ligero, las chimeneas de etanol son f\u00e1ciles de instalar y mover, permiti\u00e9ndote disfrutar del fuego en cualquier lugar de tu hogar.\r\n\r\n<strong>Recibe todo lo que necesitas para comenzar a disfrutar de tu chimenea:\u00a0 1\/2 gal\u00f3n de bioetanol, |\u00a0 1 encendedor de boquilla larga, | 1 embudo, | 1 vara con tapa de ahogo y piedra decorativa de m\u00e1rmol blanca, tambi\u00e9n incluye manual de instrucciones y precauciones|<\/strong>\r\n\r\nSi est\u00e1s buscando una forma segura, limpia y port\u00e1til de disfrutar del fuego en tu hogar, las chimeneas de etanol son la soluci\u00f3n perfecta.","ficha_tecnica":2646,"manual_de_instrucciones":2644,"recomendaciones":2645,"dimensiones":"","alto":"250 cm","frente":"90 cm","base":"","peso":"65 kg","largo":"","ancho":"","color":"Negro mate, blanco o caf\u00e9 \u00f3xido","marca":"el chalet","eficiencia_calorica":"30 m2","potencia":"6 Kw","material":"Estructura met\u00e1lica","tipo_de_combustible":"Bioetanol ","alternativas_eficientes":""},"gallery_images":[2942,2941,2412],"_links":{"self":[{"href":"https:\/\/chimeneaselchalet.com\/en\/wp-json\/wp\/v2\/product\/2339","targetHints":{"allow":["GET"]}}],"collection":[{"href":"https:\/\/chimeneaselchalet.com\/en\/wp-json\/wp\/v2\/product"}],"about":[{"href":"https:\/\/chimeneaselchalet.com\/en\/wp-json\/wp\/v2\/types\/product"}],"wp:featuredmedia":[{"embeddable":true,"href":"https:\/\/chimeneaselchalet.com\/en\/wp-json\/wp\/v2\/media\/2940"}],"wp:attachment":[{"href":"https:\/\/chimeneaselchalet.com\/en\/wp-json\/wp\/v2\/media?parent=2339"}],"wp:term":[{"taxonomy":"color","embeddable":true,"href":"https:\/\/chimeneaselchalet.com\/en\/wp-json\/wp\/v2\/color?post=2339"},{"taxonomy":"product_brand","embeddable":true,"href":"https:\/\/chimeneaselchalet.com\/en\/wp-json\/wp\/v2\/product_brand?post=2339"},{"taxonomy":"product_cat","embeddable":true,"href":"https:\/\/chimeneaselchalet.com\/en\/wp-json\/wp\/v2\/product_cat?post=2339"},{"taxonomy":"product_tag","embeddable":true,"href":"https:\/\/chimeneaselchalet.com\/en\/wp-json\/wp\/v2\/product_tag?post=2339"}],"curies":[{"name":"wp","href":"https:\/\/api.w.org\/{rel}","templated":true}]}}