{"id":2359,"date":"2024-06-11T01:39:18","date_gmt":"2024-06-11T06:39:18","guid":{"rendered":"https:\/\/chimeneaselchalet.com\/?post_type=product&#038;p=2359"},"modified":"2026-01-29T12:52:20","modified_gmt":"2026-01-29T17:52:20","slug":"chimenea-de-bioetanol-cuadro-rojo-eko","status":"publish","type":"product","link":"https:\/\/chimeneaselchalet.com\/en\/product\/chimenea-de-bioetanol-cuadro-rojo-eko\/","title":{"rendered":"Eko red box bioethanol fireplace"},"content":{"rendered":"","protected":false},"excerpt":{"rendered":"","protected":false},"featured_media":3472,"template":"","meta":{"_acf_changed":false,"_seopress_robots_primary_cat":"none","_seopress_titles_title":"Chimeneas de Bioetanol cuadro Chimeneas el Chalet: Estilo y Comodidad","_seopress_titles_desc":"Disfruta de un ambiente c\u00e1lido y acogedor con nuestras chimeneas de bioetanol port\u00e1tiles. Con un dise\u00f1o vers\u00e1til y econ\u00f3mico, nuestras chimeneas te permitir\u00e1n crear un espacio \u00fanico y confortable.","_seopress_robots_index":""},"color":[],"product_brand":[],"product_cat":[24],"product_tag":[197,195,199,47,190,153,134,194,44,154,191,192,193,196,161,160,198,159],"class_list":{"0":"post-2359","1":"product","2":"type-product","3":"status-publish","4":"has-post-thumbnail","6":"product_cat-chimeneas-bioetanol","7":"product_tag-bioetanol","8":"product_tag-bogota-chimeneas-de-bioetanol","9":"product_tag-calefaccion-con-bioetanol","10":"product_tag-chimeneas-bioetanol","11":"product_tag-chimeneas-de-bioetanol","12":"product_tag-chimeneas-de-diseno","13":"product_tag-chimeneas-ecologicas","14":"product_tag-chimeneas-economicas","15":"product_tag-chimeneas-el-chalet","16":"product_tag-chimeneas-modernas","17":"product_tag-chimeneas-portatiles","18":"product_tag-chimeneas-sin-instalacion","19":"product_tag-chimeneas-versatiles","20":"product_tag-comprar-chimeneas-de-bioetanol","21":"product_tag-decoracion-de-interiores","22":"product_tag-diseno-de-interiores","23":"product_tag-fuego-sin-humo","24":"product_tag-hogar-acogedor","26":"first","27":"instock","28":"featured","29":"taxable","30":"shipping-taxable","31":"purchasable","32":"product-type-simple"},"acf":{"descripcion":"<strong>\ud83d\udd25 Chimenea de etanol tipo cuadro \u2013 dise\u00f1o vanguardista y sin humo<\/strong>\r\n\r\nCon un <strong>dise\u00f1o moderno y vanguardista<\/strong>, , esta <strong>chimenea de etanol<\/strong> se convierte en el <strong>punto focal de cualquier ambiente<\/strong>, aportando car\u00e1cter, estilo y una experiencia visual \u00fanica.\r\n\r\nFunciona con <strong>bioetanol<\/strong>, un combustible <strong>limpio, biodegradable y ecol\u00f3gico<\/strong>, que <strong>no produce humo ni cenizas<\/strong>, permitiendo disfrutar del fuego real sin ductos, sin olores y sin conexiones de gas. El combustible se almacena directamente en el <strong>quemador<\/strong>, eliminando la necesidad de un suministro constante.\r\n\r\n<strong>\ud83d\udce6 Kit completo incluido<\/strong>\r\n\r\nRecibe todo lo necesario para comenzar a disfrutar tu chimenea desde el primer d\u00eda:\r\n<ul>\r\n \t<li><strong>\u00bd gal\u00f3n de bioetanol<\/strong><\/li>\r\n \t<li><strong>Encendedor de boquilla larga<\/strong><\/li>\r\n \t<li><strong>Embudo<\/strong><\/li>\r\n \t<li><strong>Vara con tapa de ahogo<\/strong> para apagado seguro<\/li>\r\n \t<li><strong>Piedra decorativa de m\u00e1rmol blanca<\/strong><\/li>\r\n \t<li><strong>Manual de instrucciones y precauciones<\/strong><\/li>\r\n<\/ul>\r\n<strong>\ud83d\udd12 Uso responsable y recomendaciones de seguridad<\/strong>\r\n\r\nAntes de realizar la compra y utilizar esta chimenea, es <strong>indispensable leer y comprender los manuales de uso, precauciones y advertencias<\/strong> suministrados con el producto.\r\nLas <strong>chimeneas de etanol requieren manipulaci\u00f3n directa del combustible por parte del usuario<\/strong>, por lo que se recomienda contar con <strong>conocimiento previo y seguir estrictamente las instrucciones de seguridad<\/strong>.\r\n\r\nEl uso inadecuado del combustible, del producto o la <strong>omisi\u00f3n en la lectura de los manuales<\/strong> puede generar riesgos. <strong>La empresa no se hace responsable por da\u00f1os, accidentes o mal funcionamiento derivados del uso incorrecto del producto, la manipulaci\u00f3n indebida del bioetanol o el incumplimiento de las recomendaciones de seguridad<\/strong>.\r\n\r\n\u2728 Si buscas una <strong>chimenea de etanol moderna en Colombia<\/strong>, <strong>port\u00e1til, limpia y sin humo<\/strong>, y est\u00e1s dispuesto a utilizarla de manera responsable, esta es una excelente opci\u00f3n para disfrutar del fuego real con estilo y tranquilidad.","ficha_tecnica":2646,"manual_de_instrucciones":2644,"recomendaciones":2645,"dimensiones":"","alto":"40 cm","frente":"","base":"","peso":"8 kg","largo":"80 cm","ancho":"15 cm","color":"Rojo Ferrari","marca":"El chalet","eficiencia_calorica":"25 m2","potencia":"5 Kw","material":"Estructura met\u00e1lica","tipo_de_combustible":"Bioetanol","alternativas_eficientes":""},"gallery_images":[2439,3715],"_links":{"self":[{"href":"https:\/\/chimeneaselchalet.com\/en\/wp-json\/wp\/v2\/product\/2359","targetHints":{"allow":["GET"]}}],"collection":[{"href":"https:\/\/chimeneaselchalet.com\/en\/wp-json\/wp\/v2\/product"}],"about":[{"href":"https:\/\/chimeneaselchalet.com\/en\/wp-json\/wp\/v2\/types\/product"}],"wp:featuredmedia":[{"embeddable":true,"href":"https:\/\/chimeneaselchalet.com\/en\/wp-json\/wp\/v2\/media\/3472"}],"wp:attachment":[{"href":"https:\/\/chimeneaselchalet.com\/en\/wp-json\/wp\/v2\/media?parent=2359"}],"wp:term":[{"taxonomy":"color","embeddable":true,"href":"https:\/\/chimeneaselchalet.com\/en\/wp-json\/wp\/v2\/color?post=2359"},{"taxonomy":"product_brand","embeddable":true,"href":"https:\/\/chimeneaselchalet.com\/en\/wp-json\/wp\/v2\/product_brand?post=2359"},{"taxonomy":"product_cat","embeddable":true,"href":"https:\/\/chimeneaselchalet.com\/en\/wp-json\/wp\/v2\/product_cat?post=2359"},{"taxonomy":"product_tag","embeddable":true,"href":"https:\/\/chimeneaselchalet.com\/en\/wp-json\/wp\/v2\/product_tag?post=2359"}],"curies":[{"name":"wp","href":"https:\/\/api.w.org\/{rel}","templated":true}]}}