{"id":2366,"date":"2024-06-11T01:39:42","date_gmt":"2024-06-11T06:39:42","guid":{"rendered":"https:\/\/chimeneaselchalet.com\/?post_type=product&#038;p=2366"},"modified":"2026-02-04T05:40:10","modified_gmt":"2026-02-04T10:40:10","slug":"centro-de-fuego-bikone","status":"publish","type":"product","link":"https:\/\/chimeneaselchalet.com\/en\/product\/centro-de-fuego-bikone\/","title":{"rendered":"bikone fire center"},"content":{"rendered":"","protected":false},"excerpt":{"rendered":"","protected":false},"featured_media":2919,"template":"","meta":{"_acf_changed":false,"_seopress_robots_primary_cat":"none","_seopress_titles_title":"Fogatas de le\u00f1a de Exterior en Bogot\u00e1 | Calienta tus espacios al aire libre","_seopress_titles_desc":"Calienta tus noches al aire libre con nuestros fire pits y centros de fuego. Ideales para reuniones y momentos de relax. \u00a1Visita nuestra tienda online!","_seopress_robots_index":""},"color":[],"product_brand":[],"product_cat":[22],"product_tag":[110,105,468,474,496,483,493,485,486,491,513,472,473,467,476,466,498,477,479,478,495,492,480,481,469,500,471,497,470,494,475,75,509,503,433,103,507,514,259,487,490,44,489,499,488,108,482,104,518,502,510,511,508,516,506,515,505,501,512,517,106,504,111,107,484,101],"class_list":{"0":"post-2366","1":"product","2":"type-product","3":"status-publish","4":"has-post-thumbnail","6":"product_cat-centros-de-fuego-y-calefaccion-exterior","7":"product_tag-bogota","8":"product_tag-calefaccion-exterior","9":"product_tag-calefaccion-exterior-a-gas","10":"product_tag-calefaccion-exterior-comercial","11":"product_tag-calefaccion-exterior-en-colombia","12":"product_tag-calefaccion-exterior-para-arquitectura","13":"product_tag-calefaccion-exterior-para-jardines-modernos","14":"product_tag-calefaccion-exterior-para-proyectos","15":"product_tag-calefaccion-exterior-para-restaurantes","16":"product_tag-calefaccion-exterior-para-terrazas-pequenas","17":"product_tag-calefaccion-exterior-portatil","18":"product_tag-calefaccion-exterior-premium","19":"product_tag-calefaccion-exterior-residencial","20":"product_tag-calefaccion-para-jardines","21":"product_tag-calefaccion-para-patios-exteriores","22":"product_tag-calefaccion-para-terrazas","23":"product_tag-calefaccion-para-terrazas-en-colombia","24":"product_tag-calefactor-con-quemador-ceramico","25":"product_tag-calefactor-de-techo-para-exteriores","26":"product_tag-calefactor-exterior-con-control-remoto","27":"product_tag-calefactor-exterior-para-balcones","28":"product_tag-calefactor-exterior-para-clima-frio","29":"product_tag-calefactor-infrarrojo-exterior","30":"product_tag-calefactor-mural-para-exteriores","31":"product_tag-calefactores-de-pared-exteriores","32":"product_tag-calefactores-exteriores-bogota","33":"product_tag-calefactores-exteriores-elegantes","34":"product_tag-calefactores-exteriores-en-colombia","35":"product_tag-calefactores-exteriores-modernos","36":"product_tag-calefactores-exteriores-para-restaurantes","37":"product_tag-calefactores-para-terrazas-cubiertas","38":"product_tag-centro-de-fuego","39":"product_tag-centro-de-fuego-a-gas","40":"product_tag-centro-de-fuego-portatil","41":"product_tag-chimenea-de-exterior-portatil","42":"product_tag-chimenea-exterior","43":"product_tag-chimenea-exterior-a-gas","44":"product_tag-chimenea-portatil-para-exteriores","45":"product_tag-chimeneas-de-colombia","46":"product_tag-chimeneas-de-exterior","47":"product_tag-chimeneas-de-exterior-personalizadas","48":"product_tag-chimeneas-el-chalet","49":"product_tag-chimeneas-exteriores-a-gas","50":"product_tag-chimeneas-exteriores-en-colombia","51":"product_tag-chimeneas-exteriores-modernas","52":"product_tag-diseno-de-exteriores","53":"product_tag-diseno-de-terrazas-con-calefaccion","54":"product_tag-fire-pit","55":"product_tag-fire-pit-a-gas-para-exteriores","56":"product_tag-fire-pit-a-gas-propano","57":"product_tag-fire-pit-con-cilindro-de-gas","58":"product_tag-fire-pit-con-quemador-lineal","59":"product_tag-fire-pit-moderno-exterior","60":"product_tag-fire-pit-para-balcones","61":"product_tag-fire-pit-para-jardin","62":"product_tag-fire-pit-para-patios","63":"product_tag-fire-pit-para-terraza","64":"product_tag-fire-pit-portatil","65":"product_tag-fire-pit-portatil-moderno","66":"product_tag-fire-pit-resistente-a-la-intemperie","67":"product_tag-fogata","68":"product_tag-fogata-portatil-a-gas","69":"product_tag-fogatas-lena","70":"product_tag-jardin","71":"product_tag-soluciones-de-calefaccion-exterior","72":"product_tag-terraza","74":"first","75":"instock","76":"featured","77":"taxable","78":"shipping-taxable","79":"purchasable","80":"product-type-simple"},"acf":{"descripcion":"<strong>\ud83d\udd25 Fire Pits y Centros de Fuego<\/strong>\r\n\r\n<strong>Crea momentos inolvidables al aire libre<\/strong>\r\n\r\nCalienta tus noches al aire libre con estilo. Esta <strong>hoguera port\u00e1til de le\u00f1a<\/strong> es ideal para crear ambientes c\u00e1lidos y acogedores en <strong>jardines, terrazas o patios<\/strong>, convirti\u00e9ndose en el punto de encuentro perfecto.\r\n\r\nSu <strong>dise\u00f1o moderno y funcional<\/strong> te permite disfrutar del fuego tanto para <strong>relajarte y contemplar las llamas<\/strong> como para <strong>asar alimentos<\/strong>, combinando comodidad y versatilidad.\r\n\r\n<strong>\ud83d\udcd0 Medidas<\/strong>\r\n<ul>\r\n \t<li>Longitud: 50 cm x 50 cm<\/li>\r\n \t<li>40 cm de altura<\/li>\r\n<\/ul>\r\n<strong>\u2728 Caracter\u00edsticas principales<\/strong>\r\n<ul>\r\n \t<li><strong>Fire pit port\u00e1til y desarmable<\/strong><\/li>\r\n \t<li><strong>Material: Acero Galvanizado o acero HR<\/strong><\/li>\r\n \t<li><strong>Incluye una parilla para asar<\/strong><\/li>\r\n \t<li>Dise\u00f1o ideal para <strong>jardines, terrazas y patios<\/strong><\/li>\r\n \t<li>Apta para uso exterior<\/li>\r\n \t<li>Acabado en color negro o acero HR natural<\/li>\r\n \t<li><strong>NOTA:<\/strong> Debido a la exposici\u00f3n al fuego directo es normal que se presente corrosi\u00f3n al contacto con el agua, mantenga su producto con aceite e linaza y una buena limpieza despu\u00e9s de cada uso.<\/li>\r\n<\/ul>\r\n<strong>\ud83c\udfe1 Chimeneas de exterior personalizadas<\/strong>\r\n\r\n<strong>Crea tu propio espacio<\/strong>\r\n<strong>Chimeneas el Chalet<\/strong>","ficha_tecnica":"","manual_de_instrucciones":"","recomendaciones":"","dimensiones":"","alto":"42 cm","frente":"","base":"","peso":"","largo":"50 cm","ancho":"50 cm","color":"Gris","marca":"El chalet","eficiencia_calorica":"15 m2","potencia":"8.5 Kw","material":"Acero","tipo_de_combustible":"Le\u00f1a","alternativas_eficientes":""},"gallery_images":[2448,2449],"_links":{"self":[{"href":"https:\/\/chimeneaselchalet.com\/en\/wp-json\/wp\/v2\/product\/2366","targetHints":{"allow":["GET"]}}],"collection":[{"href":"https:\/\/chimeneaselchalet.com\/en\/wp-json\/wp\/v2\/product"}],"about":[{"href":"https:\/\/chimeneaselchalet.com\/en\/wp-json\/wp\/v2\/types\/product"}],"wp:featuredmedia":[{"embeddable":true,"href":"https:\/\/chimeneaselchalet.com\/en\/wp-json\/wp\/v2\/media\/2919"}],"wp:attachment":[{"href":"https:\/\/chimeneaselchalet.com\/en\/wp-json\/wp\/v2\/media?parent=2366"}],"wp:term":[{"taxonomy":"color","embeddable":true,"href":"https:\/\/chimeneaselchalet.com\/en\/wp-json\/wp\/v2\/color?post=2366"},{"taxonomy":"product_brand","embeddable":true,"href":"https:\/\/chimeneaselchalet.com\/en\/wp-json\/wp\/v2\/product_brand?post=2366"},{"taxonomy":"product_cat","embeddable":true,"href":"https:\/\/chimeneaselchalet.com\/en\/wp-json\/wp\/v2\/product_cat?post=2366"},{"taxonomy":"product_tag","embeddable":true,"href":"https:\/\/chimeneaselchalet.com\/en\/wp-json\/wp\/v2\/product_tag?post=2366"}],"curies":[{"name":"wp","href":"https:\/\/api.w.org\/{rel}","templated":true}]}}