{"id":2368,"date":"2024-06-11T01:39:42","date_gmt":"2024-06-11T06:39:42","guid":{"rendered":"https:\/\/chimeneaselchalet.com\/?post_type=product&#038;p=2368"},"modified":"2026-01-29T12:53:45","modified_gmt":"2026-01-29T17:53:45","slug":"eko-waves","status":"publish","type":"product","link":"https:\/\/chimeneaselchalet.com\/en\/product\/eko-waves\/","title":{"rendered":"Eko waves"},"content":{"rendered":"","protected":false},"excerpt":{"rendered":"<p><strong>Description: <\/strong>Central fireplace made in a structural way, unique and innovative design in fireplaces, with iron core, open 360\u00b0,<br \/>\nDesigned to suspend from the ceiling. Product manufactured in Colombia.<\/p>\n<p><strong>Dimensions: <\/strong>Di\u00e1metro de 70 cm, alto total 210 cm.<\/p>\n<p><strong>Material: <\/strong>Elaborada en Coldrolled calibre 12.<\/p>\n<p><strong>Color: <\/strong>With black-white electrostatic paint coating or natural oxide (brown tone).<\/p>\n<p><strong>Fuel for use: <\/strong>Bioetanol.<br \/>\n<strong>Bioetanol:\u00a0<\/strong>El producto incluye: 1 gal\u00f3n de bioetanol, 1 encendedor de boquilla larga, 1 embudo, 1 varilla en acero para manejar tapa de ahogo.<\/p>\n<p><iframe loading=\"lazy\" title=\"YouTube video player\" src=\"https:\/\/www.youtube.com\/embed\/Gy3Uv4lr3_E\" width=\"560\" height=\"315\" frameborder=\"0\" allowfullscreen=\"allowfullscreen\"><\/iframe><\/p>\n<hr \/>\n<p style=\"text-align: center;\"><strong>Before using your bioethanol fireplace, please download and read the following information carefully.<\/strong><\/p>\n<hr \/>\n<p style=\"text-align: center;\"><span style=\"color: #ff0000;\"><strong>Instruction manual for bioethanol fireplaces<\/strong><\/span><\/p>\n<p style=\"text-align: center;\"><span style=\"color: #0000ff;\"><strong><a style=\"color: #0000ff;\" href=\"https:\/\/chimeneaselchalet.com\/wp-content\/uploads\/2023\/11\/2.-Manual-de-Instrucciones-Bioetanol-.pdf\">DOWNLOAD INSTRUCTION MANUAL<\/a><\/strong><\/span><\/p>\n<p style=\"text-align: center;\"><strong><span style=\"color: #ff0000;\">Bioethanol technical data sheet, fuel for bioethanol fireplaces<\/span><\/strong><\/p>\n<p style=\"text-align: center;\"><span style=\"color: #0000ff;\"><strong><a style=\"color: #0000ff;\" href=\"https:\/\/chimeneaselchalet.com\/wp-content\/uploads\/2023\/11\/5.-Ficha-Tecnica-Bioetanol.pdf\">DESCARGA FICHA T\u00c9CNCA<\/a> <a style=\"color: #0000ff;\" href=\"https:\/\/chimeneaselchalet.com\/wp-content\/uploads\/2023\/11\/5.-Ficha-Tecnica-Bioetanol.pdf\">DEL BIOETANOL<\/a><\/strong><\/span><\/p>\n<p style=\"text-align: center;\"><strong><span style=\"color: #ff0000;\">Tips before using the bioethanol fireplace<\/span><\/strong><\/p>\n<p style=\"text-align: center;\"><span style=\"color: #0000ff;\"><strong><a style=\"color: #0000ff;\" href=\"https:\/\/chimeneaselchalet.com\/wp-content\/uploads\/2023\/11\/4.-Sugerencia-al-Cliente.pdf\">DOWNLOAD BEFORE USE<\/a><\/strong><\/span><\/p>\n<hr \/>\n<p style=\"text-align: center;\"><strong>Antes de usar tu chimenea Eko, por favor descarga y lee cuidadosamente la siguiente Informaci\u00f3n<\/strong><\/p>\n<hr \/>\n<p style=\"text-align: center;\"><span style=\"color: #ff0000;\"><strong>Manual de instrucciones chimeneas Eko<\/strong><\/span><\/p>\n<p style=\"text-align: center;\"><span style=\"color: #0000ff;\"><strong><a style=\"color: #0000ff;\" href=\"https:\/\/chimeneaselchalet.com\/wp-content\/uploads\/2023\/12\/MANUAL-INSTRUCCIONES-CHIMENEAS-EKO-SUSPENDIDA.pdf\"><br \/>\nDOWNLOAD INSTRUCTION MANUAL<\/a><\/strong><\/span><\/p>","protected":false},"featured_media":2947,"template":"","meta":{"_acf_changed":false,"_seopress_robots_primary_cat":"none","_seopress_titles_title":"Chimeneas Colgantes de Techo: Dise\u00f1o Innovador eko waves","_seopress_titles_desc":"Descubre nuestras chimeneas colgantes de techo, una pieza de dise\u00f1o \u00fanica que transformar\u00e1 tu hogar. Elige entre modelos a gas o le\u00f1a y disfruta de un calor acogedor y personalizado.","_seopress_robots_index":""},"color":[],"product_brand":[],"product_cat":[24,19],"product_tag":[158,164,165,166,162,167,163,51,156,47,62,153,157,151,44,155,154,152,161,160,159],"class_list":{"0":"post-2368","1":"product","2":"type-product","3":"status-publish","4":"has-post-thumbnail","6":"product_cat-chimeneas-bioetanol","7":"product_cat-chimeneas-colgantes-eko","8":"product_tag-calefaccion-con-chimenea","9":"product_tag-chimenea-de-estilo","10":"product_tag-chimenea-de-pared","11":"product_tag-chimenea-flotante","12":"product_tag-chimenea-personalizada","13":"product_tag-chimenea-sin-conducto","14":"product_tag-chimenea-unica","15":"product_tag-chimeneas-a-gas","16":"product_tag-chimeneas-a-lena","17":"product_tag-chimeneas-bioetanol","18":"product_tag-chimeneas-colgantes","19":"product_tag-chimeneas-de-diseno","20":"product_tag-chimeneas-de-interior","21":"product_tag-chimeneas-de-techo","22":"product_tag-chimeneas-el-chalet","23":"product_tag-chimeneas-innovadoras","24":"product_tag-chimeneas-modernas","25":"product_tag-chimeneas-suspendidas","26":"product_tag-decoracion-de-interiores","27":"product_tag-diseno-de-interiores","28":"product_tag-hogar-acogedor","30":"first","31":"instock","32":"featured","33":"taxable","34":"shipping-taxable","35":"purchasable","36":"product-type-simple"},"acf":{"descripcion":"<h3 data-start=\"239\" data-end=\"307\">\ud83d\udd25 Chimenea suspendida de etanol \u2013 dise\u00f1o escult\u00f3rico y sin humo<\/h3>\r\n<p data-start=\"309\" data-end=\"597\">Esta <strong data-start=\"314\" data-end=\"347\">chimenea suspendida de etanol<\/strong> es una <strong data-start=\"355\" data-end=\"381\">obra de arte funcional<\/strong> que desaf\u00eda la gravedad y eleva el concepto de hogar. Dise\u00f1ada para <strong data-start=\"450\" data-end=\"475\">cautivar los sentidos<\/strong>, combina <strong data-start=\"485\" data-end=\"526\">est\u00e9tica vanguardista y funcionalidad<\/strong>, convirti\u00e9ndose en el centro de atenci\u00f3n de cualquier espacio moderno.<\/p>\r\n<p data-start=\"599\" data-end=\"951\">Funciona con <strong data-start=\"612\" data-end=\"625\">bioetanol<\/strong>, un combustible <strong data-start=\"642\" data-end=\"679\">limpio, biodegradable y ecol\u00f3gico<\/strong>, que <strong data-start=\"685\" data-end=\"715\">no produce humo ni cenizas<\/strong>, permitiendo disfrutar del fuego real sin ductos, sin olores y sin conexi\u00f3n a gas. El combustible se almacena directamente en el <strong data-start=\"845\" data-end=\"857\">quemador<\/strong>, eliminando la necesidad de suministro constante y facilitando su uso en distintos ambientes.<\/p>\r\n\r\n<h3 data-start=\"1164\" data-end=\"1192\">\ud83d\udce6 Kit completo incluido<\/h3>\r\n<p data-start=\"1193\" data-end=\"1276\">Recibe todo lo necesario para comenzar a disfrutar tu chimenea desde el primer d\u00eda:<\/p>\r\n\r\n<ul data-start=\"1277\" data-end=\"1486\">\r\n \t<li data-start=\"1277\" data-end=\"1303\">\r\n<p data-start=\"1279\" data-end=\"1303\"><strong data-start=\"1279\" data-end=\"1303\">\u00bd gal\u00f3n de bioetanol<\/strong><\/p>\r\n<\/li>\r\n \t<li data-start=\"1304\" data-end=\"1338\">\r\n<p data-start=\"1306\" data-end=\"1338\"><strong data-start=\"1306\" data-end=\"1338\">Encendedor de boquilla larga<\/strong><\/p>\r\n<\/li>\r\n \t<li data-start=\"1339\" data-end=\"1351\">\r\n<p data-start=\"1341\" data-end=\"1351\"><strong data-start=\"1341\" data-end=\"1351\">Embudo<\/strong><\/p>\r\n<\/li>\r\n \t<li data-start=\"1352\" data-end=\"1400\">\r\n<p data-start=\"1354\" data-end=\"1400\"><strong data-start=\"1354\" data-end=\"1380\">Vara con tapa de ahogo<\/strong> para apagado seguro<\/p>\r\n<\/li>\r\n \t<li data-start=\"1401\" data-end=\"1441\">\r\n<p data-start=\"1403\" data-end=\"1441\"><strong data-start=\"1403\" data-end=\"1441\">Piedra decorativa de m\u00e1rmol blanca<\/strong><\/p>\r\n<\/li>\r\n \t<li data-start=\"1442\" data-end=\"1486\">\r\n<p data-start=\"1444\" data-end=\"1486\"><strong data-start=\"1444\" data-end=\"1486\">Manual de instrucciones y precauciones<\/strong><\/p>\r\n<\/li>\r\n<\/ul>\r\n<h3 data-start=\"1488\" data-end=\"1541\">\ud83d\udd12 Uso responsable y recomendaciones de seguridad<\/h3>\r\n<p data-start=\"1542\" data-end=\"1915\">Antes de adquirir y utilizar esta chimenea, es <strong data-start=\"1589\" data-end=\"1671\">obligatorio leer y comprender los manuales de uso, precauciones y advertencias<\/strong> incluidos con el producto.<br data-start=\"1698\" data-end=\"1701\" \/>Las <strong data-start=\"1705\" data-end=\"1797\">chimeneas de etanol requieren manipulaci\u00f3n directa del combustible por parte del usuario<\/strong>, por lo que es indispensable contar con <strong data-start=\"1838\" data-end=\"1861\">conocimiento previo<\/strong> y seguir estrictamente las indicaciones de seguridad.<\/p>\r\n<p data-start=\"1917\" data-end=\"2216\">El <strong data-start=\"1920\" data-end=\"1952\">uso incorrecto del bioetanol<\/strong>, del producto o la <strong data-start=\"1972\" data-end=\"2013\">omisi\u00f3n en la lectura de los manuales<\/strong> puede generar riesgos. <strong data-start=\"2037\" data-end=\"2215\">La empresa no se hace responsable por da\u00f1os, accidentes o fallas derivadas del mal manejo del combustible, del producto o del incumplimiento de las instrucciones de seguridad<\/strong>.<\/p>\r\n<p data-start=\"2218\" data-end=\"2468\">\u2728 Si buscas una <strong data-start=\"2234\" data-end=\"2279\">chimenea suspendida de etanol en Colombia<\/strong>, <strong data-start=\"2281\" data-end=\"2326\">limpia, port\u00e1til y de alto impacto visual<\/strong>, y est\u00e1s dispuesto a utilizarla de manera responsable, esta es la soluci\u00f3n perfecta para disfrutar del fuego real con dise\u00f1o y sofisticaci\u00f3n.<\/p>","ficha_tecnica":2646,"manual_de_instrucciones":2662,"recomendaciones":2645,"dimensiones":"","alto":"210 cm","frente":"70 cm ","base":"","peso":"45 kg","largo":"","ancho":"","color":"Negro mate, blanco o envejecido decorativo. ","marca":"El chalet","eficiencia_calorica":"40 m2","potencia":"6 Kw","material":"Estructura met\u00e1lica","tipo_de_combustible":"Bioetanol","alternativas_eficientes":""},"gallery_images":[2464,2463,2462],"_links":{"self":[{"href":"https:\/\/chimeneaselchalet.com\/en\/wp-json\/wp\/v2\/product\/2368","targetHints":{"allow":["GET"]}}],"collection":[{"href":"https:\/\/chimeneaselchalet.com\/en\/wp-json\/wp\/v2\/product"}],"about":[{"href":"https:\/\/chimeneaselchalet.com\/en\/wp-json\/wp\/v2\/types\/product"}],"wp:featuredmedia":[{"embeddable":true,"href":"https:\/\/chimeneaselchalet.com\/en\/wp-json\/wp\/v2\/media\/2947"}],"wp:attachment":[{"href":"https:\/\/chimeneaselchalet.com\/en\/wp-json\/wp\/v2\/media?parent=2368"}],"wp:term":[{"taxonomy":"color","embeddable":true,"href":"https:\/\/chimeneaselchalet.com\/en\/wp-json\/wp\/v2\/color?post=2368"},{"taxonomy":"product_brand","embeddable":true,"href":"https:\/\/chimeneaselchalet.com\/en\/wp-json\/wp\/v2\/product_brand?post=2368"},{"taxonomy":"product_cat","embeddable":true,"href":"https:\/\/chimeneaselchalet.com\/en\/wp-json\/wp\/v2\/product_cat?post=2368"},{"taxonomy":"product_tag","embeddable":true,"href":"https:\/\/chimeneaselchalet.com\/en\/wp-json\/wp\/v2\/product_tag?post=2368"}],"curies":[{"name":"wp","href":"https:\/\/api.w.org\/{rel}","templated":true}]}}