{"id":2511,"date":"2024-06-11T14:48:57","date_gmt":"2024-06-11T19:48:57","guid":{"rendered":"https:\/\/chimeneaselchalet.com\/?post_type=product&#038;p=2511"},"modified":"2026-01-30T16:14:05","modified_gmt":"2026-01-30T21:14:05","slug":"bbq-de-carbon-tipo-argentino-2","status":"publish","type":"product","link":"https:\/\/chimeneaselchalet.com\/en\/product\/bbq-de-carbon-tipo-argentino-2\/","title":{"rendered":"Argentine Type Charcoal BBQ"},"content":{"rendered":"","protected":false},"excerpt":{"rendered":"<p><strong>Description: <\/strong><br \/>\nAsador que funciona con carb\u00f3n y posibilidad con gas mixto.<br \/>\nLa parrilla de la carne tiene un mecanismo que regula la altura con el fin de evitar exceso de calor sobre los alimentos.<br \/>\nCuenta con un desnivel para depositar la grasa y los jugos de las comidas.<br \/>\nLa base tiene un dep\u00f3sito para el carb\u00f3n, una bandeja auxiliar lateral que se puede deslizar y cuatro.<br \/>\nHecho en Colombia.<\/p>\n<p><strong>Dimensions:<\/strong><br \/>\n65cm x 45cm<br \/>\n75cm x 45cm<br \/>\n100 cm x 50cm<\/p>\n<p><strong>High: <\/strong><br \/>\n1,28 cm<\/p>\n<p><strong>Material: <\/strong><br \/>\nFabricado 100% en hierro con un recubrimiento de pintura electroest\u00e1tica.<\/p>\n<p><strong>Color: <\/strong><br \/>\nGrey silver<\/p>\n<p><strong>Fuel for use: <\/strong><br \/>\nFunciona con carb\u00f3n y posibilidad con gas mixto.(aumenta 10 cm el alto)<\/p>\n<hr \/>\n<p style=\"text-align: center;\"><strong>Antes de usar tu Asador de carbon, por favor descarga y lee cuidadosamente la siguiente Informaci\u00f3n<\/strong><\/p>\n<hr \/>\n<p style=\"text-align: center;\"><span style=\"color: #ff0000;\"><strong>Manual de instrucciones Asador de carbon<\/strong><\/span><\/p>\n<p style=\"text-align: center;\"><span style=\"color: #0000ff;\"><strong><a style=\"color: #0000ff;\" href=\"https:\/\/chimeneaselchalet.com\/wp-content\/uploads\/2023\/12\/MANUAL-DE-USO-Y-GARANTIA-DE-BBQ-A-CARBON-ARGENTINO-ASADOR-23.pdf\"><br \/>\nDOWNLOAD INSTRUCTION MANUAL<\/a><\/strong><\/span><\/p>","protected":false},"featured_media":3065,"template":"","meta":{"_acf_changed":false,"_seopress_robots_primary_cat":"none","_seopress_titles_title":"Compra BBQ de Carb\u00f3n Estilo Argentino \u00a1Oferta \u00danica!","_seopress_titles_desc":"Descubre el aut\u00e9ntico sabor del asado de carb\u00f3n con nuestra BBQ de Carb\u00f3n Tipo Argentino. Ideal para tus reuniones al aire libre.","_seopress_robots_index":""},"color":[],"product_brand":[],"product_cat":[18],"product_tag":[215,214,216,78,207,90,204,203,88,237,87,230,248,222,29,208,84,32,236,239,241,240,269,210,244,246,245,263,242,259,44,213,206,235,228,268,270,265,225,256,261,267,254,224,271,257,262,212,264,229,232,234,233,272,202,238,243,205,231,249,223,209,255,226,253,266,211,247,250,252,251,258,260,221,227],"class_list":{"0":"post-2511","1":"product","2":"type-product","3":"status-publish","4":"has-post-thumbnail","6":"product_cat-asadores-hornos-plancha-bbq","7":"product_tag-accesorios-para-parrilla-de-acero-inoxidable","8":"product_tag-asador-a-gas-portatil","9":"product_tag-parrilla-electrica-para-interior","10":"product_tag-accesorios-para-parrilla","11":"product_tag-asado","12":"product_tag-asador","13":"product_tag-asador-a-carbon","14":"product_tag-asador-a-gas","15":"product_tag-asador-argentino","16":"product_tag-asador-broil-king","17":"product_tag-asador-de-carbon","18":"product_tag-asador-napoleon","19":"product_tag-asador-verona","20":"product_tag-asador-weber","21":"product_tag-asadores","22":"product_tag-barbacoa","23":"product_tag-barril-ahumador","24":"product_tag-bbq","25":"product_tag-broil-king","26":"product_tag-broil-king-argentina","27":"product_tag-broil-king-imperial","28":"product_tag-broil-king-premium","29":"product_tag-broil-master","30":"product_tag-carne-a-la-parrilla","31":"product_tag-char-broil-argentina","32":"product_tag-char-broil-carbon","33":"product_tag-char-broil-gas","34":"product_tag-char-broil","35":"product_tag-char-broil-asador-char-broil","36":"product_tag-chimeneas-de-colombia","37":"product_tag-chimeneas-el-chalet","38":"product_tag-cocinar-a-fuego-lento","39":"product_tag-cocinar-al-aire-libre","40":"product_tag-comprar-napoleon","41":"product_tag-comprar-weber","42":"product_tag-cuisinart","43":"product_tag-ducasse","44":"product_tag-garcima","45":"product_tag-genesis-weber","46":"product_tag-green-egg","47":"product_tag-humo-barriles","48":"product_tag-inoxhome","49":"product_tag-kamado-joe","50":"product_tag-kettle-weber","51":"product_tag-landmann","52":"product_tag-lynx","53":"product_tag-mano-bbq","54":"product_tag-marinar","55":"product_tag-mr-beef","56":"product_tag-napoleon","57":"product_tag-napoleon-argentina","58":"product_tag-napoleon-carbon","59":"product_tag-napoleon-gas","60":"product_tag-ozark-trail","61":"product_tag-parrilla","62":"product_tag-parrilla-broil-king","63":"product_tag-parrilla-char-broil","64":"product_tag-parrilla-electrica","65":"product_tag-parrilla-napoleon","66":"product_tag-parrilla-verona","67":"product_tag-parrilla-weber","68":"product_tag-parrillada","69":"product_tag-pit-boss","70":"product_tag-spirit-weber","71":"product_tag-traeger","72":"product_tag-tramontina","73":"product_tag-verduras-a-la-parrilla","74":"product_tag-verona","75":"product_tag-verona-argentina","76":"product_tag-verona-carbon","77":"product_tag-verona-gas","78":"product_tag-viking","79":"product_tag-volcano","80":"product_tag-weber","81":"product_tag-weber-argentina","83":"first","84":"instock","85":"featured","86":"taxable","87":"shipping-taxable","88":"purchasable","89":"product-type-variable"},"acf":{"descripcion":"<h2 data-start=\"153\" data-end=\"220\">\ud83d\udd25 Asador de carb\u00f3n tipo argentino | BBQ premium para exteriores<\/h2>\r\n<p data-start=\"222\" data-end=\"614\">\u00a1<strong data-start=\"223\" data-end=\"255\">Disfruta de asados perfectos<\/strong> y vive la aut\u00e9ntica pasi\u00f3n por la parrilla con nuestro <strong data-start=\"311\" data-end=\"346\">asador de carb\u00f3n tipo argentino<\/strong> de <strong data-start=\"350\" data-end=\"373\">Chimeneas el Chalet<\/strong>! Inspirado en la tradici\u00f3n argentina, este BBQ combina <strong data-start=\"429\" data-end=\"491\">dise\u00f1o cl\u00e1sico, funcionalidad y materiales de alta calidad<\/strong>, convirti\u00e9ndose en el aliado ideal para reuniones familiares, encuentros con amigos y momentos inolvidables al aire libre.<\/p>\r\n<p data-start=\"616\" data-end=\"964\">Su <strong data-start=\"619\" data-end=\"651\">parrilla regulable en altura<\/strong> te permite controlar el calor con precisi\u00f3n, adapt\u00e1ndose a todo tipo de preparaciones: desde <strong data-start=\"745\" data-end=\"783\">cortes de carne jugosos y ahumados<\/strong>, hasta <strong data-start=\"791\" data-end=\"824\">verduras y recetas especiales<\/strong>. Adem\u00e1s, cuenta con un <strong data-start=\"848\" data-end=\"871\">dep\u00f3sito para grasa<\/strong>, que facilita la limpieza y evita la mezcla de sabores, mejorando la experiencia de cocci\u00f3n.<\/p>\r\n<p data-start=\"966\" data-end=\"1105\">Las <strong data-start=\"970\" data-end=\"1003\">bandejas laterales integradas<\/strong> ofrecen mayor comodidad, permiti\u00e9ndote organizar utensilios, alimentos y accesorios mientras cocinas.<\/p>\r\n\r\n<h3 data-start=\"1107\" data-end=\"1140\">\u2b50 Caracter\u00edsticas destacadas:<\/h3>\r\n<ul data-start=\"1141\" data-end=\"1385\">\r\n \t<li data-start=\"1141\" data-end=\"1178\">\r\n<p data-start=\"1143\" data-end=\"1178\">Asador de <strong data-start=\"1153\" data-end=\"1178\">carb\u00f3n tipo argentino<\/strong><\/p>\r\n<\/li>\r\n \t<li data-start=\"1179\" data-end=\"1213\">\r\n<p data-start=\"1181\" data-end=\"1213\">Parrilla <strong data-start=\"1190\" data-end=\"1213\">regulable en altura<\/strong><\/p>\r\n<\/li>\r\n \t<li data-start=\"1214\" data-end=\"1248\">\r\n<p data-start=\"1216\" data-end=\"1248\">Excelente control de temperatura<\/p>\r\n<\/li>\r\n \t<li data-start=\"1249\" data-end=\"1288\">\r\n<p data-start=\"1251\" data-end=\"1288\">Dep\u00f3sito para grasa de f\u00e1cil limpieza<\/p>\r\n<\/li>\r\n \t<li data-start=\"1289\" data-end=\"1321\">\r\n<p data-start=\"1291\" data-end=\"1321\">Bandejas laterales funcionales<\/p>\r\n<\/li>\r\n \t<li data-start=\"1322\" data-end=\"1359\">\r\n<p data-start=\"1324\" data-end=\"1359\">Dise\u00f1o robusto, elegante y duradero<\/p>\r\n<\/li>\r\n \t<li data-start=\"1360\" data-end=\"1385\">\r\n<p data-start=\"1362\" data-end=\"1385\">Ideal para uso exterior<\/p>\r\n<\/li>\r\n<\/ul>\r\n<p data-start=\"1387\" data-end=\"1548\">Este <strong data-start=\"1392\" data-end=\"1422\">BBQ de Chimeneas el Chalet<\/strong> es m\u00e1s que un asador: es una <strong data-start=\"1452\" data-end=\"1495\">inversi\u00f3n en tradici\u00f3n, sabor y calidad<\/strong>, pensada para los verdaderos amantes de la parrilla.<\/p>","ficha_tecnica":"","manual_de_instrucciones":"","recomendaciones":"","dimensiones":"","alto":"128 cm","frente":"","base":"","peso":"","largo":"","ancho":"","color":"Gris plata","marca":"El chalet","eficiencia_calorica":"","potencia":"","material":"Hierro","tipo_de_combustible":"Carb\u00f3n","alternativas_eficientes":""},"gallery_images":[658,659,660],"_links":{"self":[{"href":"https:\/\/chimeneaselchalet.com\/en\/wp-json\/wp\/v2\/product\/2511","targetHints":{"allow":["GET"]}}],"collection":[{"href":"https:\/\/chimeneaselchalet.com\/en\/wp-json\/wp\/v2\/product"}],"about":[{"href":"https:\/\/chimeneaselchalet.com\/en\/wp-json\/wp\/v2\/types\/product"}],"wp:featuredmedia":[{"embeddable":true,"href":"https:\/\/chimeneaselchalet.com\/en\/wp-json\/wp\/v2\/media\/3065"}],"wp:attachment":[{"href":"https:\/\/chimeneaselchalet.com\/en\/wp-json\/wp\/v2\/media?parent=2511"}],"wp:term":[{"taxonomy":"color","embeddable":true,"href":"https:\/\/chimeneaselchalet.com\/en\/wp-json\/wp\/v2\/color?post=2511"},{"taxonomy":"product_brand","embeddable":true,"href":"https:\/\/chimeneaselchalet.com\/en\/wp-json\/wp\/v2\/product_brand?post=2511"},{"taxonomy":"product_cat","embeddable":true,"href":"https:\/\/chimeneaselchalet.com\/en\/wp-json\/wp\/v2\/product_cat?post=2511"},{"taxonomy":"product_tag","embeddable":true,"href":"https:\/\/chimeneaselchalet.com\/en\/wp-json\/wp\/v2\/product_tag?post=2511"}],"curies":[{"name":"wp","href":"https:\/\/api.w.org\/{rel}","templated":true}]}}