{"id":3526,"date":"2024-07-07T18:49:46","date_gmt":"2024-07-07T23:49:46","guid":{"rendered":"https:\/\/chimeneaselchalet.com\/producto\/abrazadera-para-tubos-2\/"},"modified":"2026-02-06T12:49:49","modified_gmt":"2026-02-06T17:49:49","slug":"abrazadera-para-tubos-2","status":"publish","type":"product","link":"https:\/\/chimeneaselchalet.com\/en\/product\/abrazadera-para-tubos-2\/","title":{"rendered":"Pipe clamp"},"content":{"rendered":"","protected":false},"excerpt":{"rendered":"<p><strong>Description:<\/strong> Abrazadera en platina de 1\u20442\u201d. Para sujetar el tubo a la pared mediante tornillo.<\/p>\n<p><strong>Dimensions:<\/strong><\/p>\n<p><strong>Material:<\/strong> acero galvanizado<\/p>\n<p><strong>Color:<\/strong> black<\/p>","protected":false},"featured_media":167,"template":"","meta":{"_acf_changed":false,"_seopress_robots_primary_cat":"none","_seopress_titles_title":"Compra Abrazadera para Tubos - \u00a1Ofertas \u00danicas!","_seopress_titles_desc":"Descubre la abrazadera de alta calidad para tubos a un precio inmejorable. \u00a1Ideal para un montaje seguro! Compra ahora en Chimeneas El Chalet.","_seopress_robots_index":""},"color":[],"product_brand":[],"product_cat":[23],"product_tag":[543,522,520,548,124,535,534,556,536,537,533,552,527,127,129,553,531,528,542,128,130,59,519,554,549,544,550,523,122,524,546,545,525,123,34,526,126,125,539,557,541,540,538,521,547,532,530,555,529,551],"class_list":{"0":"post-3526","1":"product","2":"type-product","3":"status-publish","4":"has-post-thumbnail","6":"product_cat-insumos-para-chimeneas","7":"product_tag-accesorios-de-instalacion-para-chimeneas","8":"product_tag-accesorios-para-chimeneas","9":"product_tag-accesorios-para-chimeneas-de-lena","10":"product_tag-accesorios-para-chimeneas-en-colombia","11":"product_tag-aislamiento-termico","12":"product_tag-campana-extractora-para-chimenea","13":"product_tag-campana-metalica-para-chimenea","14":"product_tag-campanas-metalicas-para-chimeneas-de-lena","15":"product_tag-campanas-para-chimeneas-a-lena","16":"product_tag-campanas-para-chimeneas-artesanales","17":"product_tag-campanas-para-chimeneas-de-lena","18":"product_tag-campanas-para-chimeneas-en-colombia","19":"product_tag-cemento-refractario-para-chimeneas","20":"product_tag-ceniceros","21":"product_tag-diseno-de-chimeneas","22":"product_tag-donde-comprar-accesorios-para-chimeneas","23":"product_tag-ductos-metalicos-para-chimeneas","24":"product_tag-ductos-para-chimeneas-de-lena","25":"product_tag-entradas-de-aire-para-chimeneas","26":"product_tag-herramientas-para-chimenea","27":"product_tag-instalacion-de-chimeneas","28":"product_tag-insumos-para-chimeneas","29":"product_tag-insumos-para-chimeneas-de-lena","30":"product_tag-insumos-para-chimeneas-de-lena-en-bogota","31":"product_tag-insumos-para-chimeneas-en-colombia","32":"product_tag-kits-de-instalacion-para-chimeneas-de-lena","33":"product_tag-ladrillo-refractario-en-colombia","34":"product_tag-ladrillo-refractario-para-chimenea","35":"product_tag-ladrillos-refractarios","36":"product_tag-ladrillos-refractarios-para-chimeneas-de-lena","37":"product_tag-limpieza-de-chimeneas-de-lena","38":"product_tag-mantenimiento-de-chimeneas-de-lena","39":"product_tag-material-refractario-para-chimeneas","40":"product_tag-mortero-refractario","41":"product_tag-parrillas","42":"product_tag-placas-refractarias-para-chimeneas","43":"product_tag-puertas-para-chimenea","44":"product_tag-rejillas","45":"product_tag-rejillas-de-ventilacion-para-chimeneas","46":"product_tag-rejillas-de-ventilacion-para-chimeneas-de-lena","47":"product_tag-rejillas-decorativas-para-chimeneas","48":"product_tag-rejillas-metalicas-para-chimeneas","49":"product_tag-rejillas-para-chimeneas-de-lena","50":"product_tag-repuestos-para-chimeneas-de-lena","51":"product_tag-repuestos-y-accesorios-para-chimeneas","52":"product_tag-tubos-aislados-para-chimeneas","53":"product_tag-tubos-de-acero-para-chimeneas","54":"product_tag-tubos-metalicos-para-chimeneas-de-lena","55":"product_tag-tubos-para-chimeneas-de-lena","56":"product_tag-tubos-para-chimeneas-en-colombia","58":"first","59":"instock","60":"taxable","61":"shipping-taxable","62":"purchasable","63":"product-type-simple"},"acf":{"descripcion":"<strong>Soluci\u00f3n Completa para tu Chimenea | Insumos y Accesorios<\/strong>\r\n\r\nNuestra abrazadera de pared en acero galvanizado es la soluci\u00f3n perfecta para fijar tus tubos de forma segura y confiable. Su dise\u00f1o robusto y resistente garantiza una sujeci\u00f3n firme, incluso en condiciones exigentes.\r\n\r\n<em>Insumos de Alta Calidad para Chimeneas | Construye con Durabilidad<\/em>","ficha_tecnica":"","manual_de_instrucciones":"","recomendaciones":"","dimensiones":"","alto":"","frente":"","base":"15 cm di\u00e1metro","peso":"2.5 Kg","largo":"","ancho":"","color":"Negro","marca":"El chalet","eficiencia_calorica":"","potencia":"","material":"Acero galvanizado","tipo_de_combustible":"Le\u00f1a o gas","alternativas_eficientes":""},"gallery_images":[],"_links":{"self":[{"href":"https:\/\/chimeneaselchalet.com\/en\/wp-json\/wp\/v2\/product\/3526","targetHints":{"allow":["GET"]}}],"collection":[{"href":"https:\/\/chimeneaselchalet.com\/en\/wp-json\/wp\/v2\/product"}],"about":[{"href":"https:\/\/chimeneaselchalet.com\/en\/wp-json\/wp\/v2\/types\/product"}],"wp:featuredmedia":[{"embeddable":true,"href":"https:\/\/chimeneaselchalet.com\/en\/wp-json\/wp\/v2\/media\/167"}],"wp:attachment":[{"href":"https:\/\/chimeneaselchalet.com\/en\/wp-json\/wp\/v2\/media?parent=3526"}],"wp:term":[{"taxonomy":"color","embeddable":true,"href":"https:\/\/chimeneaselchalet.com\/en\/wp-json\/wp\/v2\/color?post=3526"},{"taxonomy":"product_brand","embeddable":true,"href":"https:\/\/chimeneaselchalet.com\/en\/wp-json\/wp\/v2\/product_brand?post=3526"},{"taxonomy":"product_cat","embeddable":true,"href":"https:\/\/chimeneaselchalet.com\/en\/wp-json\/wp\/v2\/product_cat?post=3526"},{"taxonomy":"product_tag","embeddable":true,"href":"https:\/\/chimeneaselchalet.com\/en\/wp-json\/wp\/v2\/product_tag?post=3526"}],"curies":[{"name":"wp","href":"https:\/\/api.w.org\/{rel}","templated":true}]}}