{"id":3647,"date":"2024-07-07T18:50:00","date_gmt":"2024-07-07T23:50:00","guid":{"rendered":"https:\/\/chimeneaselchalet.com\/producto\/1-horno-de-gas-para-pizza-italy-2\/"},"modified":"2026-02-14T11:43:48","modified_gmt":"2026-02-14T16:43:48","slug":"horno-de-gas-para-pizza-italy-2","status":"publish","type":"product","link":"https:\/\/chimeneaselchalet.com\/en\/product\/horno-de-gas-para-pizza-italy-2\/","title":{"rendered":"Horno de gas 100 | pizza | carnes |"},"content":{"rendered":"","protected":false},"excerpt":{"rendered":"<p><strong>Enjoy unparalleled preparations in a high-performance gas oven<\/strong><\/p>\n<p>Fabricado en material refractario con una mezcla especial de gran resistencia al calor.<br \/>\nTiene una puerta met\u00e1lica de f\u00e1cil apertura y cierre, term\u00f3metro para la temperatura interna.<br \/>\nIdeal para lograr recetas en horno de piedra italiano.<br \/>\nPiso en piedra refractaria.<br \/>\nAlcanza hasta 500\u00b0C<br \/>\nQuemador de alto flujo lateral con encendido electr\u00f3nico, perilla para nivelar altura de llama.<\/p>\n<p><strong>Dimensions<\/strong>:<\/p>\n<p>100cm frente x 72cm Fondo x 55cm altura (iglu de cocci\u00f3n)<\/p>\n<p>Opci\u00f3n de base en acero inoxidable con ruedas<\/p>\n<p><strong>Material:<\/strong><br \/>\nlamina met\u00e1lica en acero inoxidable y Cold Rolled Cal. 12<br \/>\nC\u00e1mara de cocci\u00f3n en ladrillo refractario<br \/>\n<iframe loading=\"lazy\" title=\"YouTube video player\" src=\"https:\/\/www.youtube.com\/embed\/o344hReJHY8\" width=\"560\" height=\"315\" frameborder=\"0\" allowfullscreen=\"allowfullscreen\"><\/iframe><\/p>\n<hr \/>\n<p style=\"text-align: center;\"><strong>Before using your Pizza Oven, please download and read the following Information carefully<\/strong><\/p>\n<hr \/>\n<p style=\"text-align: center;\"><span style=\"color: #ff0000;\"><strong>Instruction manual pizza oven<\/strong><\/span><\/p>\n<p style=\"text-align: center;\"><span style=\"color: #0000ff;\"><strong><a style=\"color: #0000ff;\" href=\"https:\/\/chimeneaselchalet.com\/wp-content\/uploads\/2023\/12\/HORNO-PIZZA.pdf\"><br \/>\nDOWNLOAD INSTRUCTION MANUAL<\/a><\/strong><\/span><\/p>\n<p style=\"text-align: center;\"><strong><span style=\"color: #ff0000;\">Technical data sheet Pizza oven<\/span><\/strong><\/p>\n<p style=\"text-align: center;\"><span style=\"color: #0000ff;\"><strong><a style=\"color: #0000ff;\" href=\"https:\/\/chimeneaselchalet.com\/wp-content\/uploads\/2023\/12\/FICHA-TECNICA-HORNO-GAS-ITALY-W.pdf\">DOWNLOAD PIZZA OVEN TECHNICAL DATA SHEET<\/a><\/strong><\/span><\/p>","protected":false},"featured_media":4557,"template":"","meta":{"_acf_changed":false,"_seopress_robots_primary_cat":"none","_seopress_titles_title":"Hornos de Pizza de Alto Rendimiento | Prepara pizzas como un profesional","_seopress_titles_desc":"Obt\u00e9n una pizza perfecta en minutos con nuestros hornos de pizza de alto rendimiento. Temperatura m\u00e1xima, cocci\u00f3n r\u00e1pida y sabor aut\u00e9ntico. \u00a1Ideal para pizzer\u00edas y hogares!","_seopress_robots_index":""},"color":[],"product_brand":[],"product_cat":[17],"product_tag":[117,121,120,116,571,570,568,569,113,561,577,573,559,580,574,558,572,581,560,564,566,567,565,579,578,563,575,562,49,114,582,576,584,583,115,119,118],"class_list":{"0":"post-3647","1":"product","2":"type-product","3":"status-publish","4":"has-post-thumbnail","6":"product_cat-hornos-de-pizza","7":"product_tag-cocina","8":"product_tag-domestico","9":"product_tag-hogar","10":"product_tag-horno","11":"product_tag-horno-de-lena-artesanal","12":"product_tag-horno-de-lena-para-exteriores","13":"product_tag-horno-de-lena-para-pizzas","14":"product_tag-horno-de-lena-portatil","15":"product_tag-horno-de-pizza","16":"product_tag-horno-de-pizza-artesanal","17":"product_tag-horno-de-pizza-bogota","18":"product_tag-horno-de-pizza-con-ladrillo-refractario","19":"product_tag-horno-de-pizza-con-piedra-refractaria","20":"product_tag-horno-de-pizza-con-quemador-a-gas","21":"product_tag-horno-de-pizza-de-alta-temperatura","22":"product_tag-horno-de-pizza-de-lena","23":"product_tag-horno-de-pizza-en-acero-inoxidable","24":"product_tag-horno-de-pizza-hibrido-lena-y-gas","25":"product_tag-horno-de-pizza-para-exteriores","26":"product_tag-horno-de-pizza-para-jardin","27":"product_tag-horno-de-pizza-para-negocio","28":"product_tag-horno-de-pizza-para-restaurante","29":"product_tag-horno-de-pizza-para-terraza","30":"product_tag-horno-de-pizza-para-uso-comercial","31":"product_tag-horno-de-pizza-para-uso-residencial","32":"product_tag-horno-de-pizza-portatil","33":"product_tag-horno-de-pizza-premium","34":"product_tag-horno-de-pizza-profesional","35":"product_tag-horno-para-pizza","36":"product_tag-horno-pizzero","37":"product_tag-hornos-de-pizza-chimeneas-el-chalet","38":"product_tag-hornos-de-pizza-en-colombia","39":"product_tag-hornos-de-pizza-para-cocina-exterior","40":"product_tag-hornos-de-pizza-personalizados","41":"product_tag-pizza","42":"product_tag-pizzeria","43":"product_tag-restaurante","45":"first","46":"instock","47":"taxable","48":"shipping-taxable","49":"purchasable","50":"product-type-simple"},"acf":{"descripcion":"<p data-start=\"0\" data-end=\"80\">\ud83c\udf55\ud83d\udd25 <strong data-start=\"5\" data-end=\"80\">Horno de Pizza de Piedra Refractaria | La clave para una pizza perfecta<\/strong><\/p>\r\n<p data-start=\"82\" data-end=\"271\">\u00bfBuscas un horno de pizza que logre una <strong data-start=\"122\" data-end=\"143\">corteza crujiente<\/strong> y un <strong data-start=\"149\" data-end=\"170\">sabor inigualable<\/strong>? Descubre nuestra l\u00ednea de <strong data-start=\"198\" data-end=\"239\">hornos de pizza de piedra refractaria<\/strong>, ideal para tu hogar o negocio.<\/p>\r\n<p data-start=\"273\" data-end=\"612\">\ud83d\udd25 <strong data-start=\"276\" data-end=\"317\">Dise\u00f1ado para la cocina al aire libre<\/strong><br data-start=\"317\" data-end=\"320\" \/>Pensado para verdaderos amantes del fuego y la buena cocina, este <strong data-start=\"386\" data-end=\"403\">horno de le\u00f1a<\/strong> combina <strong data-start=\"412\" data-end=\"448\">estilo, potencia y funcionalidad<\/strong>. Su <strong data-start=\"453\" data-end=\"498\">c\u00e1mara de cocci\u00f3n en ladrillo refractario<\/strong> y <strong data-start=\"501\" data-end=\"531\">puerta en acero inoxidable<\/strong> te permiten preparar pizzas, panes, carnes y m\u00e1s, con el aut\u00e9ntico sabor a le\u00f1a.<\/p>\r\n<p data-start=\"614\" data-end=\"906\">\u2699\ufe0f <strong data-start=\"617\" data-end=\"655\">Control preciso y cocci\u00f3n uniforme<\/strong><br data-start=\"655\" data-end=\"658\" \/>Cuenta con <strong data-start=\"669\" data-end=\"703\">quemador lateral de alto flujo<\/strong> y <strong data-start=\"706\" data-end=\"741\">encendido por piezo electr\u00f3nico<\/strong>, lo que facilita el control de la temperatura. La <strong data-start=\"792\" data-end=\"814\">piedra refractaria<\/strong> absorbe y distribuye el calor de forma homog\u00e9nea para resultados perfectos en cada cocci\u00f3n.<\/p>\r\n<p data-start=\"908\" data-end=\"1134\">\ud83e\uddf1 <strong data-start=\"911\" data-end=\"941\">Materiales de alta calidad<\/strong><br data-start=\"941\" data-end=\"944\" \/>Fabricado en <strong data-start=\"957\" data-end=\"977\">acero inoxidable<\/strong>, <strong data-start=\"979\" data-end=\"1012\">aislamiento en manto cer\u00e1mico<\/strong> y <strong data-start=\"1015\" data-end=\"1039\">ladrillo refractario<\/strong>, este horno est\u00e1 dise\u00f1ado para ofrecer <strong data-start=\"1079\" data-end=\"1133\">durabilidad, eficiencia t\u00e9rmica y alto rendimiento<\/strong>.<\/p>\r\n<p data-start=\"908\" data-end=\"1134\">\u2699\ufe0f <strong>Medidas<\/strong>: 100 cm frente x 72 cm fondo x 55 alto<\/p>\r\n<p data-start=\"1136\" data-end=\"1301\">\ud83e\uddf0 <strong data-start=\"1139\" data-end=\"1163\">Accesorios incluidos<\/strong><br data-start=\"1163\" data-end=\"1166\" \/>Incluye <strong data-start=\"1174\" data-end=\"1199\">rack para quemar le\u00f1a<\/strong>, <strong data-start=\"1201\" data-end=\"1213\">atizador<\/strong> y <strong data-start=\"1216\" data-end=\"1235\">pala para pizza<\/strong>, para que disfrutes una experiencia completa desde el primer uso.<\/p>\r\n<p data-start=\"1303\" data-end=\"1404\">\ud83d\udede <strong data-start=\"1306\" data-end=\"1328\">Movilidad opcional<\/strong><br data-start=\"1328\" data-end=\"1331\" \/>Base con ruedas para mover el horno f\u00e1cilmente (no incluida en el valor).<\/p>\r\n<p data-start=\"1406\" data-end=\"1516\" data-is-last-node=\"\" data-is-only-node=\"\">horno de pizza de le\u00f1a con piedra refractaria para exteriores uso residencial y comercial<\/p>\r\n<strong><em>Horno de Pizza de Piedra Refractaria | La clave para una pizza perfecta<\/em><\/strong>","ficha_tecnica":4718,"manual_de_instrucciones":2658,"recomendaciones":4855,"dimensiones":"","alto":"55 cm","frente":"100 cm","base":"Refractario","peso":"135 kg","largo":"","ancho":"72 cm ","color":"Negro, rojo o gris","marca":"El chalet","eficiencia_calorica":"","potencia":"100,000 BTU","material":"Acero inoxidable y HR","tipo_de_combustible":"Gas natural | propano","alternativas_eficientes":"430 a 500\u00b0C"},"gallery_images":[4603,4604,4556,4553,476,4062,4064,4065,4066],"_links":{"self":[{"href":"https:\/\/chimeneaselchalet.com\/en\/wp-json\/wp\/v2\/product\/3647","targetHints":{"allow":["GET"]}}],"collection":[{"href":"https:\/\/chimeneaselchalet.com\/en\/wp-json\/wp\/v2\/product"}],"about":[{"href":"https:\/\/chimeneaselchalet.com\/en\/wp-json\/wp\/v2\/types\/product"}],"wp:featuredmedia":[{"embeddable":true,"href":"https:\/\/chimeneaselchalet.com\/en\/wp-json\/wp\/v2\/media\/4557"}],"wp:attachment":[{"href":"https:\/\/chimeneaselchalet.com\/en\/wp-json\/wp\/v2\/media?parent=3647"}],"wp:term":[{"taxonomy":"color","embeddable":true,"href":"https:\/\/chimeneaselchalet.com\/en\/wp-json\/wp\/v2\/color?post=3647"},{"taxonomy":"product_brand","embeddable":true,"href":"https:\/\/chimeneaselchalet.com\/en\/wp-json\/wp\/v2\/product_brand?post=3647"},{"taxonomy":"product_cat","embeddable":true,"href":"https:\/\/chimeneaselchalet.com\/en\/wp-json\/wp\/v2\/product_cat?post=3647"},{"taxonomy":"product_tag","embeddable":true,"href":"https:\/\/chimeneaselchalet.com\/en\/wp-json\/wp\/v2\/product_tag?post=3647"}],"curies":[{"name":"wp","href":"https:\/\/api.w.org\/{rel}","templated":true}]}}