{"id":3659,"date":"2024-07-07T18:50:11","date_gmt":"2024-07-07T23:50:11","guid":{"rendered":"https:\/\/chimeneaselchalet.com\/producto\/porta-lenos-el-chalet\/"},"modified":"2026-01-30T15:52:56","modified_gmt":"2026-01-30T20:52:56","slug":"porta-lenos-el-chalet","status":"publish","type":"product","link":"https:\/\/chimeneaselchalet.com\/en\/product\/porta-lenos-el-chalet\/","title":{"rendered":"Log holder for the chalet"},"content":{"rendered":"","protected":false},"excerpt":{"rendered":"<h1 class=\"product_title entry-title\">Porta le\u00f1os met\u00e1lico<\/h1>\n<div class=\"woocommerce-product-details__short-description\">\n<p><strong>Description:<\/strong> Porta le\u00f1os en color negro, elaborado en l\u00e1mina de acero CR, en color negro, pintura resistente a altas temperaturas.<\/p>\n<p><strong>Medidas:<\/strong> 33 cm alto x 35 fondo 35 fondo<\/p>\n<\/div>","protected":false},"featured_media":510,"template":"","meta":{"_acf_changed":false,"_seopress_robots_primary_cat":"none","_seopress_titles_title":"Compra Porta-le\u00f1os El Chalet - Estilo y Funcionalidad","_seopress_titles_desc":"Descubre el elegante Porta Le\u00f1os El Chalet, perfecto para organizar y a\u00f1adir estilo a tu hogar. \u00a1Cons\u00edguelo ahora!","_seopress_robots_index":""},"color":[],"product_brand":[],"product_cat":[21],"product_tag":[180,110,44,187,183,181,186,185,184,182,125],"class_list":{"0":"post-3659","1":"product","2":"type-product","3":"status-publish","4":"has-post-thumbnail","6":"product_cat-accesorios-para-chimeneas-de-lena","7":"product_tag-accesorios-chimenea","8":"product_tag-bogota","9":"product_tag-chimeneas-el-chalet","10":"product_tag-colombia","11":"product_tag-kit-herramientas","12":"product_tag-kit-para-chimenea","13":"product_tag-lena-bogota","14":"product_tag-lena-chimeneas","15":"product_tag-madera-chimeneas","16":"product_tag-parrilla-cenicero-chimenea","17":"product_tag-rejillas","19":"first","20":"instock","21":"taxable","22":"shipping-taxable","23":"purchasable","24":"product-type-simple"},"acf":{"descripcion":"<h2 data-start=\"166\" data-end=\"231\">\ud83d\udd25 Accesorios para chimeneas de le\u00f1a en Colombia | Porta le\u00f1os<\/h2>\r\n<p data-start=\"233\" data-end=\"468\">\u00a1<strong data-start=\"234\" data-end=\"303\">Los accesorios para chimeneas de le\u00f1a mejor cotizados en Colombia<\/strong>!<br data-start=\"304\" data-end=\"307\" \/>Aporta <strong data-start=\"314\" data-end=\"350\">orden, elegancia y funcionalidad<\/strong> a tu espacio con nuestro <strong data-start=\"376\" data-end=\"405\">porta le\u00f1os para chimenea<\/strong>, dise\u00f1ado para complementar tu hogar con estilo y durabilidad.<\/p>\r\n<p data-start=\"470\" data-end=\"822\">Fabricado en <strong data-start=\"483\" data-end=\"519\">l\u00e1mina de hierro de alta calidad<\/strong>, cuenta con un <strong data-start=\"535\" data-end=\"598\">acabado en color negro mate resistente a altas temperaturas<\/strong>, ideal para uso interior junto a la chimenea. Su <strong data-start=\"648\" data-end=\"670\">estructura robusta<\/strong> garantiza una larga vida \u00fatil, mientras que su <strong data-start=\"718\" data-end=\"751\">dise\u00f1o elegante y minimalista<\/strong> se adapta perfectamente a ambientes modernos, cl\u00e1sicos o industriales.<\/p>\r\n\r\n<h3 data-start=\"824\" data-end=\"851\">Beneficios principales:<\/h3>\r\n<ul data-start=\"852\" data-end=\"1090\">\r\n \t<li data-start=\"852\" data-end=\"892\">\r\n<p data-start=\"854\" data-end=\"892\">Porta le\u00f1os para <strong data-start=\"871\" data-end=\"892\">chimeneas de le\u00f1a<\/strong><\/p>\r\n<\/li>\r\n \t<li data-start=\"893\" data-end=\"929\">\r\n<p data-start=\"895\" data-end=\"929\">Fabricado en <strong data-start=\"908\" data-end=\"929\">hierro resistente<\/strong><\/p>\r\n<\/li>\r\n \t<li data-start=\"930\" data-end=\"970\">\r\n<p data-start=\"932\" data-end=\"970\">Acabado negro mate de alta temperatura<\/p>\r\n<\/li>\r\n \t<li data-start=\"971\" data-end=\"1021\">\r\n<p data-start=\"973\" data-end=\"1021\">Mantiene la le\u00f1a <strong data-start=\"990\" data-end=\"1021\">organizada y siempre a mano<\/strong><\/p>\r\n<\/li>\r\n \t<li data-start=\"1022\" data-end=\"1061\">\r\n<p data-start=\"1024\" data-end=\"1061\">Dise\u00f1o decorativo, sobrio y funcional<\/p>\r\n<\/li>\r\n \t<li data-start=\"1062\" data-end=\"1090\">\r\n<p data-start=\"1064\" data-end=\"1090\">Ideal para uso residencial<\/p>\r\n<\/li>\r\n<\/ul>\r\n<p data-start=\"1092\" data-end=\"1248\">Un accesorio imprescindible para quienes buscan <strong data-start=\"1140\" data-end=\"1173\">orden, est\u00e9tica y practicidad<\/strong>, elevando la experiencia del fuego con un detalle que marca la diferencia.<\/p>","ficha_tecnica":"","manual_de_instrucciones":"","recomendaciones":"","dimensiones":"","alto":"33 cm","frente":"35 cm","base":"","peso":"3,5 Kg","largo":"","ancho":"35 cm","color":"Negro","marca":"El chalet","eficiencia_calorica":"","potencia":"","material":"Acero","tipo_de_combustible":"Le\u00f1a","alternativas_eficientes":""},"gallery_images":[511,512],"_links":{"self":[{"href":"https:\/\/chimeneaselchalet.com\/en\/wp-json\/wp\/v2\/product\/3659","targetHints":{"allow":["GET"]}}],"collection":[{"href":"https:\/\/chimeneaselchalet.com\/en\/wp-json\/wp\/v2\/product"}],"about":[{"href":"https:\/\/chimeneaselchalet.com\/en\/wp-json\/wp\/v2\/types\/product"}],"wp:featuredmedia":[{"embeddable":true,"href":"https:\/\/chimeneaselchalet.com\/en\/wp-json\/wp\/v2\/media\/510"}],"wp:attachment":[{"href":"https:\/\/chimeneaselchalet.com\/en\/wp-json\/wp\/v2\/media?parent=3659"}],"wp:term":[{"taxonomy":"color","embeddable":true,"href":"https:\/\/chimeneaselchalet.com\/en\/wp-json\/wp\/v2\/color?post=3659"},{"taxonomy":"product_brand","embeddable":true,"href":"https:\/\/chimeneaselchalet.com\/en\/wp-json\/wp\/v2\/product_brand?post=3659"},{"taxonomy":"product_cat","embeddable":true,"href":"https:\/\/chimeneaselchalet.com\/en\/wp-json\/wp\/v2\/product_cat?post=3659"},{"taxonomy":"product_tag","embeddable":true,"href":"https:\/\/chimeneaselchalet.com\/en\/wp-json\/wp\/v2\/product_tag?post=3659"}],"curies":[{"name":"wp","href":"https:\/\/api.w.org\/{rel}","templated":true}]}}