{"id":3661,"date":"2024-07-07T18:50:00","date_gmt":"2024-07-07T23:50:00","guid":{"rendered":"https:\/\/chimeneaselchalet.com\/producto\/chimenea-para-esquinas\/"},"modified":"2026-01-29T12:55:07","modified_gmt":"2026-01-29T17:55:07","slug":"chimenea-de-bioetanol-para-esquinas","status":"publish","type":"product","link":"https:\/\/chimeneaselchalet.com\/en\/product\/chimenea-de-bioetanol-para-esquinas\/","title":{"rendered":"Bioethanol fireplace for corners"},"content":{"rendered":"","protected":false},"excerpt":{"rendered":"<p>Description: Ethanol fireplaces are a revolutionary concept that, due to the nature of the fuel, does not require ducts or external exhaust.<br \/>\nDue to the liquid state of bioethanol, it does not require a constant supply or connection, as it is retained by the burner in internal compartments. Thanks to these characteristics, it allows for easy installation, mobility and relocation.<br \/>\nFireplace made of iron with a high temperature resistant paint coating.<br \/>\nRod with lid to regulate flame height and bioethanol consumption.<br \/>\nDesign to be built into an existing fireplace<br \/>\nThe product includes: 1 gallon of bioethanol, 1 long nozzle lighter, 1 funnel, 1 steel rod to handle the choke lid, white marble decorative stone.<br \/>\nDue to the burner&#039;s absorption function, liquid cannot escape in the event of a tip-over, so safety is guaranteed at all times.<br \/>\nProduct manufactured in Colombia<\/p>\n<p>Thermal fiber for upper hood and support hook.<br \/>\nDecorative marble stone<\/p>\n<p><strong>Color:<\/strong> white, black<\/p>\n<p><strong>Heat efficiency:<\/strong> 5 kW<\/p>\n<p><strong>Dimensions:<\/strong> Corner of 60 x 60 and front of 70 cm<\/p>\n<p><strong>High:<\/strong>\u00a090cm<\/p>\n<p>Custom made manufacturing<\/p>\n<p><strong>Material:<\/strong>\u00a0CR Steel<\/p>\n<p><strong>Color:<\/strong>\u00a0black or white<\/p>\n<p>The price does not include installation.<\/p>\n<hr \/>\n<p style=\"text-align: center;\"><strong>Before using your bioethanol fireplace, please download and read the following information carefully.<\/strong><\/p>\n<hr \/>\n<p style=\"text-align: center;\"><span style=\"color: #ff0000;\"><strong>Instruction manual for bioethanol fireplaces<\/strong><\/span><\/p>\n<p style=\"text-align: center;\"><span style=\"color: #0000ff;\"><strong><a style=\"color: #0000ff;\" href=\"https:\/\/chimeneaselchalet.com\/wp-content\/uploads\/2023\/11\/2.-Manual-de-Instrucciones-Bioetanol-.pdf\">DOWNLOAD INSTRUCTION MANUAL<\/a><\/strong><\/span><\/p>\n<p style=\"text-align: center;\"><strong><span style=\"color: #ff0000;\">Bioethanol technical data sheet, fuel for bioethanol fireplaces<\/span><\/strong><\/p>\n<p style=\"text-align: center;\"><span style=\"color: #0000ff;\"><strong><a style=\"color: #0000ff;\" href=\"https:\/\/chimeneaselchalet.com\/wp-content\/uploads\/2023\/11\/5.-Ficha-Tecnica-Bioetanol.pdf\">DOWNLOAD BIOETHANOL TECHNICAL DATA SHEET<\/a><\/strong><\/span><\/p>\n<p style=\"text-align: center;\"><strong><span style=\"color: #ff0000;\">Tips before using the bioethanol fireplace<\/span><\/strong><\/p>\n<p style=\"text-align: center;\"><span style=\"color: #0000ff;\"><strong><a style=\"color: #0000ff;\" href=\"https:\/\/chimeneaselchalet.com\/wp-content\/uploads\/2023\/11\/4.-Sugerencia-al-Cliente.pdf\">DOWNLOAD BEFORE USE<\/a><\/strong><\/span><\/p>\n<hr \/>","protected":false},"featured_media":2967,"template":"","meta":{"_acf_changed":false,"_seopress_robots_primary_cat":"none","_seopress_titles_title":"Chimenea de Esquina: Estilo y Calor para Tu Hogar","_seopress_titles_desc":"Busca una chimenea de bioetanol que combine estilo y eficiencia? En Chimeneas el Chalet encontrar\u00e1s la chimenea perfecta para ti. Con un dise\u00f1o contempor\u00e1neo y ecol\u00f3gico, nuestras chimeneas te ofrecen el mejor de los mundos..","_seopress_robots_index":""},"color":[],"product_brand":[],"product_cat":[15,24],"product_tag":[197,195,199,190,153,134,194,44,154,191,192,193,196,161,160,198,159],"class_list":{"0":"post-3661","1":"product","2":"type-product","3":"status-publish","4":"has-post-thumbnail","6":"product_cat-chimeneas","7":"product_cat-chimeneas-bioetanol","8":"product_tag-bioetanol","9":"product_tag-bogota-chimeneas-de-bioetanol","10":"product_tag-calefaccion-con-bioetanol","11":"product_tag-chimeneas-de-bioetanol","12":"product_tag-chimeneas-de-diseno","13":"product_tag-chimeneas-ecologicas","14":"product_tag-chimeneas-economicas","15":"product_tag-chimeneas-el-chalet","16":"product_tag-chimeneas-modernas","17":"product_tag-chimeneas-portatiles","18":"product_tag-chimeneas-sin-instalacion","19":"product_tag-chimeneas-versatiles","20":"product_tag-comprar-chimeneas-de-bioetanol","21":"product_tag-decoracion-de-interiores","22":"product_tag-diseno-de-interiores","23":"product_tag-fuego-sin-humo","24":"product_tag-hogar-acogedor","26":"first","27":"instock","28":"taxable","29":"shipping-taxable","30":"purchasable","31":"product-type-simple"},"acf":{"descripcion":"<h3 data-start=\"206\" data-end=\"282\">\ud83d\udd25 Chimenea de esquina a etanol \u2013 dise\u00f1o moderno para optimizar espacios<\/h3>\r\n<p data-start=\"284\" data-end=\"632\">Aprovecha al m\u00e1ximo esos <strong data-start=\"309\" data-end=\"343\">rincones olvidados de tu hogar<\/strong> con esta <strong data-start=\"353\" data-end=\"385\">chimenea de esquina a etanol<\/strong>, dise\u00f1ada para aportar un <strong data-start=\"412\" data-end=\"444\">estilo moderno y sofisticado<\/strong> sin sacrificar funcionalidad. Su formato la convierte en la soluci\u00f3n ideal para espacios donde cada metro cuenta, transformando \u00e1reas desaprovechadas en puntos focales llenos de car\u00e1cter.<\/p>\r\n<p data-start=\"634\" data-end=\"942\">Funciona con <strong data-start=\"647\" data-end=\"660\">bioetanol<\/strong>, un combustible <strong data-start=\"677\" data-end=\"714\">limpio, biodegradable y ecol\u00f3gico<\/strong>, que <strong data-start=\"720\" data-end=\"750\">no produce humo ni cenizas<\/strong>, permitiendo disfrutar del fuego real sin ductos, sin olores y sin conexi\u00f3n a gas. El combustible se almacena directamente en el <strong data-start=\"880\" data-end=\"892\">quemador<\/strong>, eliminando la necesidad de suministro constante.<\/p>\r\n\r\n<h3 data-start=\"1122\" data-end=\"1150\">\ud83d\udce6 Kit completo incluido<\/h3>\r\n<p data-start=\"1151\" data-end=\"1234\">Recibe todo lo necesario para comenzar a disfrutar tu chimenea desde el primer d\u00eda:<\/p>\r\n\r\n<ul data-start=\"1235\" data-end=\"1444\">\r\n \t<li data-start=\"1235\" data-end=\"1261\">\r\n<p data-start=\"1237\" data-end=\"1261\"><strong data-start=\"1237\" data-end=\"1261\">\u00bd gal\u00f3n de bioetanol<\/strong><\/p>\r\n<\/li>\r\n \t<li data-start=\"1262\" data-end=\"1296\">\r\n<p data-start=\"1264\" data-end=\"1296\"><strong data-start=\"1264\" data-end=\"1296\">Encendedor de boquilla larga<\/strong><\/p>\r\n<\/li>\r\n \t<li data-start=\"1297\" data-end=\"1309\">\r\n<p data-start=\"1299\" data-end=\"1309\"><strong data-start=\"1299\" data-end=\"1309\">Embudo<\/strong><\/p>\r\n<\/li>\r\n \t<li data-start=\"1310\" data-end=\"1358\">\r\n<p data-start=\"1312\" data-end=\"1358\"><strong data-start=\"1312\" data-end=\"1338\">Vara con tapa de ahogo<\/strong> para apagado seguro<\/p>\r\n<\/li>\r\n \t<li data-start=\"1359\" data-end=\"1399\">\r\n<p data-start=\"1361\" data-end=\"1399\"><strong data-start=\"1361\" data-end=\"1399\">Piedra decorativa de m\u00e1rmol blanca<\/strong><\/p>\r\n<\/li>\r\n \t<li data-start=\"1400\" data-end=\"1444\">\r\n<p data-start=\"1402\" data-end=\"1444\"><strong data-start=\"1402\" data-end=\"1444\">Manual de instrucciones y precauciones<\/strong><\/p>\r\n<\/li>\r\n<\/ul>\r\n<h3 data-start=\"1446\" data-end=\"1499\">\ud83d\udd12 Uso responsable y recomendaciones de seguridad<\/h3>\r\n<p data-start=\"1500\" data-end=\"1866\">Antes de realizar la compra y utilizar esta chimenea, es <strong data-start=\"1557\" data-end=\"1641\">indispensable leer y comprender los manuales de uso, precauciones y advertencias<\/strong> incluidos.<br data-start=\"1652\" data-end=\"1655\" \/>Las <strong data-start=\"1659\" data-end=\"1751\">chimeneas de etanol requieren manipulaci\u00f3n directa del combustible por parte del usuario<\/strong>, por lo que se recomienda contar con <strong data-start=\"1789\" data-end=\"1812\">conocimiento previo<\/strong> y seguir estrictamente las indicaciones de seguridad.<\/p>\r\n<p data-start=\"1868\" data-end=\"2167\">El <strong data-start=\"1871\" data-end=\"1903\">uso inadecuado del bioetanol<\/strong>, del producto o la <strong data-start=\"1923\" data-end=\"1964\">omisi\u00f3n en la lectura de los manuales<\/strong> puede generar riesgos. <strong data-start=\"1988\" data-end=\"2166\">La empresa no se hace responsable por da\u00f1os, accidentes o fallas derivadas del mal manejo del combustible, del producto o del incumplimiento de las instrucciones de seguridad<\/strong>.<\/p>\r\n<p data-start=\"2169\" data-end=\"2364\">\u2728 Si buscas una <strong data-start=\"2185\" data-end=\"2229\">chimenea de esquina a etanol en Colombia<\/strong>, <strong data-start=\"2231\" data-end=\"2262\">limpia, port\u00e1til y sin humo<\/strong>, esta es la opci\u00f3n perfecta para disfrutar del fuego real con estilo, responsabilidad y tranquilidad.<\/p>","ficha_tecnica":2646,"manual_de_instrucciones":2644,"recomendaciones":2645,"dimensiones":"","alto":"90 cm","frente":"70 cm ","base":"","peso":"25 kg","largo":"70 cm","ancho":"38 cm","color":"Negro o blanco","marca":"El chalet","eficiencia_calorica":"25 m2","potencia":"6 Kw","material":"Estructura met\u00e1lica","tipo_de_combustible":"Bioetanol","alternativas_eficientes":""},"gallery_images":[3830],"_links":{"self":[{"href":"https:\/\/chimeneaselchalet.com\/en\/wp-json\/wp\/v2\/product\/3661","targetHints":{"allow":["GET"]}}],"collection":[{"href":"https:\/\/chimeneaselchalet.com\/en\/wp-json\/wp\/v2\/product"}],"about":[{"href":"https:\/\/chimeneaselchalet.com\/en\/wp-json\/wp\/v2\/types\/product"}],"wp:featuredmedia":[{"embeddable":true,"href":"https:\/\/chimeneaselchalet.com\/en\/wp-json\/wp\/v2\/media\/2967"}],"wp:attachment":[{"href":"https:\/\/chimeneaselchalet.com\/en\/wp-json\/wp\/v2\/media?parent=3661"}],"wp:term":[{"taxonomy":"color","embeddable":true,"href":"https:\/\/chimeneaselchalet.com\/en\/wp-json\/wp\/v2\/color?post=3661"},{"taxonomy":"product_brand","embeddable":true,"href":"https:\/\/chimeneaselchalet.com\/en\/wp-json\/wp\/v2\/product_brand?post=3661"},{"taxonomy":"product_cat","embeddable":true,"href":"https:\/\/chimeneaselchalet.com\/en\/wp-json\/wp\/v2\/product_cat?post=3661"},{"taxonomy":"product_tag","embeddable":true,"href":"https:\/\/chimeneaselchalet.com\/en\/wp-json\/wp\/v2\/product_tag?post=3661"}],"curies":[{"name":"wp","href":"https:\/\/api.w.org\/{rel}","templated":true}]}}