{"id":3662,"date":"2024-07-07T18:50:00","date_gmt":"2024-07-07T23:50:00","guid":{"rendered":"https:\/\/chimeneaselchalet.com\/producto\/3-lignum-330-kit-de-instalacion\/"},"modified":"2026-01-29T19:47:41","modified_gmt":"2026-01-30T00:47:41","slug":"lignum-330-kit-de-instalacion","status":"publish","type":"product","link":"https:\/\/chimeneaselchalet.com\/en\/product\/lignum-330-kit-de-instalacion\/","title":{"rendered":"Lignum 330 &amp; installation kit"},"content":{"rendered":"","protected":false},"excerpt":{"rendered":"<p><strong>Description:<\/strong> Su funcionamiento es sencillo, similar a las chimeneas de le\u00f1a tradicionales.<br \/>\n\u00danicamente tienes que abrir la puerta frontal e introducir le\u00f1os de madera en el hogar. La combusti\u00f3n (fuego) har\u00e1 el resto, y en pocos minutos tendr\u00e1s la estancia con la temperatura confort perfecta.<\/p>\n<p><strong>Brand:<\/strong> Lignum, made in Colombia<\/p>\n<p><strong>Heating Range:<\/strong> 100 \u2013 150 m3 (70-80 m2 en techo est\u00e1ndar de 2,5 m)<br \/>\nLa combusti\u00f3n es segura y limpia seg\u00fan Certificaciones EPA de emisiones de combusti\u00f3n.<\/p>\n<p><strong>Power:<\/strong> 10,5kw<br \/>\nVidrio Refractario alem\u00e1n para ver el fuego en la recamara y permitir una mejor transmisi\u00f3n de calor.<br \/>\nEncendido R\u00e1pido (entradas de ox\u00edgeno forzada controlables para avivar el fuego).<br \/>\nSistema Auto limpieza (cortina de aire paralela al vidrio que asegura una autolimpieza interna del vidrio).<br \/>\nLe\u00f1ero para guardar le\u00f1a.<br \/>\nincluye una pala met\u00e1lica para recoger ceniza<\/p>\n<p><strong>Weight:<\/strong> 38-40 kgs.<\/p>\n<p><strong>Dimensions:<\/strong><br \/>\n773 mm high x 441 mm wide x 491 cm deep<\/p>\n<p><strong>Material:<\/strong> Made of high strength iron of 4 mm, 2.5 mm<\/p>\n<p><strong>Color:<\/strong> matte black Charcoal<\/p>\n<p><strong>Fuel for use:<\/strong> firewood<\/p>\n<p><strong><u>Kit Includes:<\/u><\/strong><\/p>\n<p><em>2 stainless steel ducts of 120 cm and 15 cm diameter<\/em><\/p>\n<p><em>1 wind control cap<\/em><\/p>\n<p><em>1 pair of heat-resistant gloves<\/em><\/p>\n<p><em>1 ash shovel<\/em><\/p>\n<p><iframe loading=\"lazy\" title=\"YouTube video player\" src=\"https:\/\/www.youtube.com\/embed\/yvsL85KoCQM\" width=\"560\" height=\"315\" frameborder=\"0\" allowfullscreen=\"allowfullscreen\"><\/iframe><\/p>\n<hr \/>\n<p style=\"text-align: center;\"><strong>Before using your slow combustion fireplace, please download and carefully read the following information.<\/strong><\/p>\n<hr \/>\n<p style=\"text-align: center;\"><span style=\"color: #ff0000;\"><strong>Instruction manual for slow combustion fireplaces<\/strong><\/span><\/p>\n<p style=\"text-align: center;\"><span style=\"color: #0000ff;\"><strong><a style=\"color: #0000ff;\" href=\"https:\/\/chimeneaselchalet.com\/wp-content\/uploads\/2023\/12\/RECOMENDACIONES-INSTALACION-MANUAL-INSTRUCCION-CHIMENEAS-LIGNUM-1.pdf\"><br \/>\nDOWNLOAD INSTRUCTION MANUAL<\/a><\/strong><\/span><\/p>","protected":false},"featured_media":2976,"template":"","meta":{"_acf_changed":false,"_seopress_robots_primary_cat":"none","_seopress_titles_title":"Chimeneas de Le\u00f1a a la Medida | Calor y Dise\u00f1o, compra ahora","_seopress_titles_desc":"Descubre el calor y la elegancia de nuestras chimeneas de le\u00f1a de dise\u00f1o personalizado. Fabricadas con materiales de alta calidad, nuestras chimeneas son el complemento perfecto para cualquier hogar moderno. \u00a1Solicita un presupuesto hoy mismo y transforma tu espacio!","_seopress_robots_index":""},"color":[],"product_brand":[],"product_cat":[15,25],"product_tag":[135,139,132,131,134,133,44,137,140,136,138],"class_list":{"0":"post-3662","1":"product","2":"type-product","3":"status-publish","4":"has-post-thumbnail","6":"product_cat-chimeneas","7":"product_cat-chimeneas-de-lena-combustion-lenta","8":"product_tag-calefaccion-con-lena","9":"product_tag-chimenea-de-alta-eficiencia","10":"product_tag-chimeneas-de-doble-combustion","11":"product_tag-chimeneas-de-lena","12":"product_tag-chimeneas-ecologicas","13":"product_tag-chimeneas-eficientes","14":"product_tag-chimeneas-el-chalet","15":"product_tag-combustion-limpia","16":"product_tag-estufa-de-lena","17":"product_tag-hogares-a-lena","18":"product_tag-lena","20":"first","21":"instock","22":"taxable","23":"shipping-taxable","24":"purchasable","25":"product-type-simple"},"acf":{"descripcion":"<strong>\ud83d\udd25 Chimeneas Lignum doble combusti\u00f3n \u2013 elegancia, tradici\u00f3n y alto rendimiento<\/strong>\r\n\r\nLas chimeneas Lignum representan la perfecta uni\u00f3n entre elegancia y funcionalidad. Su funcionamiento con control de ox\u00edgeno en la recama de combusti\u00f3n, \u00a0permite un alto rendimiento t\u00e9rmico garantiza un calor acogedor y duradero.\r\n\r\nFabricadas con materiales de la m\u00e1s alta calidad, estas chimeneas est\u00e1n dise\u00f1adas para convertirse en una inversi\u00f3n a largo plazo. Disfruta del arte del fuego en su m\u00e1xima expresi\u00f3n, con una chimenea pensada para quienes valoran el dise\u00f1o y la calidad.\r\n\r\nEl <strong>hogar en ladrillo refractario<\/strong> y los <strong>vidrios cer\u00e1micos alemanes de alta resistencia<\/strong> proporcionan un <strong>calor radiante, uniforme y seguro<\/strong>, permiti\u00e9ndote disfrutar del fuego con total tranquilidad.\r\n\r\n<strong>Tu compra incluye:<\/strong>\r\n<ul>\r\n \t<li>2 ductos en acero inoxidable de 120 cm longitud y 15 cm di\u00e1metro<\/li>\r\n \t<li>1 gorro control de viento en acero inox.<\/li>\r\n \t<li>1 par de guantes resistentes a calor<\/li>\r\n \t<li>1 pala para recoger ceniza<\/li>\r\n \t<li>1 remate tipo cenefa de techo<\/li>\r\n<\/ul>\r\n\u2728 Una <strong>chimenea de combusti\u00f3n lenta de le\u00f1a moderna en Colombia<\/strong> que crea un ambiente <strong>acogedor, sofisticado y lleno de car\u00e1cter<\/strong>, ideal para quienes buscan confort, tradici\u00f3n y dise\u00f1o","ficha_tecnica":"","manual_de_instrucciones":2667,"recomendaciones":"","dimensiones":"","alto":"77,3 cm","frente":"44,1 cm","base":"","peso":"40 kg","largo":"","ancho":"49,1 cm","color":"Negro","marca":"El chalet","eficiencia_calorica":"70 - 80 m2","potencia":"10,5 kw","material":"Hierro HR ","tipo_de_combustible":"Le\u00f1a","alternativas_eficientes":""},"gallery_images":[525,526,527,227,228,260],"_links":{"self":[{"href":"https:\/\/chimeneaselchalet.com\/en\/wp-json\/wp\/v2\/product\/3662","targetHints":{"allow":["GET"]}}],"collection":[{"href":"https:\/\/chimeneaselchalet.com\/en\/wp-json\/wp\/v2\/product"}],"about":[{"href":"https:\/\/chimeneaselchalet.com\/en\/wp-json\/wp\/v2\/types\/product"}],"wp:featuredmedia":[{"embeddable":true,"href":"https:\/\/chimeneaselchalet.com\/en\/wp-json\/wp\/v2\/media\/2976"}],"wp:attachment":[{"href":"https:\/\/chimeneaselchalet.com\/en\/wp-json\/wp\/v2\/media?parent=3662"}],"wp:term":[{"taxonomy":"color","embeddable":true,"href":"https:\/\/chimeneaselchalet.com\/en\/wp-json\/wp\/v2\/color?post=3662"},{"taxonomy":"product_brand","embeddable":true,"href":"https:\/\/chimeneaselchalet.com\/en\/wp-json\/wp\/v2\/product_brand?post=3662"},{"taxonomy":"product_cat","embeddable":true,"href":"https:\/\/chimeneaselchalet.com\/en\/wp-json\/wp\/v2\/product_cat?post=3662"},{"taxonomy":"product_tag","embeddable":true,"href":"https:\/\/chimeneaselchalet.com\/en\/wp-json\/wp\/v2\/product_tag?post=3662"}],"curies":[{"name":"wp","href":"https:\/\/api.w.org\/{rel}","templated":true}]}}