{"id":3665,"date":"2024-07-07T18:50:12","date_gmt":"2024-07-07T23:50:12","guid":{"rendered":"https:\/\/chimeneaselchalet.com\/producto\/gorro-protector-lluvia-g-inox\/"},"modified":"2026-01-29T19:54:06","modified_gmt":"2026-01-30T00:54:06","slug":"gorro-protector-lluvia-g-inox","status":"publish","type":"product","link":"https:\/\/chimeneaselchalet.com\/en\/product\/gorro-protector-lluvia-g-inox\/","title":{"rendered":"G-inox rain protective cap"},"content":{"rendered":"","protected":false},"excerpt":{"rendered":"<p><strong>Description:<\/strong> Gorro protector de agua lluvia especialmente dise\u00f1ado para lugares muy h\u00famedos.<\/p>\n<p>Cuenta con un cilindro externo y una punta diamante central que permite la salida del humo con facilidad.<\/p>\n<p><strong>Dimensions<\/strong><\/p>\n<p><strong>High:<\/strong> 35cm<\/p>\n<p><strong>Di\u00e1metro:<\/strong> Cuello de uni\u00f3n: 15 cm<\/p>\n<p><strong>Material:<\/strong> Acero inoxidable con opci\u00f3n de acabado en negro.<\/p>\n<p>&nbsp;<\/p>","protected":false},"featured_media":533,"template":"","meta":{"_acf_changed":false,"_seopress_robots_primary_cat":"none","_seopress_titles_title":"Accesorios para Chimenea | Todo lo que necesitas para tu instalaci\u00f3n","_seopress_titles_desc":"Encuentra todos los accesorios que necesitas para instalar tu chimenea de le\u00f1a. Ofrecemos una amplia gama de ductos, gorros, semicodos y m\u00e1s, dise\u00f1ados para garantizar un funcionamiento seguro y eficiente. \u00a1Compra ahora y completa tu proyecto!","_seopress_robots_index":""},"color":[],"product_brand":[],"product_cat":[21,15,25,23],"product_tag":[135,139,132,131,134,133,44,137,140,136,138],"class_list":{"0":"post-3665","1":"product","2":"type-product","3":"status-publish","4":"has-post-thumbnail","6":"product_cat-accesorios-para-chimeneas-de-lena","7":"product_cat-chimeneas","8":"product_cat-chimeneas-de-lena-combustion-lenta","9":"product_cat-insumos-para-chimeneas","10":"product_tag-calefaccion-con-lena","11":"product_tag-chimenea-de-alta-eficiencia","12":"product_tag-chimeneas-de-doble-combustion","13":"product_tag-chimeneas-de-lena","14":"product_tag-chimeneas-ecologicas","15":"product_tag-chimeneas-eficientes","16":"product_tag-chimeneas-el-chalet","17":"product_tag-combustion-limpia","18":"product_tag-estufa-de-lena","19":"product_tag-hogares-a-lena","20":"product_tag-lena","22":"first","23":"instock","24":"taxable","25":"shipping-taxable","26":"purchasable","27":"product-type-simple"},"acf":{"descripcion":"<h2 data-start=\"117\" data-end=\"165\">\ud83c\udf27\ufe0f\ud83d\udd25 Gorro protector de lluvia para chimenea<\/h2>\r\n<p data-start=\"167\" data-end=\"347\">\u00a1<strong data-start=\"168\" data-end=\"197\">Lo mejor para tu chimenea<\/strong>! Nuestro <strong data-start=\"207\" data-end=\"236\">gorro protector de lluvia<\/strong> est\u00e1 dise\u00f1ado para brindar <strong data-start=\"264\" data-end=\"309\">m\u00e1xima protecci\u00f3n, seguridad y eficiencia<\/strong> en el sistema de evacuaci\u00f3n de humos.<\/p>\r\n<p data-start=\"349\" data-end=\"692\">Su <strong data-start=\"352\" data-end=\"393\">dise\u00f1o c\u00f3nico con punta tipo diamante<\/strong> favorece una <strong data-start=\"407\" data-end=\"437\">\u00f3ptima extracci\u00f3n del humo<\/strong>, mejora el tiraje natural y evita el ingreso de agua lluvia, hojas y humedad al ducto. Fabricado con una <strong data-start=\"543\" data-end=\"578\">estructura robusta y resistente<\/strong>, es ideal para prolongar la vida \u00fatil de tu chimenea y garantizar un funcionamiento confiable en cualquier clima.<\/p>\r\n\r\n<h3 data-start=\"694\" data-end=\"721\">Beneficios principales:<\/h3>\r\n<ul data-start=\"722\" data-end=\"999\">\r\n \t<li data-start=\"722\" data-end=\"778\">\r\n<p data-start=\"724\" data-end=\"778\">Protege el ducto contra <strong data-start=\"748\" data-end=\"778\">lluvia, humedad y suciedad<\/strong><\/p>\r\n<\/li>\r\n \t<li data-start=\"779\" data-end=\"826\">\r\n<p data-start=\"781\" data-end=\"826\">Mejora el <strong data-start=\"791\" data-end=\"826\">tiraje y la evacuaci\u00f3n de humos<\/strong><\/p>\r\n<\/li>\r\n \t<li data-start=\"827\" data-end=\"888\">\r\n<p data-start=\"829\" data-end=\"888\">Dise\u00f1o elegante que se integra a cualquier tipo de chimenea<\/p>\r\n<\/li>\r\n \t<li data-start=\"889\" data-end=\"944\">\r\n<p data-start=\"891\" data-end=\"944\">Material resistente para uso prolongado en exteriores<\/p>\r\n<\/li>\r\n \t<li data-start=\"945\" data-end=\"999\">\r\n<p data-start=\"947\" data-end=\"999\">Aporta <strong data-start=\"954\" data-end=\"982\">seguridad y tranquilidad<\/strong> en el uso diario<\/p>\r\n<\/li>\r\n<\/ul>\r\n<p data-start=\"1001\" data-end=\"1140\">Disfruta del fuego y la calidez de tu chimenea con la confianza de contar con un accesorio pensado para <strong data-start=\"1105\" data-end=\"1139\">cuidar tu inversi\u00f3n y tu hogar<\/strong>.<\/p>","ficha_tecnica":"","manual_de_instrucciones":"","recomendaciones":"","dimensiones":"","alto":"35 cm","frente":"","base":"15 cm","peso":"","largo":"","ancho":"","color":"Acero inoxidable o negro","marca":"El chalet","eficiencia_calorica":"","potencia":"","material":"Acero inoxidable","tipo_de_combustible":"Le\u00f1a o gas","alternativas_eficientes":""},"gallery_images":[534,535],"_links":{"self":[{"href":"https:\/\/chimeneaselchalet.com\/en\/wp-json\/wp\/v2\/product\/3665","targetHints":{"allow":["GET"]}}],"collection":[{"href":"https:\/\/chimeneaselchalet.com\/en\/wp-json\/wp\/v2\/product"}],"about":[{"href":"https:\/\/chimeneaselchalet.com\/en\/wp-json\/wp\/v2\/types\/product"}],"wp:featuredmedia":[{"embeddable":true,"href":"https:\/\/chimeneaselchalet.com\/en\/wp-json\/wp\/v2\/media\/533"}],"wp:attachment":[{"href":"https:\/\/chimeneaselchalet.com\/en\/wp-json\/wp\/v2\/media?parent=3665"}],"wp:term":[{"taxonomy":"color","embeddable":true,"href":"https:\/\/chimeneaselchalet.com\/en\/wp-json\/wp\/v2\/color?post=3665"},{"taxonomy":"product_brand","embeddable":true,"href":"https:\/\/chimeneaselchalet.com\/en\/wp-json\/wp\/v2\/product_brand?post=3665"},{"taxonomy":"product_cat","embeddable":true,"href":"https:\/\/chimeneaselchalet.com\/en\/wp-json\/wp\/v2\/product_cat?post=3665"},{"taxonomy":"product_tag","embeddable":true,"href":"https:\/\/chimeneaselchalet.com\/en\/wp-json\/wp\/v2\/product_tag?post=3665"}],"curies":[{"name":"wp","href":"https:\/\/api.w.org\/{rel}","templated":true}]}}