{"id":3668,"date":"2024-07-07T18:50:12","date_gmt":"2024-07-07T23:50:12","guid":{"rendered":"https:\/\/chimeneaselchalet.com\/producto\/esquinera-chimenea-de-gas\/"},"modified":"2026-04-17T15:20:30","modified_gmt":"2026-04-17T20:20:30","slug":"esquinera-chimenea-de-gas","status":"publish","type":"product","link":"https:\/\/chimeneaselchalet.com\/en\/product\/esquinera-chimenea-de-gas\/","title":{"rendered":"Corner gas fireplace"},"content":{"rendered":"","protected":false},"excerpt":{"rendered":"<div class=\"woocommerce-product-details__short-description\">\n<p><strong>Description:<\/strong><\/p>\n<p>Ideal para esquinas, ocupa muy poco espacio y es un elemento decorativo, lujoso y de confort.<\/p>\n<p>Internal tubular structure of 1 1\u20442\u201d x 1 1\u20442\u201d and 3\u20444\u201d x 3\u20444\u201d square tube in 16 gauge.<br \/>\nAprovechando esos lugares de la casa que suelen quedar olvidados por su forma especial<br \/>\nEscudo t\u00e9rmico para fondo de la chimenea en acero galvanizado y manto cer\u00e1mico para aislar el calor, terminaci\u00f3n en pintura de altas temperaturas color negro mate.<br \/>\nThermal fiber for upper hood and support hook.<br \/>\nStainless steel connectors and copper fittings.<br \/>\nQuemador importado en acero inoxidable tipo vent-free con Venturi interno que controla la premezcla de aire.<br \/>\nSafety Pilot System that prevents gas escape.<br \/>\nDecorative marble stone<\/p>\n<p><strong>Color:<\/strong>\u00a0blanca<\/p>\n<p><strong>Heat efficiency:<\/strong>\u00a07.5 kW<\/p>\n<p><strong>Dimensions:<\/strong>\u00a055 cm x 55 cm<\/p>\n<p><strong>Material:<\/strong>\u00a0Paredes met\u00e1licas.<\/p>\n<p><strong>Color:<\/strong>\u00a0white<\/p>\n<p><strong>Fuel for use:<\/strong>\u00a0Natural gas or propane gas (with cylinder)<\/p>\n<p><strong>Control:<\/strong> on-off and flame levels<\/p>\n<\/div>\n<hr \/>\n<p style=\"text-align: center;\"><strong>Antes de usar tu chimenea de gas, por favor descarga y lee cuidadosamente la siguiente Informaci\u00f3n<\/strong><\/p>\n<hr \/>\n<p style=\"text-align: center;\"><span style=\"color: #ff0000;\"><strong>Manual de instrucciones chimeneas de gas<\/strong><\/span><\/p>\n<p style=\"text-align: center;\"><span style=\"color: #0000ff;\"><strong><a style=\"color: #0000ff;\" href=\"https:\/\/chimeneaselchalet.com\/wp-content\/uploads\/2023\/12\/MANUAL-CHIMENEA-DE-GAS-IT-AVANZADA-2023.pdf\"><br \/>\nDOWNLOAD INSTRUCTION MANUAL<\/a><\/strong><\/span><\/p>\n<p style=\"text-align: center;\"><strong><span style=\"color: #ff0000;\">Ficha t\u00e9cnica chimenea de gas<\/span><\/strong><\/p>\n<p style=\"text-align: center;\"><span style=\"color: #0000ff;\"><strong><a style=\"color: #0000ff;\" href=\"https:\/\/chimeneaselchalet.com\/wp-content\/uploads\/2023\/12\/FICHA-TECNICA-ECO-BLUE-CHIMENEA-DE-GAS.pdf\">DESCARGA FICHA T\u00c9CNCA DE CHIMENEA DE GAS<\/a><\/strong><\/span><\/p>","protected":false},"featured_media":3483,"template":"","meta":{"_acf_changed":false,"_seopress_robots_primary_cat":"none","_seopress_titles_title":"Esquinera Chimenea de Gas: Estilo y Calidez en Casa","_seopress_titles_desc":"Descubre la elegancia de nuestra Esquinera Chimenea de Gas. Perfecta para calentar y decorar tu hogar con estilo. \u00a1Vis\u00edtanos!","_seopress_robots_index":""},"color":[],"product_brand":[],"product_cat":[15,20],"product_tag":[362,359,277,364,381,174,344,294,276,349,400,275,388,392,295,401,273,288,315,316,317,308,309,297,305,290,342,341,346,348,347,340,343,302,369,393,299,313,312,314,289,319,320,326,327,328,329,398,395,397,325,318,306,165,50,336,333,337,334,338,332,331,330,339,335,298,103,301,303,296,307,304,300,51,368,402,404,62,259,151,44,366,403,367,293,374,384,376,283,286,391,278,361,279,357,356,370,355,380,350,382,140,399,394,351,352,274,291,378,284,120,159,389,321,396,285,280,138,385,323,324,322,354,282,292,371,373,383,358,377,390,345,310,311,387,287,379,363,375,281,353,372,386,365,360],"class_list":{"0":"post-3668","1":"product","2":"type-product","3":"status-publish","4":"has-post-thumbnail","6":"product_cat-chimeneas","7":"product_cat-chimeneas-a-gas","8":"product_tag-acogedor","9":"product_tag-adaptable","10":"product_tag-ambiente","11":"product_tag-ambiente-relajante","12":"product_tag-autonomia","13":"product_tag-bajo-consumo","14":"product_tag-bioetanol-liquido","15":"product_tag-brasas","16":"product_tag-calefaccion","17":"product_tag-calefaccion-adicional","18":"product_tag-calle-93","19":"product_tag-calor","20":"product_tag-camara-de-combustion","21":"product_tag-cenicero-extraible","22":"product_tag-cenizas","23":"product_tag-chico-norte","24":"product_tag-chimenea","25":"product_tag-chimenea-a-gas","26":"product_tag-chimenea-a-gas-con-control-remoto","27":"product_tag-chimenea-a-gas-con-termostato","28":"product_tag-chimenea-a-gas-de-bajo-consumo","29":"product_tag-chimenea-a-gas-natural","30":"product_tag-chimenea-a-gas-propano","31":"product_tag-chimenea-clasica","32":"product_tag-chimenea-contemporanea","33":"product_tag-chimenea-de-bioetanol","34":"product_tag-chimenea-de-bioetanol-de-mesa","35":"product_tag-chimenea-de-bioetanol-de-pared","36":"product_tag-chimenea-de-bioetanol-ecologica","37":"product_tag-chimenea-de-bioetanol-moderna","38":"product_tag-chimenea-de-bioetanol-segura","39":"product_tag-chimenea-de-bioetanol-sin-instalacion","40":"product_tag-chimenea-de-bioetanol-suspendida","41":"product_tag-chimenea-de-diseno","42":"product_tag-chimenea-de-doble-combustion","43":"product_tag-chimenea-de-doble-combustion-de-alta-eficiencia","44":"product_tag-chimenea-de-esquina","45":"product_tag-chimenea-de-gas-de-pared","46":"product_tag-chimenea-de-gas-empotrada","47":"product_tag-chimenea-de-gas-suspendida","48":"product_tag-chimenea-de-lena","49":"product_tag-chimenea-de-lena-abierta","50":"product_tag-chimenea-de-lena-cerrada","51":"product_tag-chimenea-de-lena-con-pantalla","52":"product_tag-chimenea-de-lena-con-puerta-de-cristal","53":"product_tag-chimenea-de-lena-con-tiro-directo","54":"product_tag-chimenea-de-lena-con-tiro-forzado","55":"product_tag-chimenea-de-lena-de-hierro-fundido","56":"product_tag-chimenea-de-lena-ecologica","57":"product_tag-chimenea-de-lena-para-calefaccion-principal","58":"product_tag-chimenea-de-lena-rustica","59":"product_tag-chimenea-de-lena-tradicional","60":"product_tag-chimenea-de-obra","61":"product_tag-chimenea-de-pared","62":"product_tag-chimenea-electrica","63":"product_tag-chimenea-electrica-con-control-remoto","64":"product_tag-chimenea-electrica-con-efecto-de-llama","65":"product_tag-chimenea-electrica-con-temporizador","66":"product_tag-chimenea-electrica-con-termostato","67":"product_tag-chimenea-electrica-de-bajo-consumo","68":"product_tag-chimenea-electrica-de-esquina","69":"product_tag-chimenea-electrica-de-pared","70":"product_tag-chimenea-electrica-empotrada","71":"product_tag-chimenea-electrica-realista","72":"product_tag-chimenea-electrica-sin-instalacion","73":"product_tag-chimenea-empotrada","74":"product_tag-chimenea-exterior","75":"product_tag-chimenea-interior","76":"product_tag-chimenea-minimalista","77":"product_tag-chimenea-moderna","78":"product_tag-chimenea-prefabricada","79":"product_tag-chimenea-rustica","80":"product_tag-chimenea-suspendida","81":"product_tag-chimeneas-a-gas","82":"product_tag-chimeneas-baratas","83":"product_tag-chimeneas-bogota","84":"product_tag-chimeneas-cali","85":"product_tag-chimeneas-colgantes","86":"product_tag-chimeneas-de-colombia","87":"product_tag-chimeneas-de-techo","88":"product_tag-chimeneas-el-chalet","89":"product_tag-chimeneas-loft","90":"product_tag-chimeneas-medellin","91":"product_tag-chimeneas-tizon","92":"product_tag-chispa","93":"product_tag-clasico","94":"product_tag-co2","95":"product_tag-combustion-secundaria","96":"product_tag-comedor","97":"product_tag-confort","98":"product_tag-cristal-ceramico","99":"product_tag-decoracion","100":"product_tag-decorativo","101":"product_tag-diseno","102":"product_tag-diseno-clasico","103":"product_tag-diseno-moderno","104":"product_tag-doble-combustion","105":"product_tag-ecologico","106":"product_tag-eficiencia","107":"product_tag-eficiencia-energetica","108":"product_tag-emisiones-reducidas","109":"product_tag-estufa-de-lena","110":"product_tag-estufa-de-lena-con-regulador-de-tiro","111":"product_tag-estufa-de-lena-de-bajo-consumo","112":"product_tag-facil-instalacion","113":"product_tag-facil-mantenimiento","114":"product_tag-fuego","115":"product_tag-fuego-artificial","116":"product_tag-gases-de-combustion","117":"product_tag-habitacion","118":"product_tag-hogar","119":"product_tag-hogar-acogedor","120":"product_tag-hogar-de-fundicion","121":"product_tag-hogar-de-lena","122":"product_tag-hogar-de-lena-de-diseno-moderno","123":"product_tag-hogar-dulce-hogar","124":"product_tag-interiorismo","125":"product_tag-lena","126":"product_tag-lena-certificada","127":"product_tag-lena-de-encina","128":"product_tag-lena-de-roble","129":"product_tag-lena-seca","130":"product_tag-limpio","131":"product_tag-living","132":"product_tag-llama","133":"product_tag-madera","134":"product_tag-moderno","135":"product_tag-particulas","136":"product_tag-personalizable","137":"product_tag-postcombustion","138":"product_tag-puerta-de-cristal","139":"product_tag-quemador-de-bioetanol","140":"product_tag-quemador-de-gas","141":"product_tag-regulador-de-gas","142":"product_tag-regulador-de-tiro","143":"product_tag-relajacion","144":"product_tag-rendimiento","145":"product_tag-romantico","146":"product_tag-rustico","147":"product_tag-sala","148":"product_tag-seguro","149":"product_tag-sostenible","150":"product_tag-tiro","151":"product_tag-valorizacion-del-hogar","152":"product_tag-versatil","154":"first","155":"instock","156":"sale","157":"taxable","158":"shipping-taxable","159":"purchasable","160":"product-type-simple"},"acf":{"descripcion":"<h3 data-start=\"176\" data-end=\"250\">\ud83d\udd25 Chimenea de gas de esquina \u2013 dise\u00f1o moderno para optimizar espacios<\/h3>\r\n<p data-start=\"252\" data-end=\"463\">Aprovecha al m\u00e1ximo esos <strong data-start=\"277\" data-end=\"311\">rincones olvidados de tu hogar<\/strong> con esta <strong data-start=\"321\" data-end=\"351\">chimenea de gas de esquina<\/strong>, dise\u00f1ada para transformar espacios y aportar un <strong data-start=\"401\" data-end=\"433\">estilo moderno y sofisticado<\/strong> sin sacrificar funcionalidad.<\/p>\r\nFabricada con estructura de acero de alta calidad, ofrece durabilidad y estabilidad a largo plazo.\r\n\r\nCuenta con un quemador importado de acero inoxidable tipo vent-free, con sistema Venturi interno, que garantiza una combusti\u00f3n limpia, eficiente y sin humo. Disfruta de llamas realistas, sin cenizas y con bajo mantenimiento, ideales para el uso diario.\r\n\r\nIncluye piedra decorativa de m\u00e1rmol, un detalle que eleva el nivel est\u00e9tico y aporta un acabado sofisticado.\r\n\r\n\u2728 Una chimenea de gas en Colombia que combina calor eficiente, dise\u00f1o moderno y seguridad, perfecta para crear espacios acogedores y llenos de estilo durante todo el a\u00f1o.\r\n<ul>\r\n \t<li>Uso: Interior<\/li>\r\n \t<li>Estructura: Acero de alta calidad<\/li>\r\n \t<li>Acabado: Pintura negra mate de alta temperatura<\/li>\r\n \t<li>Quemador: Importado en acero inoxidable tipo vent-free<\/li>\r\n \t<li>Sistema de combusti\u00f3n: Venturi interno para combusti\u00f3n limpia y eficiente<\/li>\r\n \t<li>Seguridad: Piloto de seguridad anti-escape de gas<\/li>\r\n \t<li>Incluye: Control remoto, mangueras, piedra decorativa y soporte para instalar.<\/li>\r\n \t<li>No incluye: instalaci\u00f3n, transporte.<\/li>\r\n<\/ul>","ficha_tecnica":2656,"manual_de_instrucciones":2659,"recomendaciones":"","dimensiones":"","alto":"80 cm","frente":"80 a 90 cm","base":"","peso":"22 kg","largo":"","ancho":"45 cm","color":"Negro, blanco o envejecido","marca":"El chalet","eficiencia_calorica":"60 m2","potencia":"7,5 Kw","material":"Estructura met\u00e1lica","tipo_de_combustible":"Gas","alternativas_eficientes":""},"gallery_images":[3830,684],"_links":{"self":[{"href":"https:\/\/chimeneaselchalet.com\/en\/wp-json\/wp\/v2\/product\/3668","targetHints":{"allow":["GET"]}}],"collection":[{"href":"https:\/\/chimeneaselchalet.com\/en\/wp-json\/wp\/v2\/product"}],"about":[{"href":"https:\/\/chimeneaselchalet.com\/en\/wp-json\/wp\/v2\/types\/product"}],"wp:featuredmedia":[{"embeddable":true,"href":"https:\/\/chimeneaselchalet.com\/en\/wp-json\/wp\/v2\/media\/3483"}],"wp:attachment":[{"href":"https:\/\/chimeneaselchalet.com\/en\/wp-json\/wp\/v2\/media?parent=3668"}],"wp:term":[{"taxonomy":"color","embeddable":true,"href":"https:\/\/chimeneaselchalet.com\/en\/wp-json\/wp\/v2\/color?post=3668"},{"taxonomy":"product_brand","embeddable":true,"href":"https:\/\/chimeneaselchalet.com\/en\/wp-json\/wp\/v2\/product_brand?post=3668"},{"taxonomy":"product_cat","embeddable":true,"href":"https:\/\/chimeneaselchalet.com\/en\/wp-json\/wp\/v2\/product_cat?post=3668"},{"taxonomy":"product_tag","embeddable":true,"href":"https:\/\/chimeneaselchalet.com\/en\/wp-json\/wp\/v2\/product_tag?post=3668"}],"curies":[{"name":"wp","href":"https:\/\/api.w.org\/{rel}","templated":true}]}}