{"id":3669,"date":"2024-07-07T18:50:12","date_gmt":"2024-07-07T23:50:12","guid":{"rendered":"https:\/\/chimeneaselchalet.com\/producto\/barril-asador-ahumador-el-chalet\/"},"modified":"2026-01-30T16:14:58","modified_gmt":"2026-01-30T21:14:58","slug":"barril-asador-ahumador-el-chalet","status":"publish","type":"product","link":"https:\/\/chimeneaselchalet.com\/en\/product\/barril-asador-ahumador-el-chalet\/","title":{"rendered":"Barril asador 8 lb ahumador el chalet"},"content":{"rendered":"","protected":false},"excerpt":{"rendered":"<p><strong>Description:<\/strong><br \/>\nBarril ahumador para asados, elaborado en una linda forma hexagonal, dise\u00f1o exclusivo de chimeneas el Chalet.<\/p>\n<p><strong>Calibre:<\/strong><br \/>\nA diferencia de la mayor\u00eda de barriles, el nuestro est\u00e1 fabricado en l\u00e1mina de acero inoxidable calibre 18, de alta resistencia y durabilidad.<\/p>\n<p><strong>Dimensions:<\/strong><br \/>\nAlto: 70 cm Fondo x ancho: 50cm x 50cm<\/p>\n<p><strong>Material:<\/strong><br \/>\nElaborado en acero inoxidable. La parrilla carbonera es elaborada en acero HR de alta resistencia.<\/p>\n<p><strong>Accesorios:<\/strong><br \/>\n10 ganchos<\/p>\n<p>2 ganchos largos para manipular la carne<\/p>\n<p>1 parrilla superior para asado tradicional<\/p>\n<p>1 term\u00f3metro<\/p>\n<p>1 destapador incorporado<\/p>\n<p><iframe loading=\"lazy\" title=\"YouTube video player\" src=\"https:\/\/www.youtube.com\/embed\/mDiqvfuXkcs\" width=\"560\" height=\"315\" frameborder=\"0\" allowfullscreen=\"allowfullscreen\"><\/iframe><\/p>","protected":false},"featured_media":3075,"template":"","meta":{"_acf_changed":false,"_seopress_robots_primary_cat":"none","_seopress_titles_title":"Barril Ahumador El Chalet - Asados Perfectos","_seopress_titles_desc":"Descubre el Barril Asador Ahumador El Chalet para una cocina \u00fanica al aire libre. \u00a1Perfecto para asados y ahumados! Compra ahora y eleva tus barbacoas.","_seopress_robots_index":""},"color":[],"product_brand":[],"product_cat":[18,28,17],"product_tag":[215,214,216,78,207,90,204,203,237,85,230,248,222,208,86,84,32,236,239,241,240,269,210,244,246,245,263,242,259,44,213,206,235,228,268,270,265,225,256,261,267,254,224,271,257,262,212,264,229,232,234,233,272,202,238,243,205,231,249,223,209,255,226,253,266,211,247,250,252,251,258,260,221,227],"class_list":{"0":"post-3669","1":"product","2":"type-product","3":"status-publish","4":"has-post-thumbnail","6":"product_cat-asadores-hornos-plancha-bbq","7":"product_cat-descuentos","8":"product_cat-hornos-de-pizza","9":"product_tag-accesorios-para-parrilla-de-acero-inoxidable","10":"product_tag-asador-a-gas-portatil","11":"product_tag-parrilla-electrica-para-interior","12":"product_tag-accesorios-para-parrilla","13":"product_tag-asado","14":"product_tag-asador","15":"product_tag-asador-a-carbon","16":"product_tag-asador-a-gas","17":"product_tag-asador-broil-king","18":"product_tag-asador-carbon","19":"product_tag-asador-napoleon","20":"product_tag-asador-verona","21":"product_tag-asador-weber","22":"product_tag-barbacoa","23":"product_tag-barril-acero","24":"product_tag-barril-ahumador","25":"product_tag-bbq","26":"product_tag-broil-king","27":"product_tag-broil-king-argentina","28":"product_tag-broil-king-imperial","29":"product_tag-broil-king-premium","30":"product_tag-broil-master","31":"product_tag-carne-a-la-parrilla","32":"product_tag-char-broil-argentina","33":"product_tag-char-broil-carbon","34":"product_tag-char-broil-gas","35":"product_tag-char-broil","36":"product_tag-char-broil-asador-char-broil","37":"product_tag-chimeneas-de-colombia","38":"product_tag-chimeneas-el-chalet","39":"product_tag-cocinar-a-fuego-lento","40":"product_tag-cocinar-al-aire-libre","41":"product_tag-comprar-napoleon","42":"product_tag-comprar-weber","43":"product_tag-cuisinart","44":"product_tag-ducasse","45":"product_tag-garcima","46":"product_tag-genesis-weber","47":"product_tag-green-egg","48":"product_tag-humo-barriles","49":"product_tag-inoxhome","50":"product_tag-kamado-joe","51":"product_tag-kettle-weber","52":"product_tag-landmann","53":"product_tag-lynx","54":"product_tag-mano-bbq","55":"product_tag-marinar","56":"product_tag-mr-beef","57":"product_tag-napoleon","58":"product_tag-napoleon-argentina","59":"product_tag-napoleon-carbon","60":"product_tag-napoleon-gas","61":"product_tag-ozark-trail","62":"product_tag-parrilla","63":"product_tag-parrilla-broil-king","64":"product_tag-parrilla-char-broil","65":"product_tag-parrilla-electrica","66":"product_tag-parrilla-napoleon","67":"product_tag-parrilla-verona","68":"product_tag-parrilla-weber","69":"product_tag-parrillada","70":"product_tag-pit-boss","71":"product_tag-spirit-weber","72":"product_tag-traeger","73":"product_tag-tramontina","74":"product_tag-verduras-a-la-parrilla","75":"product_tag-verona","76":"product_tag-verona-argentina","77":"product_tag-verona-carbon","78":"product_tag-verona-gas","79":"product_tag-viking","80":"product_tag-volcano","81":"product_tag-weber","82":"product_tag-weber-argentina","84":"first","85":"instock","86":"sale","87":"taxable","88":"shipping-taxable","89":"purchasable","90":"product-type-simple"},"acf":{"descripcion":"<h2 data-start=\"156\" data-end=\"214\">\ud83d\udd25 Barril ahumador | BBQ premium para asados y ahumados<\/h2>\r\n<p data-start=\"216\" data-end=\"513\">\u00a1<strong data-start=\"217\" data-end=\"249\">Disfruta de asados perfectos<\/strong> y lleva tu experiencia parrillera al siguiente nivel con nuestro <strong data-start=\"315\" data-end=\"334\">barril ahumador<\/strong> de <strong data-start=\"338\" data-end=\"361\">Chimeneas el Chalet<\/strong>! Dise\u00f1ado para los verdaderos amantes del asado, este equipo te permite lograr <strong data-start=\"441\" data-end=\"472\">sabores intensos y ahumados<\/strong>, conservando la jugosidad de cada corte.<\/p>\r\n<p data-start=\"515\" data-end=\"760\">Fabricado en <strong data-start=\"528\" data-end=\"559\">acero inoxidable calibre 18<\/strong>, ofrece <strong data-start=\"568\" data-end=\"636\">alta resistencia, excelente retenci\u00f3n de calor y larga vida \u00fatil<\/strong>. Su <strong data-start=\"641\" data-end=\"670\">forma hexagonal exclusiva<\/strong> favorece una <strong data-start=\"684\" data-end=\"704\">cocci\u00f3n uniforme<\/strong>, optimizando el flujo de calor y el proceso de ahumado.<\/p>\r\n\r\n\r\n<hr data-start=\"762\" data-end=\"765\" \/>\r\n\r\n<h2 data-start=\"767\" data-end=\"805\">\u2b50 Todo incluido para empezar a asar<\/h2>\r\n<p data-start=\"807\" data-end=\"869\">Recibe un <strong data-start=\"817\" data-end=\"833\">kit completo<\/strong> para disfrutar desde el primer d\u00eda:<\/p>\r\n\r\n<ul data-start=\"871\" data-end=\"1152\">\r\n \t<li data-start=\"871\" data-end=\"908\">\r\n<p data-start=\"873\" data-end=\"908\">10 <strong data-start=\"876\" data-end=\"887\">ganchos<\/strong> para colgar carnes<\/p>\r\n<\/li>\r\n \t<li data-start=\"909\" data-end=\"958\">\r\n<p data-start=\"911\" data-end=\"958\">2 <strong data-start=\"913\" data-end=\"931\">ganchos largos<\/strong> para manipulaci\u00f3n segura<\/p>\r\n<\/li>\r\n \t<li data-start=\"959\" data-end=\"1009\">\r\n<p data-start=\"961\" data-end=\"1009\">1 <strong data-start=\"963\" data-end=\"984\">parrilla superior<\/strong> para asado tradicional<\/p>\r\n<\/li>\r\n \t<li data-start=\"1010\" data-end=\"1076\">\r\n<p data-start=\"1012\" data-end=\"1076\">1 <strong data-start=\"1014\" data-end=\"1038\">term\u00f3metro integrado<\/strong> para control preciso de temperatura<\/p>\r\n<\/li>\r\n \t<li data-start=\"1077\" data-end=\"1152\">\r\n<p data-start=\"1079\" data-end=\"1152\">1 <strong data-start=\"1081\" data-end=\"1107\">destapador incorporado<\/strong>, pensado para disfrutar sin interrupciones<\/p>\r\n<\/li>\r\n<\/ul>\r\n\r\n<hr data-start=\"1154\" data-end=\"1157\" \/>\r\n\r\n<h2 data-start=\"1159\" data-end=\"1192\">\ud83d\udd25 Caracter\u00edsticas destacadas:<\/h2>\r\n<ul data-start=\"1193\" data-end=\"1428\">\r\n \t<li data-start=\"1193\" data-end=\"1231\">\r\n<p data-start=\"1195\" data-end=\"1231\">Barril ahumador para carnes y asados<\/p>\r\n<\/li>\r\n \t<li data-start=\"1232\" data-end=\"1280\">\r\n<p data-start=\"1234\" data-end=\"1280\">Fabricaci\u00f3n en <strong data-start=\"1249\" data-end=\"1280\">acero inoxidable calibre 18<\/strong><\/p>\r\n<\/li>\r\n \t<li data-start=\"1281\" data-end=\"1321\">\r\n<p data-start=\"1283\" data-end=\"1321\">Dise\u00f1o hexagonal para cocci\u00f3n uniforme<\/p>\r\n<\/li>\r\n \t<li data-start=\"1322\" data-end=\"1374\">\r\n<p data-start=\"1324\" data-end=\"1374\">Ideal para ahumados, asados y parrilla tradicional<\/p>\r\n<\/li>\r\n \t<li data-start=\"1375\" data-end=\"1389\">\r\n<p data-start=\"1377\" data-end=\"1389\">Uso exterior<\/p>\r\n<\/li>\r\n \t<li data-start=\"1390\" data-end=\"1428\">\r\n<p data-start=\"1392\" data-end=\"1428\">Dise\u00f1o robusto, elegante y funcional<\/p>\r\n<\/li>\r\n<\/ul>\r\n<p data-start=\"1430\" data-end=\"1615\">Este <strong data-start=\"1435\" data-end=\"1465\">BBQ de Chimeneas el Chalet<\/strong> es mucho m\u00e1s que un ahumador: es una <strong data-start=\"1503\" data-end=\"1562\">inversi\u00f3n en sabor, tradici\u00f3n y experiencias memorables<\/strong>, perfecta para quienes viven la parrilla con pasi\u00f3n.<\/p>","ficha_tecnica":"","manual_de_instrucciones":"","recomendaciones":"","dimensiones":"","alto":"70 cm","frente":"","base":"","peso":"","largo":"50 cm","ancho":"50 cm","color":"Acero inoxidable","marca":"El chalet","eficiencia_calorica":"","potencia":"8 lb de capacidad","material":"Acero inoxidable","tipo_de_combustible":"Carb\u00f3n","alternativas_eficientes":""},"gallery_images":[540,541,543,544,542],"_links":{"self":[{"href":"https:\/\/chimeneaselchalet.com\/en\/wp-json\/wp\/v2\/product\/3669","targetHints":{"allow":["GET"]}}],"collection":[{"href":"https:\/\/chimeneaselchalet.com\/en\/wp-json\/wp\/v2\/product"}],"about":[{"href":"https:\/\/chimeneaselchalet.com\/en\/wp-json\/wp\/v2\/types\/product"}],"wp:featuredmedia":[{"embeddable":true,"href":"https:\/\/chimeneaselchalet.com\/en\/wp-json\/wp\/v2\/media\/3075"}],"wp:attachment":[{"href":"https:\/\/chimeneaselchalet.com\/en\/wp-json\/wp\/v2\/media?parent=3669"}],"wp:term":[{"taxonomy":"color","embeddable":true,"href":"https:\/\/chimeneaselchalet.com\/en\/wp-json\/wp\/v2\/color?post=3669"},{"taxonomy":"product_brand","embeddable":true,"href":"https:\/\/chimeneaselchalet.com\/en\/wp-json\/wp\/v2\/product_brand?post=3669"},{"taxonomy":"product_cat","embeddable":true,"href":"https:\/\/chimeneaselchalet.com\/en\/wp-json\/wp\/v2\/product_cat?post=3669"},{"taxonomy":"product_tag","embeddable":true,"href":"https:\/\/chimeneaselchalet.com\/en\/wp-json\/wp\/v2\/product_tag?post=3669"}],"curies":[{"name":"wp","href":"https:\/\/api.w.org\/{rel}","templated":true}]}}