{"id":3678,"date":"2024-07-07T18:50:13","date_gmt":"2024-07-07T23:50:13","guid":{"rendered":"https:\/\/chimeneaselchalet.com\/producto\/chimenea-colgante-eko-floor-en-descuento\/"},"modified":"2025-09-01T09:11:54","modified_gmt":"2025-09-01T14:11:54","slug":"chimenea-colgante-eko-floor-en-descuento","status":"publish","type":"product","link":"https:\/\/chimeneaselchalet.com\/en\/product\/chimenea-colgante-eko-floor-en-descuento\/","title":{"rendered":"Eko floor hanging fireplace on discount"},"content":{"rendered":"","protected":false},"excerpt":{"rendered":"<p>Chimenea colgante ref eko floor, para uso con gas de control remoto<\/p>\n<p>Elaborada en hierro color negro mate, esta chimenea estuvo exhibida en nuestro punto de venta y por cambio de vitrina, se est\u00e1 dando un precio especial<\/p>\n<p>Requiere conexi\u00f3n de gas a piso, muy f\u00e1cil de instalar, funciona con control remoto<\/p>\n<p>1 unidad de medidas: Di\u00e1metro: 80 cm x 2,60 alto<\/p>\n<p>color negro mate, la chimenea est\u00e1 intacta y lista para usar.<\/p>\n<p>Ideal para espacios dos ambientes<\/p>\n<p>No transporte, ni instalaci\u00f3n<\/p>\n<p>GARANT\u00cdA: 3 meses.<\/p>\n<p>Aprovecha \u00fanica unidad. Si tienes dudas, escr\u00edbenos.<\/p>","protected":false},"featured_media":573,"template":"","meta":{"_acf_changed":false,"_seopress_robots_primary_cat":"none","_seopress_titles_title":"\u00a1Oferta \u00danica! Chimenea Eko Floor Colgante en Descuento","_seopress_titles_desc":"\u00a1Aprovecha el descuento en nuestras elegantes Chimeneas Colgantes Eko Floor! Dise\u00f1o moderno y env\u00edo r\u00e1pido. Compra ya y realza tu espacio.","_seopress_robots_index":""},"color":[],"product_brand":[],"product_cat":[28],"product_tag":[],"class_list":{"0":"post-3678","1":"product","2":"type-product","3":"status-publish","4":"has-post-thumbnail","6":"product_cat-descuentos","8":"first","9":"outofstock","10":"sale","11":"featured","12":"taxable","13":"shipping-taxable","14":"purchasable","15":"product-type-simple"},"acf":{"descripcion":"","ficha_tecnica":null,"manual_de_instrucciones":"","recomendaciones":"","dimensiones":"","alto":"260 cm","frente":"","base":"80 cm","peso":"65 kg","largo":"","ancho":"80 cm","color":"Negro","marca":"El chalet","eficiencia_calorica":"60 m2","potencia":"10,5 Kw","material":"Acero","tipo_de_combustible":"Gas","alternativas_eficientes":""},"gallery_images":[573],"_links":{"self":[{"href":"https:\/\/chimeneaselchalet.com\/en\/wp-json\/wp\/v2\/product\/3678","targetHints":{"allow":["GET"]}}],"collection":[{"href":"https:\/\/chimeneaselchalet.com\/en\/wp-json\/wp\/v2\/product"}],"about":[{"href":"https:\/\/chimeneaselchalet.com\/en\/wp-json\/wp\/v2\/types\/product"}],"wp:featuredmedia":[{"embeddable":true,"href":"https:\/\/chimeneaselchalet.com\/en\/wp-json\/wp\/v2\/media\/573"}],"wp:attachment":[{"href":"https:\/\/chimeneaselchalet.com\/en\/wp-json\/wp\/v2\/media?parent=3678"}],"wp:term":[{"taxonomy":"color","embeddable":true,"href":"https:\/\/chimeneaselchalet.com\/en\/wp-json\/wp\/v2\/color?post=3678"},{"taxonomy":"product_brand","embeddable":true,"href":"https:\/\/chimeneaselchalet.com\/en\/wp-json\/wp\/v2\/product_brand?post=3678"},{"taxonomy":"product_cat","embeddable":true,"href":"https:\/\/chimeneaselchalet.com\/en\/wp-json\/wp\/v2\/product_cat?post=3678"},{"taxonomy":"product_tag","embeddable":true,"href":"https:\/\/chimeneaselchalet.com\/en\/wp-json\/wp\/v2\/product_tag?post=3678"}],"curies":[{"name":"wp","href":"https:\/\/api.w.org\/{rel}","templated":true}]}}