{"id":3679,"date":"2024-07-07T18:50:13","date_gmt":"2024-07-07T23:50:13","guid":{"rendered":"https:\/\/chimeneaselchalet.com\/producto\/asador-bbq-de-empotrar-deluxe-304\/"},"modified":"2026-03-30T12:12:07","modified_gmt":"2026-03-30T17:12:07","slug":"asador-bbq-de-empotrar-deluxe-304","status":"publish","type":"product","link":"https:\/\/chimeneaselchalet.com\/en\/product\/asador-bbq-de-empotrar-deluxe-304\/","title":{"rendered":"Asador bbq gas de empotrar deluxe 304"},"content":{"rendered":"","protected":false},"excerpt":{"rendered":"<p><strong>Description:<\/strong><br \/>\nBBQ asador de gas fabricado en acero 100% inoxidable AISI 304 japones con 4 quemadores independientes.<br \/>\nUn quemador infra-rojo rostizador<br \/>\nlos quemadores son en fundici\u00f3n de acero lo que garantiza una duraci\u00f3n de m\u00e1s de 5 a\u00f1os en climas extremos.<br \/>\nLuz interna e indicador led en cada perilla cuando el quemador est\u00e1 encendido.<br \/>\nParrilla de carne redonda en acero inoxidable de 5 mm<br \/>\nAshtray to collect food waste.<br \/>\nInternal elevated auxiliary grill<br \/>\nRejillas de control de calor con Briquetas de cer\u00e1mica que mejoran el rendimiento y distribuyen el calor uniformemente en toda la superficie.<br \/>\nEach burner has an electric piezo that emits a spark and helps ignition.<br \/>\nTerm\u00f3metro para medir temperatura en la parrilla.<\/p>\n<p>Limited time gift:<br \/>\nRotisserie with motor and shaft to make chicken or rodicio-type meat.<\/p>\n<p><strong>Dimensions:<\/strong><br \/>\n82 cm x 60 cm<br \/>\nAlto: 45 cm<\/p>\n<p><strong>Material:<\/strong><br \/>\nEl asador es fabricado en acero inoxidable AISI 304<\/p>\n<p><strong>Color:<\/strong><br \/>\nPlata<\/p>\n<p><strong>Fuel for use:<\/strong><br \/>\nGas natural o gas propano (con cilindro).<br \/>\n<iframe loading=\"lazy\" title=\"YouTube video player\" src=\"https:\/\/www.youtube.com\/embed\/e1qIlwWeD0Q\" width=\"560\" height=\"315\" frameborder=\"0\" allowfullscreen=\"allowfullscreen\"><\/iframe><\/p>\n<hr \/>\n<p style=\"text-align: center;\"><strong>Antes de usar tu Asador de gas, por favor descarga y lee cuidadosamente la siguiente Informaci\u00f3n<\/strong><\/p>\n<hr \/>\n<p style=\"text-align: center;\"><span style=\"color: #ff0000;\"><strong>Manual de instrucciones Asador de gas<\/strong><\/span><\/p>\n<p style=\"text-align: center;\"><span style=\"color: #0000ff;\"><strong><a style=\"color: #0000ff;\" href=\"https:\/\/chimeneaselchalet.com\/wp-content\/uploads\/2023\/12\/MANUAL-INSTRUCCIONES-Y-RECOMENDACIONES-BBQ-ANDALUCIA-2023.pdf\"><br \/>\nDOWNLOAD INSTRUCTION MANUAL<\/a><\/strong><\/span><\/p>\n<p style=\"text-align: center;\"><strong><span style=\"color: #ff0000;\">Ficha t\u00e9cnica Asador de gas<\/span><\/strong><\/p>\n<p style=\"text-align: center;\"><span style=\"color: #0000ff;\"><strong><a style=\"color: #0000ff;\" href=\"https:\/\/chimeneaselchalet.com\/wp-content\/uploads\/2023\/12\/FICHA-TECNICA-BBQ-DELUXE-EMPOTRAR-CHIMENEAS-EL-CHALET.pdf\">DESCARGA FICHA T\u00c9CNICA DE ASADOR DE GAS<\/a><\/strong><\/span><\/p>","protected":false},"featured_media":575,"template":"","meta":{"_acf_changed":false,"_seopress_robots_primary_cat":"none","_seopress_titles_title":"Disfruta de Asados Perfectos con Nuestro Asador de Gas Empotrable Deluxe","_seopress_titles_desc":"Combina estilo y funcionalidad con nuestro asador de gas empotrable. Su dise\u00f1o elegante y su construcci\u00f3n en acero inoxidable lo convierten en el complemento perfecto para cualquier espacio exterior.","_seopress_robots_index":""},"color":[],"product_brand":[],"product_cat":[18],"product_tag":[215,214,216,78,207,90,204,203,237,80,79,230,248,222,208,84,32,236,239,241,240,269,210,244,246,245,263,242,259,44,81,213,206,235,228,268,270,265,225,256,261,267,254,224,271,257,262,212,264,229,232,234,233,272,202,238,243,205,231,249,223,209,255,226,253,266,211,247,250,252,251,258,260,221,227],"class_list":{"0":"post-3679","1":"product","2":"type-product","3":"status-publish","4":"has-post-thumbnail","6":"product_cat-asadores-hornos-plancha-bbq","7":"product_tag-accesorios-para-parrilla-de-acero-inoxidable","8":"product_tag-asador-a-gas-portatil","9":"product_tag-parrilla-electrica-para-interior","10":"product_tag-accesorios-para-parrilla","11":"product_tag-asado","12":"product_tag-asador","13":"product_tag-asador-a-carbon","14":"product_tag-asador-a-gas","15":"product_tag-asador-broil-king","16":"product_tag-asador-de-empotrar","17":"product_tag-asador-de-gas","18":"product_tag-asador-napoleon","19":"product_tag-asador-verona","20":"product_tag-asador-weber","21":"product_tag-barbacoa","22":"product_tag-barril-ahumador","23":"product_tag-bbq","24":"product_tag-broil-king","25":"product_tag-broil-king-argentina","26":"product_tag-broil-king-imperial","27":"product_tag-broil-king-premium","28":"product_tag-broil-master","29":"product_tag-carne-a-la-parrilla","30":"product_tag-char-broil-argentina","31":"product_tag-char-broil-carbon","32":"product_tag-char-broil-gas","33":"product_tag-char-broil","34":"product_tag-char-broil-asador-char-broil","35":"product_tag-chimeneas-de-colombia","36":"product_tag-chimeneas-el-chalet","37":"product_tag-cocina-al-aire-libre","38":"product_tag-cocinar-a-fuego-lento","39":"product_tag-cocinar-al-aire-libre","40":"product_tag-comprar-napoleon","41":"product_tag-comprar-weber","42":"product_tag-cuisinart","43":"product_tag-ducasse","44":"product_tag-garcima","45":"product_tag-genesis-weber","46":"product_tag-green-egg","47":"product_tag-humo-barriles","48":"product_tag-inoxhome","49":"product_tag-kamado-joe","50":"product_tag-kettle-weber","51":"product_tag-landmann","52":"product_tag-lynx","53":"product_tag-mano-bbq","54":"product_tag-marinar","55":"product_tag-mr-beef","56":"product_tag-napoleon","57":"product_tag-napoleon-argentina","58":"product_tag-napoleon-carbon","59":"product_tag-napoleon-gas","60":"product_tag-ozark-trail","61":"product_tag-parrilla","62":"product_tag-parrilla-broil-king","63":"product_tag-parrilla-char-broil","64":"product_tag-parrilla-electrica","65":"product_tag-parrilla-napoleon","66":"product_tag-parrilla-verona","67":"product_tag-parrilla-weber","68":"product_tag-parrillada","69":"product_tag-pit-boss","70":"product_tag-spirit-weber","71":"product_tag-traeger","72":"product_tag-tramontina","73":"product_tag-verduras-a-la-parrilla","74":"product_tag-verona","75":"product_tag-verona-argentina","76":"product_tag-verona-carbon","77":"product_tag-verona-gas","78":"product_tag-viking","79":"product_tag-volcano","80":"product_tag-weber","81":"product_tag-weber-argentina","83":"first","84":"instock","85":"taxable","86":"shipping-taxable","87":"purchasable","88":"product-type-simple"},"acf":{"descripcion":"<h2 data-start=\"139\" data-end=\"210\">\ud83d\udd25 Asador de Gas Empotrable Deluxe | Alto desempe\u00f1o y dise\u00f1o premium<\/h2>\r\n<p data-start=\"212\" data-end=\"456\">\u00a1<strong data-start=\"213\" data-end=\"245\">Disfruta de asados perfectos<\/strong> con nuestro <strong data-start=\"258\" data-end=\"293\">Asador de Gas Empotrable Deluxe<\/strong> de <strong data-start=\"297\" data-end=\"320\">Chimeneas el Chalet<\/strong>, creado para los <strong data-start=\"338\" data-end=\"378\">amantes de la parrilla m\u00e1s exigentes<\/strong> que buscan rendimiento profesional, tecnolog\u00eda y elegancia en un solo equipo.<\/p>\r\n<p data-start=\"458\" data-end=\"748\">Este BBQ ofrece una <strong data-start=\"478\" data-end=\"516\">experiencia de cocci\u00f3n inigualable<\/strong>, gracias a sus <strong data-start=\"532\" data-end=\"580\">4 quemadores independientes en acero fundido<\/strong>, una <strong data-start=\"586\" data-end=\"630\">parrilla en acero inoxidable 304 de 5 mm<\/strong> y un <strong data-start=\"636\" data-end=\"673\">quemador infrarrojo para rostizar<\/strong>, ideal para lograr carnes jugosas, dorados perfectos y cocciones precisas.<\/p>\r\n<p data-start=\"750\" data-end=\"940\">Fabricado completamente en <strong data-start=\"777\" data-end=\"827\">acero inoxidable AISI 304 de grado alimenticio<\/strong>, garantiza <strong data-start=\"839\" data-end=\"906\">m\u00e1xima durabilidad, resistencia a la corrosi\u00f3n y f\u00e1cil limpieza<\/strong>, incluso en ambientes exteriores.<\/p>\r\n\r\n<h3 data-start=\"942\" data-end=\"975\">\u2b50 Caracter\u00edsticas destacadas:<\/h3>\r\n<ul data-start=\"976\" data-end=\"1424\">\r\n \t<li data-start=\"976\" data-end=\"1013\">\r\n<p data-start=\"978\" data-end=\"1013\"><strong data-start=\"978\" data-end=\"1013\">Asador de gas empotrable Deluxe<\/strong><\/p>\r\n<\/li>\r\n \t<li data-start=\"1014\" data-end=\"1064\">\r\n<p data-start=\"1016\" data-end=\"1064\"><strong data-start=\"1016\" data-end=\"1047\">4 quemadores independientes<\/strong> en acero fundido<\/p>\r\n<\/li>\r\n \t<li data-start=\"1065\" data-end=\"1111\">\r\n<p data-start=\"1067\" data-end=\"1111\">Parrillas en <strong data-start=\"1080\" data-end=\"1111\">acero inoxidable 304 (5 mm)<\/strong><\/p>\r\n<\/li>\r\n \t<li data-start=\"1112\" data-end=\"1152\">\r\n<p data-start=\"1114\" data-end=\"1152\"><strong data-start=\"1114\" data-end=\"1137\">Quemador infrarrojo<\/strong> para rostizado<\/p>\r\n<\/li>\r\n \t<li data-start=\"1153\" data-end=\"1211\">\r\n<p data-start=\"1155\" data-end=\"1211\"><strong data-start=\"1155\" data-end=\"1211\">Rejillas de control de calor con briquetas cer\u00e1micas<\/strong><\/p>\r\n<\/li>\r\n \t<li data-start=\"1212\" data-end=\"1249\">\r\n<p data-start=\"1214\" data-end=\"1249\"><strong data-start=\"1214\" data-end=\"1238\">Term\u00f3metro integrado<\/strong> en la tapa<\/p>\r\n<\/li>\r\n \t<li data-start=\"1250\" data-end=\"1324\">\r\n<p data-start=\"1252\" data-end=\"1324\"><strong data-start=\"1252\" data-end=\"1276\">Iluminaci\u00f3n interior<\/strong> para cocinar con precisi\u00f3n en cualquier momento<\/p>\r\n<\/li>\r\n \t<li data-start=\"1325\" data-end=\"1370\">\r\n<p data-start=\"1327\" data-end=\"1370\"><strong data-start=\"1327\" data-end=\"1357\">Perillas con indicador LED<\/strong> de encendido<\/p>\r\n<\/li>\r\n \t<li data-start=\"1371\" data-end=\"1424\">\r\n<p data-start=\"1373\" data-end=\"1424\">Dise\u00f1o elegante y moderno para espacios BBQ premium<\/p>\r\n<\/li>\r\n<\/ul>\r\n<h3 data-start=\"1426\" data-end=\"1451\">\ud83c\udf81 Promoci\u00f3n especial<\/h3>\r\n<p data-start=\"1452\" data-end=\"1615\">\u00a1<strong data-start=\"1453\" data-end=\"1476\">Por tiempo limitado<\/strong>! Adquiere este BBQ y recibe <strong data-start=\"1505\" data-end=\"1537\">GRATIS un pr\u00e1ctico rostizero<\/strong>, ideal para preparar pollos y cortes especiales con resultados profesionales.<\/p>\r\n<p data-start=\"1617\" data-end=\"1808\">Con su dise\u00f1o sofisticado, tecnolog\u00eda avanzada y alto desempe\u00f1o, este <strong data-start=\"1687\" data-end=\"1717\">BBQ de Chimeneas el Chalet<\/strong> es una <strong data-start=\"1725\" data-end=\"1750\">inversi\u00f3n inteligente<\/strong> para quienes buscan llevar la parrilla al m\u00e1s alto nivel.<\/p>","ficha_tecnica":4700,"manual_de_instrucciones":4475,"recomendaciones":"","dimensiones":"","alto":"45 cm","frente":"82 cm","base":"","peso":"38 kg","largo":"","ancho":"60 cm","color":"Acero inoxidable","marca":"El chalet","eficiencia_calorica":"Incluye briquetas refractarias","potencia":"21.75 Kw","material":"Acero inoxidable AISI 304","tipo_de_combustible":"Gas natural o gas propano","alternativas_eficientes":"Requiere 110V"},"gallery_images":[578,576,577,464,4525],"_links":{"self":[{"href":"https:\/\/chimeneaselchalet.com\/en\/wp-json\/wp\/v2\/product\/3679","targetHints":{"allow":["GET"]}}],"collection":[{"href":"https:\/\/chimeneaselchalet.com\/en\/wp-json\/wp\/v2\/product"}],"about":[{"href":"https:\/\/chimeneaselchalet.com\/en\/wp-json\/wp\/v2\/types\/product"}],"wp:featuredmedia":[{"embeddable":true,"href":"https:\/\/chimeneaselchalet.com\/en\/wp-json\/wp\/v2\/media\/575"}],"wp:attachment":[{"href":"https:\/\/chimeneaselchalet.com\/en\/wp-json\/wp\/v2\/media?parent=3679"}],"wp:term":[{"taxonomy":"color","embeddable":true,"href":"https:\/\/chimeneaselchalet.com\/en\/wp-json\/wp\/v2\/color?post=3679"},{"taxonomy":"product_brand","embeddable":true,"href":"https:\/\/chimeneaselchalet.com\/en\/wp-json\/wp\/v2\/product_brand?post=3679"},{"taxonomy":"product_cat","embeddable":true,"href":"https:\/\/chimeneaselchalet.com\/en\/wp-json\/wp\/v2\/product_cat?post=3679"},{"taxonomy":"product_tag","embeddable":true,"href":"https:\/\/chimeneaselchalet.com\/en\/wp-json\/wp\/v2\/product_tag?post=3679"}],"curies":[{"name":"wp","href":"https:\/\/api.w.org\/{rel}","templated":true}]}}