{"id":3682,"date":"2024-07-07T18:50:16","date_gmt":"2024-07-07T23:50:16","guid":{"rendered":"https:\/\/chimeneaselchalet.com\/producto\/motor-giratorio-y-eje-para-bbq-de-gas-rodizio\/"},"modified":"2026-03-07T11:45:59","modified_gmt":"2026-03-07T16:45:59","slug":"motor-giratorio-y-eje-para-bbq-de-gas-rodizio","status":"publish","type":"product","link":"https:\/\/chimeneaselchalet.com\/en\/product\/motor-giratorio-y-eje-para-bbq-de-gas-rodizio\/","title":{"rendered":"Spiedo Motor giratorio y eje para bbq de gas &#8211; rodizio"},"content":{"rendered":"","protected":false},"excerpt":{"rendered":"<p><strong>Description<\/strong><br \/>\n&#8211; Motor 110V de giro lento para asadores de gas<br \/>\n&#8211; Incluye un eje en acero inoxidable de 75 cm<br \/>\n&#8211; Dos garras para sostener los alimentos<br \/>\n&#8211; Soportes para sostener el motor<br \/>\n<strong>Opciones:<\/strong><br \/>\nElaborado en acero inoxidable<\/p>","protected":false},"featured_media":586,"template":"","meta":{"_acf_changed":false,"_seopress_robots_primary_cat":"none","_seopress_titles_title":"Motor Giratorio BBQ: \u00a1Transforma tu Asado!","_seopress_titles_desc":"Descubre nuestro motor giratorio y eje para BBQ de gas Rodizio, ideal para asados perfectos. \u00a1Vis\u00edtanos y mejora tu experiencia culinaria!","_seopress_robots_index":""},"color":[],"product_brand":[],"product_cat":[18,28,17],"product_tag":[215,214,216,78,207,219,220,90,204,203,88,237,230,248,222,208,84,32,236,239,241,240,269,210,244,246,245,263,242,259,213,206,235,228,268,270,265,225,256,261,267,254,224,271,257,262,212,264,229,232,234,233,272,202,238,243,205,231,249,223,209,255,218,226,253,266,211,247,250,252,251,258,260,221,227],"class_list":{"0":"post-3682","1":"product","2":"type-product","3":"status-publish","4":"has-post-thumbnail","6":"product_cat-asadores-hornos-plancha-bbq","7":"product_cat-descuentos","8":"product_cat-hornos-de-pizza","9":"product_tag-accesorios-para-parrilla-de-acero-inoxidable","10":"product_tag-asador-a-gas-portatil","11":"product_tag-parrilla-electrica-para-interior","12":"product_tag-accesorios-para-parrilla","13":"product_tag-asado","14":"product_tag-asado-argentino","15":"product_tag-asado-lena","16":"product_tag-asador","17":"product_tag-asador-a-carbon","18":"product_tag-asador-a-gas","19":"product_tag-asador-argentino","20":"product_tag-asador-broil-king","21":"product_tag-asador-napoleon","22":"product_tag-asador-verona","23":"product_tag-asador-weber","24":"product_tag-barbacoa","25":"product_tag-barril-ahumador","26":"product_tag-bbq","27":"product_tag-broil-king","28":"product_tag-broil-king-argentina","29":"product_tag-broil-king-imperial","30":"product_tag-broil-king-premium","31":"product_tag-broil-master","32":"product_tag-carne-a-la-parrilla","33":"product_tag-char-broil-argentina","34":"product_tag-char-broil-carbon","35":"product_tag-char-broil-gas","36":"product_tag-char-broil","37":"product_tag-char-broil-asador-char-broil","38":"product_tag-chimeneas-de-colombia","39":"product_tag-cocinar-a-fuego-lento","40":"product_tag-cocinar-al-aire-libre","41":"product_tag-comprar-napoleon","42":"product_tag-comprar-weber","43":"product_tag-cuisinart","44":"product_tag-ducasse","45":"product_tag-garcima","46":"product_tag-genesis-weber","47":"product_tag-green-egg","48":"product_tag-humo-barriles","49":"product_tag-inoxhome","50":"product_tag-kamado-joe","51":"product_tag-kettle-weber","52":"product_tag-landmann","53":"product_tag-lynx","54":"product_tag-mano-bbq","55":"product_tag-marinar","56":"product_tag-mr-beef","57":"product_tag-napoleon","58":"product_tag-napoleon-argentina","59":"product_tag-napoleon-carbon","60":"product_tag-napoleon-gas","61":"product_tag-ozark-trail","62":"product_tag-parrilla","63":"product_tag-parrilla-broil-king","64":"product_tag-parrilla-char-broil","65":"product_tag-parrilla-electrica","66":"product_tag-parrilla-napoleon","67":"product_tag-parrilla-verona","68":"product_tag-parrilla-weber","69":"product_tag-parrillada","70":"product_tag-pit-boss","71":"product_tag-quincho","72":"product_tag-spirit-weber","73":"product_tag-traeger","74":"product_tag-tramontina","75":"product_tag-verduras-a-la-parrilla","76":"product_tag-verona","77":"product_tag-verona-argentina","78":"product_tag-verona-carbon","79":"product_tag-verona-gas","80":"product_tag-viking","81":"product_tag-volcano","82":"product_tag-weber","83":"product_tag-weber-argentina","85":"first","86":"instock","87":"taxable","88":"shipping-taxable","89":"purchasable","90":"product-type-simple"},"acf":{"descripcion":"<h2 data-start=\"124\" data-end=\"199\">\ud83d\udd25 Motor Giratorio para Asador | Cocci\u00f3n Uniforme y Resultados Perfectos<\/h2>\r\n<p data-start=\"201\" data-end=\"437\">Experimenta la <strong data-start=\"216\" data-end=\"244\">cocci\u00f3n lenta y uniforme<\/strong> que solo un <strong data-start=\"257\" data-end=\"276\">motor giratorio<\/strong> puede ofrecer. Nuestro <strong data-start=\"300\" data-end=\"314\">motor 110V<\/strong> est\u00e1 dise\u00f1ado para garantizar un giro constante y estable, logrando carnes jugosas, doradas y cocidas de manera homog\u00e9nea.<\/p>\r\n<p data-start=\"439\" data-end=\"629\">Cuenta con <strong data-start=\"450\" data-end=\"477\">eje en acero inoxidable<\/strong> y <strong data-start=\"480\" data-end=\"501\">garras vers\u00e1tiles<\/strong>, lo que te permite asar una amplia variedad de alimentos como pollos, carnes, costillas y m\u00e1s, con total seguridad y precisi\u00f3n.<\/p>\r\n\r\n<h3 data-start=\"631\" data-end=\"664\">\u2b50 Caracter\u00edsticas destacadas:<\/h3>\r\n<ul data-start=\"665\" data-end=\"833\">\r\n \t<li data-start=\"665\" data-end=\"691\">\r\n<p data-start=\"667\" data-end=\"691\">Motor giratorio <strong data-start=\"683\" data-end=\"691\">110V<\/strong><\/p>\r\n<\/li>\r\n \t<li data-start=\"692\" data-end=\"731\">\r\n<p data-start=\"694\" data-end=\"731\">Eje fabricado en <strong data-start=\"711\" data-end=\"731\">acero inoxidable<\/strong><\/p>\r\n<\/li>\r\n \t<li data-start=\"732\" data-end=\"764\">\r\n<p data-start=\"734\" data-end=\"764\">Garras ajustables y vers\u00e1tiles<\/p>\r\n<\/li>\r\n \t<li data-start=\"765\" data-end=\"807\">\r\n<p data-start=\"767\" data-end=\"807\">Giro constante para una cocci\u00f3n uniforme<\/p>\r\n<\/li>\r\n \t<li data-start=\"808\" data-end=\"833\">\r\n<p data-start=\"810\" data-end=\"833\">F\u00e1cil instalaci\u00f3n y uso<\/p>\r\n<\/li>\r\n<\/ul>\r\n<h3 data-start=\"835\" data-end=\"857\">\ud83d\udccf Compatibilidad:<\/h3>\r\n<ul data-start=\"858\" data-end=\"900\">\r\n \t<li data-start=\"858\" data-end=\"900\">\r\n<p data-start=\"860\" data-end=\"900\">Ideal para <strong data-start=\"871\" data-end=\"900\">asadores de 70 cm a 80 cm<\/strong><\/p>\r\n<\/li>\r\n<\/ul>\r\n<p data-start=\"902\" data-end=\"1021\">El complemento perfecto para llevar tus asados al siguiente nivel con la calidad y respaldo de <strong data-start=\"997\" data-end=\"1020\">Chimeneas el Chalet<\/strong>.<\/p>","ficha_tecnica":"","manual_de_instrucciones":"","recomendaciones":"","dimensiones":"","alto":"","frente":"","base":"","peso":"","largo":"75 cm","ancho":"","color":"","marca":"El chalet","eficiencia_calorica":"","potencia":"","material":"Acero inoxidable","tipo_de_combustible":"","alternativas_eficientes":""},"gallery_images":[464],"_links":{"self":[{"href":"https:\/\/chimeneaselchalet.com\/en\/wp-json\/wp\/v2\/product\/3682","targetHints":{"allow":["GET"]}}],"collection":[{"href":"https:\/\/chimeneaselchalet.com\/en\/wp-json\/wp\/v2\/product"}],"about":[{"href":"https:\/\/chimeneaselchalet.com\/en\/wp-json\/wp\/v2\/types\/product"}],"wp:featuredmedia":[{"embeddable":true,"href":"https:\/\/chimeneaselchalet.com\/en\/wp-json\/wp\/v2\/media\/586"}],"wp:attachment":[{"href":"https:\/\/chimeneaselchalet.com\/en\/wp-json\/wp\/v2\/media?parent=3682"}],"wp:term":[{"taxonomy":"color","embeddable":true,"href":"https:\/\/chimeneaselchalet.com\/en\/wp-json\/wp\/v2\/color?post=3682"},{"taxonomy":"product_brand","embeddable":true,"href":"https:\/\/chimeneaselchalet.com\/en\/wp-json\/wp\/v2\/product_brand?post=3682"},{"taxonomy":"product_cat","embeddable":true,"href":"https:\/\/chimeneaselchalet.com\/en\/wp-json\/wp\/v2\/product_cat?post=3682"},{"taxonomy":"product_tag","embeddable":true,"href":"https:\/\/chimeneaselchalet.com\/en\/wp-json\/wp\/v2\/product_tag?post=3682"}],"curies":[{"name":"wp","href":"https:\/\/api.w.org\/{rel}","templated":true}]}}