{"id":3683,"date":"2024-07-07T18:50:16","date_gmt":"2024-07-07T23:50:16","guid":{"rendered":"https:\/\/chimeneaselchalet.com\/producto\/1-lignum-glamping-kit-de-instalacion\/"},"modified":"2026-04-07T09:09:12","modified_gmt":"2026-04-07T14:09:12","slug":"lignum-glamping","status":"publish","type":"product","link":"https:\/\/chimeneaselchalet.com\/en\/product\/lignum-glamping\/","title":{"rendered":"Lignum glamping &amp; installation kit"},"content":{"rendered":"","protected":false},"excerpt":{"rendered":"","protected":false},"featured_media":5032,"template":"","meta":{"_acf_changed":false,"_seopress_robots_primary_cat":"none","_seopress_titles_title":"Chimeneas de Le\u00f1a a la Medida | Calor y Dise\u00f1o, compra ahora!","_seopress_titles_desc":"Descubre el calor y la elegancia de nuestras chimeneas de le\u00f1a de dise\u00f1o personalizado. Fabricadas con materiales de alta calidad, nuestras chimeneas son el complemento perfecto para cualquier hogar moderno. \u00a1Solicita un presupuesto hoy mismo y transforma tu espacio!","_seopress_robots_index":""},"color":[],"product_brand":[],"product_cat":[15,25],"product_tag":[135,139,132,131,134,133,44,45,137,140,136,138],"class_list":{"0":"post-3683","1":"product","2":"type-product","3":"status-publish","4":"has-post-thumbnail","6":"product_cat-chimeneas","7":"product_cat-chimeneas-de-lena-combustion-lenta","8":"product_tag-calefaccion-con-lena","9":"product_tag-chimenea-de-alta-eficiencia","10":"product_tag-chimeneas-de-doble-combustion","11":"product_tag-chimeneas-de-lena","12":"product_tag-chimeneas-ecologicas","13":"product_tag-chimeneas-eficientes","14":"product_tag-chimeneas-el-chalet","15":"product_tag-chimeneas-lena","16":"product_tag-combustion-limpia","17":"product_tag-estufa-de-lena","18":"product_tag-hogares-a-lena","19":"product_tag-lena","21":"first","22":"instock","23":"taxable","24":"shipping-taxable","25":"purchasable","26":"product-type-simple"},"acf":{"descripcion":"<strong>\ud83d\udd25 Chimeneas Lignum doble combusti\u00f3n \u2013 elegancia, tradici\u00f3n y alto rendimiento<\/strong>\r\n\r\nLas chimeneas Lignum representan la perfecta uni\u00f3n entre elegancia y funcionalidad. Su funcionamiento con control de ox\u00edgeno en la recama de combusti\u00f3n, \u00a0permite un alto rendimiento t\u00e9rmico garantiza un calor acogedor y duradero.\r\n\r\nFabricadas con materiales de la m\u00e1s alta calidad, estas chimeneas est\u00e1n dise\u00f1adas para convertirse en una inversi\u00f3n a largo plazo. Disfruta del arte del fuego en su m\u00e1xima expresi\u00f3n, con una chimenea pensada para quienes valoran el dise\u00f1o y la calidad.\r\n\r\nEl <strong>hogar en ladrillo refractario<\/strong> y los <strong>vidrios cer\u00e1micos alemanes de alta resistencia<\/strong> proporcionan un <strong>calor radiante, uniforme y seguro<\/strong>, permiti\u00e9ndote disfrutar del fuego con total tranquilidad.\r\n\r\n<strong>Tu compra incluye:<\/strong>\r\n<ul>\r\n \t<li>2 ductos en acero inoxidable de 120 cm longitud y 15 cm di\u00e1metro<\/li>\r\n \t<li>1 gorro control de viento en acero inox.<\/li>\r\n \t<li>1 par de guantes resistentes a calor<\/li>\r\n \t<li>1 pala para recoger ceniza<\/li>\r\n \t<li>1 remate tipo cenefa de techo<\/li>\r\n<\/ul>\r\n\u2728 Una <strong>chimenea de combusti\u00f3n lenta de le\u00f1a moderna en Colombia<\/strong> que crea un ambiente <strong>acogedor, sofisticado y lleno de car\u00e1cter<\/strong>, ideal para quienes buscan confort, tradici\u00f3n y dise\u00f1o","ficha_tecnica":589,"manual_de_instrucciones":2666,"recomendaciones":"","dimensiones":"","alto":"68 cm","frente":"41 cm","base":"","peso":"30 kg","largo":"","ancho":"46 cm","color":"Negro","marca":"El chalet","eficiencia_calorica":"40 a 60 m2","potencia":"6.5 kw","material":"Hierro HR ","tipo_de_combustible":"Le\u00f1a","alternativas_eficientes":""},"gallery_images":[589,591,590,227,228,5032],"_links":{"self":[{"href":"https:\/\/chimeneaselchalet.com\/en\/wp-json\/wp\/v2\/product\/3683","targetHints":{"allow":["GET"]}}],"collection":[{"href":"https:\/\/chimeneaselchalet.com\/en\/wp-json\/wp\/v2\/product"}],"about":[{"href":"https:\/\/chimeneaselchalet.com\/en\/wp-json\/wp\/v2\/types\/product"}],"wp:featuredmedia":[{"embeddable":true,"href":"https:\/\/chimeneaselchalet.com\/en\/wp-json\/wp\/v2\/media\/5032"}],"wp:attachment":[{"href":"https:\/\/chimeneaselchalet.com\/en\/wp-json\/wp\/v2\/media?parent=3683"}],"wp:term":[{"taxonomy":"color","embeddable":true,"href":"https:\/\/chimeneaselchalet.com\/en\/wp-json\/wp\/v2\/color?post=3683"},{"taxonomy":"product_brand","embeddable":true,"href":"https:\/\/chimeneaselchalet.com\/en\/wp-json\/wp\/v2\/product_brand?post=3683"},{"taxonomy":"product_cat","embeddable":true,"href":"https:\/\/chimeneaselchalet.com\/en\/wp-json\/wp\/v2\/product_cat?post=3683"},{"taxonomy":"product_tag","embeddable":true,"href":"https:\/\/chimeneaselchalet.com\/en\/wp-json\/wp\/v2\/product_tag?post=3683"}],"curies":[{"name":"wp","href":"https:\/\/api.w.org\/{rel}","templated":true}]}}