{"id":3684,"date":"2024-07-07T18:50:16","date_gmt":"2024-07-07T23:50:16","guid":{"rendered":"https:\/\/chimeneaselchalet.com\/producto\/bbq-de-lena-quincho-uruguayo\/"},"modified":"2026-01-30T16:34:42","modified_gmt":"2026-01-30T21:34:42","slug":"bbq-de-lena-quincho-uruguayo","status":"publish","type":"product","link":"https:\/\/chimeneaselchalet.com\/en\/product\/bbq-de-lena-quincho-uruguayo\/","title":{"rendered":"Uruguayan quincho wood-fired barbecue"},"content":{"rendered":"","protected":false},"excerpt":{"rendered":"<p><strong>Description: <\/strong><br \/>\nAsador que funciona con le\u00f1a, en el lateral puedes hacer la brasa de tu asado con le\u00f1a y pasarlo a la zona de cocci\u00f3n, mantiene un calor uniforme en la parrilla para cocciones lentas.<br \/>\nLa parrilla de la carne tiene un mecanismo que regula la altura con el fin de evitar exceso de calor sobre los alimentos, si lo requieres y un desnivel para que la grasa llegue a una canal.<br \/>\nEl piso est\u00e1 fabricado en materiales refractarios, cuenta con una base con ruedas industriales. Incluye el cruz asado.<br \/>\nHecho en Colombia.<\/p>\n<p><strong>Dimensions:<\/strong><br \/>\n110 cm x 50cm<\/p>\n<p><strong>High: <\/strong><br \/>\n1,28 cm<\/p>\n<p><strong>Material: <\/strong><br \/>\nFabricado 100% en hierro con un recubrimiento de pintura electroest\u00e1tica y parrilla en acero<\/p>\n<p><strong>Color: <\/strong><br \/>\nGris plata o Negro<\/p>\n<p><strong>Fuel for use: <\/strong><br \/>\nFunciona con le\u00f1a o carb\u00f3n.<\/p>","protected":false},"featured_media":5060,"template":"","meta":{"_acf_changed":false,"_seopress_robots_primary_cat":"none","_seopress_titles_title":"BBQ de Le\u00f1a Quincho Uruguayo \u2013 \u00a1Perfecto para Asados!","_seopress_titles_desc":"Descubre el aut\u00e9ntico sabor uruguayo con nuestra BBQ de le\u00f1a Quincho Uruguayo. Perfecta para tus reuniones al aire libre. \u00a1Vis\u00edtanos!","_seopress_robots_index":""},"color":[],"product_brand":[],"product_cat":[18],"product_tag":[215,214,216,78,207,219,90,204,203,237,230,248,222,208,84,32,236,239,241,240,269,210,244,246,245,263,242,259,213,206,235,228,268,270,265,225,256,261,267,254,224,271,257,262,212,264,229,232,234,233,272,202,238,243,205,231,249,223,209,255,218,226,253,266,211,247,250,252,251,258,260,221,227],"class_list":{"0":"post-3684","1":"product","2":"type-product","3":"status-publish","4":"has-post-thumbnail","6":"product_cat-asadores-hornos-plancha-bbq","7":"product_tag-accesorios-para-parrilla-de-acero-inoxidable","8":"product_tag-asador-a-gas-portatil","9":"product_tag-parrilla-electrica-para-interior","10":"product_tag-accesorios-para-parrilla","11":"product_tag-asado","12":"product_tag-asado-argentino","13":"product_tag-asador","14":"product_tag-asador-a-carbon","15":"product_tag-asador-a-gas","16":"product_tag-asador-broil-king","17":"product_tag-asador-napoleon","18":"product_tag-asador-verona","19":"product_tag-asador-weber","20":"product_tag-barbacoa","21":"product_tag-barril-ahumador","22":"product_tag-bbq","23":"product_tag-broil-king","24":"product_tag-broil-king-argentina","25":"product_tag-broil-king-imperial","26":"product_tag-broil-king-premium","27":"product_tag-broil-master","28":"product_tag-carne-a-la-parrilla","29":"product_tag-char-broil-argentina","30":"product_tag-char-broil-carbon","31":"product_tag-char-broil-gas","32":"product_tag-char-broil","33":"product_tag-char-broil-asador-char-broil","34":"product_tag-chimeneas-de-colombia","35":"product_tag-cocinar-a-fuego-lento","36":"product_tag-cocinar-al-aire-libre","37":"product_tag-comprar-napoleon","38":"product_tag-comprar-weber","39":"product_tag-cuisinart","40":"product_tag-ducasse","41":"product_tag-garcima","42":"product_tag-genesis-weber","43":"product_tag-green-egg","44":"product_tag-humo-barriles","45":"product_tag-inoxhome","46":"product_tag-kamado-joe","47":"product_tag-kettle-weber","48":"product_tag-landmann","49":"product_tag-lynx","50":"product_tag-mano-bbq","51":"product_tag-marinar","52":"product_tag-mr-beef","53":"product_tag-napoleon","54":"product_tag-napoleon-argentina","55":"product_tag-napoleon-carbon","56":"product_tag-napoleon-gas","57":"product_tag-ozark-trail","58":"product_tag-parrilla","59":"product_tag-parrilla-broil-king","60":"product_tag-parrilla-char-broil","61":"product_tag-parrilla-electrica","62":"product_tag-parrilla-napoleon","63":"product_tag-parrilla-verona","64":"product_tag-parrilla-weber","65":"product_tag-parrillada","66":"product_tag-pit-boss","67":"product_tag-quincho","68":"product_tag-spirit-weber","69":"product_tag-traeger","70":"product_tag-tramontina","71":"product_tag-verduras-a-la-parrilla","72":"product_tag-verona","73":"product_tag-verona-argentina","74":"product_tag-verona-carbon","75":"product_tag-verona-gas","76":"product_tag-viking","77":"product_tag-volcano","78":"product_tag-weber","79":"product_tag-weber-argentina","81":"first","82":"instock","83":"taxable","84":"shipping-taxable","85":"purchasable","86":"product-type-simple"},"acf":{"descripcion":"<h2 data-start=\"143\" data-end=\"216\">\ud83d\udd25 Asador Tipo Quincho Uruguayo a Le\u00f1a | Tradici\u00f3n y car\u00e1cter al fuego<\/h2>\r\n<p data-start=\"218\" data-end=\"428\">Eleva tus asados a otro nivel con nuestro <strong data-start=\"260\" data-end=\"299\">asador tipo quincho uruguayo a le\u00f1a<\/strong>, dise\u00f1ado para quienes buscan una experiencia aut\u00e9ntica de parrilla con el <strong data-start=\"375\" data-end=\"427\">sabor inigualable que solo la le\u00f1a puede ofrecer<\/strong>.<\/p>\r\n<p data-start=\"430\" data-end=\"798\">Fabricado con <strong data-start=\"444\" data-end=\"476\">acero HR de alta resistencia<\/strong> y <strong data-start=\"479\" data-end=\"511\">piso en material refractario<\/strong>, este asador garantiza durabilidad, seguridad y un excelente desempe\u00f1o t\u00e9rmico. Su dise\u00f1o vers\u00e1til permite preparar una amplia variedad de alimentos, desde <strong data-start=\"668\" data-end=\"710\">carnes ahumadas y cortes tradicionales<\/strong>, hasta <strong data-start=\"718\" data-end=\"749\">verduras y recetas al fuego<\/strong>, logrando cocciones uniformes y llenas de sabor.<\/p>\r\n\r\n<h3 data-start=\"800\" data-end=\"833\">\u2b50 Caracter\u00edsticas destacadas:<\/h3>\r\n<ul data-start=\"834\" data-end=\"1144\">\r\n \t<li data-start=\"834\" data-end=\"877\">\r\n<p data-start=\"836\" data-end=\"877\">Asador tipo <strong data-start=\"848\" data-end=\"875\">quincho uruguayo a le\u00f1a<\/strong><\/p>\r\n<\/li>\r\n \t<li data-start=\"878\" data-end=\"955\">\r\n<p data-start=\"880\" data-end=\"955\"><strong data-start=\"880\" data-end=\"900\">Piso refractario<\/strong> para una mejor conservaci\u00f3n y distribuci\u00f3n del calor<\/p>\r\n<\/li>\r\n \t<li data-start=\"956\" data-end=\"1018\">\r\n<p data-start=\"958\" data-end=\"1018\">Estructura en <strong data-start=\"972\" data-end=\"984\">acero HR<\/strong> resistente a altas temperaturas<\/p>\r\n<\/li>\r\n \t<li data-start=\"1019\" data-end=\"1079\">\r\n<p data-start=\"1021\" data-end=\"1079\">Ideal para carnes, verduras y cocina al fuego en general<\/p>\r\n<\/li>\r\n \t<li data-start=\"1080\" data-end=\"1144\">\r\n<p data-start=\"1082\" data-end=\"1144\">Dise\u00f1o que combina <strong data-start=\"1101\" data-end=\"1144\">tradici\u00f3n parrillera y est\u00e9tica moderna<\/strong><\/p>\r\n<\/li>\r\n<\/ul>\r\n<p data-start=\"1146\" data-end=\"1316\">La combinaci\u00f3n perfecta entre <strong data-start=\"1176\" data-end=\"1202\">tradici\u00f3n y modernidad<\/strong>, este asador de <strong data-start=\"1219\" data-end=\"1242\">Chimeneas el Chalet<\/strong> es la elecci\u00f3n ideal para los verdaderos amantes del fuego y la parrilla.<\/p>","ficha_tecnica":"","manual_de_instrucciones":"","recomendaciones":"","dimensiones":"","alto":"128 cm","frente":"","base":"","peso":"30 Kg","largo":"110 cm","ancho":"50 cm","color":"Gris plata o negro","marca":"El chalet","eficiencia_calorica":"","potencia":"","material":"Acero inoxidable y hierro","tipo_de_combustible":"","alternativas_eficientes":""},"gallery_images":[5061,5059],"_links":{"self":[{"href":"https:\/\/chimeneaselchalet.com\/en\/wp-json\/wp\/v2\/product\/3684","targetHints":{"allow":["GET"]}}],"collection":[{"href":"https:\/\/chimeneaselchalet.com\/en\/wp-json\/wp\/v2\/product"}],"about":[{"href":"https:\/\/chimeneaselchalet.com\/en\/wp-json\/wp\/v2\/types\/product"}],"wp:featuredmedia":[{"embeddable":true,"href":"https:\/\/chimeneaselchalet.com\/en\/wp-json\/wp\/v2\/media\/5060"}],"wp:attachment":[{"href":"https:\/\/chimeneaselchalet.com\/en\/wp-json\/wp\/v2\/media?parent=3684"}],"wp:term":[{"taxonomy":"color","embeddable":true,"href":"https:\/\/chimeneaselchalet.com\/en\/wp-json\/wp\/v2\/color?post=3684"},{"taxonomy":"product_brand","embeddable":true,"href":"https:\/\/chimeneaselchalet.com\/en\/wp-json\/wp\/v2\/product_brand?post=3684"},{"taxonomy":"product_cat","embeddable":true,"href":"https:\/\/chimeneaselchalet.com\/en\/wp-json\/wp\/v2\/product_cat?post=3684"},{"taxonomy":"product_tag","embeddable":true,"href":"https:\/\/chimeneaselchalet.com\/en\/wp-json\/wp\/v2\/product_tag?post=3684"}],"curies":[{"name":"wp","href":"https:\/\/api.w.org\/{rel}","templated":true}]}}