{"id":3685,"date":"2024-07-07T18:50:16","date_gmt":"2024-07-07T23:50:16","guid":{"rendered":"https:\/\/chimeneaselchalet.com\/producto\/9-1-lignum-1000-kit-de-instalacion\/"},"modified":"2026-01-29T19:54:43","modified_gmt":"2026-01-30T00:54:43","slug":"9-1-lignum-1000-kit-de-instalacion","status":"publish","type":"product","link":"https:\/\/chimeneaselchalet.com\/en\/product\/9-1-lignum-1000-kit-de-instalacion\/","title":{"rendered":"Lignum 1000 &amp; installation kit"},"content":{"rendered":"","protected":false},"excerpt":{"rendered":"<p><strong>L\u00ednea Lignum Deluxe<\/strong><\/p>\n<p>Son chimeneas con un gran trabajo de dise\u00f1o y eficiencia, se caracteriza por sus l\u00edneas limpias, atemporales y de tipo industrial. Fabricados con materiales de alto rendimiento y excelente calidad para que puedas disfrutar del arte y el placer del fuego con tranquilidad. Este manual es una gu\u00eda paso a paso dise\u00f1ada para preservar su inversi\u00f3n. Las chimeneas Lignum Deluxe generan mucho calor porque tienen una mejor eficiencia de combusti\u00f3n de le\u00f1a, generando as\u00ed altos rendimientos \u00a1Son chimeneas para uso de por vida!<\/p>\n<p><strong>Description:<\/strong> Su funcionamiento es sencillo, similar a las chimeneas de le\u00f1a tradicionales. \u00danicamente tienes que abrir la puerta frontal e introducir le\u00f1os de madera en el hogar. La combusti\u00f3n (fuego) har\u00e1 el resto, y en pocos minutos tendr\u00e1s la estancia con la temperatura confort perfecta.<\/p>\n<p><strong>Medidas: 1060 mm de frente x 582 mm alto x 435 mm de profundidad<\/strong><\/p>\n<p><strong>Peso: 120 <\/strong>kg<\/p>\n<p><strong>Brand:<\/strong> Lignum by Chimeneas el Chalet<\/p>\n<p><strong>Heating Range:<\/strong> 100 m2 &#8211; 120 m2<\/p>\n<p>La combusti\u00f3n es segura y limpia seg\u00fan Certificaciones EPA de emisiones de combusti\u00f3n.<\/p>\n<p><strong>Power:<\/strong> 19,5kw<\/p>\n<p>Vidrio Refractario Schott Alem\u00e1n para ver el fuego en la recamara y trasmisi\u00f3n de calor.<\/p>\n<p>Encendido R\u00e1pido.<\/p>\n<p>Sistema Auto limpieza del vidrio<\/p>\n<p>Incluye una pala met\u00e1lica para recoger ceniza<\/p>\n<p><strong>Material:<\/strong> Fabricada en hierro de alta resistencia.<\/p>\n<p><strong>Color:<\/strong> black<\/p>\n<p><strong>Fuel for use:<\/strong> firewood<\/p>\n<p><span style=\"color: #000000;\"><strong>Incluye Kit de instalaci\u00f3n :\u00a0<\/strong><\/span><\/p>\n<p><em>2 stainless steel ducts of 120 cm and 15 cm diameter<\/em><\/p>\n<p><em>1 wind control cap<\/em><\/p>\n<p><em>1 pair of heat-resistant gloves<\/em><\/p>\n<p><em>1 pala para recoger\u00a0\u00a0 <\/em><\/p>\n<hr \/>\n<p style=\"text-align: center;\"><strong>Before using your slow combustion fireplace, please download and carefully read the following information.<\/strong><\/p>\n<hr \/>\n<p style=\"text-align: center;\"><span style=\"color: #ff0000;\"><strong>Instruction manual for slow combustion fireplaces<\/strong><\/span><\/p>\n<p style=\"text-align: center;\"><span style=\"color: #0000ff;\"><strong><a style=\"color: #0000ff;\" href=\"https:\/\/chimeneaselchalet.com\/wp-content\/uploads\/2023\/12\/RECOMENDACIONES-INSTALACION-MANUAL-INSTRUCCION-CHIMENEAS-LIGNUM-1.pdf\"><br \/>\nDOWNLOAD INSTRUCTION MANUAL<\/a><\/strong><\/span><\/p>","protected":false},"featured_media":596,"template":"","meta":{"_acf_changed":false,"_seopress_robots_primary_cat":"none","_seopress_titles_title":"Chimeneas de Le\u00f1a a la Medida | Calor y Dise\u00f1o, compra ahora","_seopress_titles_desc":"Descubre el calor y la elegancia de nuestras chimeneas de le\u00f1a de dise\u00f1o personalizado. Fabricadas con materiales de alta calidad, nuestras chimeneas son el complemento perfecto para cualquier hogar moderno. \u00a1Solicita un presupuesto hoy mismo y transforma tu espacio!","_seopress_robots_index":""},"color":[],"product_brand":[],"product_cat":[15,25],"product_tag":[135,139,132,131,134,133,44,137,140,136,138,46],"class_list":{"0":"post-3685","1":"product","2":"type-product","3":"status-publish","4":"has-post-thumbnail","6":"product_cat-chimeneas","7":"product_cat-chimeneas-de-lena-combustion-lenta","8":"product_tag-calefaccion-con-lena","9":"product_tag-chimenea-de-alta-eficiencia","10":"product_tag-chimeneas-de-doble-combustion","11":"product_tag-chimeneas-de-lena","12":"product_tag-chimeneas-ecologicas","13":"product_tag-chimeneas-eficientes","14":"product_tag-chimeneas-el-chalet","15":"product_tag-combustion-limpia","16":"product_tag-estufa-de-lena","17":"product_tag-hogares-a-lena","18":"product_tag-lena","19":"product_tag-lignum","21":"first","22":"instock","23":"taxable","24":"shipping-taxable","25":"purchasable","26":"product-type-simple"},"acf":{"descripcion":"<strong>\ud83d\udd25 Chimeneas Lignum doble combusti\u00f3n \u2013 elegancia, tradici\u00f3n y alto rendimiento<\/strong>\r\n\r\nLas chimeneas Lignum representan la perfecta uni\u00f3n entre elegancia y funcionalidad. Su funcionamiento con control de ox\u00edgeno en la recama de combusti\u00f3n, \u00a0permite un alto rendimiento t\u00e9rmico garantiza un calor acogedor y duradero.\r\n\r\nFabricadas con materiales de la m\u00e1s alta calidad, estas chimeneas est\u00e1n dise\u00f1adas para convertirse en una inversi\u00f3n a largo plazo. Disfruta del arte del fuego en su m\u00e1xima expresi\u00f3n, con una chimenea pensada para quienes valoran el dise\u00f1o y la calidad.\r\n\r\nEl <strong>hogar en ladrillo refractario<\/strong> y los <strong>vidrios cer\u00e1micos alemanes de alta resistencia<\/strong> proporcionan un <strong>calor radiante, uniforme y seguro<\/strong>, permiti\u00e9ndote disfrutar del fuego con total tranquilidad.\r\n\r\n<strong>Tu compra incluye:<\/strong>\r\n<ul>\r\n \t<li>2 ductos en acero inoxidable de 120 cm longitud y 15 cm di\u00e1metro<\/li>\r\n \t<li>1 gorro control de viento en acero inox.<\/li>\r\n \t<li>1 par de guantes resistentes a calor<\/li>\r\n \t<li>1 pala para recoger ceniza<\/li>\r\n \t<li>1 remate tipo cenefa de techo<\/li>\r\n<\/ul>\r\n\u2728 Una <strong>chimenea de combusti\u00f3n lenta de le\u00f1a moderna en Colombia<\/strong> que crea un ambiente <strong>acogedor, sofisticado y lleno de car\u00e1cter<\/strong>, ideal para quienes buscan confort, tradici\u00f3n y dise\u00f1o","ficha_tecnica":"","manual_de_instrucciones":2667,"recomendaciones":"","dimensiones":"","alto":"58,2 cm","frente":"106 cm","base":"","peso":"120 kg","largo":"","ancho":"43,5 cm","color":"Negro","marca":"El chalet","eficiencia_calorica":"100 m2 - 120 m2","potencia":"19,5 kw","material":"Hierro HR ","tipo_de_combustible":"Le\u00f1a","alternativas_eficientes":""},"gallery_images":[595,596,594,227,228],"_links":{"self":[{"href":"https:\/\/chimeneaselchalet.com\/en\/wp-json\/wp\/v2\/product\/3685","targetHints":{"allow":["GET"]}}],"collection":[{"href":"https:\/\/chimeneaselchalet.com\/en\/wp-json\/wp\/v2\/product"}],"about":[{"href":"https:\/\/chimeneaselchalet.com\/en\/wp-json\/wp\/v2\/types\/product"}],"wp:featuredmedia":[{"embeddable":true,"href":"https:\/\/chimeneaselchalet.com\/en\/wp-json\/wp\/v2\/media\/596"}],"wp:attachment":[{"href":"https:\/\/chimeneaselchalet.com\/en\/wp-json\/wp\/v2\/media?parent=3685"}],"wp:term":[{"taxonomy":"color","embeddable":true,"href":"https:\/\/chimeneaselchalet.com\/en\/wp-json\/wp\/v2\/color?post=3685"},{"taxonomy":"product_brand","embeddable":true,"href":"https:\/\/chimeneaselchalet.com\/en\/wp-json\/wp\/v2\/product_brand?post=3685"},{"taxonomy":"product_cat","embeddable":true,"href":"https:\/\/chimeneaselchalet.com\/en\/wp-json\/wp\/v2\/product_cat?post=3685"},{"taxonomy":"product_tag","embeddable":true,"href":"https:\/\/chimeneaselchalet.com\/en\/wp-json\/wp\/v2\/product_tag?post=3685"}],"curies":[{"name":"wp","href":"https:\/\/api.w.org\/{rel}","templated":true}]}}