{"id":3708,"date":"2024-07-07T18:52:32","date_gmt":"2024-07-07T23:52:32","guid":{"rendered":"https:\/\/chimeneaselchalet.com\/producto\/centro-fuego-formas-lena\/"},"modified":"2025-10-07T09:58:06","modified_gmt":"2025-10-07T14:58:06","slug":"centro-fuego-formas-lena","status":"publish","type":"product","link":"https:\/\/chimeneaselchalet.com\/en\/product\/centro-fuego-formas-lena\/","title":{"rendered":"center fire shapes firewood"},"content":{"rendered":"","protected":false},"excerpt":{"rendered":"<p><strong>Description:<\/strong>\u00a0This outdoor fire pit is ideal for cold nights, providing warmth and a beautiful, captivating and comfortable atmosphere.<\/p>\n<p>Estructura port\u00e1til desarmable que facilita su traslado.<\/p>\n<p>Puedes usar el centro de fuego como barbacoa con una parrilla-plancha que te entregamos con el centro de fuego.<br \/>\nThis structure maintains the high temperatures of the charcoal fire and is very durable.<\/p>\n<p><strong>Dimensions:<\/strong><br \/>\nAlto 38 cm<br \/>\nFrente 50 cm<br \/>\nProfundidad 60cm<\/p>\n<p><strong>Material:<\/strong>\u00a0Made of iron<\/p>\n<p><strong>Color:<\/strong>\u00a0black or natural oxide finish.<\/p>\n<p><strong>Fuel for use:<\/strong>\u00a0madera<\/p>","protected":false},"featured_media":3709,"template":"","meta":{"_acf_changed":false,"_seopress_robots_primary_cat":"none","_seopress_titles_title":"Centro de Fuego con Formas de Le\u00f1a - Calidez \u00danica","_seopress_titles_desc":"Descubre la calidez \u00fanica de nuestro Centro de Fuego Formas Le\u00f1a. Ideal para crear un ambiente acogedor. \u00a1Vis\u00edtanos!","_seopress_robots_index":""},"color":[],"product_brand":[],"product_cat":[28],"product_tag":[],"class_list":{"0":"post-3708","1":"product","2":"type-product","3":"status-publish","4":"has-post-thumbnail","6":"product_cat-descuentos","8":"first","9":"instock","10":"sale","11":"taxable","12":"shipping-taxable","13":"purchasable","14":"product-type-simple"},"acf":{"descripcion":"","ficha_tecnica":null,"manual_de_instrucciones":"","recomendaciones":"","dimensiones":"","alto":"38 cm","frente":"60 cm","base":"","peso":"15 kg","largo":"","ancho":"50 cm","color":"Negro","marca":"el chalet","eficiencia_calorica":"25 m2","potencia":"7 Kw","material":"Acero","tipo_de_combustible":"Le\u00f1a","alternativas_eficientes":""},"gallery_images":[3709],"_links":{"self":[{"href":"https:\/\/chimeneaselchalet.com\/en\/wp-json\/wp\/v2\/product\/3708","targetHints":{"allow":["GET"]}}],"collection":[{"href":"https:\/\/chimeneaselchalet.com\/en\/wp-json\/wp\/v2\/product"}],"about":[{"href":"https:\/\/chimeneaselchalet.com\/en\/wp-json\/wp\/v2\/types\/product"}],"wp:featuredmedia":[{"embeddable":true,"href":"https:\/\/chimeneaselchalet.com\/en\/wp-json\/wp\/v2\/media\/3709"}],"wp:attachment":[{"href":"https:\/\/chimeneaselchalet.com\/en\/wp-json\/wp\/v2\/media?parent=3708"}],"wp:term":[{"taxonomy":"color","embeddable":true,"href":"https:\/\/chimeneaselchalet.com\/en\/wp-json\/wp\/v2\/color?post=3708"},{"taxonomy":"product_brand","embeddable":true,"href":"https:\/\/chimeneaselchalet.com\/en\/wp-json\/wp\/v2\/product_brand?post=3708"},{"taxonomy":"product_cat","embeddable":true,"href":"https:\/\/chimeneaselchalet.com\/en\/wp-json\/wp\/v2\/product_cat?post=3708"},{"taxonomy":"product_tag","embeddable":true,"href":"https:\/\/chimeneaselchalet.com\/en\/wp-json\/wp\/v2\/product_tag?post=3708"}],"curies":[{"name":"wp","href":"https:\/\/api.w.org\/{rel}","templated":true}]}}