{"id":3722,"date":"2024-07-07T18:53:34","date_gmt":"2024-07-07T23:53:34","guid":{"rendered":"https:\/\/chimeneaselchalet.com\/producto\/chimenea-gas-combo-frontal-3\/"},"modified":"2024-10-03T11:58:38","modified_gmt":"2024-10-03T16:58:38","slug":"chimenea-gas-combo-frontal-3","status":"publish","type":"product","link":"https:\/\/chimeneaselchalet.com\/en\/product\/chimenea-gas-combo-frontal-3\/","title":{"rendered":"Front combo gas fireplace"},"content":{"rendered":"","protected":false},"excerpt":{"rendered":"<p><strong>Description:<\/strong><br \/>\nInternal tubular structure of 1 1\u20442\u201d x 1 1\u20442\u201d and 3\u20444\u201d x 3\u20444\u201d square tube in 16 gauge.<br \/>\nEscudo t\u00e9rmico para fondo de la chimenea en acero galvanizado y manto cer\u00e1mico para aislar el calor, terminaci\u00f3n en pintura de altas temperaturas color negro mate o blanco.<br \/>\nThermal fiber for upper hood and support hook.<br \/>\nStainless steel connectors and copper fittings.<br \/>\nQuemador importado en acero inoxidable tipo vent-free con Venturi interno que controla la premezcla de aire.<br \/>\nSafety Pilot System that prevents gas escape.<br \/>\nControl remoto avanzado con niveles de llama.<\/p>\n<p>Decorative marble stone<\/p>\n<p><strong>Color:<\/strong>\u00a0blanca<\/p>\n<p><strong>Heat efficiency:<\/strong>\u00a07.5 kW<\/p>\n<p><strong>Dimensions:<\/strong>\u00a080 cm x 30 cm<\/p>\n<p><strong>High:<\/strong>\u00a090cm<\/p>\n<p><strong>Material:<\/strong>\u00a0CR Steel<\/p>\n<p><strong>Color:<\/strong>\u00a0black or white<\/p>","protected":false},"featured_media":3723,"template":"","meta":{"_acf_changed":false,"_seopress_robots_primary_cat":"none","_seopress_titles_title":"Compra Chimenea de Gas Combo Frontal \u2013 Oferta \u00danica","_seopress_titles_desc":"Descubre el calor acogedor de nuestra Chimenea de Gas Combo Frontal. Dise\u00f1o elegante y eficiencia energ\u00e9tica para tu hogar.","_seopress_robots_index":""},"color":[],"product_brand":[],"product_cat":[28],"product_tag":[],"class_list":{"0":"post-3722","1":"product","2":"type-product","3":"status-publish","4":"has-post-thumbnail","6":"product_cat-descuentos","8":"first","9":"instock","10":"sale","11":"taxable","12":"shipping-taxable","13":"purchasable","14":"product-type-simple"},"acf":{"descripcion":"","ficha_tecnica":null,"manual_de_instrucciones":"","recomendaciones":"","dimensiones":"","alto":"90 cm","frente":"80 cm","base":"","peso":"22 kg","largo":"","ancho":"25 cm","color":"Negro mate, blanco o envejecido decorativo. ","marca":"el chalet","eficiencia_calorica":"60","potencia":"8.5 Kw","material":"Acero","tipo_de_combustible":"Gas","alternativas_eficientes":""},"gallery_images":[4454],"_links":{"self":[{"href":"https:\/\/chimeneaselchalet.com\/en\/wp-json\/wp\/v2\/product\/3722","targetHints":{"allow":["GET"]}}],"collection":[{"href":"https:\/\/chimeneaselchalet.com\/en\/wp-json\/wp\/v2\/product"}],"about":[{"href":"https:\/\/chimeneaselchalet.com\/en\/wp-json\/wp\/v2\/types\/product"}],"wp:featuredmedia":[{"embeddable":true,"href":"https:\/\/chimeneaselchalet.com\/en\/wp-json\/wp\/v2\/media\/3723"}],"wp:attachment":[{"href":"https:\/\/chimeneaselchalet.com\/en\/wp-json\/wp\/v2\/media?parent=3722"}],"wp:term":[{"taxonomy":"color","embeddable":true,"href":"https:\/\/chimeneaselchalet.com\/en\/wp-json\/wp\/v2\/color?post=3722"},{"taxonomy":"product_brand","embeddable":true,"href":"https:\/\/chimeneaselchalet.com\/en\/wp-json\/wp\/v2\/product_brand?post=3722"},{"taxonomy":"product_cat","embeddable":true,"href":"https:\/\/chimeneaselchalet.com\/en\/wp-json\/wp\/v2\/product_cat?post=3722"},{"taxonomy":"product_tag","embeddable":true,"href":"https:\/\/chimeneaselchalet.com\/en\/wp-json\/wp\/v2\/product_tag?post=3722"}],"curies":[{"name":"wp","href":"https:\/\/api.w.org\/{rel}","templated":true}]}}