{"id":4030,"date":"2024-07-30T19:45:52","date_gmt":"2024-07-31T00:45:52","guid":{"rendered":"https:\/\/chimeneaselchalet.com\/?post_type=product&#038;p=4030"},"modified":"2026-01-30T16:38:38","modified_gmt":"2026-01-30T21:38:38","slug":"bandeja-carbon-asador-gas","status":"publish","type":"product","link":"https:\/\/chimeneaselchalet.com\/en\/product\/bandeja-carbon-asador-gas\/","title":{"rendered":"Charcoal tray for gas grill"},"content":{"rendered":"","protected":false},"excerpt":{"rendered":"","protected":false},"featured_media":4032,"template":"","meta":{"_acf_changed":false,"_seopress_robots_primary_cat":"none","_seopress_titles_title":"Bandeja de Carb\u00f3n Adaptable para Parrillas de Gas | Chimeneas el Chalet","_seopress_titles_desc":"Transforma tu parrilla de gas en una aut\u00e9ntica parrilla de carb\u00f3n con nuestra bandeja adaptable. Disfruta del sabor ahumado y la versatilidad de cocinar con carb\u00f3n. Perfecta para cualquier modelo de parrilla de gas.","_seopress_robots_index":""},"color":[39],"product_brand":[],"product_cat":[18,28],"product_tag":[215,214,216,78,207,219,220,90,204,203,88,237,230,248,222,76,208,84,32,236,239,241,240,269,210,244,246,245,263,242,259,44,213,206,235,228,268,270,265,225,256,261,267,254,224,271,257,262,212,264,229,232,234,233,272,202,238,243,205,231,249,223,209,77,255,218,226,253,266,211,247,250,252,251,258,260,221,227],"class_list":{"0":"post-4030","1":"product","2":"type-product","3":"status-publish","4":"has-post-thumbnail","6":"color-negro","7":"product_cat-asadores-hornos-plancha-bbq","8":"product_cat-descuentos","9":"product_tag-accesorios-para-parrilla-de-acero-inoxidable","10":"product_tag-asador-a-gas-portatil","11":"product_tag-parrilla-electrica-para-interior","12":"product_tag-accesorios-para-parrilla","13":"product_tag-asado","14":"product_tag-asado-argentino","15":"product_tag-asado-lena","16":"product_tag-asador","17":"product_tag-asador-a-carbon","18":"product_tag-asador-a-gas","19":"product_tag-asador-argentino","20":"product_tag-asador-broil-king","21":"product_tag-asador-napoleon","22":"product_tag-asador-verona","23":"product_tag-asador-weber","24":"product_tag-bandeja-de-carbon","25":"product_tag-barbacoa","26":"product_tag-barril-ahumador","27":"product_tag-bbq","28":"product_tag-broil-king","29":"product_tag-broil-king-argentina","30":"product_tag-broil-king-imperial","31":"product_tag-broil-king-premium","32":"product_tag-broil-master","33":"product_tag-carne-a-la-parrilla","34":"product_tag-char-broil-argentina","35":"product_tag-char-broil-carbon","36":"product_tag-char-broil-gas","37":"product_tag-char-broil","38":"product_tag-char-broil-asador-char-broil","39":"product_tag-chimeneas-de-colombia","40":"product_tag-chimeneas-el-chalet","41":"product_tag-cocinar-a-fuego-lento","42":"product_tag-cocinar-al-aire-libre","43":"product_tag-comprar-napoleon","44":"product_tag-comprar-weber","45":"product_tag-cuisinart","46":"product_tag-ducasse","47":"product_tag-garcima","48":"product_tag-genesis-weber","49":"product_tag-green-egg","50":"product_tag-humo-barriles","51":"product_tag-inoxhome","52":"product_tag-kamado-joe","53":"product_tag-kettle-weber","54":"product_tag-landmann","55":"product_tag-lynx","56":"product_tag-mano-bbq","57":"product_tag-marinar","58":"product_tag-mr-beef","59":"product_tag-napoleon","60":"product_tag-napoleon-argentina","61":"product_tag-napoleon-carbon","62":"product_tag-napoleon-gas","63":"product_tag-ozark-trail","64":"product_tag-parrilla","65":"product_tag-parrilla-broil-king","66":"product_tag-parrilla-char-broil","67":"product_tag-parrilla-electrica","68":"product_tag-parrilla-napoleon","69":"product_tag-parrilla-verona","70":"product_tag-parrilla-weber","71":"product_tag-parrillada","72":"product_tag-parrillas-de-gas","73":"product_tag-pit-boss","74":"product_tag-quincho","75":"product_tag-spirit-weber","76":"product_tag-traeger","77":"product_tag-tramontina","78":"product_tag-verduras-a-la-parrilla","79":"product_tag-verona","80":"product_tag-verona-argentina","81":"product_tag-verona-carbon","82":"product_tag-verona-gas","83":"product_tag-viking","84":"product_tag-volcano","85":"product_tag-weber","86":"product_tag-weber-argentina","88":"first","89":"instock","90":"featured","91":"taxable","92":"shipping-taxable","93":"purchasable","94":"product-type-simple"},"acf":{"descripcion":"<h2 data-start=\"121\" data-end=\"189\">\ud83d\udd25 Bandeja de Carb\u00f3n para Asadores de Gas | Sabor Real a Parrilla<\/h2>\r\n<p data-start=\"191\" data-end=\"412\">El accesorio ideal para llevar tu parrilla a otro nivel.<br data-start=\"247\" data-end=\"250\" \/>Nuestra <strong data-start=\"258\" data-end=\"300\">bandeja de carb\u00f3n para asadores de gas<\/strong> te permite disfrutar del <strong data-start=\"326\" data-end=\"356\">aut\u00e9ntico sabor del carb\u00f3n<\/strong> sin renunciar a la comodidad y control de tu BBQ a gas.<\/p>\r\n<p data-start=\"414\" data-end=\"733\">Dise\u00f1ada para adaptarse a la mayor\u00eda de <strong data-start=\"454\" data-end=\"474\">parrillas de gas<\/strong>, esta bandeja convierte tu asador en un sistema <strong data-start=\"523\" data-end=\"545\">mixto gas + carb\u00f3n<\/strong>, permiti\u00e9ndote cocinar de forma <strong data-start=\"578\" data-end=\"606\">f\u00e1cil, segura y vers\u00e1til<\/strong>. Solo agrega carb\u00f3n vegetal y sorprende a tus invitados con sabores intensos, ahumados y resultados tipo parrilla tradicional.<\/p>\r\n\r\n<h3 data-start=\"735\" data-end=\"764\">\u2705 Beneficios principales:<\/h3>\r\n<ul data-start=\"765\" data-end=\"1004\">\r\n \t<li data-start=\"765\" data-end=\"813\">\r\n<p data-start=\"767\" data-end=\"813\">Compatible con la mayor\u00eda de asadores de gas<\/p>\r\n<\/li>\r\n \t<li data-start=\"814\" data-end=\"875\">\r\n<p data-start=\"816\" data-end=\"875\">Permite cocinar con <strong data-start=\"836\" data-end=\"854\">carb\u00f3n vegetal<\/strong> en parrillas a gas<\/p>\r\n<\/li>\r\n \t<li data-start=\"876\" data-end=\"924\">\r\n<p data-start=\"878\" data-end=\"924\">Mejora el sabor y aroma de tus preparaciones<\/p>\r\n<\/li>\r\n \t<li data-start=\"925\" data-end=\"960\">\r\n<p data-start=\"927\" data-end=\"960\">Instalaci\u00f3n r\u00e1pida y uso seguro<\/p>\r\n<\/li>\r\n \t<li data-start=\"961\" data-end=\"1004\">\r\n<p data-start=\"963\" data-end=\"1004\">Ideal para carnes, pescados y vegetales<\/p>\r\n<\/li>\r\n<\/ul>\r\n<p data-start=\"1006\" data-end=\"1121\">Disfruta lo mejor de <strong data-start=\"1027\" data-end=\"1041\">dos mundos<\/strong>: la practicidad del gas y el sabor inconfundible del carb\u00f3n, en un solo asador.<\/p>\r\n<p data-start=\"1123\" data-end=\"1264\">\ud83d\udd25 <strong data-start=\"1126\" data-end=\"1149\">Chimeneas el Chalet<\/strong>, expertos en parrillas de <strong data-start=\"1176\" data-end=\"1198\">gas, carb\u00f3n y le\u00f1a<\/strong>, dise\u00f1adas para quienes disfrutan del fuego con estilo y calidad.<\/p>","ficha_tecnica":"","manual_de_instrucciones":2663,"recomendaciones":"","dimensiones":"","alto":"5  cm","frente":"38 cm","base":"","peso":"1,8 kg","largo":"","ancho":"38 cm","color":"Acero inoxidable","marca":"El chalet","eficiencia_calorica":"","potencia":"","material":"Acero inoxidable","tipo_de_combustible":"Carb\u00f3n","alternativas_eficientes":""},"gallery_images":[4033,4510],"_links":{"self":[{"href":"https:\/\/chimeneaselchalet.com\/en\/wp-json\/wp\/v2\/product\/4030","targetHints":{"allow":["GET"]}}],"collection":[{"href":"https:\/\/chimeneaselchalet.com\/en\/wp-json\/wp\/v2\/product"}],"about":[{"href":"https:\/\/chimeneaselchalet.com\/en\/wp-json\/wp\/v2\/types\/product"}],"wp:featuredmedia":[{"embeddable":true,"href":"https:\/\/chimeneaselchalet.com\/en\/wp-json\/wp\/v2\/media\/4032"}],"wp:attachment":[{"href":"https:\/\/chimeneaselchalet.com\/en\/wp-json\/wp\/v2\/media?parent=4030"}],"wp:term":[{"taxonomy":"color","embeddable":true,"href":"https:\/\/chimeneaselchalet.com\/en\/wp-json\/wp\/v2\/color?post=4030"},{"taxonomy":"product_brand","embeddable":true,"href":"https:\/\/chimeneaselchalet.com\/en\/wp-json\/wp\/v2\/product_brand?post=4030"},{"taxonomy":"product_cat","embeddable":true,"href":"https:\/\/chimeneaselchalet.com\/en\/wp-json\/wp\/v2\/product_cat?post=4030"},{"taxonomy":"product_tag","embeddable":true,"href":"https:\/\/chimeneaselchalet.com\/en\/wp-json\/wp\/v2\/product_tag?post=4030"}],"curies":[{"name":"wp","href":"https:\/\/api.w.org\/{rel}","templated":true}]}}