{"id":4073,"date":"2024-07-31T14:23:20","date_gmt":"2024-07-31T19:23:20","guid":{"rendered":"https:\/\/chimeneaselchalet.com\/?post_type=product&#038;p=4073"},"modified":"2026-02-06T12:53:59","modified_gmt":"2026-02-06T17:53:59","slug":"campana-chimeneas","status":"publish","type":"product","link":"https:\/\/chimeneaselchalet.com\/en\/product\/campana-chimeneas\/","title":{"rendered":"Chimney hood"},"content":{"rendered":"","protected":false},"excerpt":{"rendered":"<p><strong>Description:<\/strong> Elementos cil\u00edndricos creados para hacer desviaciones de los ductos y garantizar la correcta evacuaci\u00f3n del humo o del Mon\u00f3xido de Carbono (CO). Elaborados en l\u00e1mina de acero galvanizado Cal.24 o en acero inoxidable Cal. 24, con un acople incorporado para facilitar el ensamble entre s\u00ed. <strong>Dimensions:<\/strong> <strong>Material:<\/strong> Acero Inoxidable 304 <strong>Color:<\/strong> plata<\/p>","protected":false},"featured_media":4075,"template":"","meta":{"_acf_changed":false,"_seopress_robots_primary_cat":"none","_seopress_titles_title":"Insumos para Chimeneas | Todo lo que necesitas para construir tu hogar","_seopress_titles_desc":"Ofrecemos insumos de la m\u00e1s alta calidad para la construcci\u00f3n de chimeneas. Nuestros productos garantizan durabilidad y eficiencia en tu hogar.","_seopress_robots_index":""},"color":[],"product_brand":[],"product_cat":[23],"product_tag":[543,522,520,548,124,535,534,556,536,537,533,552,527,127,129,553,531,528,542,128,130,59,519,554,549,544,550,523,122,524,546,545,525,123,34,526,126,125,539,557,541,540,538,521,547,532,530,555,529,551],"class_list":{"0":"post-4073","1":"product","2":"type-product","3":"status-publish","4":"has-post-thumbnail","6":"product_cat-insumos-para-chimeneas","7":"product_tag-accesorios-de-instalacion-para-chimeneas","8":"product_tag-accesorios-para-chimeneas","9":"product_tag-accesorios-para-chimeneas-de-lena","10":"product_tag-accesorios-para-chimeneas-en-colombia","11":"product_tag-aislamiento-termico","12":"product_tag-campana-extractora-para-chimenea","13":"product_tag-campana-metalica-para-chimenea","14":"product_tag-campanas-metalicas-para-chimeneas-de-lena","15":"product_tag-campanas-para-chimeneas-a-lena","16":"product_tag-campanas-para-chimeneas-artesanales","17":"product_tag-campanas-para-chimeneas-de-lena","18":"product_tag-campanas-para-chimeneas-en-colombia","19":"product_tag-cemento-refractario-para-chimeneas","20":"product_tag-ceniceros","21":"product_tag-diseno-de-chimeneas","22":"product_tag-donde-comprar-accesorios-para-chimeneas","23":"product_tag-ductos-metalicos-para-chimeneas","24":"product_tag-ductos-para-chimeneas-de-lena","25":"product_tag-entradas-de-aire-para-chimeneas","26":"product_tag-herramientas-para-chimenea","27":"product_tag-instalacion-de-chimeneas","28":"product_tag-insumos-para-chimeneas","29":"product_tag-insumos-para-chimeneas-de-lena","30":"product_tag-insumos-para-chimeneas-de-lena-en-bogota","31":"product_tag-insumos-para-chimeneas-en-colombia","32":"product_tag-kits-de-instalacion-para-chimeneas-de-lena","33":"product_tag-ladrillo-refractario-en-colombia","34":"product_tag-ladrillo-refractario-para-chimenea","35":"product_tag-ladrillos-refractarios","36":"product_tag-ladrillos-refractarios-para-chimeneas-de-lena","37":"product_tag-limpieza-de-chimeneas-de-lena","38":"product_tag-mantenimiento-de-chimeneas-de-lena","39":"product_tag-material-refractario-para-chimeneas","40":"product_tag-mortero-refractario","41":"product_tag-parrillas","42":"product_tag-placas-refractarias-para-chimeneas","43":"product_tag-puertas-para-chimenea","44":"product_tag-rejillas","45":"product_tag-rejillas-de-ventilacion-para-chimeneas","46":"product_tag-rejillas-de-ventilacion-para-chimeneas-de-lena","47":"product_tag-rejillas-decorativas-para-chimeneas","48":"product_tag-rejillas-metalicas-para-chimeneas","49":"product_tag-rejillas-para-chimeneas-de-lena","50":"product_tag-repuestos-para-chimeneas-de-lena","51":"product_tag-repuestos-y-accesorios-para-chimeneas","52":"product_tag-tubos-aislados-para-chimeneas","53":"product_tag-tubos-de-acero-para-chimeneas","54":"product_tag-tubos-metalicos-para-chimeneas-de-lena","55":"product_tag-tubos-para-chimeneas-de-lena","56":"product_tag-tubos-para-chimeneas-en-colombia","58":"first","59":"instock","60":"taxable","61":"shipping-taxable","62":"product-type-simple"},"acf":{"descripcion":"<p data-start=\"163\" data-end=\"228\">\ud83d\udee0\ufe0f <strong data-start=\"167\" data-end=\"228\">Soluci\u00f3n completa para tu chimenea | Insumos y Accesorios<\/strong><\/p>\r\n<p data-start=\"230\" data-end=\"438\">Nuestras <strong data-start=\"239\" data-end=\"280\">campanas para chimeneas de le\u00f1a o gas<\/strong> est\u00e1n elaboradas en <strong data-start=\"301\" data-end=\"324\">estructura met\u00e1lica<\/strong> con <strong data-start=\"329\" data-end=\"372\">pintura resistente a altas temperaturas<\/strong>, garantizando seguridad, durabilidad y un excelente desempe\u00f1o \ud83d\udd25.<\/p>\r\n<p data-start=\"440\" data-end=\"597\">Dise\u00f1adas para asegurar el <strong data-start=\"467\" data-end=\"514\">correcto funcionamiento y desfogue del humo<\/strong>, optimizan el rendimiento de tu chimenea y contribuyen a una combusti\u00f3n eficiente.<\/p>\r\n<p data-start=\"599\" data-end=\"689\">Disponibles en <strong data-start=\"614\" data-end=\"647\">medidas est\u00e1ndar y especiales<\/strong>, adapt\u00e1ndose a cada proyecto y necesidad.<\/p>\r\n<p data-start=\"691\" data-end=\"768\">\ud83d\udd27 <strong data-start=\"694\" data-end=\"736\">Insumos de alta calidad para chimeneas<\/strong><br data-start=\"736\" data-end=\"739\" \/><strong data-start=\"739\" data-end=\"768\">Construye con durabilidad<\/strong><\/p>\r\n<p data-start=\"770\" data-end=\"841\">\ud83d\udd11 Campanas met\u00e1licas para chimeneas de le\u00f1a y gas<\/p>","ficha_tecnica":"","manual_de_instrucciones":"","recomendaciones":"","dimensiones":"","alto":"65 cm","frente":"80 a 90 cm","base":"","peso":"18 Kg","largo":"","ancho":"","color":"Negro","marca":"El chalet","eficiencia_calorica":"","potencia":"","material":"Acero","tipo_de_combustible":"Le\u00f1a o gas","alternativas_eficientes":""},"gallery_images":[],"_links":{"self":[{"href":"https:\/\/chimeneaselchalet.com\/en\/wp-json\/wp\/v2\/product\/4073","targetHints":{"allow":["GET"]}}],"collection":[{"href":"https:\/\/chimeneaselchalet.com\/en\/wp-json\/wp\/v2\/product"}],"about":[{"href":"https:\/\/chimeneaselchalet.com\/en\/wp-json\/wp\/v2\/types\/product"}],"wp:featuredmedia":[{"embeddable":true,"href":"https:\/\/chimeneaselchalet.com\/en\/wp-json\/wp\/v2\/media\/4075"}],"wp:attachment":[{"href":"https:\/\/chimeneaselchalet.com\/en\/wp-json\/wp\/v2\/media?parent=4073"}],"wp:term":[{"taxonomy":"color","embeddable":true,"href":"https:\/\/chimeneaselchalet.com\/en\/wp-json\/wp\/v2\/color?post=4073"},{"taxonomy":"product_brand","embeddable":true,"href":"https:\/\/chimeneaselchalet.com\/en\/wp-json\/wp\/v2\/product_brand?post=4073"},{"taxonomy":"product_cat","embeddable":true,"href":"https:\/\/chimeneaselchalet.com\/en\/wp-json\/wp\/v2\/product_cat?post=4073"},{"taxonomy":"product_tag","embeddable":true,"href":"https:\/\/chimeneaselchalet.com\/en\/wp-json\/wp\/v2\/product_tag?post=4073"}],"curies":[{"name":"wp","href":"https:\/\/api.w.org\/{rel}","templated":true}]}}