{"id":4080,"date":"2024-07-31T15:16:12","date_gmt":"2024-07-31T20:16:12","guid":{"rendered":"https:\/\/chimeneaselchalet.com\/?post_type=product&#038;p=4080"},"modified":"2026-04-06T14:52:57","modified_gmt":"2026-04-06T19:52:57","slug":"ladrillo-refractario-chimeneas","status":"publish","type":"product","link":"https:\/\/chimeneaselchalet.com\/en\/product\/ladrillo-refractario-chimeneas\/","title":{"rendered":"Firebrick"},"content":{"rendered":"","protected":false},"excerpt":{"rendered":"<p><strong>Description:<\/strong> Elementos cil\u00edndricos usados para la correcta evacuaci\u00f3n del humo o del Mon\u00f3xido de Carbono (CO).<br \/>\nTienen un con un acople incorporado para facilitar el ensamble entre s\u00ed.<\/p>\n<p><strong>Dimensions: <\/strong> Tramo de 1,20 m de largo<\/p>\n<p><strong>Material:<\/strong> Elaborados en l\u00e1mina de acero galvanizado Cal.12 con un acople incorporado para facilitar el ensamble entre s\u00ed.<\/p>\n<p><strong>Color:<\/strong> Terminados con pintura electrost\u00e1tica en color negro o en color crudo de la l\u00e1mina galvanizada<\/p>","protected":false},"featured_media":4074,"template":"","meta":{"_acf_changed":false,"_seopress_robots_primary_cat":"none","_seopress_titles_title":"Soluci\u00f3n Completa para tu Chimenea | Ladrillo tableta refractario","_seopress_titles_desc":"Encuentra todo lo que necesitas para construir o remodelar tu chimenea. Ofrecemos una soluci\u00f3n completa con insumos de calidad y accesorios decorativos.","_seopress_robots_index":""},"color":[],"product_brand":[],"product_cat":[23],"product_tag":[543,522,520,548,124,535,534,556,536,537,533,552,527,127,129,553,531,528,542,128,130,59,519,554,549,544,550,523,122,524,546,545,525,123,34,526,126,125,539,557,541,540,538,521,547,532,530,555,529,551],"class_list":{"0":"post-4080","1":"product","2":"type-product","3":"status-publish","4":"has-post-thumbnail","6":"product_cat-insumos-para-chimeneas","7":"product_tag-accesorios-de-instalacion-para-chimeneas","8":"product_tag-accesorios-para-chimeneas","9":"product_tag-accesorios-para-chimeneas-de-lena","10":"product_tag-accesorios-para-chimeneas-en-colombia","11":"product_tag-aislamiento-termico","12":"product_tag-campana-extractora-para-chimenea","13":"product_tag-campana-metalica-para-chimenea","14":"product_tag-campanas-metalicas-para-chimeneas-de-lena","15":"product_tag-campanas-para-chimeneas-a-lena","16":"product_tag-campanas-para-chimeneas-artesanales","17":"product_tag-campanas-para-chimeneas-de-lena","18":"product_tag-campanas-para-chimeneas-en-colombia","19":"product_tag-cemento-refractario-para-chimeneas","20":"product_tag-ceniceros","21":"product_tag-diseno-de-chimeneas","22":"product_tag-donde-comprar-accesorios-para-chimeneas","23":"product_tag-ductos-metalicos-para-chimeneas","24":"product_tag-ductos-para-chimeneas-de-lena","25":"product_tag-entradas-de-aire-para-chimeneas","26":"product_tag-herramientas-para-chimenea","27":"product_tag-instalacion-de-chimeneas","28":"product_tag-insumos-para-chimeneas","29":"product_tag-insumos-para-chimeneas-de-lena","30":"product_tag-insumos-para-chimeneas-de-lena-en-bogota","31":"product_tag-insumos-para-chimeneas-en-colombia","32":"product_tag-kits-de-instalacion-para-chimeneas-de-lena","33":"product_tag-ladrillo-refractario-en-colombia","34":"product_tag-ladrillo-refractario-para-chimenea","35":"product_tag-ladrillos-refractarios","36":"product_tag-ladrillos-refractarios-para-chimeneas-de-lena","37":"product_tag-limpieza-de-chimeneas-de-lena","38":"product_tag-mantenimiento-de-chimeneas-de-lena","39":"product_tag-material-refractario-para-chimeneas","40":"product_tag-mortero-refractario","41":"product_tag-parrillas","42":"product_tag-placas-refractarias-para-chimeneas","43":"product_tag-puertas-para-chimenea","44":"product_tag-rejillas","45":"product_tag-rejillas-de-ventilacion-para-chimeneas","46":"product_tag-rejillas-de-ventilacion-para-chimeneas-de-lena","47":"product_tag-rejillas-decorativas-para-chimeneas","48":"product_tag-rejillas-metalicas-para-chimeneas","49":"product_tag-rejillas-para-chimeneas-de-lena","50":"product_tag-repuestos-para-chimeneas-de-lena","51":"product_tag-repuestos-y-accesorios-para-chimeneas","52":"product_tag-tubos-aislados-para-chimeneas","53":"product_tag-tubos-de-acero-para-chimeneas","54":"product_tag-tubos-metalicos-para-chimeneas-de-lena","55":"product_tag-tubos-para-chimeneas-de-lena","56":"product_tag-tubos-para-chimeneas-en-colombia","58":"first","59":"instock","60":"taxable","61":"shipping-taxable","62":"purchasable","63":"product-type-simple"},"acf":{"descripcion":"<p data-start=\"159\" data-end=\"224\">\ud83d\udee0\ufe0f <strong data-start=\"163\" data-end=\"224\">Soluci\u00f3n completa para tu chimenea | Insumos y Accesorios<\/strong><\/p>\r\n<p data-start=\"226\" data-end=\"486\">Los <strong data-start=\"230\" data-end=\"271\">ladrillos refractarios para chimeneas<\/strong> son la base de una instalaci\u00f3n <strong data-start=\"303\" data-end=\"335\">eficiente, segura y duradera<\/strong>. Dise\u00f1ados para <strong data-start=\"352\" data-end=\"383\">resistir altas temperaturas<\/strong>, tempeartura m\u00e1xima: 800\u00b0 C,\u00a0 garantizan un <strong data-start=\"399\" data-end=\"421\">rendimiento \u00f3ptimo<\/strong> incluso bajo calor intenso y constantes variaciones t\u00e9rmicas \ud83d\udd25.<\/p>\r\n<p data-start=\"488\" data-end=\"666\">Su alta resistencia los convierte en el material ideal para <strong data-start=\"548\" data-end=\"600\">revestir hogares, hornos y c\u00e1maras de combusti\u00f3n<\/strong>, asegurando protecci\u00f3n y prolongando la vida \u00fatil de la chimenea.<\/p>\r\n<p data-start=\"668\" data-end=\"848\">Adem\u00e1s de su funci\u00f3n t\u00e9cnica, los ladrillos refractarios aportan un <strong data-start=\"736\" data-end=\"760\">toque est\u00e9tico \u00fanico<\/strong>, creando ambientes <strong data-start=\"780\" data-end=\"804\">c\u00e1lidos y acogedores<\/strong> que realzan el dise\u00f1o de cualquier espacio.<\/p>\r\n<p data-start=\"850\" data-end=\"927\">\ud83d\udd27 <strong>Medidas<\/strong>: 24cm x 12 cm x 3 cm<\/p>\r\n<p data-start=\"850\" data-end=\"927\">Disponible en 6 cm, pregunta valor y disponibilidad a un asesor<\/p>\r\n<p data-start=\"850\" data-end=\"927\"><strong data-start=\"853\" data-end=\"895\">\ud83d\udd11Insumos de alta calidad para chimeneas<\/strong><br data-start=\"895\" data-end=\"898\" \/><strong data-start=\"898\" data-end=\"927\">Construye con durabilidad<\/strong><\/p>\r\n<p data-start=\"929\" data-end=\"998\">ladrillos refractarios para chimeneas y horno de le\u00f1a<\/p>","ficha_tecnica":"","manual_de_instrucciones":"","recomendaciones":"","dimensiones":"","alto":"12 cm","frente":"","base":"","peso":"1,8 kg","largo":"24 cm","ancho":"3 cm","color":"Salm\u00f3n o beige","marca":"El chalet","eficiencia_calorica":"800\u00b0C resistencia","potencia":"","material":"Refractario","tipo_de_combustible":"Le\u00f1a o gas","alternativas_eficientes":""},"gallery_images":[],"_links":{"self":[{"href":"https:\/\/chimeneaselchalet.com\/en\/wp-json\/wp\/v2\/product\/4080","targetHints":{"allow":["GET"]}}],"collection":[{"href":"https:\/\/chimeneaselchalet.com\/en\/wp-json\/wp\/v2\/product"}],"about":[{"href":"https:\/\/chimeneaselchalet.com\/en\/wp-json\/wp\/v2\/types\/product"}],"wp:featuredmedia":[{"embeddable":true,"href":"https:\/\/chimeneaselchalet.com\/en\/wp-json\/wp\/v2\/media\/4074"}],"wp:attachment":[{"href":"https:\/\/chimeneaselchalet.com\/en\/wp-json\/wp\/v2\/media?parent=4080"}],"wp:term":[{"taxonomy":"color","embeddable":true,"href":"https:\/\/chimeneaselchalet.com\/en\/wp-json\/wp\/v2\/color?post=4080"},{"taxonomy":"product_brand","embeddable":true,"href":"https:\/\/chimeneaselchalet.com\/en\/wp-json\/wp\/v2\/product_brand?post=4080"},{"taxonomy":"product_cat","embeddable":true,"href":"https:\/\/chimeneaselchalet.com\/en\/wp-json\/wp\/v2\/product_cat?post=4080"},{"taxonomy":"product_tag","embeddable":true,"href":"https:\/\/chimeneaselchalet.com\/en\/wp-json\/wp\/v2\/product_tag?post=4080"}],"curies":[{"name":"wp","href":"https:\/\/api.w.org\/{rel}","templated":true}]}}