{"id":4421,"date":"2024-09-13T09:24:09","date_gmt":"2024-09-13T14:24:09","guid":{"rendered":"https:\/\/chimeneaselchalet.com\/?post_type=product&#038;p=4421"},"modified":"2026-03-11T19:02:35","modified_gmt":"2026-03-12T00:02:35","slug":"estufa-a-gas-para-empotrar-grande","status":"publish","type":"product","link":"https:\/\/chimeneaselchalet.com\/en\/product\/estufa-a-gas-para-empotrar-grande\/","title":{"rendered":"Estufa a gas para empotrar grande 60"},"content":{"rendered":"","protected":false},"excerpt":{"rendered":"","protected":false},"featured_media":4426,"template":"","meta":{"_acf_changed":false,"_seopress_robots_primary_cat":"none","_seopress_titles_title":"Compra Estufa a Gas grande 60 Empotrar para zona exterior bbq","_seopress_titles_desc":"Descubre la Estufa a Gas Andaluc\u00eda para empotrar, perfecta para tu hogar. Eficiencia y dise\u00f1o unidos para ofrecerte el m\u00e1ximo confort para tu zona bbq exterior","_seopress_robots_index":""},"color":[],"product_brand":[],"product_cat":[18],"product_tag":[215,214,216,78,207,219,220,90,204,203,88,237,83,230,248,222,208,84,32,236,239,241,240,269,210,244,246,245,263,242,259,213,206,235,228,268,270,82,265,225,256,261,267,254,224,271,257,262,212,264,229,232,234,233,272,202,238,243,205,231,249,223,209,255,218,226,253,266,211,247,250,252,251,258,260,221,227],"class_list":{"0":"post-4421","1":"product","2":"type-product","3":"status-publish","4":"has-post-thumbnail","6":"product_cat-asadores-hornos-plancha-bbq","7":"product_tag-accesorios-para-parrilla-de-acero-inoxidable","8":"product_tag-asador-a-gas-portatil","9":"product_tag-parrilla-electrica-para-interior","10":"product_tag-accesorios-para-parrilla","11":"product_tag-asado","12":"product_tag-asado-argentino","13":"product_tag-asado-lena","14":"product_tag-asador","15":"product_tag-asador-a-carbon","16":"product_tag-asador-a-gas","17":"product_tag-asador-argentino","18":"product_tag-asador-broil-king","19":"product_tag-asador-gas","20":"product_tag-asador-napoleon","21":"product_tag-asador-verona","22":"product_tag-asador-weber","23":"product_tag-barbacoa","24":"product_tag-barril-ahumador","25":"product_tag-bbq","26":"product_tag-broil-king","27":"product_tag-broil-king-argentina","28":"product_tag-broil-king-imperial","29":"product_tag-broil-king-premium","30":"product_tag-broil-master","31":"product_tag-carne-a-la-parrilla","32":"product_tag-char-broil-argentina","33":"product_tag-char-broil-carbon","34":"product_tag-char-broil-gas","35":"product_tag-char-broil","36":"product_tag-char-broil-asador-char-broil","37":"product_tag-chimeneas-de-colombia","38":"product_tag-cocinar-a-fuego-lento","39":"product_tag-cocinar-al-aire-libre","40":"product_tag-comprar-napoleon","41":"product_tag-comprar-weber","42":"product_tag-cuisinart","43":"product_tag-ducasse","44":"product_tag-estufa-gas","45":"product_tag-garcima","46":"product_tag-genesis-weber","47":"product_tag-green-egg","48":"product_tag-humo-barriles","49":"product_tag-inoxhome","50":"product_tag-kamado-joe","51":"product_tag-kettle-weber","52":"product_tag-landmann","53":"product_tag-lynx","54":"product_tag-mano-bbq","55":"product_tag-marinar","56":"product_tag-mr-beef","57":"product_tag-napoleon","58":"product_tag-napoleon-argentina","59":"product_tag-napoleon-carbon","60":"product_tag-napoleon-gas","61":"product_tag-ozark-trail","62":"product_tag-parrilla","63":"product_tag-parrilla-broil-king","64":"product_tag-parrilla-char-broil","65":"product_tag-parrilla-electrica","66":"product_tag-parrilla-napoleon","67":"product_tag-parrilla-verona","68":"product_tag-parrilla-weber","69":"product_tag-parrillada","70":"product_tag-pit-boss","71":"product_tag-quincho","72":"product_tag-spirit-weber","73":"product_tag-traeger","74":"product_tag-tramontina","75":"product_tag-verduras-a-la-parrilla","76":"product_tag-verona","77":"product_tag-verona-argentina","78":"product_tag-verona-carbon","79":"product_tag-verona-gas","80":"product_tag-viking","81":"product_tag-volcano","82":"product_tag-weber","83":"product_tag-weber-argentina","85":"first","86":"instock","87":"featured","88":"taxable","89":"shipping-taxable","90":"purchasable","91":"product-type-simple"},"acf":{"descripcion":"<h2 data-start=\"181\" data-end=\"249\">\ud83d\udd25 Estufa de Gas de 1 Puesto en Acero Inoxidable | Alto Desempe\u00f1o<\/h2>\r\n<p data-start=\"251\" data-end=\"635\"><strong data-start=\"251\" data-end=\"307\">Potencia, resistencia y precisi\u00f3n en un solo equipo.<\/strong><br data-start=\"307\" data-end=\"310\" \/>Nuestra <strong data-start=\"318\" data-end=\"340\">estufa de 1 puesto<\/strong>, fabricada completamente en <strong data-start=\"369\" data-end=\"389\">acero inoxidable<\/strong>, est\u00e1 dise\u00f1ada para quienes requieren <strong data-start=\"428\" data-end=\"448\">alto rendimiento<\/strong>, durabilidad y control total del fuego. Incorpora un <strong data-start=\"502\" data-end=\"530\">quemador de doble anillo<\/strong> capaz de entregar hasta <strong data-start=\"555\" data-end=\"569\">60.000 BTU<\/strong>, ideal para ollas de gran tama\u00f1o y preparaciones de alto volumen.<\/p>\r\n<p data-start=\"637\" data-end=\"833\">Gracias a su excelente regulaci\u00f3n, permite tambi\u00e9n un <strong data-start=\"691\" data-end=\"723\">hervor suave desde 1.000 BTU<\/strong>, garantizando versatilidad para todo tipo de recetas, desde cocciones intensas hasta preparaciones delicadas.<\/p>\r\n\r\n<h3 data-start=\"835\" data-end=\"869\">\u2705 Caracter\u00edsticas principales:<\/h3>\r\n<ul data-start=\"870\" data-end=\"1151\">\r\n \t<li data-start=\"870\" data-end=\"913\">\r\n<p data-start=\"872\" data-end=\"913\">Construcci\u00f3n <strong data-start=\"885\" data-end=\"913\">100% en acero inoxidable<\/strong><\/p>\r\n<\/li>\r\n \t<li data-start=\"914\" data-end=\"964\">\r\n<p data-start=\"916\" data-end=\"964\"><strong data-start=\"916\" data-end=\"944\">Quemador de doble anillo<\/strong> de alto desempe\u00f1o<\/p>\r\n<\/li>\r\n \t<li data-start=\"965\" data-end=\"998\">\r\n<p data-start=\"967\" data-end=\"998\">Potencia m\u00e1xima: <strong data-start=\"984\" data-end=\"998\">60.000 BTU<\/strong><\/p>\r\n<\/li>\r\n \t<li data-start=\"999\" data-end=\"1039\">\r\n<p data-start=\"1001\" data-end=\"1039\">Regulaci\u00f3n precisa desde <strong data-start=\"1026\" data-end=\"1039\">1.000 BTU<\/strong><\/p>\r\n<\/li>\r\n \t<li data-start=\"1040\" data-end=\"1087\">\r\n<p data-start=\"1042\" data-end=\"1087\">Apta y garantizada para <strong data-start=\"1066\" data-end=\"1087\">uso en exteriores<\/strong><\/p>\r\n<\/li>\r\n \t<li data-start=\"1088\" data-end=\"1151\">\r\n<p data-start=\"1090\" data-end=\"1151\">Dise\u00f1o robusto, f\u00e1cil de limpiar y resistente a la intemperie<\/p>\r\n<\/li>\r\n<\/ul>\r\n<h3 data-start=\"1153\" data-end=\"1172\">\ud83d\udcd0 Dimensiones:<\/h3>\r\n<ul data-start=\"1173\" data-end=\"1244\">\r\n \t<li data-start=\"1173\" data-end=\"1192\">\r\n<p data-start=\"1175\" data-end=\"1192\"><strong data-start=\"1175\" data-end=\"1184\">Alto:<\/strong> 23 cm<\/p>\r\n<\/li>\r\n \t<li data-start=\"1193\" data-end=\"1215\">\r\n<p data-start=\"1195\" data-end=\"1215\"><strong data-start=\"1195\" data-end=\"1205\">Ancho:<\/strong> 60,5 cm<\/p>\r\n<\/li>\r\n \t<li data-start=\"1216\" data-end=\"1244\">\r\n<p data-start=\"1218\" data-end=\"1244\"><strong data-start=\"1218\" data-end=\"1234\">Profundidad:<\/strong> 60,5 cm<\/p>\r\n<\/li>\r\n<\/ul>\r\n<p data-start=\"1246\" data-end=\"1354\"><strong data-start=\"1251\" data-end=\"1279\">Producto 100% colombiano<\/strong>, fabricado con altos est\u00e1ndares de calidad y pensado para un uso exigente.<\/p>\r\n<p data-start=\"1356\" data-end=\"1453\">Ideal para cocinas exteriores, asadores, food service, eventos o uso dom\u00e9stico de alto desempe\u00f1o.<\/p>","ficha_tecnica":4446,"manual_de_instrucciones":4475,"recomendaciones":"","dimensiones":"","alto":"23 cm","frente":"61 cm","base":"","peso":"17 kg","largo":"","ancho":"61 cm","color":"Acero inoxidable","marca":"El chalet","eficiencia_calorica":"","potencia":"60.000 BTU","material":"Acero inoxidable","tipo_de_combustible":"","alternativas_eficientes":"Requiere 110V"},"gallery_images":[4448,4428,4425,4422],"_links":{"self":[{"href":"https:\/\/chimeneaselchalet.com\/en\/wp-json\/wp\/v2\/product\/4421","targetHints":{"allow":["GET"]}}],"collection":[{"href":"https:\/\/chimeneaselchalet.com\/en\/wp-json\/wp\/v2\/product"}],"about":[{"href":"https:\/\/chimeneaselchalet.com\/en\/wp-json\/wp\/v2\/types\/product"}],"wp:featuredmedia":[{"embeddable":true,"href":"https:\/\/chimeneaselchalet.com\/en\/wp-json\/wp\/v2\/media\/4426"}],"wp:attachment":[{"href":"https:\/\/chimeneaselchalet.com\/en\/wp-json\/wp\/v2\/media?parent=4421"}],"wp:term":[{"taxonomy":"color","embeddable":true,"href":"https:\/\/chimeneaselchalet.com\/en\/wp-json\/wp\/v2\/color?post=4421"},{"taxonomy":"product_brand","embeddable":true,"href":"https:\/\/chimeneaselchalet.com\/en\/wp-json\/wp\/v2\/product_brand?post=4421"},{"taxonomy":"product_cat","embeddable":true,"href":"https:\/\/chimeneaselchalet.com\/en\/wp-json\/wp\/v2\/product_cat?post=4421"},{"taxonomy":"product_tag","embeddable":true,"href":"https:\/\/chimeneaselchalet.com\/en\/wp-json\/wp\/v2\/product_tag?post=4421"}],"curies":[{"name":"wp","href":"https:\/\/api.w.org\/{rel}","templated":true}]}}