{"id":4433,"date":"2024-09-13T09:35:59","date_gmt":"2024-09-13T14:35:59","guid":{"rendered":"https:\/\/chimeneaselchalet.com\/?post_type=product&#038;p=4433"},"modified":"2026-03-24T07:53:43","modified_gmt":"2026-03-24T12:53:43","slug":"estufa-a-gas-para-2-puestos-andalucia","status":"publish","type":"product","link":"https:\/\/chimeneaselchalet.com\/en\/product\/estufa-a-gas-para-2-puestos-andalucia\/","title":{"rendered":"Estufa de empotrar a gas 2 puestos Spett"},"content":{"rendered":"","protected":false},"excerpt":{"rendered":"","protected":false},"featured_media":4427,"template":"","meta":{"_acf_changed":false,"_seopress_robots_primary_cat":"none","_seopress_titles_title":"Compra Estufa a Gas 2 puestos Empotrar para zona exterior bbq","_seopress_titles_desc":"Descubre la Estufa a Gas Andaluc\u00eda para empotrar, perfecta para tu hogar. Eficiencia y dise\u00f1o unidos para ofrecerte el m\u00e1ximo confort para tu zona bbq exterior","_seopress_robots_index":""},"color":[],"product_brand":[],"product_cat":[18],"product_tag":[215,214,216,78,207,219,220,90,204,203,88,237,83,230,248,222,208,84,32,236,239,241,240,269,210,244,246,245,263,242,259,91,213,206,235,228,268,270,82,265,225,256,261,267,254,224,271,257,262,212,264,229,232,234,233,272,202,238,243,205,231,249,223,209,255,218,226,253,266,211,247,250,252,251,258,260,221,227],"class_list":{"0":"post-4433","1":"product","2":"type-product","3":"status-publish","4":"has-post-thumbnail","6":"product_cat-asadores-hornos-plancha-bbq","7":"product_tag-accesorios-para-parrilla-de-acero-inoxidable","8":"product_tag-asador-a-gas-portatil","9":"product_tag-parrilla-electrica-para-interior","10":"product_tag-accesorios-para-parrilla","11":"product_tag-asado","12":"product_tag-asado-argentino","13":"product_tag-asado-lena","14":"product_tag-asador","15":"product_tag-asador-a-carbon","16":"product_tag-asador-a-gas","17":"product_tag-asador-argentino","18":"product_tag-asador-broil-king","19":"product_tag-asador-gas","20":"product_tag-asador-napoleon","21":"product_tag-asador-verona","22":"product_tag-asador-weber","23":"product_tag-barbacoa","24":"product_tag-barril-ahumador","25":"product_tag-bbq","26":"product_tag-broil-king","27":"product_tag-broil-king-argentina","28":"product_tag-broil-king-imperial","29":"product_tag-broil-king-premium","30":"product_tag-broil-master","31":"product_tag-carne-a-la-parrilla","32":"product_tag-char-broil-argentina","33":"product_tag-char-broil-carbon","34":"product_tag-char-broil-gas","35":"product_tag-char-broil","36":"product_tag-char-broil-asador-char-broil","37":"product_tag-chimeneas-de-colombia","38":"product_tag-cocina-exterior","39":"product_tag-cocinar-a-fuego-lento","40":"product_tag-cocinar-al-aire-libre","41":"product_tag-comprar-napoleon","42":"product_tag-comprar-weber","43":"product_tag-cuisinart","44":"product_tag-ducasse","45":"product_tag-estufa-gas","46":"product_tag-garcima","47":"product_tag-genesis-weber","48":"product_tag-green-egg","49":"product_tag-humo-barriles","50":"product_tag-inoxhome","51":"product_tag-kamado-joe","52":"product_tag-kettle-weber","53":"product_tag-landmann","54":"product_tag-lynx","55":"product_tag-mano-bbq","56":"product_tag-marinar","57":"product_tag-mr-beef","58":"product_tag-napoleon","59":"product_tag-napoleon-argentina","60":"product_tag-napoleon-carbon","61":"product_tag-napoleon-gas","62":"product_tag-ozark-trail","63":"product_tag-parrilla","64":"product_tag-parrilla-broil-king","65":"product_tag-parrilla-char-broil","66":"product_tag-parrilla-electrica","67":"product_tag-parrilla-napoleon","68":"product_tag-parrilla-verona","69":"product_tag-parrilla-weber","70":"product_tag-parrillada","71":"product_tag-pit-boss","72":"product_tag-quincho","73":"product_tag-spirit-weber","74":"product_tag-traeger","75":"product_tag-tramontina","76":"product_tag-verduras-a-la-parrilla","77":"product_tag-verona","78":"product_tag-verona-argentina","79":"product_tag-verona-carbon","80":"product_tag-verona-gas","81":"product_tag-viking","82":"product_tag-volcano","83":"product_tag-weber","84":"product_tag-weber-argentina","86":"first","87":"instock","88":"featured","89":"taxable","90":"shipping-taxable","91":"purchasable","92":"product-type-simple"},"acf":{"descripcion":"<h2 data-start=\"160\" data-end=\"227\">\ud83d\udd25 Estufa de Gas de 2 Puestos en Acero Inoxidable | Uso Exterior<\/h2>\r\n<p data-start=\"229\" data-end=\"602\"><strong data-start=\"229\" data-end=\"283\">Calidad, potencia y durabilidad en un solo equipo.<\/strong><br data-start=\"283\" data-end=\"286\" \/>Nuestro producto de <strong data-start=\"306\" data-end=\"319\">2 puestos<\/strong>, fabricado completamente en <strong data-start=\"348\" data-end=\"368\">acero inoxidable<\/strong>, ofrece un excelente desempe\u00f1o para preparaciones diarias y uso intensivo en exteriores. Incorpora <strong data-start=\"468\" data-end=\"506\">dos quemadores de alto rendimiento<\/strong>, cada uno con una potencia de hasta <strong data-start=\"543\" data-end=\"557\">10.000 BTU<\/strong>, brindando una cocci\u00f3n eficiente y uniforme.<\/p>\r\n<p data-start=\"604\" data-end=\"754\">Su dise\u00f1o robusto incluye <strong data-start=\"630\" data-end=\"659\">tapa protectora removible<\/strong>, ideal para proteger los quemadores cuando no est\u00e1 en uso y prolongar la vida \u00fatil del equipo.<\/p>\r\n\r\n<h3 data-start=\"756\" data-end=\"790\">\u2705 Caracter\u00edsticas principales:<\/h3>\r\n<ul data-start=\"791\" data-end=\"1086\">\r\n \t<li data-start=\"791\" data-end=\"834\">\r\n<p data-start=\"793\" data-end=\"834\">Construcci\u00f3n <strong data-start=\"806\" data-end=\"834\">100% en acero inoxidable<\/strong><\/p>\r\n<\/li>\r\n \t<li data-start=\"835\" data-end=\"897\">\r\n<p data-start=\"837\" data-end=\"897\"><strong data-start=\"837\" data-end=\"864\">Dos quemadores potentes<\/strong> de hasta <strong data-start=\"874\" data-end=\"897\">12.000 BTU cada uno<\/strong><\/p>\r\n<\/li>\r\n \t<li data-start=\"898\" data-end=\"930\">\r\n<p data-start=\"900\" data-end=\"930\">Cocci\u00f3n eficiente y controlada<\/p>\r\n<\/li>\r\n \t<li data-start=\"931\" data-end=\"983\">\r\n<p data-start=\"933\" data-end=\"983\"><strong data-start=\"933\" data-end=\"983\">Instalaci\u00f3n garantizada para uso en exteriores<\/strong><\/p>\r\n<\/li>\r\n \t<li data-start=\"984\" data-end=\"1034\">\r\n<p data-start=\"986\" data-end=\"1034\"><strong data-start=\"986\" data-end=\"1017\">Tapa protectora desmontable<\/strong> (quitar y poner)<\/p>\r\n<\/li>\r\n \t<li data-start=\"1035\" data-end=\"1086\">\r\n<p data-start=\"1037\" data-end=\"1086\">F\u00e1cil limpieza y alta resistencia a la intemperie<\/p>\r\n<\/li>\r\n<\/ul>\r\n<h3 data-start=\"1088\" data-end=\"1107\">\ud83d\udcd0 Dimensiones:<\/h3>\r\n<ul data-start=\"1108\" data-end=\"1177\">\r\n \t<li data-start=\"1108\" data-end=\"1127\">\r\n<p data-start=\"1110\" data-end=\"1127\"><strong data-start=\"1110\" data-end=\"1119\">Alto:<\/strong> 23 cm<\/p>\r\n<\/li>\r\n \t<li data-start=\"1128\" data-end=\"1150\">\r\n<p data-start=\"1130\" data-end=\"1150\"><strong data-start=\"1130\" data-end=\"1140\">Ancho:<\/strong> 42,5 cm<\/p>\r\n<\/li>\r\n \t<li data-start=\"1151\" data-end=\"1177\">\r\n<p data-start=\"1153\" data-end=\"1177\"><strong data-start=\"1153\" data-end=\"1169\">Profundidad:<\/strong> 62 cm<\/p>\r\n<\/li>\r\n<\/ul>\r\n<p data-start=\"1179\" data-end=\"1257\"><strong data-start=\"1184\" data-end=\"1212\">Producto 100% colombiano<\/strong>, fabricado bajo altos est\u00e1ndares de calidad.<\/p>\r\n<p data-start=\"1259\" data-end=\"1335\">Ideal para cocinas exteriores, terrazas, zonas BBQ y espacios gastron\u00f3micos.<\/p>\r\n<p data-start=\"1502\" data-end=\"1563\" data-is-last-node=\"\" data-is-only-node=\"\">\ud83d\udd25 Chimeneas el Chalet \u2014 calidad que se siente en cada llama.<\/p>","ficha_tecnica":4430,"manual_de_instrucciones":4475,"recomendaciones":"","dimensiones":"","alto":"23 cm","frente":"62 cm","base":"","peso":"10 kg","largo":"","ancho":"42 cm","color":"Acero inoxidable","marca":"El chalet","eficiencia_calorica":"","potencia":"20.000 BTU","material":"Acero inoxidable","tipo_de_combustible":"","alternativas_eficientes":"Requiere 110V"},"gallery_images":[4430,4431,4423,4424,4429],"_links":{"self":[{"href":"https:\/\/chimeneaselchalet.com\/en\/wp-json\/wp\/v2\/product\/4433","targetHints":{"allow":["GET"]}}],"collection":[{"href":"https:\/\/chimeneaselchalet.com\/en\/wp-json\/wp\/v2\/product"}],"about":[{"href":"https:\/\/chimeneaselchalet.com\/en\/wp-json\/wp\/v2\/types\/product"}],"wp:featuredmedia":[{"embeddable":true,"href":"https:\/\/chimeneaselchalet.com\/en\/wp-json\/wp\/v2\/media\/4427"}],"wp:attachment":[{"href":"https:\/\/chimeneaselchalet.com\/en\/wp-json\/wp\/v2\/media?parent=4433"}],"wp:term":[{"taxonomy":"color","embeddable":true,"href":"https:\/\/chimeneaselchalet.com\/en\/wp-json\/wp\/v2\/color?post=4433"},{"taxonomy":"product_brand","embeddable":true,"href":"https:\/\/chimeneaselchalet.com\/en\/wp-json\/wp\/v2\/product_brand?post=4433"},{"taxonomy":"product_cat","embeddable":true,"href":"https:\/\/chimeneaselchalet.com\/en\/wp-json\/wp\/v2\/product_cat?post=4433"},{"taxonomy":"product_tag","embeddable":true,"href":"https:\/\/chimeneaselchalet.com\/en\/wp-json\/wp\/v2\/product_tag?post=4433"}],"curies":[{"name":"wp","href":"https:\/\/api.w.org\/{rel}","templated":true}]}}