{"id":4585,"date":"2025-01-29T15:16:40","date_gmt":"2025-01-29T20:16:40","guid":{"rendered":"https:\/\/chimeneaselchalet.com\/?post_type=product&#038;p=4585"},"modified":"2026-04-07T09:19:22","modified_gmt":"2026-04-07T14:19:22","slug":"eko-sopo","status":"publish","type":"product","link":"https:\/\/chimeneaselchalet.com\/en\/product\/eko-sopo\/","title":{"rendered":"Eko Sop\u00f3"},"content":{"rendered":"","protected":false},"excerpt":{"rendered":"","protected":false},"featured_media":4539,"template":"","meta":{"_acf_changed":false,"_seopress_robots_primary_cat":"none","_seopress_titles_title":"Descubre la Mejor Chimenea para Tu Hogar Eko Sop\u00f3","_seopress_titles_desc":"Busca una chimenea que destaque? Nuestras chimeneas colgantes de techo son la soluci\u00f3n. Combina estilo, funcionalidad y eficiencia energ\u00e9tica en un solo producto.","_seopress_robots_index":""},"color":[],"product_brand":[],"product_cat":[19],"product_tag":[158,164,165,166,162,167,163,51,156,62,153,157,151,155,154,152,161,160,159],"class_list":{"0":"post-4585","1":"product","2":"type-product","3":"status-publish","4":"has-post-thumbnail","6":"product_cat-chimeneas-colgantes-eko","7":"product_tag-calefaccion-con-chimenea","8":"product_tag-chimenea-de-estilo","9":"product_tag-chimenea-de-pared","10":"product_tag-chimenea-flotante","11":"product_tag-chimenea-personalizada","12":"product_tag-chimenea-sin-conducto","13":"product_tag-chimenea-unica","14":"product_tag-chimeneas-a-gas","15":"product_tag-chimeneas-a-lena","16":"product_tag-chimeneas-colgantes","17":"product_tag-chimeneas-de-diseno","18":"product_tag-chimeneas-de-interior","19":"product_tag-chimeneas-de-techo","20":"product_tag-chimeneas-innovadoras","21":"product_tag-chimeneas-modernas","22":"product_tag-chimeneas-suspendidas","23":"product_tag-decoracion-de-interiores","24":"product_tag-diseno-de-interiores","25":"product_tag-hogar-acogedor","27":"first","28":"instock","29":"taxable","30":"shipping-taxable","31":"purchasable","32":"product-type-variable"},"acf":{"descripcion":"<strong>\ud83d\udd25 Chimenea colgante de dise\u00f1o \u2013 arte, fuego y sofisticaci\u00f3n<\/strong>\r\n\r\nNuestra <strong>chimenea colgante<\/strong> es mucho m\u00e1s que un sistema de calefacci\u00f3n: es una <strong>pieza de dise\u00f1o escult\u00f3rico<\/strong> que transforma cualquier espacio en un ambiente <strong>\u00fanico, elegante y memorable<\/strong>. Suspendida en el aire, se convierte en el centro de atenci\u00f3n, aportando car\u00e1cter, calidez y un impacto visual incomparable.\r\n\r\nDisponible en <strong>versi\u00f3n a gas o a le\u00f1a<\/strong>, para adaptarse a distintos estilos de vida y preferencias.\r\n\r\n<strong>\ud83d\udd39 Chimenea colgante a gas<\/strong>\r\n\r\nCuenta con un quemador importado de acero inoxidable tipo vent-free, con sistema Venturi interno, que garantiza una combusti\u00f3n limpia, eficiente y sin humo. Disfruta de llamas realistas, sin cenizas y con bajo mantenimiento, ideales para el uso diario.\r\n\r\nIncluye control remoto y piedra decorativa de m\u00e1rmol, un detalle que eleva el nivel est\u00e9tico y aporta un acabado sofisticado. Lo mejor de todo es que las conexiones son por piso lo que evita que se vean cables o mangueras a la vista.\r\n<ul>\r\n \t<li>Uso: Interior o exterior<\/li>\r\n \t<li>Punto de gas entra por la parte inferior o lateral, tuber\u00eda a la vista<\/li>\r\n \t<li>Incluye: Control remoto, mangueras, piedra decorativa y soporte para instalar.<\/li>\r\n \t<li>No incluye: instalaci\u00f3n, transporte.<\/li>\r\n<\/ul>\r\nUn gran diferencial es su <strong>sistema de conexi\u00f3n por techo o pared<\/strong>, lo que permite una <strong>instalaci\u00f3n limpia<\/strong>, sin cables ni mangueras visibles, logrando un resultado est\u00e9tico impecable. (conexiones a techo tiene un valor adicional por el sistema de aislamiento patentado por Chimeneas el Chalet)\r\n\r\n<strong>\ud83d\udd39 Chimenea colgante a le\u00f1a<\/strong>\r\n\r\nLa <strong>chimenea colgante a le\u00f1a<\/strong> combina el encanto del <strong>fuego tradicional<\/strong> con un <strong>dise\u00f1o contempor\u00e1neo de alto nivel<\/strong>. Adem\u00e1s de brindar calor, a\u00f1ade un toque de <strong>lujo y distinci\u00f3n<\/strong>, convirti\u00e9ndose en una pieza que <strong>eleva el valor del espacio<\/strong> donde se instala.\r\n\r\nTodos nuestros modelos para uso con le\u00f1a se entregan <strong>completos y listos para usar<\/strong>, incluyendo:\r\n<ul>\r\n \t<li>Parrilla<\/li>\r\n \t<li>Cenicero<\/li>\r\n \t<li>Elementos para facilitar el manejo de la le\u00f1a<\/li>\r\n<\/ul>","ficha_tecnica":"","manual_de_instrucciones":2686,"recomendaciones":"","dimensiones":"","alto":"240 cm","frente":"","base":"70 cm","peso":"95 kg","largo":"","ancho":"70 cm ","color":"Negro mate, blanco o envejecido decorativo. ","marca":"El chalet","eficiencia_calorica":"70 m2","potencia":"10,5 Kw","material":"Estructura met\u00e1lica","tipo_de_combustible":"Gas o le\u00f1a","alternativas_eficientes":""},"gallery_images":[4541,4540,4542],"_links":{"self":[{"href":"https:\/\/chimeneaselchalet.com\/en\/wp-json\/wp\/v2\/product\/4585","targetHints":{"allow":["GET"]}}],"collection":[{"href":"https:\/\/chimeneaselchalet.com\/en\/wp-json\/wp\/v2\/product"}],"about":[{"href":"https:\/\/chimeneaselchalet.com\/en\/wp-json\/wp\/v2\/types\/product"}],"wp:featuredmedia":[{"embeddable":true,"href":"https:\/\/chimeneaselchalet.com\/en\/wp-json\/wp\/v2\/media\/4539"}],"wp:attachment":[{"href":"https:\/\/chimeneaselchalet.com\/en\/wp-json\/wp\/v2\/media?parent=4585"}],"wp:term":[{"taxonomy":"color","embeddable":true,"href":"https:\/\/chimeneaselchalet.com\/en\/wp-json\/wp\/v2\/color?post=4585"},{"taxonomy":"product_brand","embeddable":true,"href":"https:\/\/chimeneaselchalet.com\/en\/wp-json\/wp\/v2\/product_brand?post=4585"},{"taxonomy":"product_cat","embeddable":true,"href":"https:\/\/chimeneaselchalet.com\/en\/wp-json\/wp\/v2\/product_cat?post=4585"},{"taxonomy":"product_tag","embeddable":true,"href":"https:\/\/chimeneaselchalet.com\/en\/wp-json\/wp\/v2\/product_tag?post=4585"}],"curies":[{"name":"wp","href":"https:\/\/api.w.org\/{rel}","templated":true}]}}