{"id":4589,"date":"2025-01-29T15:38:24","date_gmt":"2025-01-29T20:38:24","guid":{"rendered":"https:\/\/chimeneaselchalet.com\/?post_type=product&#038;p=4589"},"modified":"2026-01-29T09:52:34","modified_gmt":"2026-01-29T14:52:34","slug":"chimenea-de-gas-kubik","status":"publish","type":"product","link":"https:\/\/chimeneaselchalet.com\/en\/product\/chimenea-de-gas-kubik\/","title":{"rendered":"Kubik gas fireplace"},"content":{"rendered":"","protected":false},"excerpt":{"rendered":"","protected":false},"featured_media":4552,"template":"","meta":{"_acf_changed":false,"_seopress_robots_primary_cat":"none","_seopress_titles_title":"Compre Chimeneas Ecol\u00f3gicas Modernas | El Chalet Kubik","_seopress_titles_desc":"Descubre la elegancia y eficiencia de la Chimenea de Gas kubik. Perfecta para crear un ambiente acogedor.","_seopress_robots_index":""},"color":[],"product_brand":[],"product_cat":[20],"product_tag":[362,359,277,364,381,174,344,294,276,349,400,275,388,392,295,401,273,288,315,316,317,308,309,297,305,290,342,341,346,348,347,340,343,302,369,393,299,313,312,314,289,319,320,326,327,328,329,398,395,397,325,318,306,165,50,336,333,337,334,338,332,331,330,339,335,298,103,301,303,296,307,304,300,51,368,402,404,62,259,151,44,366,403,367,293,374,384,376,283,286,391,278,361,279,357,356,370,355,380,350,382,140,399,394,351,352,274,291,378,284,120,159,389,321,396,285,280,138,385,323,324,322,354,282,292,371,373,383,358,377,390,345,310,311,387,287,379,363,375,281,353,372,386,365,360],"class_list":{"0":"post-4589","1":"product","2":"type-product","3":"status-publish","4":"has-post-thumbnail","6":"product_cat-chimeneas-a-gas","7":"product_tag-acogedor","8":"product_tag-adaptable","9":"product_tag-ambiente","10":"product_tag-ambiente-relajante","11":"product_tag-autonomia","12":"product_tag-bajo-consumo","13":"product_tag-bioetanol-liquido","14":"product_tag-brasas","15":"product_tag-calefaccion","16":"product_tag-calefaccion-adicional","17":"product_tag-calle-93","18":"product_tag-calor","19":"product_tag-camara-de-combustion","20":"product_tag-cenicero-extraible","21":"product_tag-cenizas","22":"product_tag-chico-norte","23":"product_tag-chimenea","24":"product_tag-chimenea-a-gas","25":"product_tag-chimenea-a-gas-con-control-remoto","26":"product_tag-chimenea-a-gas-con-termostato","27":"product_tag-chimenea-a-gas-de-bajo-consumo","28":"product_tag-chimenea-a-gas-natural","29":"product_tag-chimenea-a-gas-propano","30":"product_tag-chimenea-clasica","31":"product_tag-chimenea-contemporanea","32":"product_tag-chimenea-de-bioetanol","33":"product_tag-chimenea-de-bioetanol-de-mesa","34":"product_tag-chimenea-de-bioetanol-de-pared","35":"product_tag-chimenea-de-bioetanol-ecologica","36":"product_tag-chimenea-de-bioetanol-moderna","37":"product_tag-chimenea-de-bioetanol-segura","38":"product_tag-chimenea-de-bioetanol-sin-instalacion","39":"product_tag-chimenea-de-bioetanol-suspendida","40":"product_tag-chimenea-de-diseno","41":"product_tag-chimenea-de-doble-combustion","42":"product_tag-chimenea-de-doble-combustion-de-alta-eficiencia","43":"product_tag-chimenea-de-esquina","44":"product_tag-chimenea-de-gas-de-pared","45":"product_tag-chimenea-de-gas-empotrada","46":"product_tag-chimenea-de-gas-suspendida","47":"product_tag-chimenea-de-lena","48":"product_tag-chimenea-de-lena-abierta","49":"product_tag-chimenea-de-lena-cerrada","50":"product_tag-chimenea-de-lena-con-pantalla","51":"product_tag-chimenea-de-lena-con-puerta-de-cristal","52":"product_tag-chimenea-de-lena-con-tiro-directo","53":"product_tag-chimenea-de-lena-con-tiro-forzado","54":"product_tag-chimenea-de-lena-de-hierro-fundido","55":"product_tag-chimenea-de-lena-ecologica","56":"product_tag-chimenea-de-lena-para-calefaccion-principal","57":"product_tag-chimenea-de-lena-rustica","58":"product_tag-chimenea-de-lena-tradicional","59":"product_tag-chimenea-de-obra","60":"product_tag-chimenea-de-pared","61":"product_tag-chimenea-electrica","62":"product_tag-chimenea-electrica-con-control-remoto","63":"product_tag-chimenea-electrica-con-efecto-de-llama","64":"product_tag-chimenea-electrica-con-temporizador","65":"product_tag-chimenea-electrica-con-termostato","66":"product_tag-chimenea-electrica-de-bajo-consumo","67":"product_tag-chimenea-electrica-de-esquina","68":"product_tag-chimenea-electrica-de-pared","69":"product_tag-chimenea-electrica-empotrada","70":"product_tag-chimenea-electrica-realista","71":"product_tag-chimenea-electrica-sin-instalacion","72":"product_tag-chimenea-empotrada","73":"product_tag-chimenea-exterior","74":"product_tag-chimenea-interior","75":"product_tag-chimenea-minimalista","76":"product_tag-chimenea-moderna","77":"product_tag-chimenea-prefabricada","78":"product_tag-chimenea-rustica","79":"product_tag-chimenea-suspendida","80":"product_tag-chimeneas-a-gas","81":"product_tag-chimeneas-baratas","82":"product_tag-chimeneas-bogota","83":"product_tag-chimeneas-cali","84":"product_tag-chimeneas-colgantes","85":"product_tag-chimeneas-de-colombia","86":"product_tag-chimeneas-de-techo","87":"product_tag-chimeneas-el-chalet","88":"product_tag-chimeneas-loft","89":"product_tag-chimeneas-medellin","90":"product_tag-chimeneas-tizon","91":"product_tag-chispa","92":"product_tag-clasico","93":"product_tag-co2","94":"product_tag-combustion-secundaria","95":"product_tag-comedor","96":"product_tag-confort","97":"product_tag-cristal-ceramico","98":"product_tag-decoracion","99":"product_tag-decorativo","100":"product_tag-diseno","101":"product_tag-diseno-clasico","102":"product_tag-diseno-moderno","103":"product_tag-doble-combustion","104":"product_tag-ecologico","105":"product_tag-eficiencia","106":"product_tag-eficiencia-energetica","107":"product_tag-emisiones-reducidas","108":"product_tag-estufa-de-lena","109":"product_tag-estufa-de-lena-con-regulador-de-tiro","110":"product_tag-estufa-de-lena-de-bajo-consumo","111":"product_tag-facil-instalacion","112":"product_tag-facil-mantenimiento","113":"product_tag-fuego","114":"product_tag-fuego-artificial","115":"product_tag-gases-de-combustion","116":"product_tag-habitacion","117":"product_tag-hogar","118":"product_tag-hogar-acogedor","119":"product_tag-hogar-de-fundicion","120":"product_tag-hogar-de-lena","121":"product_tag-hogar-de-lena-de-diseno-moderno","122":"product_tag-hogar-dulce-hogar","123":"product_tag-interiorismo","124":"product_tag-lena","125":"product_tag-lena-certificada","126":"product_tag-lena-de-encina","127":"product_tag-lena-de-roble","128":"product_tag-lena-seca","129":"product_tag-limpio","130":"product_tag-living","131":"product_tag-llama","132":"product_tag-madera","133":"product_tag-moderno","134":"product_tag-particulas","135":"product_tag-personalizable","136":"product_tag-postcombustion","137":"product_tag-puerta-de-cristal","138":"product_tag-quemador-de-bioetanol","139":"product_tag-quemador-de-gas","140":"product_tag-regulador-de-gas","141":"product_tag-regulador-de-tiro","142":"product_tag-relajacion","143":"product_tag-rendimiento","144":"product_tag-romantico","145":"product_tag-rustico","146":"product_tag-sala","147":"product_tag-seguro","148":"product_tag-sostenible","149":"product_tag-tiro","150":"product_tag-valorizacion-del-hogar","151":"product_tag-versatil","153":"first","154":"instock","155":"taxable","156":"shipping-taxable","157":"purchasable","158":"product-type-simple"},"acf":{"descripcion":"\ud83d\udd25 Chimenea de gas moderna | Colombia\r\n\r\nOlv\u00eddate de las chimeneas tradicionales, esta pieza \u00fanica est\u00e1 dise\u00f1ada para desafiar las expectativas y aportar un toque de sofisticaci\u00f3n moderna a cualquier espacio.\r\n\r\nFabricada con estructura de acero de alta calidad, ofrece durabilidad y estabilidad a largo plazo.\r\n\r\nCuenta con un quemador importado de acero inoxidable tipo vent-free, con sistema Venturi interno, que garantiza una combusti\u00f3n limpia, eficiente y sin humo. Disfruta de llamas realistas, sin cenizas y con bajo mantenimiento, ideales para el uso diario.\r\n\r\nIncluye piedra decorativa de m\u00e1rmol, un detalle que eleva el nivel est\u00e9tico y aporta un acabado sofisticado.\r\n\r\n\u2728 Una chimenea de gas en Colombia que combina calor eficiente, dise\u00f1o moderno y seguridad, perfecta para crear espacios acogedores y llenos de estilo durante todo el a\u00f1o.\r\n<ul>\r\n \t<li>Uso: Interior<\/li>\r\n \t<li>Estructura: Acero de alta calidad<\/li>\r\n \t<li>Acabado: Pintura negra mate de alta temperatura<\/li>\r\n \t<li>Quemador: Importado en acero inoxidable tipo vent-free<\/li>\r\n \t<li>Sistema de combusti\u00f3n: Venturi interno para combusti\u00f3n limpia y eficiente<\/li>\r\n \t<li>Seguridad: Piloto de seguridad anti-escape de gas<\/li>\r\n \t<li>Incluye: Control remoto, mangueras, piedra decorativa y soporte para instalar.<\/li>\r\n \t<li>No incluye: instalaci\u00f3n, transporte.<\/li>\r\n<\/ul>","ficha_tecnica":2659,"manual_de_instrucciones":2656,"recomendaciones":4703,"dimensiones":"","alto":"230 cm","frente":"100 cm ","base":"","peso":"95 kg","largo":"100 cm","ancho":"55 cm","color":"Negro","marca":"el chalet","eficiencia_calorica":"60 m2","potencia":"8.5 Kw","material":"Estructura met\u00e1lica","tipo_de_combustible":"Gas","alternativas_eficientes":""},"gallery_images":[4550,4703,4551,684],"_links":{"self":[{"href":"https:\/\/chimeneaselchalet.com\/en\/wp-json\/wp\/v2\/product\/4589","targetHints":{"allow":["GET"]}}],"collection":[{"href":"https:\/\/chimeneaselchalet.com\/en\/wp-json\/wp\/v2\/product"}],"about":[{"href":"https:\/\/chimeneaselchalet.com\/en\/wp-json\/wp\/v2\/types\/product"}],"wp:featuredmedia":[{"embeddable":true,"href":"https:\/\/chimeneaselchalet.com\/en\/wp-json\/wp\/v2\/media\/4552"}],"wp:attachment":[{"href":"https:\/\/chimeneaselchalet.com\/en\/wp-json\/wp\/v2\/media?parent=4589"}],"wp:term":[{"taxonomy":"color","embeddable":true,"href":"https:\/\/chimeneaselchalet.com\/en\/wp-json\/wp\/v2\/color?post=4589"},{"taxonomy":"product_brand","embeddable":true,"href":"https:\/\/chimeneaselchalet.com\/en\/wp-json\/wp\/v2\/product_brand?post=4589"},{"taxonomy":"product_cat","embeddable":true,"href":"https:\/\/chimeneaselchalet.com\/en\/wp-json\/wp\/v2\/product_cat?post=4589"},{"taxonomy":"product_tag","embeddable":true,"href":"https:\/\/chimeneaselchalet.com\/en\/wp-json\/wp\/v2\/product_tag?post=4589"}],"curies":[{"name":"wp","href":"https:\/\/api.w.org\/{rel}","templated":true}]}}