{"id":4600,"date":"2025-02-05T15:48:56","date_gmt":"2025-02-05T20:48:56","guid":{"rendered":"https:\/\/chimeneaselchalet.com\/?post_type=product&#038;p=4600"},"modified":"2026-01-30T16:51:30","modified_gmt":"2026-01-30T21:51:30","slug":"plancha-asador-gas","status":"publish","type":"product","link":"https:\/\/chimeneaselchalet.com\/en\/product\/plancha-asador-gas\/","title":{"rendered":"Plancha intercambiable para asador de gas"},"content":{"rendered":"","protected":false},"excerpt":{"rendered":"","protected":false},"featured_media":4596,"template":"","meta":{"_acf_changed":false,"_seopress_robots_primary_cat":"none","_seopress_titles_title":"Bandeja de Carb\u00f3n Adaptable para Parrillas de Gas | Chimeneas el Chalet","_seopress_titles_desc":"Transforma tu parrilla de gas en una aut\u00e9ntica parrilla de carb\u00f3n con nuestra bandeja adaptable. Disfruta del sabor ahumado y la versatilidad de cocinar con carb\u00f3n. Perfecta para cualquier modelo de parrilla de gas.","_seopress_robots_index":""},"color":[],"product_brand":[],"product_cat":[18],"product_tag":[215,214,216,78,207,219,220,90,204,203,88,237,230,248,222,76,208,84,32,236,239,241,240,269,210,244,246,245,263,242,259,44,213,206,235,228,268,270,265,225,256,261,267,254,224,271,257,262,212,264,229,232,234,233,272,202,238,243,205,231,249,223,209,77,255,218,226,253,266,211,247,250,252,251,258,260,221,227],"class_list":{"0":"post-4600","1":"product","2":"type-product","3":"status-publish","4":"has-post-thumbnail","6":"product_cat-asadores-hornos-plancha-bbq","7":"product_tag-accesorios-para-parrilla-de-acero-inoxidable","8":"product_tag-asador-a-gas-portatil","9":"product_tag-parrilla-electrica-para-interior","10":"product_tag-accesorios-para-parrilla","11":"product_tag-asado","12":"product_tag-asado-argentino","13":"product_tag-asado-lena","14":"product_tag-asador","15":"product_tag-asador-a-carbon","16":"product_tag-asador-a-gas","17":"product_tag-asador-argentino","18":"product_tag-asador-broil-king","19":"product_tag-asador-napoleon","20":"product_tag-asador-verona","21":"product_tag-asador-weber","22":"product_tag-bandeja-de-carbon","23":"product_tag-barbacoa","24":"product_tag-barril-ahumador","25":"product_tag-bbq","26":"product_tag-broil-king","27":"product_tag-broil-king-argentina","28":"product_tag-broil-king-imperial","29":"product_tag-broil-king-premium","30":"product_tag-broil-master","31":"product_tag-carne-a-la-parrilla","32":"product_tag-char-broil-argentina","33":"product_tag-char-broil-carbon","34":"product_tag-char-broil-gas","35":"product_tag-char-broil","36":"product_tag-char-broil-asador-char-broil","37":"product_tag-chimeneas-de-colombia","38":"product_tag-chimeneas-el-chalet","39":"product_tag-cocinar-a-fuego-lento","40":"product_tag-cocinar-al-aire-libre","41":"product_tag-comprar-napoleon","42":"product_tag-comprar-weber","43":"product_tag-cuisinart","44":"product_tag-ducasse","45":"product_tag-garcima","46":"product_tag-genesis-weber","47":"product_tag-green-egg","48":"product_tag-humo-barriles","49":"product_tag-inoxhome","50":"product_tag-kamado-joe","51":"product_tag-kettle-weber","52":"product_tag-landmann","53":"product_tag-lynx","54":"product_tag-mano-bbq","55":"product_tag-marinar","56":"product_tag-mr-beef","57":"product_tag-napoleon","58":"product_tag-napoleon-argentina","59":"product_tag-napoleon-carbon","60":"product_tag-napoleon-gas","61":"product_tag-ozark-trail","62":"product_tag-parrilla","63":"product_tag-parrilla-broil-king","64":"product_tag-parrilla-char-broil","65":"product_tag-parrilla-electrica","66":"product_tag-parrilla-napoleon","67":"product_tag-parrilla-verona","68":"product_tag-parrilla-weber","69":"product_tag-parrillada","70":"product_tag-parrillas-de-gas","71":"product_tag-pit-boss","72":"product_tag-quincho","73":"product_tag-spirit-weber","74":"product_tag-traeger","75":"product_tag-tramontina","76":"product_tag-verduras-a-la-parrilla","77":"product_tag-verona","78":"product_tag-verona-argentina","79":"product_tag-verona-carbon","80":"product_tag-verona-gas","81":"product_tag-viking","82":"product_tag-volcano","83":"product_tag-weber","84":"product_tag-weber-argentina","86":"first","87":"instock","88":"featured","89":"taxable","90":"shipping-taxable","91":"purchasable","92":"product-type-simple"},"acf":{"descripcion":"<h2 data-start=\"134\" data-end=\"194\">\ud83d\udd25 Plancha Teppanyaki Intercambiable para Asadores de Gas<\/h2>\r\n<p data-start=\"196\" data-end=\"426\"><strong data-start=\"196\" data-end=\"253\">El mejor accesorio para potenciar tu parrilla de gas.<\/strong><br data-start=\"253\" data-end=\"256\" \/>Lleva tus preparaciones a otro nivel con nuestra <strong data-start=\"305\" data-end=\"342\">plancha teppanyaki intercambiable<\/strong>, dise\u00f1ada para ofrecer m\u00e1xima versatilidad y resultados profesionales en tu asador.<\/p>\r\n<p data-start=\"428\" data-end=\"715\">Ideal para cocinar <strong data-start=\"447\" data-end=\"519\">carnes, verduras, mariscos, pescados y preparaciones tipo teppanyaki<\/strong>, esta plancha ampl\u00eda las posibilidades de tu parrilla sin perder el aut\u00e9ntico sabor del fuego. Su superficie lisa permite una cocci\u00f3n uniforme y controlada, perfecta para sellar, saltear o dorar.<\/p>\r\n<p data-start=\"717\" data-end=\"952\">Fabricada en <strong data-start=\"730\" data-end=\"761\">acero HR de 3 mm de espesor<\/strong>, garantiza una excelente retenci\u00f3n y distribuci\u00f3n del calor. Gracias a su material y correcto curado, <strong data-start=\"864\" data-end=\"893\">los alimentos no se pegan<\/strong>, ofreciendo una experiencia de cocci\u00f3n limpia y eficiente.<\/p>\r\n\r\n<h3 data-start=\"954\" data-end=\"987\">\u2705 Caracter\u00edsticas destacadas:<\/h3>\r\n<ul data-start=\"988\" data-end=\"1244\">\r\n \t<li data-start=\"988\" data-end=\"1050\">\r\n<p data-start=\"990\" data-end=\"1050\">Plancha <strong data-start=\"998\" data-end=\"1027\">teppanyaki intercambiable<\/strong> para asadores de gas<\/p>\r\n<\/li>\r\n \t<li data-start=\"1051\" data-end=\"1103\">\r\n<p data-start=\"1053\" data-end=\"1103\">Ideal para carnes, verduras, mariscos y pescados<\/p>\r\n<\/li>\r\n \t<li data-start=\"1104\" data-end=\"1139\">\r\n<p data-start=\"1106\" data-end=\"1139\">Fabricada en <strong data-start=\"1119\" data-end=\"1139\">acero HR de 3 mm<\/strong><\/p>\r\n<\/li>\r\n \t<li data-start=\"1140\" data-end=\"1174\">\r\n<p data-start=\"1142\" data-end=\"1174\">Excelente distribuci\u00f3n del calor<\/p>\r\n<\/li>\r\n \t<li data-start=\"1175\" data-end=\"1210\">\r\n<p data-start=\"1177\" data-end=\"1210\">Superficie lisa de f\u00e1cil limpieza<\/p>\r\n<\/li>\r\n \t<li data-start=\"1211\" data-end=\"1244\">\r\n<p data-start=\"1213\" data-end=\"1244\">Compatible con parrillas de gas<\/p>\r\n<\/li>\r\n<\/ul>\r\n<h3 data-start=\"1246\" data-end=\"1293\">\u2139\ufe0f Informaci\u00f3n importante sobre la plancha:<\/h3>\r\n<p data-start=\"1294\" data-end=\"1771\">La plancha cuenta con una <strong data-start=\"1320\" data-end=\"1369\">capa de aceite producto del proceso de curado<\/strong> y <strong data-start=\"1372\" data-end=\"1438\">no posee recubrimientos adicionales ni antiadherentes qu\u00edmicos<\/strong>.<br data-start=\"1439\" data-end=\"1442\" \/>Debido a los procesos de fabricaci\u00f3n (pulido, soldadura) y al contacto entre l\u00e1minas durante su manipulaci\u00f3n, pueden presentarse <strong data-start=\"1571\" data-end=\"1601\">marcas superficiales leves<\/strong>. Estas son <strong data-start=\"1613\" data-end=\"1625\">normales<\/strong>, no afectan su funcionamiento ni su durabilidad y <strong data-start=\"1676\" data-end=\"1718\">no comprometen la calidad del producto<\/strong>. La plancha est\u00e1 <strong data-start=\"1736\" data-end=\"1770\">lista para usar inmediatamente<\/strong>.<\/p>\r\n<p data-start=\"1773\" data-end=\"1869\">Convierte tu asador en una cocina vers\u00e1til y sorprende con nuevas preparaciones en cada reuni\u00f3n.<\/p>\r\n<p data-start=\"1871\" data-end=\"1973\">\ud83d\udd25 <strong data-start=\"1874\" data-end=\"1897\">Chimeneas el Chalet<\/strong><br data-start=\"1897\" data-end=\"1900\" \/>Lo mejor en parrillas y accesorios de <strong data-start=\"1938\" data-end=\"1960\">gas, carb\u00f3n y le\u00f1a<\/strong> en Colombia.<\/p>","ficha_tecnica":"","manual_de_instrucciones":2663,"recomendaciones":"","dimensiones":"48 cm x 32cm","alto":"2.5  cm","frente":"32 cm","base":"","peso":"2,3 kg","largo":"","ancho":"32 cm","color":"Acero HR antiadherente","marca":"El chalet","eficiencia_calorica":"","potencia":"","material":"Acero HR antiadherente","tipo_de_combustible":"Gas y carb\u00f3n","alternativas_eficientes":""},"gallery_images":[4598,4597,4599],"_links":{"self":[{"href":"https:\/\/chimeneaselchalet.com\/en\/wp-json\/wp\/v2\/product\/4600","targetHints":{"allow":["GET"]}}],"collection":[{"href":"https:\/\/chimeneaselchalet.com\/en\/wp-json\/wp\/v2\/product"}],"about":[{"href":"https:\/\/chimeneaselchalet.com\/en\/wp-json\/wp\/v2\/types\/product"}],"wp:featuredmedia":[{"embeddable":true,"href":"https:\/\/chimeneaselchalet.com\/en\/wp-json\/wp\/v2\/media\/4596"}],"wp:attachment":[{"href":"https:\/\/chimeneaselchalet.com\/en\/wp-json\/wp\/v2\/media?parent=4600"}],"wp:term":[{"taxonomy":"color","embeddable":true,"href":"https:\/\/chimeneaselchalet.com\/en\/wp-json\/wp\/v2\/color?post=4600"},{"taxonomy":"product_brand","embeddable":true,"href":"https:\/\/chimeneaselchalet.com\/en\/wp-json\/wp\/v2\/product_brand?post=4600"},{"taxonomy":"product_cat","embeddable":true,"href":"https:\/\/chimeneaselchalet.com\/en\/wp-json\/wp\/v2\/product_cat?post=4600"},{"taxonomy":"product_tag","embeddable":true,"href":"https:\/\/chimeneaselchalet.com\/en\/wp-json\/wp\/v2\/product_tag?post=4600"}],"curies":[{"name":"wp","href":"https:\/\/api.w.org\/{rel}","templated":true}]}}