{"id":4623,"date":"2025-03-01T12:08:12","date_gmt":"2025-03-01T17:08:12","guid":{"rendered":"https:\/\/chimeneaselchalet.com\/?post_type=product&#038;p=4623"},"modified":"2026-01-30T16:52:15","modified_gmt":"2026-01-30T21:52:15","slug":"estufa-a-gas-empotrar-4-puestos","status":"publish","type":"product","link":"https:\/\/chimeneaselchalet.com\/en\/product\/estufa-a-gas-empotrar-4-puestos\/","title":{"rendered":"Estufa empotrar 4 puestos spett"},"content":{"rendered":"","protected":false},"excerpt":{"rendered":"","protected":false},"featured_media":4625,"template":"","meta":{"_acf_changed":false,"_seopress_robots_primary_cat":"none","_seopress_titles_title":"Compra Estufa a Gas 4 puestos Empotrar para zona exterior bbq","_seopress_titles_desc":"Descubre la Estufa a Gas Andaluc\u00eda para empotrar, perfecta para tu hogar. Eficiencia y dise\u00f1o unidos para ofrecerte el m\u00e1ximo confort para tu zona bbq exterior","_seopress_robots_index":""},"color":[],"product_brand":[],"product_cat":[18],"product_tag":[215,214,216,78,207,219,220,90,204,203,88,237,83,230,248,222,208,84,32,236,239,241,240,269,210,244,246,245,263,242,259,91,213,206,235,228,268,270,82,265,225,256,261,267,254,224,271,257,262,212,264,229,232,234,233,272,202,238,243,205,231,249,223,209,255,218,226,253,266,211,247,250,252,251,258,260,221,227],"class_list":{"0":"post-4623","1":"product","2":"type-product","3":"status-publish","4":"has-post-thumbnail","6":"product_cat-asadores-hornos-plancha-bbq","7":"product_tag-accesorios-para-parrilla-de-acero-inoxidable","8":"product_tag-asador-a-gas-portatil","9":"product_tag-parrilla-electrica-para-interior","10":"product_tag-accesorios-para-parrilla","11":"product_tag-asado","12":"product_tag-asado-argentino","13":"product_tag-asado-lena","14":"product_tag-asador","15":"product_tag-asador-a-carbon","16":"product_tag-asador-a-gas","17":"product_tag-asador-argentino","18":"product_tag-asador-broil-king","19":"product_tag-asador-gas","20":"product_tag-asador-napoleon","21":"product_tag-asador-verona","22":"product_tag-asador-weber","23":"product_tag-barbacoa","24":"product_tag-barril-ahumador","25":"product_tag-bbq","26":"product_tag-broil-king","27":"product_tag-broil-king-argentina","28":"product_tag-broil-king-imperial","29":"product_tag-broil-king-premium","30":"product_tag-broil-master","31":"product_tag-carne-a-la-parrilla","32":"product_tag-char-broil-argentina","33":"product_tag-char-broil-carbon","34":"product_tag-char-broil-gas","35":"product_tag-char-broil","36":"product_tag-char-broil-asador-char-broil","37":"product_tag-chimeneas-de-colombia","38":"product_tag-cocina-exterior","39":"product_tag-cocinar-a-fuego-lento","40":"product_tag-cocinar-al-aire-libre","41":"product_tag-comprar-napoleon","42":"product_tag-comprar-weber","43":"product_tag-cuisinart","44":"product_tag-ducasse","45":"product_tag-estufa-gas","46":"product_tag-garcima","47":"product_tag-genesis-weber","48":"product_tag-green-egg","49":"product_tag-humo-barriles","50":"product_tag-inoxhome","51":"product_tag-kamado-joe","52":"product_tag-kettle-weber","53":"product_tag-landmann","54":"product_tag-lynx","55":"product_tag-mano-bbq","56":"product_tag-marinar","57":"product_tag-mr-beef","58":"product_tag-napoleon","59":"product_tag-napoleon-argentina","60":"product_tag-napoleon-carbon","61":"product_tag-napoleon-gas","62":"product_tag-ozark-trail","63":"product_tag-parrilla","64":"product_tag-parrilla-broil-king","65":"product_tag-parrilla-char-broil","66":"product_tag-parrilla-electrica","67":"product_tag-parrilla-napoleon","68":"product_tag-parrilla-verona","69":"product_tag-parrilla-weber","70":"product_tag-parrillada","71":"product_tag-pit-boss","72":"product_tag-quincho","73":"product_tag-spirit-weber","74":"product_tag-traeger","75":"product_tag-tramontina","76":"product_tag-verduras-a-la-parrilla","77":"product_tag-verona","78":"product_tag-verona-argentina","79":"product_tag-verona-carbon","80":"product_tag-verona-gas","81":"product_tag-viking","82":"product_tag-volcano","83":"product_tag-weber","84":"product_tag-weber-argentina","86":"first","87":"instock","88":"featured","89":"taxable","90":"shipping-taxable","91":"purchasable","92":"product-type-simple"},"acf":{"descripcion":"<h2 data-start=\"142\" data-end=\"207\">\ud83d\udd25 Estufa de Empotrar a Gas en Acero Inoxidable | 4 Quemadores<\/h2>\r\n<p data-start=\"209\" data-end=\"394\">Experimenta una <strong data-start=\"225\" data-end=\"267\">calidad superior y m\u00e1xima versatilidad<\/strong> con nuestra <strong data-start=\"280\" data-end=\"302\">estufa de empotrar<\/strong>, dise\u00f1ada para cocinas exteriores y espacios BBQ que exigen alto rendimiento y durabilidad.<\/p>\r\n<p data-start=\"396\" data-end=\"649\">Fabricada <strong data-start=\"406\" data-end=\"443\">completamente en acero inoxidable<\/strong>, esta estufa cuenta con <strong data-start=\"468\" data-end=\"498\">cuatro potentes quemadores<\/strong>, cada uno con una potencia de <strong data-start=\"529\" data-end=\"543\">10.000 BTU<\/strong>, alcanzando un total de <strong data-start=\"568\" data-end=\"582\">40.000 BTU<\/strong>, ideal para preparaciones simult\u00e1neas y cocci\u00f3n de alto desempe\u00f1o.<\/p>\r\n<p data-start=\"651\" data-end=\"848\">Su dise\u00f1o empotrable permite una integraci\u00f3n perfecta en m\u00f3dulos de cocina exterior, mientras que su <strong data-start=\"752\" data-end=\"781\">tapa protectora removible<\/strong> protege el equipo cuando no est\u00e1 en uso, prolongando su vida \u00fatil.<\/p>\r\n\r\n<h3 data-start=\"850\" data-end=\"884\">\u2705 Caracter\u00edsticas principales:<\/h3>\r\n<ul data-start=\"885\" data-end=\"1185\">\r\n \t<li data-start=\"885\" data-end=\"929\">\r\n<p data-start=\"887\" data-end=\"929\">Estufa de empotrar a gas para exteriores<\/p>\r\n<\/li>\r\n \t<li data-start=\"930\" data-end=\"975\">\r\n<p data-start=\"932\" data-end=\"975\">Construcci\u00f3n <strong data-start=\"945\" data-end=\"973\">100% en acero inoxidable<\/strong><\/p>\r\n<\/li>\r\n \t<li data-start=\"976\" data-end=\"1034\">\r\n<p data-start=\"978\" data-end=\"1034\"><strong data-start=\"978\" data-end=\"1009\">4 quemadores independientes<\/strong> de 10.000 BTU cada uno<\/p>\r\n<\/li>\r\n \t<li data-start=\"1035\" data-end=\"1067\">\r\n<p data-start=\"1037\" data-end=\"1067\">Potencia total: <strong data-start=\"1053\" data-end=\"1067\">40.000 BTU<\/strong><\/p>\r\n<\/li>\r\n \t<li data-start=\"1068\" data-end=\"1113\">\r\n<p data-start=\"1070\" data-end=\"1113\">Ideal para cocinas exteriores y zonas BBQ<\/p>\r\n<\/li>\r\n \t<li data-start=\"1114\" data-end=\"1145\">\r\n<p data-start=\"1116\" data-end=\"1145\"><strong data-start=\"1116\" data-end=\"1145\">Tapa protectora removible<\/strong><\/p>\r\n<\/li>\r\n \t<li data-start=\"1146\" data-end=\"1185\">\r\n<p data-start=\"1148\" data-end=\"1185\">Instalaci\u00f3n garantizada en exteriores<\/p>\r\n<\/li>\r\n<\/ul>\r\n<h3 data-start=\"1187\" data-end=\"1206\">\ud83d\udcd0 Dimensiones:<\/h3>\r\n<ul data-start=\"1207\" data-end=\"1278\">\r\n \t<li data-start=\"1207\" data-end=\"1226\">\r\n<p data-start=\"1209\" data-end=\"1226\"><strong data-start=\"1209\" data-end=\"1218\">Alto:<\/strong> 23 cm<\/p>\r\n<\/li>\r\n \t<li data-start=\"1227\" data-end=\"1249\">\r\n<p data-start=\"1229\" data-end=\"1249\"><strong data-start=\"1229\" data-end=\"1239\">Ancho:<\/strong> 59,5 cm<\/p>\r\n<\/li>\r\n \t<li data-start=\"1250\" data-end=\"1278\">\r\n<p data-start=\"1252\" data-end=\"1278\"><strong data-start=\"1252\" data-end=\"1268\">Profundidad:<\/strong> 49,5 cm<\/p>\r\n<\/li>\r\n<\/ul>\r\n<h3 data-start=\"1280\" data-end=\"1313\">\ud83c\udde8\ud83c\uddf4 Producto 100% colombiano<\/h3>\r\n<p data-start=\"1315\" data-end=\"1442\">Una soluci\u00f3n robusta, eficiente y elegante para quienes buscan rendimiento profesional y dise\u00f1o duradero en su cocina exterior.<\/p>\r\n<p data-start=\"1444\" data-end=\"1553\">\ud83d\udd25 <strong data-start=\"1447\" data-end=\"1470\">Chimeneas el Chalet<\/strong><br data-start=\"1470\" data-end=\"1473\" \/>Especialistas en estufas, asadores y soluciones BBQ de alta calidad en Colombia.<\/p>","ficha_tecnica":4627,"manual_de_instrucciones":4628,"recomendaciones":"","dimensiones":"","alto":"23 cm","frente":"59.5 cm","base":"","peso":"18 kg","largo":"","ancho":"49.4 cm","color":"Acero inoxidable","marca":"El chalet","eficiencia_calorica":"","potencia":"40.000 BTU","material":"Acero inoxidable","tipo_de_combustible":"","alternativas_eficientes":"Requiere 110V"},"gallery_images":[4627,4626,4624],"_links":{"self":[{"href":"https:\/\/chimeneaselchalet.com\/en\/wp-json\/wp\/v2\/product\/4623","targetHints":{"allow":["GET"]}}],"collection":[{"href":"https:\/\/chimeneaselchalet.com\/en\/wp-json\/wp\/v2\/product"}],"about":[{"href":"https:\/\/chimeneaselchalet.com\/en\/wp-json\/wp\/v2\/types\/product"}],"wp:featuredmedia":[{"embeddable":true,"href":"https:\/\/chimeneaselchalet.com\/en\/wp-json\/wp\/v2\/media\/4625"}],"wp:attachment":[{"href":"https:\/\/chimeneaselchalet.com\/en\/wp-json\/wp\/v2\/media?parent=4623"}],"wp:term":[{"taxonomy":"color","embeddable":true,"href":"https:\/\/chimeneaselchalet.com\/en\/wp-json\/wp\/v2\/color?post=4623"},{"taxonomy":"product_brand","embeddable":true,"href":"https:\/\/chimeneaselchalet.com\/en\/wp-json\/wp\/v2\/product_brand?post=4623"},{"taxonomy":"product_cat","embeddable":true,"href":"https:\/\/chimeneaselchalet.com\/en\/wp-json\/wp\/v2\/product_cat?post=4623"},{"taxonomy":"product_tag","embeddable":true,"href":"https:\/\/chimeneaselchalet.com\/en\/wp-json\/wp\/v2\/product_tag?post=4623"}],"curies":[{"name":"wp","href":"https:\/\/api.w.org\/{rel}","templated":true}]}}