{"id":4686,"date":"2025-03-21T12:12:11","date_gmt":"2025-03-21T17:12:11","guid":{"rendered":"https:\/\/chimeneaselchalet.com\/?post_type=product&#038;p=4686"},"modified":"2026-03-24T07:41:15","modified_gmt":"2026-03-24T12:41:15","slug":"chimenea-electrica-ws70","status":"publish","type":"product","link":"https:\/\/chimeneaselchalet.com\/en\/product\/chimenea-electrica-ws70\/","title":{"rendered":"Chimenea el\u00e9ctrica WS70"},"content":{"rendered":"","protected":false},"excerpt":{"rendered":"<h1 class=\"woocommerce-products-header__title page-title\">Electrical smokestack<\/h1>\n<div class=\"term-description\">\n<p>Las familias se juntaban alrededor de la chimenea a platicar y era el espacio donde se forjaban los lazos entre padres, hijos, hermanos, familiares y amigos. Indudablemente el calor y la calidez de la chimenea era el centro de uni\u00f3n fraternal.<\/p>\n<p>Hoy en d\u00eda con solo apretar un bot\u00f3n tendr\u00e1s el ambiente de una chimenea de le\u00f1a, la danza de las flamas, la intensidad con la que brillan los pedazos de madera ardiendo y sin humo. Todas las miradas estar\u00e1n dirigidas a la ilusi\u00f3n tan real de las llamas.<\/p>\n<\/div>\n<ul>\n<li>Medidas: 127 cm largo x 52 cm alto x 11.3 cm ancho<\/li>\n<li>Marco externo perimetral en acero inoxidable<\/li>\n<li>Efectos de luz: Luz led configurable en 3 colores desde control remoto<\/li>\n<li>Mando a distancia por control remoto<\/li>\n<li>Dos niveles de calefacci\u00f3n (1,4 kw y 1,6 Kw) que se pueden encender de forma independiente al efecto de llama<\/li>\n<li>Control remoto incluido<\/li>\n<li>Calefacci\u00f3n eficiente bajo consumo (10 m\u00b2 en 40 minutos= $ 2,780, aprox.)<\/li>\n<li>Incluye: cristales decorativos<\/li>\n<\/ul>\n<p>Dise\u00f1o Tipo cuadro para empotrar o colgar a pared.<\/p>\n<p><strong>Fuel for use:<\/strong>\u00a0Electricity<\/p>\n<p><b>Efficient Alternatives:\u00a0<\/b>Control remoto para mando a distancia<\/p>\n<p><iframe loading=\"lazy\" title=\"YouTube video player\" src=\"https:\/\/www.youtube.com\/embed\/rQNs50SPPLo\" width=\"560\" height=\"315\" frameborder=\"0\" allowfullscreen=\"allowfullscreen\"><\/iframe><\/p>","protected":false},"featured_media":4677,"template":"","meta":{"_acf_changed":false,"_seopress_robots_primary_cat":"none","_seopress_titles_title":"Chimeneas El\u00e9ctricas Realistas WS70: Instalaci\u00f3n F\u00e1cil y Bajo Consumo","_seopress_titles_desc":"Transforma tu hogar con nuestras chimeneas el\u00e9ctricas de f\u00e1cil instalaci\u00f3n. Disfruta de un calor suave y acogedor sin la necesidad de una chimenea tradicional.","_seopress_robots_index":""},"color":[],"product_brand":[],"product_cat":[15,26],"product_tag":[174,177,175,153,171,176,44,65,154,172,178,173,179],"class_list":{"0":"post-4686","1":"product","2":"type-product","3":"status-publish","4":"has-post-thumbnail","6":"product_cat-chimeneas","7":"product_cat-chimeneas-electricas","8":"product_tag-bajo-consumo","9":"product_tag-bogota-chimeneas-electricas","10":"product_tag-calefaccion-electrica","11":"product_tag-chimeneas-de-diseno","12":"product_tag-chimeneas-de-facil-instalacion","13":"product_tag-chimeneas-decorativas","14":"product_tag-chimeneas-el-chalet","15":"product_tag-chimeneas-electricas","16":"product_tag-chimeneas-modernas","17":"product_tag-chimeneas-realistas","18":"product_tag-comprar-chimeneas-electricas","19":"product_tag-fuego-electrico","20":"product_tag-instalacion-de-chimeneas-electricas","22":"first","23":"instock","24":"taxable","25":"shipping-taxable","26":"purchasable","27":"product-type-simple"},"acf":{"descripcion":"\ud83d\udd25 Chimeneas el\u00e9ctricas en Colombia | Dise\u00f1o, confort y eficiencia\r\n\r\nRevive la tradici\u00f3n del fuego y moderniza tu hogar con nuestras chimeneas el\u00e9ctricas en Colombia. Disfruta la magia de una chimenea cl\u00e1sica sin humo, sin cenizas y sin instalaciones complejas.\r\n\r\nNuestras chimeneas el\u00e9ctricas ofrecen llamas realistas, dise\u00f1o contempor\u00e1neo y un uso pr\u00e1ctico que transforma cualquier ambiente en un espacio c\u00e1lido y acogedor, sin sacrificar comodidad ni seguridad.\r\n\r\n\u2b50 \u00bfPor qu\u00e9 elegir nuestras chimeneas el\u00e9ctricas?\r\n<ul>\r\n \t<li>Dos niveles de calefacci\u00f3n para adaptar la temperatura a cada momento<\/li>\r\n \t<li>Control remoto intuitivo para un manejo c\u00f3modo y sencillo<\/li>\r\n \t<li>Funcionamiento 100 % el\u00e9ctrico, sin gas ni combusti\u00f3n<\/li>\r\n \t<li>Instalaci\u00f3n r\u00e1pida, limpia y segura<\/li>\r\n \t<li>Dise\u00f1o moderno que se integra a cualquier estilo de decoraci\u00f3n<\/li>\r\n \t<li>Ideal para espacios residenciales y comerciales en Colombia<\/li>\r\n<\/ul>\r\n\ud83d\udca1 Bajo consumo energ\u00e9tico, alto confort\r\n\r\nDisfruta del calor sin preocupaciones. Gracias a su bajo consumo el\u00e9ctrico, nuestras chimeneas son una opci\u00f3n eficiente y econ\u00f3mica:\r\n\r\n\ud83d\udc49 Calefacci\u00f3n de hasta 12 m\u00b2 en aproximadamente 40 minutos, con un consumo estimado de $2.780 COP, ideal para quienes buscan confort sin elevar su factura de energ\u00eda.","ficha_tecnica":"","manual_de_instrucciones":"","recomendaciones":"","dimensiones":"","alto":"45 cm","frente":"","base":"","peso":"","largo":"152 cm","ancho":"12,5 cm","color":"Vidrio negro Refractario","marca":"El chalet","eficiencia_calorica":"25 m2","potencia":"1,4 kw a 1,6 kw","material":"Estructura met\u00e1lica","tipo_de_combustible":"Electricidad","alternativas_eficientes":""},"gallery_images":[4657,4673,4684,5053,4682,4676,4674,4669,4666,4665,4663],"_links":{"self":[{"href":"https:\/\/chimeneaselchalet.com\/en\/wp-json\/wp\/v2\/product\/4686","targetHints":{"allow":["GET"]}}],"collection":[{"href":"https:\/\/chimeneaselchalet.com\/en\/wp-json\/wp\/v2\/product"}],"about":[{"href":"https:\/\/chimeneaselchalet.com\/en\/wp-json\/wp\/v2\/types\/product"}],"wp:featuredmedia":[{"embeddable":true,"href":"https:\/\/chimeneaselchalet.com\/en\/wp-json\/wp\/v2\/media\/4677"}],"wp:attachment":[{"href":"https:\/\/chimeneaselchalet.com\/en\/wp-json\/wp\/v2\/media?parent=4686"}],"wp:term":[{"taxonomy":"color","embeddable":true,"href":"https:\/\/chimeneaselchalet.com\/en\/wp-json\/wp\/v2\/color?post=4686"},{"taxonomy":"product_brand","embeddable":true,"href":"https:\/\/chimeneaselchalet.com\/en\/wp-json\/wp\/v2\/product_brand?post=4686"},{"taxonomy":"product_cat","embeddable":true,"href":"https:\/\/chimeneaselchalet.com\/en\/wp-json\/wp\/v2\/product_cat?post=4686"},{"taxonomy":"product_tag","embeddable":true,"href":"https:\/\/chimeneaselchalet.com\/en\/wp-json\/wp\/v2\/product_tag?post=4686"}],"curies":[{"name":"wp","href":"https:\/\/api.w.org\/{rel}","templated":true}]}}