{"id":4745,"date":"2025-05-13T14:40:30","date_gmt":"2025-05-13T19:40:30","guid":{"rendered":"https:\/\/chimeneaselchalet.com\/?post_type=product&#038;p=4745"},"modified":"2026-02-27T13:15:06","modified_gmt":"2026-02-27T18:15:06","slug":"silla-dos-puestos-para-exterior-monaco","status":"publish","type":"product","link":"https:\/\/chimeneaselchalet.com\/en\/product\/silla-dos-puestos-para-exterior-monaco\/","title":{"rendered":"Monaco two-seater outdoor chair"},"content":{"rendered":"","protected":false},"excerpt":{"rendered":"","protected":false},"featured_media":4738,"template":"","meta":{"_acf_changed":false,"_seopress_robots_primary_cat":"none","_seopress_titles_title":"Muebles de Jard\u00edn en Aluminio \u2013 Comedor Rosa, Sillas Parque","_seopress_titles_desc":"\u2728 \"Fabricamos muebles de exterior en aluminio fundido de alta calidad: comedores elegantes, sillas de parque resistentes y esca\u00f1os para ni\u00f1os. Durabilidad y dise\u00f1o para tu jard\u00edn.\"","_seopress_robots_index":""},"color":[],"product_brand":[],"product_cat":[28],"product_tag":[458,460,457,461,459],"class_list":{"0":"post-4745","1":"product","2":"type-product","3":"status-publish","4":"has-post-thumbnail","6":"product_cat-descuentos","7":"product_tag-comedores-de-jardin-resistentes","8":"product_tag-escanos-para-ninos-aluminio","9":"product_tag-muebles-de-exterior-aluminio-fundido","10":"product_tag-muebles-jardin-alta-calidad","11":"product_tag-sillas-de-parque-duraderas","13":"first","14":"outofstock","15":"sale","16":"taxable","17":"shipping-taxable","18":"purchasable","19":"product-type-simple"},"acf":{"descripcion":"<em>\u00a1Cotiza hoy mismo!\"<\/em> \u00a0<em>\"Env\u00edos a toda Colombia\"<\/em>\r\n<p class=\"ds-markdown-paragraph\"><strong>\ud83d\udd25 \u00a1\u00daLTIMAS UNIDADES! LIQUIDACI\u00d3N ESPECIAL \ud83d\udd25<\/strong><\/p>\r\n<p class=\"ds-markdown-paragraph\">Aprovecha esta\u00a0<strong>gran oportunidad<\/strong>\u00a0en muebles de exterior en\u00a0<strong>aluminio fundido<\/strong>: comedores, sillas y esca\u00f1os \u00fanicos.<\/p>\r\n<p class=\"ds-markdown-paragraph\"><strong>Este elegante juego incluye:<\/strong>\r\n\u2714 Silla o esca\u00f1o de dos puestos <strong>dise\u00f1os m\u00f3naco pintados con pin tura electroest\u00e1tica<\/strong>.\r\n\u2714 Material\u00a0<strong>resistente a la intemperie<\/strong>\u00a0(aluminio fundido de alta calidad).\r\n\u2714 Exclusivo por tiempo limitado \u2013\u00a0<strong>\u00a1Solo unidades disponibles!<\/strong><\/p>\r\n<p class=\"ds-markdown-paragraph\"><strong>\ud83d\udce2 Importante:<\/strong><\/p>\r\n\r\n<ul>\r\n \t<li>\r\n<p class=\"ds-markdown-paragraph\">Revisa\u00a0<strong>detenidamente<\/strong>\u00a0las fotos, medidas y descripci\u00f3n (son art\u00edculos en liquidaci\u00f3n).<\/p>\r\n<\/li>\r\n \t<li>\r\n<p class=\"ds-markdown-paragraph\">El valor <strong>no incluye env\u00edo<\/strong><\/p>\r\n<\/li>\r\n \t<li>Los productos pueden presentar detalles por exhibici\u00f3n, no son usados, fueron unidades de exhibici\u00f3n.<\/li>\r\n \t<li>\r\n<p class=\"ds-markdown-paragraph\"><strong>Precio especial por cierre de stock<\/strong>\u00a0\u2013 \u00a1No pierdas esta oportunidad!<\/p>\r\n<\/li>\r\n<\/ul>","ficha_tecnica":"","manual_de_instrucciones":"","recomendaciones":"","dimensiones":"105 cm x 50 cm","alto":"76 cm","frente":"105 cm","base":"","peso":"18 kg","largo":"","ancho":"","color":"Cafe gofrado","marca":"El chalet","eficiencia_calorica":"","potencia":"","material":"aluminio fundido","tipo_de_combustible":"","alternativas_eficientes":""},"gallery_images":[4738],"_links":{"self":[{"href":"https:\/\/chimeneaselchalet.com\/en\/wp-json\/wp\/v2\/product\/4745","targetHints":{"allow":["GET"]}}],"collection":[{"href":"https:\/\/chimeneaselchalet.com\/en\/wp-json\/wp\/v2\/product"}],"about":[{"href":"https:\/\/chimeneaselchalet.com\/en\/wp-json\/wp\/v2\/types\/product"}],"wp:featuredmedia":[{"embeddable":true,"href":"https:\/\/chimeneaselchalet.com\/en\/wp-json\/wp\/v2\/media\/4738"}],"wp:attachment":[{"href":"https:\/\/chimeneaselchalet.com\/en\/wp-json\/wp\/v2\/media?parent=4745"}],"wp:term":[{"taxonomy":"color","embeddable":true,"href":"https:\/\/chimeneaselchalet.com\/en\/wp-json\/wp\/v2\/color?post=4745"},{"taxonomy":"product_brand","embeddable":true,"href":"https:\/\/chimeneaselchalet.com\/en\/wp-json\/wp\/v2\/product_brand?post=4745"},{"taxonomy":"product_cat","embeddable":true,"href":"https:\/\/chimeneaselchalet.com\/en\/wp-json\/wp\/v2\/product_cat?post=4745"},{"taxonomy":"product_tag","embeddable":true,"href":"https:\/\/chimeneaselchalet.com\/en\/wp-json\/wp\/v2\/product_tag?post=4745"}],"curies":[{"name":"wp","href":"https:\/\/api.w.org\/{rel}","templated":true}]}}