{"id":4789,"date":"2025-07-12T13:47:15","date_gmt":"2025-07-12T18:47:15","guid":{"rendered":"https:\/\/chimeneaselchalet.com\/?post_type=product&#038;p=4789"},"modified":"2026-01-29T12:58:42","modified_gmt":"2026-01-29T17:58:42","slug":"chimenea-de-bioetanol-konik-80-int-o-ext","status":"publish","type":"product","link":"https:\/\/chimeneaselchalet.com\/en\/product\/chimenea-de-bioetanol-konik-80-int-o-ext\/","title":{"rendered":"Chimenea de bioetanol Konik 80 int o ext"},"content":{"rendered":"","protected":false},"excerpt":{"rendered":"","protected":false},"featured_media":2925,"template":"","meta":{"_acf_changed":false,"_seopress_robots_primary_cat":"none","_seopress_titles_title":"Chimeneas de Exterior en Bogot\u00e1 | Calienta tus espacios al aire libre","_seopress_titles_desc":"Calienta tus noches al aire libre con nuestros fire pits y centros de fuego. Ideales para reuniones y momentos de relax. \u00a1Visita nuestra tienda online!","_seopress_robots_index":""},"color":[],"product_brand":[],"product_cat":[24],"product_tag":[110,105,75,103,108,104,106,107,101],"class_list":{"0":"post-4789","1":"product","2":"type-product","3":"status-publish","4":"has-post-thumbnail","6":"product_cat-chimeneas-bioetanol","7":"product_tag-bogota","8":"product_tag-calefaccion-exterior","9":"product_tag-centro-de-fuego","10":"product_tag-chimenea-exterior","11":"product_tag-diseno-de-exteriores","12":"product_tag-fire-pit","13":"product_tag-fogata","14":"product_tag-jardin","15":"product_tag-terraza","17":"first","18":"instock","19":"taxable","20":"shipping-taxable","21":"purchasable","22":"product-type-variable"},"acf":{"descripcion":"<h2 data-start=\"244\" data-end=\"307\">\ud83d\udd25 Fire Pits y Centros de Fuego | Crea momentos inolvidables<\/h2>\r\n<p data-start=\"309\" data-end=\"574\">Nuestra <strong data-start=\"317\" data-end=\"347\">chimenea de exterior Konik<\/strong> es la perfecta fusi\u00f3n entre <strong data-start=\"376\" data-end=\"407\">dise\u00f1o moderno y naturaleza<\/strong>. Su <strong data-start=\"412\" data-end=\"430\">forma org\u00e1nica<\/strong> y <strong data-start=\"433\" data-end=\"452\">acabado r\u00fastico<\/strong> crean una pieza \u00fanica que transforma cualquier espacio al aire libre en un ambiente c\u00e1lido, acogedor y lleno de car\u00e1cter.<\/p>\r\n<p data-start=\"576\" data-end=\"864\">Dise\u00f1ada para convertirse en el <strong data-start=\"608\" data-end=\"635\">centro de tus reuniones<\/strong>, esta chimenea de exterior te invita a disfrutar del fuego de una forma segura, elegante y relajante. Ideal para <strong data-start=\"749\" data-end=\"815\">noches especiales, encuentros familiares o momentos rom\u00e1nticos<\/strong>, donde el fuego se convierte en el protagonista.<\/p>\r\n<p data-start=\"866\" data-end=\"1141\">Equipada con <strong data-start=\"879\" data-end=\"904\">quemador de bioetanol<\/strong>, ofrece un <strong data-start=\"916\" data-end=\"951\">fuego limpio, seguro y sin humo<\/strong>, sin necesidad de conexiones de gas ni instalaciones complejas. Gracias a su <strong data-start=\"1029\" data-end=\"1048\">dise\u00f1o port\u00e1til<\/strong>, puedes moverla f\u00e1cilmente y disfrutarla en diferentes espacios exteriores seg\u00fan la ocasi\u00f3n.<\/p>\r\n\r\n<h3 data-start=\"1324\" data-end=\"1352\">\ud83d\udce6 Kit completo incluido<\/h3>\r\n<p data-start=\"1353\" data-end=\"1436\">Recibe todo lo necesario para comenzar a disfrutar tu chimenea desde el primer uso:<\/p>\r\n\r\n<ul data-start=\"1437\" data-end=\"1646\">\r\n \t<li data-start=\"1437\" data-end=\"1463\">\r\n<p data-start=\"1439\" data-end=\"1463\"><strong data-start=\"1439\" data-end=\"1463\">\u00bd gal\u00f3n de bioetanol<\/strong><\/p>\r\n<\/li>\r\n \t<li data-start=\"1464\" data-end=\"1498\">\r\n<p data-start=\"1466\" data-end=\"1498\"><strong data-start=\"1466\" data-end=\"1498\">Encendedor de boquilla larga<\/strong><\/p>\r\n<\/li>\r\n \t<li data-start=\"1499\" data-end=\"1511\">\r\n<p data-start=\"1501\" data-end=\"1511\"><strong data-start=\"1501\" data-end=\"1511\">Embudo<\/strong><\/p>\r\n<\/li>\r\n \t<li data-start=\"1512\" data-end=\"1560\">\r\n<p data-start=\"1514\" data-end=\"1560\"><strong data-start=\"1514\" data-end=\"1540\">Vara con tapa de ahogo<\/strong> para apagado seguro<\/p>\r\n<\/li>\r\n \t<li data-start=\"1561\" data-end=\"1601\">\r\n<p data-start=\"1563\" data-end=\"1601\"><strong data-start=\"1563\" data-end=\"1601\">Piedra decorativa de m\u00e1rmol blanca<\/strong><\/p>\r\n<\/li>\r\n \t<li data-start=\"1602\" data-end=\"1646\">\r\n<p data-start=\"1604\" data-end=\"1646\"><strong data-start=\"1604\" data-end=\"1646\">Manual de instrucciones y precauciones<\/strong><\/p>\r\n<\/li>\r\n<\/ul>\r\n<h3 data-start=\"1648\" data-end=\"1674\">\ud83d\udcd0 Medidas disponibles<\/h3>\r\n<ul data-start=\"1675\" data-end=\"1810\">\r\n \t<li data-start=\"1675\" data-end=\"1714\">\r\n<p data-start=\"1677\" data-end=\"1714\"><strong data-start=\"1677\" data-end=\"1698\">80 cm de di\u00e1metro<\/strong> (precio base)<\/p>\r\n<\/li>\r\n \t<li data-start=\"1715\" data-end=\"1810\">\r\n<p data-start=\"1717\" data-end=\"1810\"><strong data-start=\"1717\" data-end=\"1748\">100 cm y 120 cm de di\u00e1metro<\/strong> <em data-start=\"1749\" data-end=\"1810\">(disponibles con valor adicional \u2013 consulta disponibilidad)<\/em><\/p>\r\n<\/li>\r\n<\/ul>\r\n<p data-start=\"1812\" data-end=\"1968\">\u2728 Descubre nuestras <strong data-start=\"1832\" data-end=\"1884\">chimeneas de exterior personalizadas en Colombia<\/strong> y crea un espacio \u00fanico para compartir, relajarte y disfrutar del fuego con estilo.<\/p>\r\n<p data-start=\"1970\" data-end=\"2057\"><strong data-start=\"1970\" data-end=\"2057\">Chimeneas de exterior personalizadas | Crea tu propio espacio | Chimeneas El Chalet<\/strong><\/p>","ficha_tecnica":4794,"manual_de_instrucciones":"","recomendaciones":"","dimensiones":"80 cm di\u00e1metro","alto":"40 cm","frente":"","base":"","peso":"","largo":"","ancho":"","color":"Negro o caf\u00e9 oxido","marca":"El chalet","eficiencia_calorica":"15 m2","potencia":"7,5 Kw","material":"Acero","tipo_de_combustible":"Bioetanol","alternativas_eficientes":""},"gallery_images":[2923,4794,2925,232,234,231],"_links":{"self":[{"href":"https:\/\/chimeneaselchalet.com\/en\/wp-json\/wp\/v2\/product\/4789","targetHints":{"allow":["GET"]}}],"collection":[{"href":"https:\/\/chimeneaselchalet.com\/en\/wp-json\/wp\/v2\/product"}],"about":[{"href":"https:\/\/chimeneaselchalet.com\/en\/wp-json\/wp\/v2\/types\/product"}],"wp:featuredmedia":[{"embeddable":true,"href":"https:\/\/chimeneaselchalet.com\/en\/wp-json\/wp\/v2\/media\/2925"}],"wp:attachment":[{"href":"https:\/\/chimeneaselchalet.com\/en\/wp-json\/wp\/v2\/media?parent=4789"}],"wp:term":[{"taxonomy":"color","embeddable":true,"href":"https:\/\/chimeneaselchalet.com\/en\/wp-json\/wp\/v2\/color?post=4789"},{"taxonomy":"product_brand","embeddable":true,"href":"https:\/\/chimeneaselchalet.com\/en\/wp-json\/wp\/v2\/product_brand?post=4789"},{"taxonomy":"product_cat","embeddable":true,"href":"https:\/\/chimeneaselchalet.com\/en\/wp-json\/wp\/v2\/product_cat?post=4789"},{"taxonomy":"product_tag","embeddable":true,"href":"https:\/\/chimeneaselchalet.com\/en\/wp-json\/wp\/v2\/product_tag?post=4789"}],"curies":[{"name":"wp","href":"https:\/\/api.w.org\/{rel}","templated":true}]}}