{"id":4808,"date":"2025-07-18T16:22:00","date_gmt":"2025-07-18T21:22:00","guid":{"rendered":"https:\/\/chimeneaselchalet.com\/?post_type=product&#038;p=4808"},"modified":"2026-02-14T11:51:29","modified_gmt":"2026-02-14T16:51:29","slug":"horno-de-lena-100-pizza-carnes","status":"publish","type":"product","link":"https:\/\/chimeneaselchalet.com\/en\/product\/horno-de-lena-100-pizza-carnes\/","title":{"rendered":"Horno de le\u00f1a 100 | pizza | carnes"},"content":{"rendered":"","protected":false},"excerpt":{"rendered":"<p><strong>Enjoy unparalleled preparations in a high-performance gas oven<\/strong><\/p>\n<p>Fabricado en material refractario con una mezcla especial de gran resistencia al calor.<br \/>\nTiene una puerta met\u00e1lica de f\u00e1cil apertura y cierre, term\u00f3metro para la temperatura interna.<br \/>\nIdeal para lograr recetas en horno de piedra italiano.<br \/>\nPiso en piedra refractaria.<br \/>\nAlcanza hasta 500\u00b0C<br \/>\nQuemador de alto flujo lateral con encendido electr\u00f3nico, perilla para nivelar altura de llama.<\/p>\n<p><strong>Dimensions<\/strong>:<\/p>\n<p>100cm frente x 72cm Fondo x 55cm altura (iglu de cocci\u00f3n)<\/p>\n<p>Opci\u00f3n de base en acero inoxidable con ruedas<\/p>\n<p><strong>Material:<\/strong><br \/>\nlamina met\u00e1lica en acero inoxidable y Cold Rolled Cal. 12<br \/>\nC\u00e1mara de cocci\u00f3n en ladrillo refractario<br \/>\n<iframe loading=\"lazy\" title=\"YouTube video player\" src=\"https:\/\/www.youtube.com\/embed\/o344hReJHY8\" width=\"560\" height=\"315\" frameborder=\"0\" allowfullscreen=\"allowfullscreen\"><\/iframe><\/p>\n<hr \/>\n<p style=\"text-align: center;\"><strong>Before using your Pizza Oven, please download and read the following Information carefully<\/strong><\/p>\n<hr \/>\n<p style=\"text-align: center;\"><span style=\"color: #ff0000;\"><strong>Instruction manual pizza oven<\/strong><\/span><\/p>\n<p style=\"text-align: center;\"><span style=\"color: #0000ff;\"><strong><a style=\"color: #0000ff;\" href=\"https:\/\/chimeneaselchalet.com\/wp-content\/uploads\/2023\/12\/HORNO-PIZZA.pdf\"><br \/>\nDOWNLOAD INSTRUCTION MANUAL<\/a><\/strong><\/span><\/p>\n<p style=\"text-align: center;\"><strong><span style=\"color: #ff0000;\">Technical data sheet Pizza oven<\/span><\/strong><\/p>\n<p style=\"text-align: center;\"><span style=\"color: #0000ff;\"><strong><a style=\"color: #0000ff;\" href=\"https:\/\/chimeneaselchalet.com\/wp-content\/uploads\/2023\/12\/FICHA-TECNICA-HORNO-GAS-ITALY-W.pdf\">DOWNLOAD PIZZA OVEN TECHNICAL DATA SHEET<\/a><\/strong><\/span><\/p>","protected":false},"featured_media":4557,"template":"","meta":{"_acf_changed":false,"_seopress_robots_primary_cat":"none","_seopress_titles_title":"Hornos de Pizza de Alto Rendimiento | Prepara pizzas como un profesional","_seopress_titles_desc":"Obt\u00e9n una pizza perfecta en minutos con nuestros hornos de pizza de alto rendimiento. Temperatura m\u00e1xima, cocci\u00f3n r\u00e1pida y sabor aut\u00e9ntico. \u00a1Ideal para pizzer\u00edas y hogares!","_seopress_robots_index":""},"color":[],"product_brand":[],"product_cat":[17],"product_tag":[117,121,120,116,571,570,568,569,113,561,577,573,559,580,574,558,572,581,560,564,566,567,565,579,578,563,575,562,49,114,582,576,584,583,115,119,118],"class_list":{"0":"post-4808","1":"product","2":"type-product","3":"status-publish","4":"has-post-thumbnail","6":"product_cat-hornos-de-pizza","7":"product_tag-cocina","8":"product_tag-domestico","9":"product_tag-hogar","10":"product_tag-horno","11":"product_tag-horno-de-lena-artesanal","12":"product_tag-horno-de-lena-para-exteriores","13":"product_tag-horno-de-lena-para-pizzas","14":"product_tag-horno-de-lena-portatil","15":"product_tag-horno-de-pizza","16":"product_tag-horno-de-pizza-artesanal","17":"product_tag-horno-de-pizza-bogota","18":"product_tag-horno-de-pizza-con-ladrillo-refractario","19":"product_tag-horno-de-pizza-con-piedra-refractaria","20":"product_tag-horno-de-pizza-con-quemador-a-gas","21":"product_tag-horno-de-pizza-de-alta-temperatura","22":"product_tag-horno-de-pizza-de-lena","23":"product_tag-horno-de-pizza-en-acero-inoxidable","24":"product_tag-horno-de-pizza-hibrido-lena-y-gas","25":"product_tag-horno-de-pizza-para-exteriores","26":"product_tag-horno-de-pizza-para-jardin","27":"product_tag-horno-de-pizza-para-negocio","28":"product_tag-horno-de-pizza-para-restaurante","29":"product_tag-horno-de-pizza-para-terraza","30":"product_tag-horno-de-pizza-para-uso-comercial","31":"product_tag-horno-de-pizza-para-uso-residencial","32":"product_tag-horno-de-pizza-portatil","33":"product_tag-horno-de-pizza-premium","34":"product_tag-horno-de-pizza-profesional","35":"product_tag-horno-para-pizza","36":"product_tag-horno-pizzero","37":"product_tag-hornos-de-pizza-chimeneas-el-chalet","38":"product_tag-hornos-de-pizza-en-colombia","39":"product_tag-hornos-de-pizza-para-cocina-exterior","40":"product_tag-hornos-de-pizza-personalizados","41":"product_tag-pizza","42":"product_tag-pizzeria","43":"product_tag-restaurante","45":"first","46":"instock","47":"taxable","48":"shipping-taxable","49":"purchasable","50":"product-type-simple"},"acf":{"descripcion":"<p data-start=\"0\" data-end=\"80\">\ud83c\udf55\ud83d\udd25 <strong data-start=\"5\" data-end=\"80\">Horno de Pizza de Piedra Refractaria | La clave para una pizza perfecta<\/strong><\/p>\r\n<p data-start=\"82\" data-end=\"278\">\u00bfBuscas un horno de pizza que logre una <strong data-start=\"122\" data-end=\"143\">corteza crujiente<\/strong> y un <strong data-start=\"149\" data-end=\"170\">sabor inigualable<\/strong>? Descubre nuestra selecci\u00f3n de <strong data-start=\"202\" data-end=\"243\">hornos de pizza de piedra refractaria<\/strong>, ideales para <strong data-start=\"258\" data-end=\"277\">hogar o negocio<\/strong>.<\/p>\r\n<p data-start=\"280\" data-end=\"629\">\ud83d\udd25 <strong data-start=\"283\" data-end=\"330\">Alto rendimiento y resultados profesionales<\/strong><br data-start=\"330\" data-end=\"333\" \/>Este horno de <strong data-start=\"347\" data-end=\"360\">alta gama<\/strong>, fabricado con <strong data-start=\"376\" data-end=\"409\">materiales de primera calidad<\/strong>, alcanza temperaturas de hasta <strong data-start=\"441\" data-end=\"451\">500 \u00b0C<\/strong>, perfectas para cocinar <strong data-start=\"476\" data-end=\"498\">pizzas artesanales<\/strong>, carnes jugosas y mucho m\u00e1s en pocos minutos. Su dise\u00f1o elegante y funcional lo convierte en el protagonista de cualquier reuni\u00f3n.<\/p>\r\n<p data-start=\"631\" data-end=\"964\">\ud83e\udeb5 <strong data-start=\"634\" data-end=\"662\">Cocci\u00f3n aut\u00e9ntica a le\u00f1a<\/strong><br data-start=\"662\" data-end=\"665\" \/>Dise\u00f1ado para cocinar <strong data-start=\"687\" data-end=\"714\">exclusivamente con le\u00f1a<\/strong>, incluye un <strong data-start=\"727\" data-end=\"743\">rack interno<\/strong> que permite acomodarla de forma <strong data-start=\"776\" data-end=\"799\">lateral o posterior<\/strong>, facilitando el encendido y un manejo m\u00e1s eficiente del fuego. La <strong data-start=\"866\" data-end=\"888\">piedra refractaria<\/strong> absorbe y distribuye el calor de manera uniforme para una cocci\u00f3n perfecta.<\/p>\r\n<p data-start=\"966\" data-end=\"1036\">\ud83d\udccf <strong data-start=\"969\" data-end=\"990\">Medidas del horno<\/strong><br data-start=\"990\" data-end=\"993\" \/>\u2699\ufe0f 100 cm frente \u00d7 72 cm fondo \u00d7 55 cm alto<\/p>\r\n<p data-start=\"1038\" data-end=\"1217\">\ud83c\udf21\ufe0f <strong data-start=\"1042\" data-end=\"1065\">Control y seguridad<\/strong><br data-start=\"1065\" data-end=\"1068\" \/>La <strong data-start=\"1071\" data-end=\"1101\">puerta en acero inoxidable<\/strong> y el <strong data-start=\"1107\" data-end=\"1131\">term\u00f3metro integrado<\/strong> permiten monitorear y controlar la temperatura con precisi\u00f3n durante toda la cocci\u00f3n.<\/p>\r\n<p data-start=\"1219\" data-end=\"1324\">\ud83d\udede <strong data-start=\"1222\" data-end=\"1244\">Movilidad opcional<\/strong><br data-start=\"1244\" data-end=\"1247\" \/>Base con ruedas para mover el horno f\u00e1cilmente (<strong data-start=\"1295\" data-end=\"1322\">no incluida en el valor<\/strong>).<\/p>\r\n<p data-start=\"1326\" data-end=\"1507\">\u2139\ufe0f <strong data-start=\"1329\" data-end=\"1348\">Nota importante<\/strong><br data-start=\"1348\" data-end=\"1351\" \/>Las im\u00e1genes muestran una perilla correspondiente al <strong data-start=\"1404\" data-end=\"1420\">modelo a gas<\/strong>. En el <strong data-start=\"1428\" data-end=\"1445\">modelo a le\u00f1a<\/strong>, el dise\u00f1o es exactamente igual, <strong data-start=\"1479\" data-end=\"1506\">sin la perilla inferior<\/strong>.<\/p>\r\n<p data-start=\"1509\" data-end=\"1632\" data-is-last-node=\"\" data-is-only-node=\"\">\ud83d\udd11 horno de pizza de le\u00f1a con piedra refractaria de alta temperatura para exteriores y uso profesional<\/p>","ficha_tecnica":4718,"manual_de_instrucciones":4855,"recomendaciones":4855,"dimensiones":"","alto":"55 cm","frente":"100 cm","base":"Refractario","peso":"135 kg","largo":"","ancho":"72 cm ","color":"Negro, rojo o gris","marca":"El chalet","eficiencia_calorica":"","potencia":"100,000 BTU","material":"Acero inoxidable y HR","tipo_de_combustible":"le\u00f1a","alternativas_eficientes":"430 a 500\u00b0C"},"gallery_images":[4603,4604,4556,4553,476,4062,4064,4065,4066],"_links":{"self":[{"href":"https:\/\/chimeneaselchalet.com\/en\/wp-json\/wp\/v2\/product\/4808","targetHints":{"allow":["GET"]}}],"collection":[{"href":"https:\/\/chimeneaselchalet.com\/en\/wp-json\/wp\/v2\/product"}],"about":[{"href":"https:\/\/chimeneaselchalet.com\/en\/wp-json\/wp\/v2\/types\/product"}],"wp:featuredmedia":[{"embeddable":true,"href":"https:\/\/chimeneaselchalet.com\/en\/wp-json\/wp\/v2\/media\/4557"}],"wp:attachment":[{"href":"https:\/\/chimeneaselchalet.com\/en\/wp-json\/wp\/v2\/media?parent=4808"}],"wp:term":[{"taxonomy":"color","embeddable":true,"href":"https:\/\/chimeneaselchalet.com\/en\/wp-json\/wp\/v2\/color?post=4808"},{"taxonomy":"product_brand","embeddable":true,"href":"https:\/\/chimeneaselchalet.com\/en\/wp-json\/wp\/v2\/product_brand?post=4808"},{"taxonomy":"product_cat","embeddable":true,"href":"https:\/\/chimeneaselchalet.com\/en\/wp-json\/wp\/v2\/product_cat?post=4808"},{"taxonomy":"product_tag","embeddable":true,"href":"https:\/\/chimeneaselchalet.com\/en\/wp-json\/wp\/v2\/product_tag?post=4808"}],"curies":[{"name":"wp","href":"https:\/\/api.w.org\/{rel}","templated":true}]}}