{"id":4814,"date":"2025-07-31T15:37:48","date_gmt":"2025-07-31T20:37:48","guid":{"rendered":"https:\/\/chimeneaselchalet.com\/?post_type=product&#038;p=4814"},"modified":"2026-03-30T12:18:42","modified_gmt":"2026-03-30T17:18:42","slug":"asador-bbq-de-empotrar-50","status":"publish","type":"product","link":"https:\/\/chimeneaselchalet.com\/en\/product\/asador-bbq-de-empotrar-50\/","title":{"rendered":"Asador bbq gas de empotrar 50"},"content":{"rendered":"","protected":false},"excerpt":{"rendered":"","protected":false},"featured_media":4815,"template":"","meta":{"_acf_changed":false,"_seopress_robots_primary_cat":"none","_seopress_titles_title":"Asador de Gas Empotrable de Acero 50 | Chimeneas el Chalet","_seopress_titles_desc":"Eleva tus asados con nuestro asador de gas empotrable de acero inoxidable. Fabricado con los m\u00e1s altos est\u00e1ndares de calidad, garantiza durabilidad y un rendimiento excepcional. Perfecto para tu cocina al aire libre.","_seopress_robots_index":""},"color":[],"product_brand":[],"product_cat":[18],"product_tag":[215,214,216,78,207,219,220,90,204,203,88,237,80,79,201,230,248,222,208,84,32,236,239,241,240,269,210,244,246,245,263,242,259,44,81,213,206,235,228,268,270,265,225,256,261,267,254,224,271,257,262,212,264,229,232,234,233,272,202,238,243,205,231,249,223,209,255,218,226,253,266,211,247,250,252,251,258,260,221,227],"class_list":{"0":"post-4814","1":"product","2":"type-product","3":"status-publish","4":"has-post-thumbnail","6":"product_cat-asadores-hornos-plancha-bbq","7":"product_tag-accesorios-para-parrilla-de-acero-inoxidable","8":"product_tag-asador-a-gas-portatil","9":"product_tag-parrilla-electrica-para-interior","10":"product_tag-accesorios-para-parrilla","11":"product_tag-asado","12":"product_tag-asado-argentino","13":"product_tag-asado-lena","14":"product_tag-asador","15":"product_tag-asador-a-carbon","16":"product_tag-asador-a-gas","17":"product_tag-asador-argentino","18":"product_tag-asador-broil-king","19":"product_tag-asador-de-empotrar","20":"product_tag-asador-de-gas","21":"product_tag-asador-lena","22":"product_tag-asador-napoleon","23":"product_tag-asador-verona","24":"product_tag-asador-weber","25":"product_tag-barbacoa","26":"product_tag-barril-ahumador","27":"product_tag-bbq","28":"product_tag-broil-king","29":"product_tag-broil-king-argentina","30":"product_tag-broil-king-imperial","31":"product_tag-broil-king-premium","32":"product_tag-broil-master","33":"product_tag-carne-a-la-parrilla","34":"product_tag-char-broil-argentina","35":"product_tag-char-broil-carbon","36":"product_tag-char-broil-gas","37":"product_tag-char-broil","38":"product_tag-char-broil-asador-char-broil","39":"product_tag-chimeneas-de-colombia","40":"product_tag-chimeneas-el-chalet","41":"product_tag-cocina-al-aire-libre","42":"product_tag-cocinar-a-fuego-lento","43":"product_tag-cocinar-al-aire-libre","44":"product_tag-comprar-napoleon","45":"product_tag-comprar-weber","46":"product_tag-cuisinart","47":"product_tag-ducasse","48":"product_tag-garcima","49":"product_tag-genesis-weber","50":"product_tag-green-egg","51":"product_tag-humo-barriles","52":"product_tag-inoxhome","53":"product_tag-kamado-joe","54":"product_tag-kettle-weber","55":"product_tag-landmann","56":"product_tag-lynx","57":"product_tag-mano-bbq","58":"product_tag-marinar","59":"product_tag-mr-beef","60":"product_tag-napoleon","61":"product_tag-napoleon-argentina","62":"product_tag-napoleon-carbon","63":"product_tag-napoleon-gas","64":"product_tag-ozark-trail","65":"product_tag-parrilla","66":"product_tag-parrilla-broil-king","67":"product_tag-parrilla-char-broil","68":"product_tag-parrilla-electrica","69":"product_tag-parrilla-napoleon","70":"product_tag-parrilla-verona","71":"product_tag-parrilla-weber","72":"product_tag-parrillada","73":"product_tag-pit-boss","74":"product_tag-quincho","75":"product_tag-spirit-weber","76":"product_tag-traeger","77":"product_tag-tramontina","78":"product_tag-verduras-a-la-parrilla","79":"product_tag-verona","80":"product_tag-verona-argentina","81":"product_tag-verona-carbon","82":"product_tag-verona-gas","83":"product_tag-viking","84":"product_tag-volcano","85":"product_tag-weber","86":"product_tag-weber-argentina","88":"first","89":"instock","90":"taxable","91":"shipping-taxable","92":"purchasable","93":"product-type-simple"},"acf":{"descripcion":"<h2 data-start=\"188\" data-end=\"244\">\ud83d\udd25 Asador de Gas Empotrable | BBQ en Acero Inoxidable<\/h2>\r\n<p data-start=\"246\" data-end=\"459\">Disfruta de asados perfectos con nuestro <strong data-start=\"287\" data-end=\"315\">asador de gas empotrable<\/strong>, dise\u00f1ado para quienes buscan <strong data-start=\"346\" data-end=\"397\">precisi\u00f3n, comodidad y resultados profesionales<\/strong> en casa. Ideal para cocinas exteriores, terrazas y zonas BBQ.<\/p>\r\n<p data-start=\"461\" data-end=\"660\">Este BBQ cuenta con <strong data-start=\"481\" data-end=\"507\">quemador independiente<\/strong> y <strong data-start=\"510\" data-end=\"542\">parrilla en acero inoxidable<\/strong>, permiti\u00e9ndote preparar carnes, verduras y acompa\u00f1amientos con un control eficiente del calor y una cocci\u00f3n uniforme.<\/p>\r\n<p data-start=\"662\" data-end=\"904\">Su <strong data-start=\"665\" data-end=\"691\">sistema de deflectores<\/strong> distribuye el calor de manera homog\u00e9nea, eliminando la necesidad de piedras volc\u00e1nicas y optimizando el rendimiento. Adem\u00e1s, incorpora <strong data-start=\"827\" data-end=\"850\">tapa con term\u00f3metro<\/strong>, para que monitorees la temperatura sin perder calor.<\/p>\r\n<p data-start=\"906\" data-end=\"1034\">Fabricado en <strong data-start=\"919\" data-end=\"948\">acero inoxidable AISI 430<\/strong>, ofrece alta resistencia a la corrosi\u00f3n y una larga vida \u00fatil, incluso en exteriores.<\/p>\r\n\r\n<h3 data-start=\"1036\" data-end=\"1070\">\u2705 Caracter\u00edsticas principales:<\/h3>\r\n<ul data-start=\"1071\" data-end=\"1408\">\r\n \t<li data-start=\"1071\" data-end=\"1115\">\r\n<p data-start=\"1073\" data-end=\"1115\">Asador de gas empotrable para exteriores<\/p>\r\n<\/li>\r\n \t<li data-start=\"1116\" data-end=\"1162\">\r\n<p data-start=\"1118\" data-end=\"1162\">Quemador independiente de alto rendimiento<\/p>\r\n<\/li>\r\n \t<li data-start=\"1163\" data-end=\"1195\">\r\n<p data-start=\"1165\" data-end=\"1195\">Parrilla en acero inoxidable<\/p>\r\n<\/li>\r\n \t<li data-start=\"1196\" data-end=\"1259\">\r\n<p data-start=\"1198\" data-end=\"1259\">Sistema de deflectores para distribuci\u00f3n uniforme del calor<\/p>\r\n<\/li>\r\n \t<li data-start=\"1260\" data-end=\"1294\">\r\n<p data-start=\"1262\" data-end=\"1294\">No requiere piedras volc\u00e1nicas<\/p>\r\n<\/li>\r\n \t<li data-start=\"1295\" data-end=\"1328\">\r\n<p data-start=\"1297\" data-end=\"1328\">Tapa con term\u00f3metro integrado<\/p>\r\n<\/li>\r\n \t<li data-start=\"1329\" data-end=\"1378\">\r\n<p data-start=\"1331\" data-end=\"1378\">Construcci\u00f3n en acero inoxidable <strong data-start=\"1364\" data-end=\"1376\">AISI 430<\/strong><\/p>\r\n<\/li>\r\n \t<li data-start=\"1379\" data-end=\"1408\">\r\n<p data-start=\"1381\" data-end=\"1408\">Dise\u00f1o elegante y funcional<\/p>\r\n<\/li>\r\n<\/ul>\r\n<p data-start=\"1410\" data-end=\"1549\">Este asador de <strong data-start=\"1425\" data-end=\"1448\">Chimeneas el Chalet<\/strong> es una inversi\u00f3n segura para quienes disfrutan del arte del asado con calidad, durabilidad y estilo.<\/p>","ficha_tecnica":4819,"manual_de_instrucciones":4475,"recomendaciones":"","dimensiones":"","alto":"35 cm","frente":"55 cm","base":"","peso":"19 kg","largo":"","ancho":"52 cm","color":"Acero inoxidable","marca":"El chalet","eficiencia_calorica":"","potencia":"12 Kw","material":"Acero inoxidable AISI 430","tipo_de_combustible":"Gas natural o gas propano (con cilindro)","alternativas_eficientes":""},"gallery_images":[4819,4818,4817,4815,4816,4525],"_links":{"self":[{"href":"https:\/\/chimeneaselchalet.com\/en\/wp-json\/wp\/v2\/product\/4814","targetHints":{"allow":["GET"]}}],"collection":[{"href":"https:\/\/chimeneaselchalet.com\/en\/wp-json\/wp\/v2\/product"}],"about":[{"href":"https:\/\/chimeneaselchalet.com\/en\/wp-json\/wp\/v2\/types\/product"}],"wp:featuredmedia":[{"embeddable":true,"href":"https:\/\/chimeneaselchalet.com\/en\/wp-json\/wp\/v2\/media\/4815"}],"wp:attachment":[{"href":"https:\/\/chimeneaselchalet.com\/en\/wp-json\/wp\/v2\/media?parent=4814"}],"wp:term":[{"taxonomy":"color","embeddable":true,"href":"https:\/\/chimeneaselchalet.com\/en\/wp-json\/wp\/v2\/color?post=4814"},{"taxonomy":"product_brand","embeddable":true,"href":"https:\/\/chimeneaselchalet.com\/en\/wp-json\/wp\/v2\/product_brand?post=4814"},{"taxonomy":"product_cat","embeddable":true,"href":"https:\/\/chimeneaselchalet.com\/en\/wp-json\/wp\/v2\/product_cat?post=4814"},{"taxonomy":"product_tag","embeddable":true,"href":"https:\/\/chimeneaselchalet.com\/en\/wp-json\/wp\/v2\/product_tag?post=4814"}],"curies":[{"name":"wp","href":"https:\/\/api.w.org\/{rel}","templated":true}]}}