{"id":5024,"date":"2026-01-29T13:01:54","date_gmt":"2026-01-29T18:01:54","guid":{"rendered":"https:\/\/chimeneaselchalet.com\/?post_type=product&#038;p=5024"},"modified":"2026-01-29T14:46:17","modified_gmt":"2026-01-29T19:46:17","slug":"eko-world-bronce","status":"publish","type":"product","link":"https:\/\/chimeneaselchalet.com\/en\/product\/eko-world-bronce\/","title":{"rendered":"Eko World bronze artist"},"content":{"rendered":"","protected":false},"excerpt":{"rendered":"<p><strong>Description: <\/strong><br \/>\nChimenea central elaborada de forma estructural, con alma en hierro<br \/>\nDise\u00f1ada para suspender del techo, ducto de 1.8 m de 10\u201d de di\u00e1metro.<br \/>\nProduct manufactured in Colombia.<\/p>\n<p><strong>Dimensions: <\/strong><br \/>\nDi\u00e1metro de 80 cm, alto total 2.50 cm.<\/p>\n<p><strong>Material: <\/strong><br \/>\nElaborada en coldrolledcalibre 12.<\/p>\n<p><strong>Color: <\/strong><br \/>\nCon recubrimiento en pintura electrost\u00e1tica negro-blanco u oxido al natural (tonalidad cafe).<\/p>\n<p><strong>Fuel for use: <\/strong><br \/>\nle\u00f1a o gas<\/p>\n<p><strong>Gas:\u00a0<\/strong>El producto incluye: Chimeneas a gas de control remoto On-Off, 3 niveles de altura de llama, Electrov\u00e1lvula de seguridad, Receptor, Conectores, Quemador en acero inoxidable lineal de 40 cm.<\/p>\n<p><strong>Le\u00f1a:\u00a0<\/strong>El producto incluye: 1 parrilla para le\u00f1a<\/p>\n<hr \/>\n<p style=\"text-align: center;\"><strong>Antes de usar tu chimenea Eko, por favor descarga y lee cuidadosamente la siguiente Informaci\u00f3n<\/strong><\/p>\n<hr \/>\n<p style=\"text-align: center;\"><span style=\"color: #ff0000;\"><strong>Manual de instrucciones chimeneas Eko<\/strong><\/span><\/p>\n<p style=\"text-align: center;\"><span style=\"color: #0000ff;\"><strong><a style=\"color: #0000ff;\" href=\"https:\/\/chimeneaselchalet.com\/wp-content\/uploads\/2023\/12\/MANUAL-INSTRUCCIONES-CHIMENEAS-EKO-SUSPENDIDA.pdf\"><br \/>\nDOWNLOAD INSTRUCTION MANUAL<\/a><\/strong><\/span><\/p>","protected":false},"featured_media":5028,"template":"","meta":{"_acf_changed":false,"_seopress_robots_primary_cat":"none","_seopress_titles_title":"Revoluciona tu Espacio con Chimeneas Colgantes de Gas o Le\u00f1a","_seopress_titles_desc":"Descubre nuestras chimeneas colgantes de techo, una pieza de dise\u00f1o \u00fanica que transformar\u00e1 tu hogar. Elige entre modelos a gas o le\u00f1a y disfruta de un calor acogedor y personalizado.","_seopress_robots_index":""},"color":[],"product_brand":[],"product_cat":[20,19,28],"product_tag":[362,359,277,364,381,174,344,294,276,349,158,400,275,388,392,295,401,273,288,315,316,317,308,309,297,305,290,342,341,346,348,347,340,343,302,369,393,299,164,313,312,314,289,319,320,326,327,328,329,398,395,397,325,318,306,165,50,336,333,337,334,338,332,331,330,339,335,298,103,166,301,303,296,162,307,304,167,300,163,51,156,368,402,404,62,259,153,157,151,155,366,403,154,152,367,293,374,384,376,283,286,391,278,161,361,279,357,160,356,370,355,380,350,382,140,399,394,351,352,274,291,378,284,120,159,389,321,396,285,280,138,385,323,324,322,354,282,292,371,373,383,358,377,390,345,310,311,387,287,379,363,375,281,353,372,386,365,360],"class_list":{"0":"post-5024","1":"product","2":"type-product","3":"status-publish","4":"has-post-thumbnail","6":"product_cat-chimeneas-a-gas","7":"product_cat-chimeneas-colgantes-eko","8":"product_cat-descuentos","9":"product_tag-acogedor","10":"product_tag-adaptable","11":"product_tag-ambiente","12":"product_tag-ambiente-relajante","13":"product_tag-autonomia","14":"product_tag-bajo-consumo","15":"product_tag-bioetanol-liquido","16":"product_tag-brasas","17":"product_tag-calefaccion","18":"product_tag-calefaccion-adicional","19":"product_tag-calefaccion-con-chimenea","20":"product_tag-calle-93","21":"product_tag-calor","22":"product_tag-camara-de-combustion","23":"product_tag-cenicero-extraible","24":"product_tag-cenizas","25":"product_tag-chico-norte","26":"product_tag-chimenea","27":"product_tag-chimenea-a-gas","28":"product_tag-chimenea-a-gas-con-control-remoto","29":"product_tag-chimenea-a-gas-con-termostato","30":"product_tag-chimenea-a-gas-de-bajo-consumo","31":"product_tag-chimenea-a-gas-natural","32":"product_tag-chimenea-a-gas-propano","33":"product_tag-chimenea-clasica","34":"product_tag-chimenea-contemporanea","35":"product_tag-chimenea-de-bioetanol","36":"product_tag-chimenea-de-bioetanol-de-mesa","37":"product_tag-chimenea-de-bioetanol-de-pared","38":"product_tag-chimenea-de-bioetanol-ecologica","39":"product_tag-chimenea-de-bioetanol-moderna","40":"product_tag-chimenea-de-bioetanol-segura","41":"product_tag-chimenea-de-bioetanol-sin-instalacion","42":"product_tag-chimenea-de-bioetanol-suspendida","43":"product_tag-chimenea-de-diseno","44":"product_tag-chimenea-de-doble-combustion","45":"product_tag-chimenea-de-doble-combustion-de-alta-eficiencia","46":"product_tag-chimenea-de-esquina","47":"product_tag-chimenea-de-estilo","48":"product_tag-chimenea-de-gas-de-pared","49":"product_tag-chimenea-de-gas-empotrada","50":"product_tag-chimenea-de-gas-suspendida","51":"product_tag-chimenea-de-lena","52":"product_tag-chimenea-de-lena-abierta","53":"product_tag-chimenea-de-lena-cerrada","54":"product_tag-chimenea-de-lena-con-pantalla","55":"product_tag-chimenea-de-lena-con-puerta-de-cristal","56":"product_tag-chimenea-de-lena-con-tiro-directo","57":"product_tag-chimenea-de-lena-con-tiro-forzado","58":"product_tag-chimenea-de-lena-de-hierro-fundido","59":"product_tag-chimenea-de-lena-ecologica","60":"product_tag-chimenea-de-lena-para-calefaccion-principal","61":"product_tag-chimenea-de-lena-rustica","62":"product_tag-chimenea-de-lena-tradicional","63":"product_tag-chimenea-de-obra","64":"product_tag-chimenea-de-pared","65":"product_tag-chimenea-electrica","66":"product_tag-chimenea-electrica-con-control-remoto","67":"product_tag-chimenea-electrica-con-efecto-de-llama","68":"product_tag-chimenea-electrica-con-temporizador","69":"product_tag-chimenea-electrica-con-termostato","70":"product_tag-chimenea-electrica-de-bajo-consumo","71":"product_tag-chimenea-electrica-de-esquina","72":"product_tag-chimenea-electrica-de-pared","73":"product_tag-chimenea-electrica-empotrada","74":"product_tag-chimenea-electrica-realista","75":"product_tag-chimenea-electrica-sin-instalacion","76":"product_tag-chimenea-empotrada","77":"product_tag-chimenea-exterior","78":"product_tag-chimenea-flotante","79":"product_tag-chimenea-interior","80":"product_tag-chimenea-minimalista","81":"product_tag-chimenea-moderna","82":"product_tag-chimenea-personalizada","83":"product_tag-chimenea-prefabricada","84":"product_tag-chimenea-rustica","85":"product_tag-chimenea-sin-conducto","86":"product_tag-chimenea-suspendida","87":"product_tag-chimenea-unica","88":"product_tag-chimeneas-a-gas","89":"product_tag-chimeneas-a-lena","90":"product_tag-chimeneas-baratas","91":"product_tag-chimeneas-bogota","92":"product_tag-chimeneas-cali","93":"product_tag-chimeneas-colgantes","94":"product_tag-chimeneas-de-colombia","95":"product_tag-chimeneas-de-diseno","96":"product_tag-chimeneas-de-interior","97":"product_tag-chimeneas-de-techo","98":"product_tag-chimeneas-innovadoras","99":"product_tag-chimeneas-loft","100":"product_tag-chimeneas-medellin","101":"product_tag-chimeneas-modernas","102":"product_tag-chimeneas-suspendidas","103":"product_tag-chimeneas-tizon","104":"product_tag-chispa","105":"product_tag-clasico","106":"product_tag-co2","107":"product_tag-combustion-secundaria","108":"product_tag-comedor","109":"product_tag-confort","110":"product_tag-cristal-ceramico","111":"product_tag-decoracion","112":"product_tag-decoracion-de-interiores","113":"product_tag-decorativo","114":"product_tag-diseno","115":"product_tag-diseno-clasico","116":"product_tag-diseno-de-interiores","117":"product_tag-diseno-moderno","118":"product_tag-doble-combustion","119":"product_tag-ecologico","120":"product_tag-eficiencia","121":"product_tag-eficiencia-energetica","122":"product_tag-emisiones-reducidas","123":"product_tag-estufa-de-lena","124":"product_tag-estufa-de-lena-con-regulador-de-tiro","125":"product_tag-estufa-de-lena-de-bajo-consumo","126":"product_tag-facil-instalacion","127":"product_tag-facil-mantenimiento","128":"product_tag-fuego","129":"product_tag-fuego-artificial","130":"product_tag-gases-de-combustion","131":"product_tag-habitacion","132":"product_tag-hogar","133":"product_tag-hogar-acogedor","134":"product_tag-hogar-de-fundicion","135":"product_tag-hogar-de-lena","136":"product_tag-hogar-de-lena-de-diseno-moderno","137":"product_tag-hogar-dulce-hogar","138":"product_tag-interiorismo","139":"product_tag-lena","140":"product_tag-lena-certificada","141":"product_tag-lena-de-encina","142":"product_tag-lena-de-roble","143":"product_tag-lena-seca","144":"product_tag-limpio","145":"product_tag-living","146":"product_tag-llama","147":"product_tag-madera","148":"product_tag-moderno","149":"product_tag-particulas","150":"product_tag-personalizable","151":"product_tag-postcombustion","152":"product_tag-puerta-de-cristal","153":"product_tag-quemador-de-bioetanol","154":"product_tag-quemador-de-gas","155":"product_tag-regulador-de-gas","156":"product_tag-regulador-de-tiro","157":"product_tag-relajacion","158":"product_tag-rendimiento","159":"product_tag-romantico","160":"product_tag-rustico","161":"product_tag-sala","162":"product_tag-seguro","163":"product_tag-sostenible","164":"product_tag-tiro","165":"product_tag-valorizacion-del-hogar","166":"product_tag-versatil","168":"first","169":"instock","170":"sale","171":"taxable","172":"shipping-taxable","173":"purchasable","174":"product-type-variable"},"acf":{"descripcion":"<strong>\ud83d\udd25 Chimenea colgante de dise\u00f1o \u2013 arte, fuego y sofisticaci\u00f3n<\/strong>\r\n\r\nNuestra <strong>chimenea colgante artisa<\/strong> es mucho m\u00e1s que un sistema de calefacci\u00f3n: es una <strong>pieza de dise\u00f1o y arte<\/strong> que transforma cualquier espacio en un ambiente <strong>\u00fanico, elegante y memorable<\/strong>. Suspendida en el aire, se convierte en el centro de atenci\u00f3n, aportando car\u00e1cter, calidez y un impacto visual incomparable.\r\n\r\nDisponible en <strong>versi\u00f3n a gas o a le\u00f1a<\/strong>, para adaptarse a distintos estilos de vida y preferencias.\r\n\r\n<strong>\ud83d\udd39 Chimenea colgante a gas<\/strong>\r\n\r\nCuenta con un quemador importado de acero inoxidable tipo vent-free, con sistema Venturi interno, que garantiza una combusti\u00f3n limpia, eficiente y sin humo. Disfruta de llamas realistas, sin cenizas y con bajo mantenimiento, ideales para el uso diario.\r\n\r\nIncluye control remoto y piedra decorativa de m\u00e1rmol, un detalle que eleva el nivel est\u00e9tico y aporta un acabado sofisticado. Lo mejor de todo es que las conexiones son por piso lo que evita que se vean cables o mangueras a la vista.\r\n<ul>\r\n \t<li>Uso: Interior o exterior<\/li>\r\n \t<li>Punto de gas entra por la parte inferior o lateral, tuber\u00eda a la vista<\/li>\r\n \t<li>Incluye: Control remoto, mangueras, piedra decorativa y soporte para instalar.<\/li>\r\n \t<li>No incluye: instalaci\u00f3n, transporte.<\/li>\r\n<\/ul>\r\nUn gran diferencial es su <strong>sistema de conexi\u00f3n por techo o pared<\/strong>, lo que permite una <strong>instalaci\u00f3n limpia<\/strong>, sin cables ni mangueras visibles, logrando un resultado est\u00e9tico impecable. (conexiones a techo tiene un valor adicional por el sistema de aislamiento patentado por Chimeneas el Chalet)\r\n\r\n<strong>Le\u00f1a<\/strong>\r\nPor \u00faltimo, una chimenea de le\u00f1a con dise\u00f1o no solo proporciona calor, sino que tambi\u00e9n a\u00f1ade un toque de elegancia y sofisticaci\u00f3n a cualquier espacio. Una chimenea de le\u00f1a bien dise\u00f1ada puede aumentar significativamente el valor, todos nuestros productos para uso con madera, los entregamos con parrilla, cenicero y elementos para facilitar su manejo.","ficha_tecnica":"","manual_de_instrucciones":2686,"recomendaciones":"","dimensiones":"","alto":"250 cm","frente":"","base":"80 cm","peso":"75 kg","largo":"","ancho":"","color":"Negro mate","marca":"El chalet","eficiencia_calorica":"70 m2","potencia":"10,5 Kw","material":"Estructura met\u00e1lica","tipo_de_combustible":"Gas o le\u00f1a","alternativas_eficientes":""},"gallery_images":[5031],"_links":{"self":[{"href":"https:\/\/chimeneaselchalet.com\/en\/wp-json\/wp\/v2\/product\/5024","targetHints":{"allow":["GET"]}}],"collection":[{"href":"https:\/\/chimeneaselchalet.com\/en\/wp-json\/wp\/v2\/product"}],"about":[{"href":"https:\/\/chimeneaselchalet.com\/en\/wp-json\/wp\/v2\/types\/product"}],"wp:featuredmedia":[{"embeddable":true,"href":"https:\/\/chimeneaselchalet.com\/en\/wp-json\/wp\/v2\/media\/5028"}],"wp:attachment":[{"href":"https:\/\/chimeneaselchalet.com\/en\/wp-json\/wp\/v2\/media?parent=5024"}],"wp:term":[{"taxonomy":"color","embeddable":true,"href":"https:\/\/chimeneaselchalet.com\/en\/wp-json\/wp\/v2\/color?post=5024"},{"taxonomy":"product_brand","embeddable":true,"href":"https:\/\/chimeneaselchalet.com\/en\/wp-json\/wp\/v2\/product_brand?post=5024"},{"taxonomy":"product_cat","embeddable":true,"href":"https:\/\/chimeneaselchalet.com\/en\/wp-json\/wp\/v2\/product_cat?post=5024"},{"taxonomy":"product_tag","embeddable":true,"href":"https:\/\/chimeneaselchalet.com\/en\/wp-json\/wp\/v2\/product_tag?post=5024"}],"curies":[{"name":"wp","href":"https:\/\/api.w.org\/{rel}","templated":true}]}}