{"id":5154,"date":"2026-03-05T16:32:54","date_gmt":"2026-03-05T21:32:54","guid":{"rendered":"https:\/\/chimeneaselchalet.com\/?post_type=product&#038;p=5154"},"modified":"2026-03-30T12:19:13","modified_gmt":"2026-03-30T17:19:13","slug":"asador-bbq-carbon-de-empotrar-spett-70-y-100","status":"publish","type":"product","link":"https:\/\/chimeneaselchalet.com\/en\/product\/asador-bbq-carbon-de-empotrar-spett-70-y-100\/","title":{"rendered":"Asador carb\u00f3n de empotrar Spett 70 y 100"},"content":{"rendered":"","protected":false},"excerpt":{"rendered":"","protected":false},"featured_media":5169,"template":"","meta":{"_acf_changed":false,"_seopress_robots_primary_cat":"none","_seopress_titles_title":"Asador de Carb\u00f3n Empotrable de Acero 70 | Chimeneas el Chalet","_seopress_titles_desc":"Eleva tus asados con nuestro asador de empotrar de acero. Fabricado con los m\u00e1s altos est\u00e1ndares de calidad, garantiza durabilidad y un rendimiento excepcional. Perfecto para tu cocina al aire libre.","_seopress_robots_index":""},"color":[],"product_brand":[],"product_cat":[18],"product_tag":[215,214,216,78,207,219,220,90,204,203,88,237,80,79,201,230,248,222,208,84,32,236,239,241,240,269,210,244,246,245,263,242,259,44,81,213,206,235,228,268,270,265,225,256,261,267,254,224,271,257,262,212,264,229,232,234,233,272,202,238,243,205,231,249,223,209,255,218,226,253,266,211,247,250,252,251,258,260,221,227],"class_list":{"0":"post-5154","1":"product","2":"type-product","3":"status-publish","4":"has-post-thumbnail","6":"product_cat-asadores-hornos-plancha-bbq","7":"product_tag-accesorios-para-parrilla-de-acero-inoxidable","8":"product_tag-asador-a-gas-portatil","9":"product_tag-parrilla-electrica-para-interior","10":"product_tag-accesorios-para-parrilla","11":"product_tag-asado","12":"product_tag-asado-argentino","13":"product_tag-asado-lena","14":"product_tag-asador","15":"product_tag-asador-a-carbon","16":"product_tag-asador-a-gas","17":"product_tag-asador-argentino","18":"product_tag-asador-broil-king","19":"product_tag-asador-de-empotrar","20":"product_tag-asador-de-gas","21":"product_tag-asador-lena","22":"product_tag-asador-napoleon","23":"product_tag-asador-verona","24":"product_tag-asador-weber","25":"product_tag-barbacoa","26":"product_tag-barril-ahumador","27":"product_tag-bbq","28":"product_tag-broil-king","29":"product_tag-broil-king-argentina","30":"product_tag-broil-king-imperial","31":"product_tag-broil-king-premium","32":"product_tag-broil-master","33":"product_tag-carne-a-la-parrilla","34":"product_tag-char-broil-argentina","35":"product_tag-char-broil-carbon","36":"product_tag-char-broil-gas","37":"product_tag-char-broil","38":"product_tag-char-broil-asador-char-broil","39":"product_tag-chimeneas-de-colombia","40":"product_tag-chimeneas-el-chalet","41":"product_tag-cocina-al-aire-libre","42":"product_tag-cocinar-a-fuego-lento","43":"product_tag-cocinar-al-aire-libre","44":"product_tag-comprar-napoleon","45":"product_tag-comprar-weber","46":"product_tag-cuisinart","47":"product_tag-ducasse","48":"product_tag-garcima","49":"product_tag-genesis-weber","50":"product_tag-green-egg","51":"product_tag-humo-barriles","52":"product_tag-inoxhome","53":"product_tag-kamado-joe","54":"product_tag-kettle-weber","55":"product_tag-landmann","56":"product_tag-lynx","57":"product_tag-mano-bbq","58":"product_tag-marinar","59":"product_tag-mr-beef","60":"product_tag-napoleon","61":"product_tag-napoleon-argentina","62":"product_tag-napoleon-carbon","63":"product_tag-napoleon-gas","64":"product_tag-ozark-trail","65":"product_tag-parrilla","66":"product_tag-parrilla-broil-king","67":"product_tag-parrilla-char-broil","68":"product_tag-parrilla-electrica","69":"product_tag-parrilla-napoleon","70":"product_tag-parrilla-verona","71":"product_tag-parrilla-weber","72":"product_tag-parrillada","73":"product_tag-pit-boss","74":"product_tag-quincho","75":"product_tag-spirit-weber","76":"product_tag-traeger","77":"product_tag-tramontina","78":"product_tag-verduras-a-la-parrilla","79":"product_tag-verona","80":"product_tag-verona-argentina","81":"product_tag-verona-carbon","82":"product_tag-verona-gas","83":"product_tag-viking","84":"product_tag-volcano","85":"product_tag-weber","86":"product_tag-weber-argentina","88":"first","89":"instock","90":"taxable","91":"shipping-taxable","92":"purchasable","93":"product-type-variable"},"acf":{"descripcion":"<h2 data-start=\"163\" data-end=\"219\">\ud83d\udd25 Asador de Carb\u00f3nb Empotrable | Parrilla Tipo Argentina<\/h2>\r\n<p data-start=\"221\" data-end=\"455\"><strong data-start=\"221\" data-end=\"282\">Vive la experiencia del asado perfecto sin salir de casa.<\/strong><br data-start=\"282\" data-end=\"285\" \/>Nuestro <strong data-start=\"293\" data-end=\"321\">asador de carb\u00f3n empotrable<\/strong> est\u00e1 dise\u00f1ado para los verdaderos amantes de la parrilla que buscan resultados profesionales, practicidad y dise\u00f1o en un solo equipo.<\/p>\r\n<p data-start=\"457\" data-end=\"703\">Incorpora <strong data-start=\"467\" data-end=\"516\">un emparrillado carbonero y un cenicero para recoger la ceniza<\/strong>\u00a0y una <strong data-start=\"523\" data-end=\"560\">parrilla tipo argentina en \u00e1ngulo<\/strong>, que permite una mejor conducci\u00f3n del calor y dirige la grasa hacia su <strong data-start=\"632\" data-end=\"646\">recolector<\/strong>, logrando una cocci\u00f3n m\u00e1s limpia, controlada y uniforme.<\/p>\r\n<p data-start=\"705\" data-end=\"976\">Gracias a su dise\u00f1o confinado y entradas de aire exactas, el calor y el carb\u00f3n se mantienen por un largo periodo de tiempo. Su <strong data-start=\"838\" data-end=\"871\">tapa con term\u00f3metro integrado<\/strong> y su dise\u00f1o exclusivo te permiten monitorear la cocci\u00f3n y mantener la temperatura ideal en todo momento.<\/p>\r\n\r\n<h3 data-start=\"978\" data-end=\"1011\">\u2705 Caracter\u00edsticas destacadas:<\/h3>\r\n<ul data-start=\"1012\" data-end=\"1266\">\r\n \t<li data-start=\"1012\" data-end=\"1042\">\r\n<p data-start=\"1014\" data-end=\"1042\">Asador de carb\u00f3n <strong data-start=\"1028\" data-end=\"1042\">empotrable<\/strong><\/p>\r\n<\/li>\r\n \t<li data-start=\"1043\" data-end=\"1082\">\r\n<p data-start=\"1045\" data-end=\"1082\"><strong data-start=\"1045\" data-end=\"1082\">Parrilla tipo argentina en \u00e1ngulo<\/strong><\/p>\r\n<\/li>\r\n \t<li data-start=\"1083\" data-end=\"1114\">\r\n<p data-start=\"1085\" data-end=\"1114\">Recolector de grasa integrado<\/p>\r\n<\/li>\r\n \t<li data-start=\"1115\" data-end=\"1166\">\r\n<p data-start=\"1117\" data-end=\"1166\">Cenicero y badeja de carb\u00f3n.<\/p>\r\n<\/li>\r\n \t<li data-start=\"1167\" data-end=\"1199\"><strong data-start=\"1202\" data-end=\"1237\">Tapa con term\u00f3metro incorporado<\/strong><\/li>\r\n \t<li data-start=\"1238\" data-end=\"1266\">\r\n<p data-start=\"1240\" data-end=\"1266\">Dise\u00f1o robusto y funcional<\/p>\r\n<\/li>\r\n \t<li data-start=\"1238\" data-end=\"1266\">entras de aire inferior<\/li>\r\n<\/ul>\r\n<h3 data-start=\"1268\" data-end=\"1287\">\ud83d\udee0\ufe0f Materiales:<\/h3>\r\n<ul data-start=\"1288\" data-end=\"1397\">\r\n \t<li data-start=\"1288\" data-end=\"1323\">\r\n<p data-start=\"1290\" data-end=\"1323\">Fabricado en <strong data-start=\"1303\" data-end=\"1323\">acero HR de 2 mm<\/strong><\/p>\r\n<\/li>\r\n \t<li data-start=\"1324\" data-end=\"1397\">\r\n<p data-start=\"1326\" data-end=\"1397\"><strong data-start=\"1326\" data-end=\"1348\">Pintura negra mate<\/strong> resistente a altas temperaturas y a la corrosi\u00f3n<\/p>\r\n<\/li>\r\n<\/ul>\r\n<h3 data-start=\"1399\" data-end=\"1426\">\ud83d\udcd0 Medidas disponibles:<\/h3>\r\n<ul data-start=\"1427\" data-end=\"1450\">\r\n \t<li data-start=\"1427\" data-end=\"1438\">\r\n<p data-start=\"1429\" data-end=\"1438\"><strong data-start=\"1429\" data-end=\"1438\">70 cm<\/strong><\/p>\r\n<\/li>\r\n \t<li data-start=\"1439\" data-end=\"1450\">\r\n<p data-start=\"1441\" data-end=\"1450\"><strong data-start=\"1441\" data-end=\"1450\">98 cm<\/strong><\/p>\r\n<\/li>\r\n<\/ul>\r\n<p data-start=\"1452\" data-end=\"1659\">Con su dise\u00f1o elegante, construcci\u00f3n s\u00f3lida y excelente desempe\u00f1o, este BBQ de <strong data-start=\"1531\" data-end=\"1554\">Chimeneas el Chalet<\/strong> es una inversi\u00f3n duradera para quienes disfrutan del aut\u00e9ntico sabor del asado con carb\u00f3n.<\/p>\r\n\r\n<ul data-start=\"1680\" data-end=\"1869\">\r\n \t<li data-start=\"1807\" data-end=\"1869\">\r\n<p data-start=\"1809\" data-end=\"1869\"><\/p>\r\n<\/li>\r\n<\/ul>\r\n<p data-start=\"1871\" data-end=\"1941\" data-is-last-node=\"\" data-is-only-node=\"\">\ud83d\udd25 Chimeneas el Chalet \u2014 pasi\u00f3n por el fuego, precisi\u00f3n en cada asado.<\/p>","ficha_tecnica":"","manual_de_instrucciones":"","recomendaciones":"","dimensiones":"","alto":"45 cm","frente":"","base":"","peso":"28 kg","largo":"","ancho":"50 cm","color":"Negro mate","marca":"El chalet","eficiencia_calorica":"","potencia":"8,5 Kw","material":"Acero HR negro mate","tipo_de_combustible":"Carb\u00f3n","alternativas_eficientes":""},"gallery_images":[4580,4579,5170,5168],"_links":{"self":[{"href":"https:\/\/chimeneaselchalet.com\/en\/wp-json\/wp\/v2\/product\/5154","targetHints":{"allow":["GET"]}}],"collection":[{"href":"https:\/\/chimeneaselchalet.com\/en\/wp-json\/wp\/v2\/product"}],"about":[{"href":"https:\/\/chimeneaselchalet.com\/en\/wp-json\/wp\/v2\/types\/product"}],"wp:featuredmedia":[{"embeddable":true,"href":"https:\/\/chimeneaselchalet.com\/en\/wp-json\/wp\/v2\/media\/5169"}],"wp:attachment":[{"href":"https:\/\/chimeneaselchalet.com\/en\/wp-json\/wp\/v2\/media?parent=5154"}],"wp:term":[{"taxonomy":"color","embeddable":true,"href":"https:\/\/chimeneaselchalet.com\/en\/wp-json\/wp\/v2\/color?post=5154"},{"taxonomy":"product_brand","embeddable":true,"href":"https:\/\/chimeneaselchalet.com\/en\/wp-json\/wp\/v2\/product_brand?post=5154"},{"taxonomy":"product_cat","embeddable":true,"href":"https:\/\/chimeneaselchalet.com\/en\/wp-json\/wp\/v2\/product_cat?post=5154"},{"taxonomy":"product_tag","embeddable":true,"href":"https:\/\/chimeneaselchalet.com\/en\/wp-json\/wp\/v2\/product_tag?post=5154"}],"curies":[{"name":"wp","href":"https:\/\/api.w.org\/{rel}","templated":true}]}}